{"id":2070,"date":"2020-09-04T06:03:33","date_gmt":"2020-09-03T23:03:33","guid":{"rendered":"https:\/\/loretovietnam.org\/?page_id=2070"},"modified":"2020-09-04T06:17:39","modified_gmt":"2020-09-03T23:17:39","slug":"school-renovation","status":"publish","type":"page","link":"https:\/\/loretovietnam.org\/vi\/our-work\/programs\/assessing-a-better-education\/school-renovation\/","title":{"rendered":"C\u1ea2I T\u1ea0O X\u00c2Y M\u1edaI TR\u01af\u1edcNG H\u1eccC"},"content":{"rendered":"<div class=\"img has-hover x md-x lg-x y md-y lg-y\" id=\"image_681493871\">\n\t\t\t\t\t\t\t\t<div class=\"img-inner dark\" >\n\t\t\t<img loading=\"lazy\" decoding=\"async\" width=\"900\" height=\"380\" src=\"https:\/\/loretovietnam.org\/wp-content\/uploads\/2020\/09\/Audience-1-1.jpg\" class=\"attachment-large size-large\" alt=\"\" srcset=\"https:\/\/loretovietnam.org\/wp-content\/uploads\/2020\/09\/Audience-1-1.jpg 900w, https:\/\/loretovietnam.org\/wp-content\/uploads\/2020\/09\/Audience-1-1-510x215.jpg 510w, https:\/\/loretovietnam.org\/wp-content\/uploads\/2020\/09\/Audience-1-1-768x324.jpg 768w\" sizes=\"auto, (max-width: 900px) 100vw, 900px\" \/>\t\t\t\t\t\t\n\t\t\t\t\t<\/div>\n\t\t\t\t\t\t\t\t\n<style scope=\"scope\">\n\n#image_681493871 {\n  width: 100%;\n}\n<\/style>\n\t<\/div>\n\t\n\n<p><\/p>\n<h1>C\u1ea2I T\u1ea0O X\u00c2Y M\u1edaI TR\u01af\u1edcNG H\u1eccC<\/h1>\n<p>C\u00e1c ch\u01b0\u01a1ng tr\u00ecnh c\u1ee7a Loreto Vietnam nh\u1eb1m mang l\u1ea1i c\u01a1 h\u1ed9i ti\u1ebfp c\u1eadn c\u00f4ng b\u1eb1ng v\u1edbi n\u1ec1n gi\u00e1o d\u1ee5c ch\u1ea5t l\u01b0\u1ee3ng cho tr\u1ebb em v\u00e0 c\u1ed9ng \u0111\u1ed3ng c\u00f3 ho\u00e0n c\u1ea3nh kh\u00f3 kh\u0103n t\u1ea1i Vi\u1ec7t Nam. Ch\u00fang t\u00f4i l\u00e0m vi\u1ec7c th\u00f4ng qua tham v\u1ea5n v\u00e0 thi\u1ebft l\u1eadp quan h\u1ec7 \u0111\u1ed1i t\u00e1c b\u1ec1n v\u1eefng v\u1edbi c\u00e1c c\u1ed9ng \u0111\u1ed3ng \u0111\u1ecba ph\u01b0\u01a1ng.<\/p>\n<p><\/p>\n<p><\/p>\n<p>M\u1ed9t trong nh\u1eefng nhu c\u1ea7u c\u1ea5p thi\u1ebft nh\u1ea5t \u1edf c\u00e1c v\u00f9ng n\u00f4ng th\u00f4n l\u00e0 thi\u1ebfu kh\u00f4ng gian h\u1ecdc t\u1eadp an to\u00e0n v\u00e0 d\u1ec5 ti\u1ebfp c\u1eadn t\u1ea1i c\u00e1c tr\u01b0\u1eddng h\u1ecdc v\u00e0 nh\u00e0 tr\u1ebb. H\u1ea7u h\u1ebft c\u00e1c tr\u01b0\u1eddng d\u1ef1 \u00e1n c\u1ee7a ch\u00fang t\u00f4i \u0111\u1ec1u trong t\u00ecnh tr\u1ea1ng h\u01b0 h\u1ecfng n\u1eb7ng, b\u1ecb t\u00e0n ph\u00e1 n\u1eb7ng theo th\u1eddi gian v\u00e0 ch\u1ecbu t\u00e1c \u0111\u1ed9ng c\u1ee7a m\u00f4i tr\u01b0\u1eddng, \u0111\u1eb7c bi\u1ec7t l\u00e0 t\u00e1c \u0111\u1ed9ng c\u1ee7a bi\u1ebfn \u0111\u1ed5i kh\u00ed h\u1eadu \u1edf khu v\u1ef1c \u0110\u1ed3ng b\u1eb1ng s\u00f4ng C\u1eedu Long. Nhi\u1ec1u \u0111i\u1ec3m tr\u01b0\u1eddng sau \u0111\u00f3 \u0111\u00e3 xu\u1ed1ng c\u1ea5p v\u00e0 th\u01b0\u1eddng kh\u00f4ng an to\u00e0n cho h\u1ecdc sinh v\u00e0 gi\u00e1o vi\u00ean.\u00a0<\/p>\n<p><\/p>\n<p><\/p>\n<p>B\u1eb1ng c\u00e1ch c\u1ea3i t\u1ea1o c\u00e1c c\u01a1 s\u1edf gi\u00e1o d\u1ee5c n\u00e0y, ngo\u00e0i vi\u1ec7c th\u00fac \u0111\u1ea9y s\u1ef1 an to\u00e0n, ch\u00fang t\u00f4i c\u0169ng \u0111ang h\u01b0\u1edbng t\u1edbi m\u1ee5c ti\u00eau d\u00e0i h\u1ea1n l\u00e0 c\u1ea3i thi\u1ec7n t\u1ef7 l\u1ec7 h\u1ecdc sinh ti\u1ec3u h\u1ecdc ti\u1ebfp t\u1ee5c \u0111\u1ebfn tr\u01b0\u1eddng v\u00e0 ho\u00e0n th\u00e0nh ch\u01b0\u01a1ng tr\u00ecnh \u0111\u1ec3 ti\u1ebfp t\u1ee5c b\u1eadc h\u1ecdc cao h\u01a1n. T\u00e1c \u0111\u1ed9ng t\u00edch c\u1ef1c t\u1ed5ng th\u1ec3 \u0111\u1ebfn k\u1ebft qu\u1ea3 gi\u00e1o d\u1ee5c c\u1ee7a nh\u1eefng h\u1ecdc sinh n\u00e0y s\u1ebd c\u1ea3i thi\u1ec7n b\u1ed1i c\u1ea3nh kinh t\u1ebf v\u00e0 x\u00e3 h\u1ed9i cho ch\u00ednh c\u00e1c em v\u00e0 gia \u0111\u00ecnh, c\u1ed9ng \u0111\u1ed3ng.<\/p>\n<p><\/p>\n<p><\/p>\n<p>K\u1ec3 t\u1eeb n\u0103m 1997, Loreto Vietnam \u0111\u00e3 gi\u00fap x\u00e2y d\u1ef1ng m\u1edbi v\u00e0 c\u1ea3i t\u1ea1o <strong>26 tr\u01b0\u1eddng h\u1ecdc v\u00e0 nh\u00e0 tr\u1ebb<\/strong>.<\/p>\n<p><\/p>\n<a href=\"https:\/\/loretovietnam.org\/vi\/get-involved\/donate\/\" target=\"_self\" class=\"button primary is-gloss is-large\"  >\n  <i class=\"icon-gift\" ><\/i>  <span>T\u1eb6NG K\u00c8M<\/span>\n  <\/a>\n\n\n  <div class=\"banner-grid-wrapper\">\n  <div id=\"banner-grid-253659309\" class=\"banner-grid row row-grid row-small\" data-packery-options=\"\">\n                      \n\n<div class=\"col grid-col large-12 grid-col-2-3\" ><div class=\"col-inner\">\n\n\t<div class=\"img has-hover x md-x lg-x y md-y lg-y\" id=\"image_1830062508\">\n\t\t\t\t\t\t\t\t<div class=\"img-inner dark\" >\n\t\t\t<img loading=\"lazy\" decoding=\"async\" width=\"900\" height=\"400\" src=\"https:\/\/loretovietnam.org\/wp-content\/uploads\/2020\/09\/Gift-giving-4-1.jpg\" class=\"attachment-large size-large\" alt=\"\" srcset=\"https:\/\/loretovietnam.org\/wp-content\/uploads\/2020\/09\/Gift-giving-4-1.jpg 900w, https:\/\/loretovietnam.org\/wp-content\/uploads\/2020\/09\/Gift-giving-4-1-510x227.jpg 510w, https:\/\/loretovietnam.org\/wp-content\/uploads\/2020\/09\/Gift-giving-4-1-768x341.jpg 768w\" sizes=\"auto, (max-width: 900px) 100vw, 900px\" \/>\t\t\t\t\t\t\n\t\t\t\t\t<\/div>\n\t\t\t\t\t\t\t\t\n<style scope=\"scope\">\n\n#image_1830062508 {\n  width: 100%;\n}\n<\/style>\n\t<\/div>\n\t\n\n\n<\/div><\/div>\n<div class=\"col grid-col large-4 grid-col-1-3\" ><div class=\"col-inner\">\n\n\t<div class=\"img has-hover x md-x lg-x y md-y lg-y\" id=\"image_1547509184\">\n\t\t\t\t\t\t\t\t<div class=\"img-inner dark\" >\n\t\t\t<img loading=\"lazy\" decoding=\"async\" width=\"1020\" height=\"680\" src=\"https:\/\/loretovietnam.org\/wp-content\/uploads\/2020\/09\/Gift-giving-1-1920x1280.jpg\" class=\"attachment-large size-large\" alt=\"\" srcset=\"https:\/\/loretovietnam.org\/wp-content\/uploads\/2020\/09\/Gift-giving-1-1920x1280.jpg 1920w, https:\/\/loretovietnam.org\/wp-content\/uploads\/2020\/09\/Gift-giving-1-1024x683.jpg 1024w, https:\/\/loretovietnam.org\/wp-content\/uploads\/2020\/09\/Gift-giving-1-510x340.jpg 510w, https:\/\/loretovietnam.org\/wp-content\/uploads\/2020\/09\/Gift-giving-1-768x512.jpg 768w, https:\/\/loretovietnam.org\/wp-content\/uploads\/2020\/09\/Gift-giving-1-1536x1024.jpg 1536w, https:\/\/loretovietnam.org\/wp-content\/uploads\/2020\/09\/Gift-giving-1-2048x1365.jpg 2048w\" sizes=\"auto, (max-width: 1020px) 100vw, 1020px\" \/>\t\t\t\t\t\t\n\t\t\t\t\t<\/div>\n\t\t\t\t\t\t\t\t\n<style scope=\"scope\">\n\n#image_1547509184 {\n  width: 100%;\n}\n<\/style>\n\t<\/div>\n\t\n\n\n<\/div><\/div>\n<div class=\"col grid-col large-4 grid-col-1-3\" ><div class=\"col-inner\">\n\n\t<div class=\"img has-hover x md-x lg-x y md-y lg-y\" id=\"image_2139927985\">\n\t\t\t\t\t\t\t\t<div class=\"img-inner dark\" >\n\t\t\t<img loading=\"lazy\" decoding=\"async\" width=\"1020\" height=\"680\" src=\"https:\/\/loretovietnam.org\/wp-content\/uploads\/2020\/09\/Performance-3-1920x1280.jpg\" class=\"attachment-large size-large\" alt=\"\" srcset=\"https:\/\/loretovietnam.org\/wp-content\/uploads\/2020\/09\/Performance-3-1920x1280.jpg 1920w, https:\/\/loretovietnam.org\/wp-content\/uploads\/2020\/09\/Performance-3-1024x683.jpg 1024w, https:\/\/loretovietnam.org\/wp-content\/uploads\/2020\/09\/Performance-3-510x340.jpg 510w, https:\/\/loretovietnam.org\/wp-content\/uploads\/2020\/09\/Performance-3-768x512.jpg 768w, https:\/\/loretovietnam.org\/wp-content\/uploads\/2020\/09\/Performance-3-1536x1024.jpg 1536w, https:\/\/loretovietnam.org\/wp-content\/uploads\/2020\/09\/Performance-3-2048x1365.jpg 2048w\" sizes=\"auto, (max-width: 1020px) 100vw, 1020px\" \/>\t\t\t\t\t\t\n\t\t\t\t\t<\/div>\n\t\t\t\t\t\t\t\t\n<style scope=\"scope\">\n\n#image_2139927985 {\n  width: 100%;\n}\n<\/style>\n\t<\/div>\n\t\n\n\n<\/div><\/div>\n<div class=\"col grid-col large-4 grid-col-1-3\" ><div class=\"col-inner\">\n\n\t<div class=\"img has-hover x md-x lg-x y md-y lg-y\" id=\"image_72082773\">\n\t\t\t\t\t\t\t\t<div class=\"img-inner dark\" >\n\t\t\t<img loading=\"lazy\" decoding=\"async\" width=\"900\" height=\"400\" src=\"https:\/\/loretovietnam.org\/wp-content\/uploads\/2020\/09\/Audience-3-2.jpg\" class=\"attachment-large size-large\" alt=\"\" srcset=\"https:\/\/loretovietnam.org\/wp-content\/uploads\/2020\/09\/Audience-3-2.jpg 900w, https:\/\/loretovietnam.org\/wp-content\/uploads\/2020\/09\/Audience-3-2-510x227.jpg 510w, https:\/\/loretovietnam.org\/wp-content\/uploads\/2020\/09\/Audience-3-2-768x341.jpg 768w\" sizes=\"auto, (max-width: 900px) 100vw, 900px\" \/>\t\t\t\t\t\t\n\t\t\t\t\t<\/div>\n\t\t\t\t\t\t\t\t\n<style scope=\"scope\">\n\n#image_72082773 {\n  width: 100%;\n}\n<\/style>\n\t<\/div>\n\t\n\n\n<\/div><\/div>\n\n            <\/div><!-- .banner-grid .row .grid -->\n    <style scope=\"scope\">\n    #banner-grid-253659309 .grid-col-1{height: 600px}\n    #banner-grid-253659309 .grid-col-1-2{height: 300px}\n    #banner-grid-253659309 .grid-col-1-3{height:200px}\n    #banner-grid-253659309 .grid-col-2-3{height: 400px}\n    #banner-grid-253659309 .grid-col-1-4{height: 150px}\n    #banner-grid-253659309 .grid-col-3-4{height: 450px}\n\n\n    \n    \n\n  <\/style>\n    <\/div><!-- .banner-grid-wrapper -->\n  \n<div id=\"portfolio-267055397\" class=\"portfolio-element-wrapper has-filtering\">\n  \n    <div class=\"row large-columns-4 medium-columns- small-columns-2 row-small\">\n    <\/div><\/div>","protected":false},"excerpt":{"rendered":"<p>\u0110\u1ed4I M\u1edaI TR\u01af\u1edcNG H\u1eccC C\u00e1c ch\u01b0\u01a1ng tr\u00ecnh c\u1ee7a Loreto Vi\u1ec7t Nam nh\u1eb1m mang l\u1ea1i c\u01a1 h\u1ed9i ti\u1ebfp c\u1eadn gi\u00e1o d\u1ee5c ch\u1ea5t l\u01b0\u1ee3ng m\u1ed9t c\u00e1ch c\u00f4ng b\u1eb1ng cho tr\u1ebb em v\u00e0 c\u1ed9ng \u0111\u1ed3ng c\u00f3 ho\u00e0n c\u1ea3nh kh\u00f3 kh\u0103n \u1edf Vi\u1ec7t Nam. Ch\u00fang t\u00f4i l\u00e0m vi\u1ec7c th\u00f4ng qua tham v\u1ea5n v\u00e0 thi\u1ebft l\u1eadp quan h\u1ec7 \u0111\u1ed1i t\u00e1c b\u1ec1n v\u1eefng v\u1edbi c\u1ed9ng \u0111\u1ed3ng \u0111\u1ecba ph\u01b0\u01a1ng. M\u1ed9t trong nh\u1eefng nhu c\u1ea7u c\u1ea5p thi\u1ebft nh\u1ea5t \u1edf khu v\u1ef1c n\u00f4ng th\u00f4n l\u00e0 cung c\u1ea5p kh\u00f4ng gian h\u1ecdc t\u1eadp an to\u00e0n v\u00e0 d\u1ec5 ti\u1ebfp c\u1eadn trong tr\u01b0\u1eddng h\u1ecdc v\u00e0\u2026<\/p>","protected":false},"author":1,"featured_media":0,"parent":1934,"menu_order":4,"comment_status":"closed","ping_status":"closed","template":"","meta":{"_exactmetrics_skip_tracking":false,"_exactmetrics_sitenote_active":false,"_exactmetrics_sitenote_note":"","_exactmetrics_sitenote_category":0,"footnotes":""},"class_list":["post-2070","page","type-page","status-publish","hentry"],"yoast_head":"<!-- This site is optimized with the Yoast SEO plugin v27.5 - https:\/\/yoast.com\/product\/yoast-seo-wordpress\/ -->\n<title>School Renovation - Loreto Vietnam<\/title>\n<meta name=\"robots\" content=\"index, follow, max-snippet:-1, max-image-preview:large, max-video-preview:-1\" \/>\n<link rel=\"canonical\" href=\"https:\/\/loretovietnam.org\/vi\/our-work\/programs\/assessing-a-better-education\/school-renovation\/\" \/>\n<meta property=\"og:locale\" content=\"vi_VN\" \/>\n<meta property=\"og:type\" content=\"article\" \/>\n<meta property=\"og:title\" content=\"School Renovation - Loreto Vietnam\" \/>\n<meta property=\"og:description\" content=\"SCHOOL RENOVATION The programs of Loreto Vietnam aim to provide equitable access to quality education for disadvantaged children and communities in Vietnam. We work through consultation and the establishment of sustainable partnerships with local communities. One of the most immediate needs in rural areas is to provide safe and accessible learning spaces in schools and...\" \/>\n<meta property=\"og:url\" content=\"https:\/\/loretovietnam.org\/vi\/our-work\/programs\/assessing-a-better-education\/school-renovation\/\" \/>\n<meta property=\"og:site_name\" content=\"Loreto Vietnam\" \/>\n<meta property=\"article:modified_time\" content=\"2020-09-03T23:17:39+00:00\" \/>\n<meta name=\"twitter:card\" content=\"summary_large_image\" \/>\n<meta name=\"twitter:label1\" content=\"\u01af\u1edbc t\u00ednh th\u1eddi gian \u0111\u1ecdc\" \/>\n\t<meta name=\"twitter:data1\" content=\"1 ph\u00fat\" \/>\n<script type=\"application\/ld+json\" class=\"yoast-schema-graph\">{\"@context\":\"https:\\\/\\\/schema.org\",\"@graph\":[{\"@type\":\"WebPage\",\"@id\":\"https:\\\/\\\/loretovietnam.org\\\/our-work\\\/programs\\\/assessing-a-better-education\\\/school-renovation\\\/\",\"url\":\"https:\\\/\\\/loretovietnam.org\\\/our-work\\\/programs\\\/assessing-a-better-education\\\/school-renovation\\\/\",\"name\":\"School Renovation - Loreto Vietnam\",\"isPartOf\":{\"@id\":\"https:\\\/\\\/loretovietnam.org\\\/#website\"},\"datePublished\":\"2020-09-03T23:03:33+00:00\",\"dateModified\":\"2020-09-03T23:17:39+00:00\",\"breadcrumb\":{\"@id\":\"https:\\\/\\\/loretovietnam.org\\\/our-work\\\/programs\\\/assessing-a-better-education\\\/school-renovation\\\/#breadcrumb\"},\"inLanguage\":\"vi\",\"potentialAction\":[{\"@type\":\"ReadAction\",\"target\":[\"https:\\\/\\\/loretovietnam.org\\\/our-work\\\/programs\\\/assessing-a-better-education\\\/school-renovation\\\/\"]}]},{\"@type\":\"BreadcrumbList\",\"@id\":\"https:\\\/\\\/loretovietnam.org\\\/our-work\\\/programs\\\/assessing-a-better-education\\\/school-renovation\\\/#breadcrumb\",\"itemListElement\":[{\"@type\":\"ListItem\",\"position\":1,\"name\":\"Home\",\"item\":\"https:\\\/\\\/loretovietnam.org\\\/\"},{\"@type\":\"ListItem\",\"position\":2,\"name\":\"Our Work\",\"item\":\"https:\\\/\\\/loretovietnam.org\\\/our-work\\\/\"},{\"@type\":\"ListItem\",\"position\":3,\"name\":\"Programs\",\"item\":\"https:\\\/\\\/loretovietnam.org\\\/our-work\\\/programs\\\/\"},{\"@type\":\"ListItem\",\"position\":4,\"name\":\"Accessing a Better Education\",\"item\":\"https:\\\/\\\/loretovietnam.org\\\/our-work\\\/programs\\\/assessing-a-better-education\\\/\"},{\"@type\":\"ListItem\",\"position\":5,\"name\":\"School Renovation\"}]},{\"@type\":\"WebSite\",\"@id\":\"https:\\\/\\\/loretovietnam.org\\\/#website\",\"url\":\"https:\\\/\\\/loretovietnam.org\\\/\",\"name\":\"Loreto Vietnam\",\"description\":\"\",\"potentialAction\":[{\"@type\":\"SearchAction\",\"target\":{\"@type\":\"EntryPoint\",\"urlTemplate\":\"https:\\\/\\\/loretovietnam.org\\\/?s={search_term_string}\"},\"query-input\":{\"@type\":\"PropertyValueSpecification\",\"valueRequired\":true,\"valueName\":\"search_term_string\"}}],\"inLanguage\":\"vi\"}]}<\/script>\n<!-- \/ Yoast SEO plugin. -->","yoast_head_json":{"title":"School Renovation - Loreto Vietnam","robots":{"index":"index","follow":"follow","max-snippet":"max-snippet:-1","max-image-preview":"max-image-preview:large","max-video-preview":"max-video-preview:-1"},"canonical":"https:\/\/loretovietnam.org\/vi\/our-work\/programs\/assessing-a-better-education\/school-renovation\/","og_locale":"vi_VN","og_type":"article","og_title":"School Renovation - Loreto Vietnam","og_description":"SCHOOL RENOVATION The programs of Loreto Vietnam aim to provide equitable access to quality education for disadvantaged children and communities in Vietnam. We work through consultation and the establishment of sustainable partnerships with local communities. One of the most immediate needs in rural areas is to provide safe and accessible learning spaces in schools and...","og_url":"https:\/\/loretovietnam.org\/vi\/our-work\/programs\/assessing-a-better-education\/school-renovation\/","og_site_name":"Loreto Vietnam","article_modified_time":"2020-09-03T23:17:39+00:00","twitter_card":"summary_large_image","twitter_misc":{"\u01af\u1edbc t\u00ednh th\u1eddi gian \u0111\u1ecdc":"1 ph\u00fat"},"schema":{"@context":"https:\/\/schema.org","@graph":[{"@type":"WebPage","@id":"https:\/\/loretovietnam.org\/our-work\/programs\/assessing-a-better-education\/school-renovation\/","url":"https:\/\/loretovietnam.org\/our-work\/programs\/assessing-a-better-education\/school-renovation\/","name":"School Renovation - Loreto Vietnam","isPartOf":{"@id":"https:\/\/loretovietnam.org\/#website"},"datePublished":"2020-09-03T23:03:33+00:00","dateModified":"2020-09-03T23:17:39+00:00","breadcrumb":{"@id":"https:\/\/loretovietnam.org\/our-work\/programs\/assessing-a-better-education\/school-renovation\/#breadcrumb"},"inLanguage":"vi","potentialAction":[{"@type":"ReadAction","target":["https:\/\/loretovietnam.org\/our-work\/programs\/assessing-a-better-education\/school-renovation\/"]}]},{"@type":"BreadcrumbList","@id":"https:\/\/loretovietnam.org\/our-work\/programs\/assessing-a-better-education\/school-renovation\/#breadcrumb","itemListElement":[{"@type":"ListItem","position":1,"name":"Home","item":"https:\/\/loretovietnam.org\/"},{"@type":"ListItem","position":2,"name":"Our Work","item":"https:\/\/loretovietnam.org\/our-work\/"},{"@type":"ListItem","position":3,"name":"Programs","item":"https:\/\/loretovietnam.org\/our-work\/programs\/"},{"@type":"ListItem","position":4,"name":"Accessing a Better Education","item":"https:\/\/loretovietnam.org\/our-work\/programs\/assessing-a-better-education\/"},{"@type":"ListItem","position":5,"name":"School Renovation"}]},{"@type":"WebSite","@id":"https:\/\/loretovietnam.org\/#website","url":"https:\/\/loretovietnam.org\/","name":"Loreto Vietnam","description":"","potentialAction":[{"@type":"SearchAction","target":{"@type":"EntryPoint","urlTemplate":"https:\/\/loretovietnam.org\/?s={search_term_string}"},"query-input":{"@type":"PropertyValueSpecification","valueRequired":true,"valueName":"search_term_string"}}],"inLanguage":"vi"}]}},"_links":{"self":[{"href":"https:\/\/loretovietnam.org\/vi\/wp-json\/wp\/v2\/pages\/2070","targetHints":{"allow":["GET"]}}],"collection":[{"href":"https:\/\/loretovietnam.org\/vi\/wp-json\/wp\/v2\/pages"}],"about":[{"href":"https:\/\/loretovietnam.org\/vi\/wp-json\/wp\/v2\/types\/page"}],"author":[{"embeddable":true,"href":"https:\/\/loretovietnam.org\/vi\/wp-json\/wp\/v2\/users\/1"}],"replies":[{"embeddable":true,"href":"https:\/\/loretovietnam.org\/vi\/wp-json\/wp\/v2\/comments?post=2070"}],"version-history":[{"count":5,"href":"https:\/\/loretovietnam.org\/vi\/wp-json\/wp\/v2\/pages\/2070\/revisions"}],"predecessor-version":[{"id":2086,"href":"https:\/\/loretovietnam.org\/vi\/wp-json\/wp\/v2\/pages\/2070\/revisions\/2086"}],"up":[{"embeddable":true,"href":"https:\/\/loretovietnam.org\/vi\/wp-json\/wp\/v2\/pages\/1934"}],"wp:attachment":[{"href":"https:\/\/loretovietnam.org\/vi\/wp-json\/wp\/v2\/media?parent=2070"}],"curies":[{"name":"wp","href":"https:\/\/api.w.org\/{rel}","templated":true}]}}