{"id":2052,"date":"2020-09-04T05:37:28","date_gmt":"2020-09-03T22:37:28","guid":{"rendered":"https:\/\/loretovietnam.org\/?page_id=2052"},"modified":"2020-09-16T11:51:26","modified_gmt":"2020-09-16T04:51:26","slug":"stem","status":"publish","type":"page","link":"https:\/\/loretovietnam.org\/vi\/our-work\/programs\/improving-educational-outcomes\/stem\/","title":{"rendered":"CH\u01af\u01a0NG TR\u00ccNH GI\u00c1O D\u1ee4C STEM"},"content":{"rendered":"<div class=\"img has-hover x md-x lg-x y md-y lg-y\" id=\"image_172351601\">\n\t\t\t\t\t\t\t\t<div class=\"img-inner dark\" >\n\t\t\t<img loading=\"lazy\" decoding=\"async\" width=\"899\" height=\"380\" src=\"https:\/\/loretovietnam.org\/wp-content\/uploads\/2020\/09\/IMG_2964.jpg\" class=\"attachment-large size-large\" alt=\"\" srcset=\"https:\/\/loretovietnam.org\/wp-content\/uploads\/2020\/09\/IMG_2964.jpg 899w, https:\/\/loretovietnam.org\/wp-content\/uploads\/2020\/09\/IMG_2964-510x216.jpg 510w, https:\/\/loretovietnam.org\/wp-content\/uploads\/2020\/09\/IMG_2964-768x325.jpg 768w\" sizes=\"auto, (max-width: 899px) 100vw, 899px\" \/>\t\t\t\t\t\t\n\t\t\t\t\t<\/div>\n\t\t\t\t\t\t\t\t\n<style scope=\"scope\">\n\n#image_172351601 {\n  width: 100%;\n}\n<\/style>\n\t<\/div>\n\t\n\n<p><\/p>\n<h1>CH\u01af\u01a0NG TR\u00ccNH GI\u00c1O D\u1ee4C STEM<\/h1>\n<p>K\u1ec3 t\u1eeb n\u0103m 2019, Loreto Vietnam \u0111\u00e3 b\u1eaft \u0111\u1ea7u gi\u1edbi thi\u1ec7u v\u00e0 qu\u1ea3ng b\u00e1 m\u00f4 h\u00ecnh gi\u00e1o d\u1ee5c STEM v\u1edbi c\u00e1c tr\u01b0\u1eddng \u0111\u1ed1i t\u00e1c c\u1ee7a ch\u00fang t\u00f4i. STEM l\u00e0 ch\u01b0\u01a1ng tr\u00ecnh gi\u1ea3ng d\u1ea1y t\u1eadp trung v\u00e0o c\u00e1c l\u0129nh v\u1ef1c Khoa h\u1ecdc, C\u00f4ng ngh\u1ec7, K\u1ef9 thu\u1eadt v\u00e0 To\u00e1n h\u1ecdc.<\/p>\n<p><\/p>\n<p><\/p>\n<p>M\u1ee5c ti\u00eau c\u1ee7a m\u00f4 h\u00ecnh l\u00e0 trao quy\u1ec1n cho h\u1ecdc sinh ti\u1ec3u h\u1ecdc c\u00f3 ho\u00e0n c\u1ea3nh kh\u00f3 kh\u0103n \u0111\u01b0\u1ee3c ti\u1ebfp c\u1eadn v\u1edbi m\u1ed9t n\u1ec1n gi\u00e1o d\u1ee5c ch\u1ea5t l\u01b0\u1ee3ng cao h\u01a1n bao g\u1ed3m c\u00e1c ch\u01b0\u01a1ng tr\u00ecnh v\u1ec1 STEM.<\/p>\n<p><\/p>\n<p><\/p>\n<p>M\u1ee5c ti\u00eau c\u1ee5 th\u1ec3 c\u1ee7a ch\u00fang t\u00f4i \u0111\u1ed1i v\u1edbi ch\u01b0\u01a1ng tr\u00ecnh n\u00e0y l\u00e0: n\u00e2ng cao ki\u1ebfn th\u1ee9c, th\u00e1i \u0111\u1ed9 v\u00e0 th\u1ef1c h\u00e0nh li\u00ean quan \u0111\u1ebfn STEM cho h\u1ecdc sinh ti\u1ec3u h\u1ecdc; h\u1ed7 tr\u1ee3 gi\u00e1o vi\u00ean v\u00e0 nh\u00e2n vi\u00ean nh\u00e0 tr\u01b0\u1eddng \u00e1p d\u1ee5ng vi\u1ec7c d\u1ea1y v\u00e0 h\u1ecdc t\u01b0\u01a1ng t\u00e1c c\u00e1c ho\u1ea1t \u0111\u1ed9ng STEM th\u00f4ng qua m\u00f4 h\u00ecnh t\u00edch h\u1ee3p c\u00e1c b\u1ed9 m\u00f4n m\u00e1y t\u00ednh, th\u01b0 vi\u1ec7n v\u00e0 ph\u00f2ng th\u00ed nghi\u1ec7m, \u0111\u1ed3ng th\u1eddi chu\u1ea9n h\u00f3a c\u00e1c ho\u1ea1t \u0111\u1ed9ng STEM trong c\u00e1c l\u1edbp h\u1ecdc nh\u1eb1m th\u00fac \u0111\u1ea9y h\u1ee9ng th\u00fa h\u1ecdc t\u1eadp, tinh th\u1ea7n say m\u00ea khoa h\u1ecdc v\u00e0 c\u1ea3i thi\u1ec7n k\u1ebft qu\u1ea3 h\u1ecdc t\u1eadp cho c\u00e1c em.<\/p>\n<p><\/p>\n<a href=\"https:\/\/loretovietnam.org\/vi\/get-involved\/donate\/\" target=\"_self\" class=\"button primary is-gloss is-large\"  >\n  <i class=\"icon-gift\" ><\/i>  <span>\u0110\u00f3ng g\u00f3p<\/span>\n  <\/a>\n\n\n  <div class=\"banner-grid-wrapper\">\n  <div id=\"banner-grid-409931658\" class=\"banner-grid row row-grid row-small\" data-packery-options=\"\">\n                      \n\n<div class=\"col grid-col large-12 grid-col-2-3\" ><div class=\"col-inner\">\n\n\t<div class=\"img has-hover x md-x lg-x y md-y lg-y\" id=\"image_1924648775\">\n\t\t\t\t\t\t\t\t<div class=\"img-inner dark\" >\n\t\t\t<img loading=\"lazy\" decoding=\"async\" width=\"900\" height=\"380\" src=\"https:\/\/loretovietnam.org\/wp-content\/uploads\/2020\/09\/IMG_6852.jpg\" class=\"attachment-large size-large\" alt=\"\" srcset=\"https:\/\/loretovietnam.org\/wp-content\/uploads\/2020\/09\/IMG_6852.jpg 900w, https:\/\/loretovietnam.org\/wp-content\/uploads\/2020\/09\/IMG_6852-510x215.jpg 510w, https:\/\/loretovietnam.org\/wp-content\/uploads\/2020\/09\/IMG_6852-768x324.jpg 768w\" sizes=\"auto, (max-width: 900px) 100vw, 900px\" \/>\t\t\t\t\t\t\n\t\t\t\t\t<\/div>\n\t\t\t\t\t\t\t\t\n<style scope=\"scope\">\n\n#image_1924648775 {\n  width: 100%;\n}\n<\/style>\n\t<\/div>\n\t\n\n\n<\/div><\/div>\n<div class=\"col grid-col large-4 grid-col-1-3\" ><div class=\"col-inner\">\n\n\t<div class=\"img has-hover x md-x lg-x y md-y lg-y\" id=\"image_715276389\">\n\t\t\t\t\t\t\t\t<div class=\"img-inner dark\" >\n\t\t\t<img loading=\"lazy\" decoding=\"async\" width=\"1020\" height=\"574\" src=\"https:\/\/loretovietnam.org\/wp-content\/uploads\/2020\/09\/IMG_7868-1920x1081.jpg\" class=\"attachment-large size-large\" alt=\"\" srcset=\"https:\/\/loretovietnam.org\/wp-content\/uploads\/2020\/09\/IMG_7868-1920x1081.jpg 1920w, https:\/\/loretovietnam.org\/wp-content\/uploads\/2020\/09\/IMG_7868-1024x576.jpg 1024w, https:\/\/loretovietnam.org\/wp-content\/uploads\/2020\/09\/IMG_7868-510x287.jpg 510w, https:\/\/loretovietnam.org\/wp-content\/uploads\/2020\/09\/IMG_7868-768x432.jpg 768w, https:\/\/loretovietnam.org\/wp-content\/uploads\/2020\/09\/IMG_7868-1536x865.jpg 1536w, https:\/\/loretovietnam.org\/wp-content\/uploads\/2020\/09\/IMG_7868-2048x1153.jpg 2048w\" sizes=\"auto, (max-width: 1020px) 100vw, 1020px\" \/>\t\t\t\t\t\t\n\t\t\t\t\t<\/div>\n\t\t\t\t\t\t\t\t\n<style scope=\"scope\">\n\n#image_715276389 {\n  width: 100%;\n}\n<\/style>\n\t<\/div>\n\t\n\n\n<\/div><\/div>\n<div class=\"col grid-col large-4 grid-col-1-3\" ><div class=\"col-inner\">\n\n\t<div class=\"img has-hover x md-x lg-x y md-y lg-y\" id=\"image_407592413\">\n\t\t\t\t\t\t\t\t<div class=\"img-inner dark\" >\n\t\t\t<img loading=\"lazy\" decoding=\"async\" width=\"1020\" height=\"574\" src=\"https:\/\/loretovietnam.org\/wp-content\/uploads\/2020\/09\/IMG_7847-1-1920x1081.jpg\" class=\"attachment-large size-large\" alt=\"\" srcset=\"https:\/\/loretovietnam.org\/wp-content\/uploads\/2020\/09\/IMG_7847-1-1920x1081.jpg 1920w, https:\/\/loretovietnam.org\/wp-content\/uploads\/2020\/09\/IMG_7847-1-1024x576.jpg 1024w, https:\/\/loretovietnam.org\/wp-content\/uploads\/2020\/09\/IMG_7847-1-510x287.jpg 510w, https:\/\/loretovietnam.org\/wp-content\/uploads\/2020\/09\/IMG_7847-1-768x432.jpg 768w, https:\/\/loretovietnam.org\/wp-content\/uploads\/2020\/09\/IMG_7847-1-1536x865.jpg 1536w, https:\/\/loretovietnam.org\/wp-content\/uploads\/2020\/09\/IMG_7847-1-2048x1153.jpg 2048w\" sizes=\"auto, (max-width: 1020px) 100vw, 1020px\" \/>\t\t\t\t\t\t\n\t\t\t\t\t<\/div>\n\t\t\t\t\t\t\t\t\n<style scope=\"scope\">\n\n#image_407592413 {\n  width: 100%;\n}\n<\/style>\n\t<\/div>\n\t\n\n\n<\/div><\/div>\n<div class=\"col grid-col large-4 grid-col-1-3\" ><div class=\"col-inner\">\n\n\t<div class=\"img has-hover x md-x lg-x y md-y lg-y\" id=\"image_1821069049\">\n\t\t\t\t\t\t\t\t<div class=\"img-inner dark\" >\n\t\t\t<img loading=\"lazy\" decoding=\"async\" width=\"1020\" height=\"574\" src=\"https:\/\/loretovietnam.org\/wp-content\/uploads\/2020\/09\/IMG_7859-1-1920x1081.jpg\" class=\"attachment-large size-large\" alt=\"\" srcset=\"https:\/\/loretovietnam.org\/wp-content\/uploads\/2020\/09\/IMG_7859-1-1920x1081.jpg 1920w, https:\/\/loretovietnam.org\/wp-content\/uploads\/2020\/09\/IMG_7859-1-1024x576.jpg 1024w, https:\/\/loretovietnam.org\/wp-content\/uploads\/2020\/09\/IMG_7859-1-510x287.jpg 510w, https:\/\/loretovietnam.org\/wp-content\/uploads\/2020\/09\/IMG_7859-1-768x432.jpg 768w, https:\/\/loretovietnam.org\/wp-content\/uploads\/2020\/09\/IMG_7859-1-1536x865.jpg 1536w, https:\/\/loretovietnam.org\/wp-content\/uploads\/2020\/09\/IMG_7859-1-2048x1153.jpg 2048w\" sizes=\"auto, (max-width: 1020px) 100vw, 1020px\" \/>\t\t\t\t\t\t\n\t\t\t\t\t<\/div>\n\t\t\t\t\t\t\t\t\n<style scope=\"scope\">\n\n#image_1821069049 {\n  width: 100%;\n}\n<\/style>\n\t<\/div>\n\t\n\n\n<\/div><\/div>\n\n            <\/div><!-- .banner-grid .row .grid -->\n    <style scope=\"scope\">\n    #banner-grid-409931658 .grid-col-1{height: 600px}\n    #banner-grid-409931658 .grid-col-1-2{height: 300px}\n    #banner-grid-409931658 .grid-col-1-3{height:200px}\n    #banner-grid-409931658 .grid-col-2-3{height: 400px}\n    #banner-grid-409931658 .grid-col-1-4{height: 150px}\n    #banner-grid-409931658 .grid-col-3-4{height: 450px}\n\n\n    \n    \n\n  <\/style>\n    <\/div><!-- .banner-grid-wrapper -->","protected":false},"excerpt":{"rendered":"<p>STEM T\u1eeb n\u0103m 2019, Loreto Vi\u1ec7t Nam \u0111\u00e3 kh\u1edfi x\u01b0\u1edbng vi\u1ec7c gi\u1edbi thi\u1ec7u v\u00e0 qu\u1ea3ng b\u00e1 m\u00f4 h\u00ecnh gi\u00e1o d\u1ee5c STEM v\u1edbi c\u00e1c tr\u01b0\u1eddng \u0111\u1ed1i t\u00e1c c\u1ee7a ch\u00fang t\u00f4i. STEM l\u00e0 m\u1ed9t ch\u01b0\u01a1ng tr\u00ecnh gi\u1ea3ng d\u1ea1y t\u1eadp trung v\u00e0o c\u00e1c m\u00f4n h\u1ecdc Khoa h\u1ecdc, C\u00f4ng ngh\u1ec7, K\u1ef9 thu\u1eadt v\u00e0 To\u00e1n h\u1ecdc. M\u1ee5c ti\u00eau c\u1ee7a m\u00f4 h\u00ecnh l\u00e0 trao quy\u1ec1n cho h\u1ecdc sinh ti\u1ec3u h\u1ecdc c\u00f3 ho\u00e0n c\u1ea3nh kh\u00f3 kh\u0103n ti\u1ebfp c\u1eadn v\u1edbi m\u1ed9t n\u1ec1n gi\u00e1o d\u1ee5c ch\u1ea5t l\u01b0\u1ee3ng cao h\u01a1n bao g\u1ed3m c\u1ea3 c\u00e1c nghi\u00ean c\u1ee9u v\u1ec1 STEM. C\u1ee7a ch\u00fang t\u00f4i\u2026<\/p>","protected":false},"author":1,"featured_media":0,"parent":1938,"menu_order":0,"comment_status":"closed","ping_status":"closed","template":"","meta":{"_exactmetrics_skip_tracking":false,"_exactmetrics_sitenote_active":false,"_exactmetrics_sitenote_note":"","_exactmetrics_sitenote_category":0,"footnotes":""},"class_list":["post-2052","page","type-page","status-publish","hentry"],"yoast_head":"<!-- This site is optimized with the Yoast SEO plugin v27.5 - https:\/\/yoast.com\/product\/yoast-seo-wordpress\/ -->\n<title>STEM - Loreto Vietnam<\/title>\n<meta name=\"robots\" content=\"index, follow, max-snippet:-1, max-image-preview:large, max-video-preview:-1\" \/>\n<link rel=\"canonical\" href=\"https:\/\/loretovietnam.org\/vi\/our-work\/programs\/improving-educational-outcomes\/stem\/\" \/>\n<meta property=\"og:locale\" content=\"vi_VN\" \/>\n<meta property=\"og:type\" content=\"article\" \/>\n<meta property=\"og:title\" content=\"STEM - Loreto Vietnam\" \/>\n<meta property=\"og:description\" content=\"STEM Since 2019, Loreto Vietnam has initiated the introduction and promotion of STEM education models with our partner schools. \u00a0STEM is a curriculum focus on Science, Technology, Engineering and Maths subject areas. The goal of the model is to empower disadvantaged primary students with access to an even higher quality education including STEM studies. Our...\" \/>\n<meta property=\"og:url\" content=\"https:\/\/loretovietnam.org\/vi\/our-work\/programs\/improving-educational-outcomes\/stem\/\" \/>\n<meta property=\"og:site_name\" content=\"Loreto Vietnam\" \/>\n<meta property=\"article:modified_time\" content=\"2020-09-16T04:51:26+00:00\" \/>\n<meta name=\"twitter:card\" content=\"summary_large_image\" \/>\n<meta name=\"twitter:label1\" content=\"\u01af\u1edbc t\u00ednh th\u1eddi gian \u0111\u1ecdc\" \/>\n\t<meta name=\"twitter:data1\" content=\"1 ph\u00fat\" \/>\n<script type=\"application\/ld+json\" class=\"yoast-schema-graph\">{\"@context\":\"https:\\\/\\\/schema.org\",\"@graph\":[{\"@type\":\"WebPage\",\"@id\":\"https:\\\/\\\/loretovietnam.org\\\/our-work\\\/programs\\\/improving-educational-outcomes\\\/stem\\\/\",\"url\":\"https:\\\/\\\/loretovietnam.org\\\/our-work\\\/programs\\\/improving-educational-outcomes\\\/stem\\\/\",\"name\":\"STEM - Loreto Vietnam\",\"isPartOf\":{\"@id\":\"https:\\\/\\\/loretovietnam.org\\\/#website\"},\"datePublished\":\"2020-09-03T22:37:28+00:00\",\"dateModified\":\"2020-09-16T04:51:26+00:00\",\"breadcrumb\":{\"@id\":\"https:\\\/\\\/loretovietnam.org\\\/our-work\\\/programs\\\/improving-educational-outcomes\\\/stem\\\/#breadcrumb\"},\"inLanguage\":\"vi\",\"potentialAction\":[{\"@type\":\"ReadAction\",\"target\":[\"https:\\\/\\\/loretovietnam.org\\\/our-work\\\/programs\\\/improving-educational-outcomes\\\/stem\\\/\"]}]},{\"@type\":\"BreadcrumbList\",\"@id\":\"https:\\\/\\\/loretovietnam.org\\\/our-work\\\/programs\\\/improving-educational-outcomes\\\/stem\\\/#breadcrumb\",\"itemListElement\":[{\"@type\":\"ListItem\",\"position\":1,\"name\":\"Home\",\"item\":\"https:\\\/\\\/loretovietnam.org\\\/\"},{\"@type\":\"ListItem\",\"position\":2,\"name\":\"Our Work\",\"item\":\"https:\\\/\\\/loretovietnam.org\\\/our-work\\\/\"},{\"@type\":\"ListItem\",\"position\":3,\"name\":\"Programs\",\"item\":\"https:\\\/\\\/loretovietnam.org\\\/our-work\\\/programs\\\/\"},{\"@type\":\"ListItem\",\"position\":4,\"name\":\"Improving Educational Outcomes\",\"item\":\"https:\\\/\\\/loretovietnam.org\\\/our-work\\\/programs\\\/improving-educational-outcomes\\\/\"},{\"@type\":\"ListItem\",\"position\":5,\"name\":\"STEM\"}]},{\"@type\":\"WebSite\",\"@id\":\"https:\\\/\\\/loretovietnam.org\\\/#website\",\"url\":\"https:\\\/\\\/loretovietnam.org\\\/\",\"name\":\"Loreto Vietnam\",\"description\":\"\",\"potentialAction\":[{\"@type\":\"SearchAction\",\"target\":{\"@type\":\"EntryPoint\",\"urlTemplate\":\"https:\\\/\\\/loretovietnam.org\\\/?s={search_term_string}\"},\"query-input\":{\"@type\":\"PropertyValueSpecification\",\"valueRequired\":true,\"valueName\":\"search_term_string\"}}],\"inLanguage\":\"vi\"}]}<\/script>\n<!-- \/ Yoast SEO plugin. -->","yoast_head_json":{"title":"STEM - Loreto Vietnam","robots":{"index":"index","follow":"follow","max-snippet":"max-snippet:-1","max-image-preview":"max-image-preview:large","max-video-preview":"max-video-preview:-1"},"canonical":"https:\/\/loretovietnam.org\/vi\/our-work\/programs\/improving-educational-outcomes\/stem\/","og_locale":"vi_VN","og_type":"article","og_title":"STEM - Loreto Vietnam","og_description":"STEM Since 2019, Loreto Vietnam has initiated the introduction and promotion of STEM education models with our partner schools. \u00a0STEM is a curriculum focus on Science, Technology, Engineering and Maths subject areas. The goal of the model is to empower disadvantaged primary students with access to an even higher quality education including STEM studies. Our...","og_url":"https:\/\/loretovietnam.org\/vi\/our-work\/programs\/improving-educational-outcomes\/stem\/","og_site_name":"Loreto Vietnam","article_modified_time":"2020-09-16T04:51:26+00:00","twitter_card":"summary_large_image","twitter_misc":{"\u01af\u1edbc t\u00ednh th\u1eddi gian \u0111\u1ecdc":"1 ph\u00fat"},"schema":{"@context":"https:\/\/schema.org","@graph":[{"@type":"WebPage","@id":"https:\/\/loretovietnam.org\/our-work\/programs\/improving-educational-outcomes\/stem\/","url":"https:\/\/loretovietnam.org\/our-work\/programs\/improving-educational-outcomes\/stem\/","name":"STEM - Loreto Vietnam","isPartOf":{"@id":"https:\/\/loretovietnam.org\/#website"},"datePublished":"2020-09-03T22:37:28+00:00","dateModified":"2020-09-16T04:51:26+00:00","breadcrumb":{"@id":"https:\/\/loretovietnam.org\/our-work\/programs\/improving-educational-outcomes\/stem\/#breadcrumb"},"inLanguage":"vi","potentialAction":[{"@type":"ReadAction","target":["https:\/\/loretovietnam.org\/our-work\/programs\/improving-educational-outcomes\/stem\/"]}]},{"@type":"BreadcrumbList","@id":"https:\/\/loretovietnam.org\/our-work\/programs\/improving-educational-outcomes\/stem\/#breadcrumb","itemListElement":[{"@type":"ListItem","position":1,"name":"Home","item":"https:\/\/loretovietnam.org\/"},{"@type":"ListItem","position":2,"name":"Our Work","item":"https:\/\/loretovietnam.org\/our-work\/"},{"@type":"ListItem","position":3,"name":"Programs","item":"https:\/\/loretovietnam.org\/our-work\/programs\/"},{"@type":"ListItem","position":4,"name":"Improving Educational Outcomes","item":"https:\/\/loretovietnam.org\/our-work\/programs\/improving-educational-outcomes\/"},{"@type":"ListItem","position":5,"name":"STEM"}]},{"@type":"WebSite","@id":"https:\/\/loretovietnam.org\/#website","url":"https:\/\/loretovietnam.org\/","name":"Loreto Vietnam","description":"","potentialAction":[{"@type":"SearchAction","target":{"@type":"EntryPoint","urlTemplate":"https:\/\/loretovietnam.org\/?s={search_term_string}"},"query-input":{"@type":"PropertyValueSpecification","valueRequired":true,"valueName":"search_term_string"}}],"inLanguage":"vi"}]}},"_links":{"self":[{"href":"https:\/\/loretovietnam.org\/vi\/wp-json\/wp\/v2\/pages\/2052","targetHints":{"allow":["GET"]}}],"collection":[{"href":"https:\/\/loretovietnam.org\/vi\/wp-json\/wp\/v2\/pages"}],"about":[{"href":"https:\/\/loretovietnam.org\/vi\/wp-json\/wp\/v2\/types\/page"}],"author":[{"embeddable":true,"href":"https:\/\/loretovietnam.org\/vi\/wp-json\/wp\/v2\/users\/1"}],"replies":[{"embeddable":true,"href":"https:\/\/loretovietnam.org\/vi\/wp-json\/wp\/v2\/comments?post=2052"}],"version-history":[{"count":8,"href":"https:\/\/loretovietnam.org\/vi\/wp-json\/wp\/v2\/pages\/2052\/revisions"}],"predecessor-version":[{"id":2172,"href":"https:\/\/loretovietnam.org\/vi\/wp-json\/wp\/v2\/pages\/2052\/revisions\/2172"}],"up":[{"embeddable":true,"href":"https:\/\/loretovietnam.org\/vi\/wp-json\/wp\/v2\/pages\/1938"}],"wp:attachment":[{"href":"https:\/\/loretovietnam.org\/vi\/wp-json\/wp\/v2\/media?parent=2052"}],"curies":[{"name":"wp","href":"https:\/\/api.w.org\/{rel}","templated":true}]}}