{"id":2,"date":"2018-06-05T15:17:26","date_gmt":"2018-06-05T08:17:26","guid":{"rendered":"https:\/\/loretovietnam.org\/?page_id=2"},"modified":"2024-08-14T12:18:26","modified_gmt":"2024-08-14T05:18:26","slug":"home","status":"publish","type":"page","link":"https:\/\/loretovietnam.org\/vi\/","title":{"rendered":"Trang Ch\u1ee7"},"content":{"rendered":"<div class=\"banner has-hover is-full-height\" id=\"banner-408358262\">\n          <div class=\"banner-inner fill\">\n        <div class=\"banner-bg fill\" >\n            <div class=\"bg fill bg-fill\"><\/div>\n                        <div class=\"overlay\"><\/div>            \n                    <\/div><!-- bg-layers -->\n        <div class=\"banner-layers container\">\n            <div class=\"fill banner-link\"><\/div>            \n   <div id=\"text-box-1027470502\" class=\"text-box banner-layer x10 md-x5 lg-x0 y30 md-y50 lg-y60 res-text\">\n                     <div data-animate=\"fadeInUp\">           <div class=\"text dark\">\n              \n              <div class=\"text-inner text-left\">\n                  \n<h1><span style=\"font-size: 150%;\">Gi\u00e1o d\u1ee5c ki\u1ebfn t\u1ea1o thay \u0111\u1ed5i<\/span><\/h1>\n<a rel=\"noopener noreferrer\" href=\"https:\/\/loretovietnam.org\/vi\/our-work\/education\/\" target=\"_blank\" class=\"button primary is-xlarge lowercase\"  >\n    <span>T\u00ecm hi\u1ec3u th\u00eam<\/span>\n  <i class=\"icon-angle-right\" ><\/i><\/a>\n\n              <\/div>\n           <\/div><!-- text-box-inner -->\n       <\/div>                     \n<style scope=\"scope\">\n\n#text-box-1027470502 {\n  width: 60%;\n}\n#text-box-1027470502 .text {\n  font-size: 100%;\n}\n\n\n@media (min-width:550px) {\n\n  #text-box-1027470502 {\n    width: 88%;\n  }\n\n}\n\n\n@media (min-width:850px) {\n\n  #text-box-1027470502 {\n    width: 80%;\n  }\n\n}\n<\/style>\n    <\/div><!-- text-box -->\n \n        <\/div><!-- .banner-layers -->\n      <\/div><!-- .banner-inner -->\n\n            \n<style scope=\"scope\">\n\n#banner-408358262 {\n  padding-top: 100%;\n}\n#banner-408358262 .bg.bg-loaded {\n  background-image: url(https:\/\/loretovietnam.org\/wp-content\/uploads\/2020\/06\/Laughter-is-the-shortest-distance-amongst-friends-1-scaled.jpg);\n}\n#banner-408358262 .overlay {\n  background-color: rgba(0, 0, 0, 0.27);\n}\n#banner-408358262 .bg {\n  background-position: center;\n}\n\n\n@media (min-width:550px) {\n\n  #banner-408358262 {\n    padding-top: 100%;\n  }\n\n}\n\n\n@media (min-width:850px) {\n\n  #banner-408358262 .overlay {\n    background-color: rgba(0, 0, 0, 0.14);\n  }\n\n}\n<\/style>\n  <\/div><!-- .banner -->\n\n\n\n  <div class=\"banner has-hover\" id=\"banner-1182852463\">\n          <div class=\"banner-inner fill\">\n        <div class=\"banner-bg fill\" >\n            <div class=\"bg fill bg-fill\"><\/div>\n                                    \n                    <\/div><!-- bg-layers -->\n        <div class=\"banner-layers container\">\n            <div class=\"fill banner-link\"><\/div>            \n   <div id=\"text-box-731397835\" class=\"text-box banner-layer x50 md-x50 lg-x50 y50 md-y50 lg-y50 res-text\">\n                                <div class=\"text dark\">\n              \n              <div class=\"text-inner text-center\">\n                  \n<h1><img loading=\"lazy\" decoding=\"async\" class=\"alignnonewp-image-2048\" src=\"https:\/\/loretovietnam.org\/wp-content\/uploads\/2020\/09\/bird.jpg\" alt=\"\" width=\"172\" height=\"143\" \/><\/h1>\n<h1 class=\"uppercase\"><span style=\"color: #e14d43;\"><strong>S\u1ee8 M\u1ec6NH C\u1ee6A CH\u00daNG T\u00d4I<\/strong><\/span><\/h1>\n<p><span style=\"color: #808080; font-size: 160%;\">Loreto Vietnam, d\u01b0\u1edbi s\u1ef1 h\u01b0\u1edbng d\u1eabn c\u1ee7a <u><a style=\"color: #808080;\" href=\"https:\/\/www.loretoministries.org.au\">Loreto Ministries<\/a><\/u>, mong mu\u1ed1n trao quy\u1ec1n cho <\/span><span style=\"color: #808080; font-size: 160%;\"> tr\u1ebb em v\u00e0 c\u00e1c c\u1ed9ng \u0111\u1ed3ng thi\u1ec7t th\u00f2i \u1edf Vi\u1ec7t Nam th\u00f4ng qua vi\u1ec7c cung c\u1ea5p nh\u1eefng ch\u01b0\u01a1ng tr\u00ecnh gi\u00e1o d\u1ee5c h\u00f2a nh\u1eadp v\u00e0 b\u00ecnh \u0111\u1eb3ng.<\/span><\/p>\n              <\/div>\n           <\/div><!-- text-box-inner -->\n                            \n<style scope=\"scope\">\n\n#text-box-731397835 {\n  width: 97%;\n}\n#text-box-731397835 .text {\n  font-size: 100%;\n}\n<\/style>\n    <\/div><!-- text-box -->\n \n        <\/div><!-- .banner-layers -->\n      <\/div><!-- .banner-inner -->\n\n            \n<style scope=\"scope\">\n\n#banner-1182852463 {\n  padding-top: 500px;\n  background-color: rgb(255,255,255);\n}\n<\/style>\n  <\/div><!-- .banner -->\n\n\n\t<section class=\"section\" id=\"section_2073668118\">\n\t\t<div class=\"bg section-bg fill bg-fill  bg-loaded\" >\n\n\t\t\t\n\t\t\t\n\t\t\t\n\n\t\t<\/div><!-- .section-bg -->\n\n\t\t<div class=\"section-content relative\">\n\t\t\t\n<div class=\"row row-collapse align-center impact\"  id=\"row-1449310788\">\n<div class=\"col small-12 large-12\"  ><div class=\"col-inner text-center dark\" style=\"background-color:rgb(239, 239, 239);\" >\n<h1 class=\"uppercase\"><span style=\"color: #d83131;\">K\u1ebft qu\u1ea3 ho\u1ea1t \u0111\u1ed9ng ch\u00ednh<\/span><\/h1>\n<\/div><\/div>\n<div class=\"col medium-3 small-7 large-3\"  ><div class=\"col-inner text-center dark\"  >\n<div class=\"figure\" style=\"text-align: center;\">0<\/div>\n<h3 style=\"text-align: center; color: #444;\">Tr\u1ebb em<\/h3>\n<h5 style=\"text-align: center; color: #444;\">\u0111\u01b0\u1ee3c k\u1ebft n\u1ed1i v\u1edbi gi\u00e1o d\u1ee5c ch\u1ea5t l\u01b0\u1ee3ng<\/h5>\n<div class=\"figure\" style=\"text-align: center;\">0<\/div>\n<h3 style=\"text-align: center; color: #444;\">Tr\u1ebb em<\/h3>\n<h5 style=\"text-align: center; color: #444;\">\u0111\u01b0\u1ee3c h\u1ed7 tr\u1ee3 trong gi\u00e1o d\u1ee5c \u0111\u1eb7c bi\u1ec7t<\/h5>\n<\/div><\/div>\n<div class=\"col medium-3 small-5 large-3\"  ><div class=\"col-inner text-left dark\"  >\n<div class=\"figure\" style=\"text-align: center;\">0<\/div>\n<h3 style=\"text-align: center; color: #444;\">Tr\u01b0\u1eddng h\u1ecdc v\u00e0 nh\u00e0 tr\u1ebb<\/h3>\n<h5 style=\"text-align: center; color: #444;\">\u0111\u01b0\u1ee3c x\u00e2y m\u1edbi<\/h5>\n<div class=\"figure\" style=\"text-align: center;\">0<\/div>\n<h3 style=\"text-align: center; color: #444;\">Ph\u00f2ng m\u00e1y t\u00ednh<\/h3>\n<h5 style=\"text-align: center; color: #444;\">trang b\u1ecb \u0111\u1ea7y \u0111\u1ee7<\/h5>\n<\/div><\/div>\n<div class=\"col medium-3 small-5 large-3\"  ><div class=\"col-inner text-left dark\"  >\n<div class=\"figure\" style=\"text-align: center;\">0<\/div>\n<h3 style=\"text-align: center; color: #444;\">c\u00f4ng tr\u00ecnh nh\u00e0 v\u1ec7 sinh<\/h3>\n<h5 style=\"text-align: center; color: #444;\">c\u1ea3i t\u1ea1o v\u00e0 trang b\u1ecb \u0111\u1ea7y \u0111\u1ee7<\/h5>\n<div class=\"figure\" style=\"text-align: center;\">0<\/div>\n<h3 style=\"text-align: center; color: #444;\">th\u01b0 vi\u1ec7n th\u00e2n thi\u1ec7n<\/h3>\n<h5 style=\"text-align: center; color: #444;\">c\u1ea3i t\u1ea1o v\u00e0 trang b\u1ecb \u0111\u1ea7y \u0111\u1ee7<\/h5>\n<\/div><\/div>\n<div class=\"col medium-3 small-7 large-3\"  ><div class=\"col-inner text-left dark\"  >\n<div class=\"figure\" style=\"text-align: center;\">0<\/div>\n<h3 style=\"text-align: center; color: #444;\">B\u1ed9 d\u1ee5ng c\u1ee5 h\u1ecdc t\u1eadp<\/h3>\n<h5 style=\"text-align: center; color: #444;\">bao g\u1ed3m s\u00e1ch v\u1edf v\u00e0 \u0111\u1ed3ng ph\u1ee5c<\/h5>\n<div class=\"figure\" style=\"text-align: center;\">0<\/div>\n<h3 style=\"text-align: center; color: #444;\">Xe \u0111\u1ea1p v\u00e0 m\u0169 b\u1ea3o hi\u1ec3m<\/h3>\n<h5 style=\"text-align: center; color: #444;\">\u0111\u01b0\u1ee3c trao t\u1eb7ng<\/h5>\n<\/div><\/div>\n\n<style scope=\"scope\">\n\n<\/style>\n<\/div>\n\t\t<\/div><!-- .section-content -->\n\n\t\t\n<style scope=\"scope\">\n\n#section_2073668118 {\n  padding-top: 30px;\n  padding-bottom: 30px;\n  background-color: rgb(239, 239, 239);\n}\n<\/style>\n\t<\/section>\n\t\n\t<section class=\"section\" id=\"section_1626404877\">\n\t\t<div class=\"bg section-bg fill bg-fill  bg-loaded\" >\n\n\t\t\t\n\t\t\t\n\t\t\t\n\n\t\t<\/div><!-- .section-bg -->\n\n\t\t<div class=\"section-content relative\">\n\t\t\t\n<div class=\"row\"  id=\"row-876813970\">\n<div class=\"col small-12 large-12\"  ><div class=\"col-inner\"  >\n<h1 style=\"text-align: center; color: #d3431b;\">TIN M\u1edaI NH\u1ea4T<\/h1>\n<\/div><\/div>\n<\/div>\n\n  \n    <div class=\"row large-columns-2 medium-columns-1 small-columns-1\">\n  \t\t<div class=\"col post-item\" data-animate=\"fadeInUp\">\n\t\t\t<div class=\"col-inner\">\n\t\t\t<a href=\"https:\/\/loretovietnam.org\/vi\/2021\/10\/11\/my-voice-our-equal-future\/\" class=\"plain\">\n\t\t\t\t<div class=\"box box-default box-text-bottom box-blog-post has-hover\">\n            \t\t\t\t\t<div class=\"box-image\" >\n  \t\t\t\t\t\t<div class=\"image-cover\" style=\"padding-top:63%;\">\n  \t\t\t\t\t\t\t<img loading=\"lazy\" decoding=\"async\" width=\"510\" height=\"341\" src=\"https:\/\/loretovietnam.org\/wp-content\/uploads\/2021\/10\/girl-child-1-510x341.png\" class=\"attachment-thumbnail size-thumbnail wp-post-image\" alt=\"\" srcset=\"https:\/\/loretovietnam.org\/wp-content\/uploads\/2021\/10\/girl-child-1-510x341.png 510w, https:\/\/loretovietnam.org\/wp-content\/uploads\/2021\/10\/girl-child-1-1024x685.png 1024w, https:\/\/loretovietnam.org\/wp-content\/uploads\/2021\/10\/girl-child-1-768x514.png 768w, https:\/\/loretovietnam.org\/wp-content\/uploads\/2021\/10\/girl-child-1-1536x1028.png 1536w, https:\/\/loretovietnam.org\/wp-content\/uploads\/2021\/10\/girl-child-1.png 1538w\" sizes=\"auto, (max-width: 510px) 100vw, 510px\" \/>  \t\t\t\t\t\t\t  \t\t\t\t\t\t\t  \t\t\t\t\t\t<\/div>\n  \t\t\t\t\t\t  \t\t\t\t\t<\/div><!-- .box-image -->\n          \t\t\t\t\t<div class=\"box-text text-center is-small\" style=\"background-color:rgb(255, 255, 255);padding:30px 30px 0px 30px;\">\n\t\t\t\t\t<div class=\"box-text-inner blog-post-inner\">\n\n\t\t\t\t\t\n\t\t\t\t\t\t\t\t\t\t<h5 class=\"post-title is-large\">Ti\u1ebfng n\u00f3i c\u1ee7a t\u00f4i, t\u01b0\u01a1ng lai b\u00ecnh \u0111\u1eb3ng c\u1ee7a ch\u00fang ta<\/h5>\n\t\t\t\t\t<div class=\"post-meta is-small op-8\">Th\u00e1ng 10 11, 2021<\/div>\t\t\t\t\t<div class=\"is-divider\"><\/div>\n\t\t\t\t\t                    \n\t\t\t\t\t\n\t\t\t\t\t\n\t\t\t\t\t<\/div><!-- .box-text-inner -->\n\t\t\t\t\t<\/div><!-- .box-text -->\n\t\t\t\t\t\t\t\t\t<\/div><!-- .box -->\n\t\t\t\t<\/a><!-- .link -->\n\t\t\t<\/div><!-- .col-inner -->\n\t\t<\/div><!-- .col -->\n\t\t<div class=\"col post-item\" data-animate=\"fadeInUp\">\n\t\t\t<div class=\"col-inner\">\n\t\t\t<a href=\"https:\/\/loretovietnam.org\/vi\/2021\/10\/03\/recovering-and-revitalizing-education-for-the-covid-affected-children\/\" class=\"plain\">\n\t\t\t\t<div class=\"box box-default box-text-bottom box-blog-post has-hover\">\n            \t\t\t\t\t<div class=\"box-image\" >\n  \t\t\t\t\t\t<div class=\"image-cover\" style=\"padding-top:63%;\">\n  \t\t\t\t\t\t\t<img loading=\"lazy\" decoding=\"async\" width=\"510\" height=\"383\" src=\"https:\/\/loretovietnam.org\/wp-content\/uploads\/2021\/10\/Ca-Mau-COVID-510x383.jpg\" class=\"attachment-thumbnail size-thumbnail wp-post-image\" alt=\"\" srcset=\"https:\/\/loretovietnam.org\/wp-content\/uploads\/2021\/10\/Ca-Mau-COVID-510x383.jpg 510w, https:\/\/loretovietnam.org\/wp-content\/uploads\/2021\/10\/Ca-Mau-COVID-1024x768.jpg 1024w, https:\/\/loretovietnam.org\/wp-content\/uploads\/2021\/10\/Ca-Mau-COVID-1920x1441.jpg 1920w, https:\/\/loretovietnam.org\/wp-content\/uploads\/2021\/10\/Ca-Mau-COVID-768x576.jpg 768w, https:\/\/loretovietnam.org\/wp-content\/uploads\/2021\/10\/Ca-Mau-COVID-1536x1153.jpg 1536w, https:\/\/loretovietnam.org\/wp-content\/uploads\/2021\/10\/Ca-Mau-COVID-2048x1537.jpg 2048w\" sizes=\"auto, (max-width: 510px) 100vw, 510px\" \/>  \t\t\t\t\t\t\t  \t\t\t\t\t\t\t  \t\t\t\t\t\t<\/div>\n  \t\t\t\t\t\t  \t\t\t\t\t<\/div><!-- .box-image -->\n          \t\t\t\t\t<div class=\"box-text text-center is-small\" style=\"background-color:rgb(255, 255, 255);padding:30px 30px 0px 30px;\">\n\t\t\t\t\t<div class=\"box-text-inner blog-post-inner\">\n\n\t\t\t\t\t\n\t\t\t\t\t\t\t\t\t\t<h5 class=\"post-title is-large\">Ph\u1ee5c h\u1ed3i c\u01a1 h\u1ed9i gi\u00e1o d\u1ee5c cho tr\u1ebb em ch\u1ecbu \u1ea3nh h\u01b0\u1edfng b\u1edfi COVID.<\/h5>\n\t\t\t\t\t<div class=\"post-meta is-small op-8\">Th\u00e1ng 10 3, 2021<\/div>\t\t\t\t\t<div class=\"is-divider\"><\/div>\n\t\t\t\t\t                    \n\t\t\t\t\t\n\t\t\t\t\t\n\t\t\t\t\t<\/div><!-- .box-text-inner -->\n\t\t\t\t\t<\/div><!-- .box-text -->\n\t\t\t\t\t\t\t\t\t<\/div><!-- .box -->\n\t\t\t\t<\/a><!-- .link -->\n\t\t\t<\/div><!-- .col-inner -->\n\t\t<\/div><!-- .col -->\n<\/div>\n\t\t<\/div><!-- .section-content -->\n\n\t\t\n<style scope=\"scope\">\n\n#section_1626404877 {\n  padding-top: 30px;\n  padding-bottom: 30px;\n}\n<\/style>\n\t<\/section>\n\t\n\t<section class=\"section\" id=\"section_553936066\">\n\t\t<div class=\"bg section-bg fill bg-fill  bg-loaded\" >\n\n\t\t\t\n\t\t\t\n\t\t\t\n\n\t\t<\/div><!-- .section-bg -->\n\n\t\t<div class=\"section-content relative\">\n\t\t\t\n\n<h1 style=\"text-align:center; color: #d3431b;margin-bottom:5px\">\u0110\u1ed0I T\u00c1C C\u1ee6A CH\u00daNG T\u00d4I<\/h1>\n<div class=\"gap-element\" style=\"display:block; height:auto; padding-top:45px\"><\/div>\n\n<div class=\"row align-middle align-center\"  id=\"row-1630074188\">\n\n<div class=\"col medium-3 small-6 large-3\"  ><div class=\"col-inner\"  >\n\n\t<div class=\"img has-hover x md-x lg-x y md-y lg-y\" id=\"image_925657316\">\n\t\t\t\t\t\t\t\t<div class=\"img-inner dark\" >\n\t\t\t<img loading=\"lazy\" decoding=\"async\" width=\"250\" height=\"125\" src=\"https:\/\/loretovietnam.org\/wp-content\/uploads\/2020\/08\/PremierOil.png\" class=\"attachment-large size-large\" alt=\"\" \/>\t\t\t\t\t\t\n\t\t\t\t\t<\/div>\n\t\t\t\t\t\t\t\t\n<style scope=\"scope\">\n\n#image_925657316 {\n  width: 100%;\n}\n\n\n@media (min-width:550px) {\n\n  #image_925657316 {\n    width: 95%;\n  }\n\n}\n<\/style>\n\t<\/div>\n\t\n\n\n<\/div><\/div>\n<div class=\"col medium-3 small-6 large-3\"  ><div class=\"col-inner\"  >\n\n\t<div class=\"img has-hover x md-x lg-x y md-y lg-y\" id=\"image_21893897\">\n\t\t\t\t\t\t\t\t<div class=\"img-inner dark\" >\n\t\t\t<img loading=\"lazy\" decoding=\"async\" width=\"250\" height=\"125\" src=\"https:\/\/loretovietnam.org\/wp-content\/uploads\/2020\/08\/3M.png\" class=\"attachment-large size-large\" alt=\"\" \/>\t\t\t\t\t\t\n\t\t\t\t\t<\/div>\n\t\t\t\t\t\t\t\t\n<style scope=\"scope\">\n\n#image_21893897 {\n  width: 100%;\n}\n\n\n@media (min-width:550px) {\n\n  #image_21893897 {\n    width: 90%;\n  }\n\n}\n<\/style>\n\t<\/div>\n\t\n\n\n<\/div><\/div>\n<div class=\"col medium-3 small-6 large-3\"  ><div class=\"col-inner\"  >\n\n\t<div class=\"img has-hover x md-x lg-x y md-y lg-y\" id=\"image_637282819\">\n\t\t\t\t\t\t\t\t<div class=\"img-inner dark\" >\n\t\t\t<img loading=\"lazy\" decoding=\"async\" width=\"250\" height=\"125\" src=\"https:\/\/loretovietnam.org\/wp-content\/uploads\/2020\/08\/Auscham.png\" class=\"attachment-medium size-medium\" alt=\"\" \/>\t\t\t\t\t\t\n\t\t\t\t\t<\/div>\n\t\t\t\t\t\t\t\t\n<style scope=\"scope\">\n\n#image_637282819 {\n  width: 93%;\n}\n\n\n@media (min-width:550px) {\n\n  #image_637282819 {\n    width: 90%;\n  }\n\n}\n<\/style>\n\t<\/div>\n\t\n\n\n<\/div><\/div>\n<div class=\"col medium-3 small-6 large-3\"  ><div class=\"col-inner\"  >\n\n\t<div class=\"img has-hover x md-x lg-x y md-y lg-y\" id=\"image_1579711427\">\n\t\t\t\t\t\t\t\t<div class=\"img-inner dark\" >\n\t\t\t<img loading=\"lazy\" decoding=\"async\" width=\"250\" height=\"125\" src=\"https:\/\/loretovietnam.org\/wp-content\/uploads\/2020\/08\/UPS.png\" class=\"attachment-large size-large\" alt=\"\" \/>\t\t\t\t\t\t\n\t\t\t\t\t<\/div>\n\t\t\t\t\t\t\t\t\n<style scope=\"scope\">\n\n#image_1579711427 {\n  width: 100%;\n}\n<\/style>\n\t<\/div>\n\t\n\n\n<\/div><\/div>\n\n\n<style scope=\"scope\">\n\n<\/style>\n<\/div>\n<div class=\"row align-middle align-center\"  id=\"row-2031304515\">\n\n<div class=\"col medium-3 small-6 large-3\"  ><div class=\"col-inner\"  >\n\n\t<div class=\"img has-hover x md-x lg-x y md-y lg-y\" id=\"image_1172839534\">\n\t\t\t\t\t\t\t\t<div class=\"img-inner dark\" >\n\t\t\t<img loading=\"lazy\" decoding=\"async\" width=\"250\" height=\"125\" src=\"https:\/\/loretovietnam.org\/wp-content\/uploads\/2020\/08\/AFG.png\" class=\"attachment-large size-large\" alt=\"\" \/>\t\t\t\t\t\t\n\t\t\t\t\t<\/div>\n\t\t\t\t\t\t\t\t\n<style scope=\"scope\">\n\n#image_1172839534 {\n  width: 90%;\n}\n<\/style>\n\t<\/div>\n\t\n\n\n<\/div><\/div>\n<div class=\"col medium-3 small-6 large-3\"  ><div class=\"col-inner\"  >\n\n\t<div class=\"img has-hover x md-x lg-x y md-y lg-y\" id=\"image_521768629\">\n\t\t\t\t\t\t\t\t<div class=\"img-inner dark\" >\n\t\t\t<img loading=\"lazy\" decoding=\"async\" width=\"250\" height=\"125\" src=\"https:\/\/loretovietnam.org\/wp-content\/uploads\/2020\/08\/Toll.png\" class=\"attachment-large size-large\" alt=\"\" \/>\t\t\t\t\t\t\n\t\t\t\t\t<\/div>\n\t\t\t\t\t\t\t\t\n<style scope=\"scope\">\n\n#image_521768629 {\n  width: 90%;\n}\n\n\n@media (min-width:550px) {\n\n  #image_521768629 {\n    width: 90%;\n  }\n\n}\n<\/style>\n\t<\/div>\n\t\n\n\n<\/div><\/div>\n<div class=\"col medium-3 small-6 large-3\"  ><div class=\"col-inner text-center\"  >\n\n\t<div class=\"img has-hover x md-x lg-x y md-y lg-y\" id=\"image_812408370\">\n\t\t\t\t\t\t\t\t<div class=\"img-inner dark\" >\n\t\t\t<img loading=\"lazy\" decoding=\"async\" width=\"250\" height=\"125\" src=\"https:\/\/loretovietnam.org\/wp-content\/uploads\/2020\/08\/KPMG.png\" class=\"attachment-large size-large\" alt=\"\" \/>\t\t\t\t\t\t\n\t\t\t\t\t<\/div>\n\t\t\t\t\t\t\t\t\n<style scope=\"scope\">\n\n#image_812408370 {\n  width: 90%;\n}\n<\/style>\n\t<\/div>\n\t\n\n\n<\/div><\/div>\n<div class=\"col medium-3 small-6 large-3\"  ><div class=\"col-inner text-center\"  >\n\n\t<div class=\"img has-hover x md-x lg-x y md-y lg-y\" id=\"image_1778673189\">\n\t\t\t\t\t\t\t\t<div class=\"img-inner dark\" >\n\t\t\t<img loading=\"lazy\" decoding=\"async\" width=\"250\" height=\"125\" src=\"https:\/\/loretovietnam.org\/wp-content\/uploads\/2020\/08\/BDA.png\" class=\"attachment-medium size-medium\" alt=\"\" \/>\t\t\t\t\t\t\n\t\t\t\t\t<\/div>\n\t\t\t\t\t\t\t\t\n<style scope=\"scope\">\n\n#image_1778673189 {\n  width: 90%;\n}\n<\/style>\n\t<\/div>\n\t\n\n\n<\/div><\/div>\n\n\n<style scope=\"scope\">\n\n<\/style>\n<\/div>\n<div class=\"row align-middle align-center\"  id=\"row-1894380061\">\n\n<div class=\"col medium-3 small-6 large-3\"  ><div class=\"col-inner\"  >\n\n\t<div class=\"img has-hover x md-x lg-x y md-y lg-y\" id=\"image_1133196348\">\n\t\t\t\t\t\t\t\t<div class=\"img-inner dark\" >\n\t\t\t<img loading=\"lazy\" decoding=\"async\" width=\"250\" height=\"125\" src=\"https:\/\/loretovietnam.org\/wp-content\/uploads\/2020\/08\/Profectus.png\" class=\"attachment-large size-large\" alt=\"\" \/>\t\t\t\t\t\t\n\t\t\t\t\t<\/div>\n\t\t\t\t\t\t\t\t\n<style scope=\"scope\">\n\n#image_1133196348 {\n  width: 92%;\n}\n\n\n@media (min-width:550px) {\n\n  #image_1133196348 {\n    width: 90%;\n  }\n\n}\n<\/style>\n\t<\/div>\n\t\n\n\n<\/div><\/div>\n<div class=\"col medium-3 small-6 large-3\"  ><div class=\"col-inner text-center\"  >\n\n\t<div class=\"img has-hover x md-x lg-x y md-y lg-y\" id=\"image_721483409\">\n\t\t\t\t\t\t\t\t<div class=\"img-inner dark\" >\n\t\t\t<img loading=\"lazy\" decoding=\"async\" width=\"250\" height=\"125\" src=\"https:\/\/loretovietnam.org\/wp-content\/uploads\/2020\/08\/AIS.png\" class=\"attachment-large size-large\" alt=\"\" \/>\t\t\t\t\t\t\n\t\t\t\t\t<\/div>\n\t\t\t\t\t\t\t\t\n<style scope=\"scope\">\n\n#image_721483409 {\n  width: 100%;\n}\n<\/style>\n\t<\/div>\n\t\n\n\n<\/div><\/div>\n<div class=\"col medium-3 small-6 large-3\"  ><div class=\"col-inner\"  >\n\n\n<\/div><\/div>\n\n\n<style scope=\"scope\">\n\n<\/style>\n<\/div>\n<div class=\"gap-element\" style=\"display:block; height:auto; padding-top:45px\"><\/div>\n\n<div class=\"row\"  id=\"row-865929658\">\n\n<div class=\"col res-text small-12 large-12\"  ><div class=\"col-inner text-center\"  >\n\n<a rel=\"noopener noreferrer\" href=\"\/vi\/get-involved\/partner-with-us\/\" target=\"_blank\" class=\"button primary is-xlarge\"  >\n    <span>XEM T\u1ea4T C\u1ea2<\/span>\n  <i class=\"icon-angle-right\" ><\/i><\/a>\n\n\n\n<\/div><\/div>\n\n<\/div>\n\n\t\t<\/div><!-- .section-content -->\n\n\t\t\n<style scope=\"scope\">\n\n#section_553936066 {\n  padding-top: 30px;\n  padding-bottom: 30px;\n}\n<\/style>\n\t<\/section>","protected":false},"excerpt":{"rendered":"","protected":false},"author":1,"featured_media":0,"parent":0,"menu_order":0,"comment_status":"closed","ping_status":"closed","template":"page-blank.php","meta":{"_exactmetrics_skip_tracking":false,"_exactmetrics_sitenote_active":false,"_exactmetrics_sitenote_note":"","_exactmetrics_sitenote_category":0,"footnotes":""},"class_list":["post-2","page","type-page","status-publish","hentry"],"yoast_head":"<!-- This site is optimized with the Yoast SEO plugin v27.6 - https:\/\/yoast.com\/product\/yoast-seo-wordpress\/ -->\n<title>Home - Loreto Vietnam<\/title>\n<meta name=\"robots\" content=\"index, follow, max-snippet:-1, max-image-preview:large, max-video-preview:-1\" \/>\n<link rel=\"canonical\" href=\"https:\/\/loretovietnam.org\/vi\/\" \/>\n<meta property=\"og:locale\" content=\"vi_VN\" \/>\n<meta property=\"og:type\" content=\"article\" \/>\n<meta property=\"og:title\" content=\"Home - Loreto Vietnam\" \/>\n<meta property=\"og:url\" content=\"https:\/\/loretovietnam.org\/vi\/\" \/>\n<meta property=\"og:site_name\" content=\"Loreto Vietnam\" \/>\n<meta property=\"article:modified_time\" content=\"2024-08-14T05:18:26+00:00\" \/>\n<meta property=\"og:image\" content=\"https:\/\/loretovietnam.org\/wp-content\/uploads\/2020\/09\/bird.jpg\" \/>\n<meta name=\"twitter:card\" content=\"summary_large_image\" \/>\n<meta name=\"twitter:label1\" content=\"\u01af\u1edbc t\u00ednh th\u1eddi gian \u0111\u1ecdc\" \/>\n\t<meta name=\"twitter:data1\" content=\"2 ph\u00fat\" \/>\n<script type=\"application\/ld+json\" class=\"yoast-schema-graph\">{\"@context\":\"https:\\\/\\\/schema.org\",\"@graph\":[{\"@type\":\"WebPage\",\"@id\":\"https:\\\/\\\/loretovietnam.org\\\/\",\"url\":\"https:\\\/\\\/loretovietnam.org\\\/\",\"name\":\"Home - Loreto Vietnam\",\"isPartOf\":{\"@id\":\"https:\\\/\\\/loretovietnam.org\\\/#website\"},\"primaryImageOfPage\":{\"@id\":\"https:\\\/\\\/loretovietnam.org\\\/#primaryimage\"},\"image\":{\"@id\":\"https:\\\/\\\/loretovietnam.org\\\/#primaryimage\"},\"thumbnailUrl\":\"https:\\\/\\\/loretovietnam.org\\\/wp-content\\\/uploads\\\/2020\\\/09\\\/bird.jpg\",\"datePublished\":\"2018-06-05T08:17:26+00:00\",\"dateModified\":\"2024-08-14T05:18:26+00:00\",\"breadcrumb\":{\"@id\":\"https:\\\/\\\/loretovietnam.org\\\/#breadcrumb\"},\"inLanguage\":\"vi\",\"potentialAction\":[{\"@type\":\"ReadAction\",\"target\":[\"https:\\\/\\\/loretovietnam.org\\\/\"]}]},{\"@type\":\"ImageObject\",\"inLanguage\":\"vi\",\"@id\":\"https:\\\/\\\/loretovietnam.org\\\/#primaryimage\",\"url\":\"https:\\\/\\\/loretovietnam.org\\\/wp-content\\\/uploads\\\/2020\\\/09\\\/bird.jpg\",\"contentUrl\":\"https:\\\/\\\/loretovietnam.org\\\/wp-content\\\/uploads\\\/2020\\\/09\\\/bird.jpg\"},{\"@type\":\"BreadcrumbList\",\"@id\":\"https:\\\/\\\/loretovietnam.org\\\/#breadcrumb\",\"itemListElement\":[{\"@type\":\"ListItem\",\"position\":1,\"name\":\"Home\",\"item\":\"https:\\\/\\\/loretovietnam.org\\\/\"},{\"@type\":\"ListItem\",\"position\":2,\"name\":\"Home\"}]},{\"@type\":\"WebSite\",\"@id\":\"https:\\\/\\\/loretovietnam.org\\\/#website\",\"url\":\"https:\\\/\\\/loretovietnam.org\\\/\",\"name\":\"Loreto Vietnam\",\"description\":\"\",\"potentialAction\":[{\"@type\":\"SearchAction\",\"target\":{\"@type\":\"EntryPoint\",\"urlTemplate\":\"https:\\\/\\\/loretovietnam.org\\\/?s={search_term_string}\"},\"query-input\":{\"@type\":\"PropertyValueSpecification\",\"valueRequired\":true,\"valueName\":\"search_term_string\"}}],\"inLanguage\":\"vi\"}]}<\/script>\n<!-- \/ Yoast SEO plugin. -->","yoast_head_json":{"title":"Trang ch\u1ee7 - Loreto Vi\u1ec7t Nam","robots":{"index":"index","follow":"follow","max-snippet":"max-snippet:-1","max-image-preview":"max-image-preview:large","max-video-preview":"max-video-preview:-1"},"canonical":"https:\/\/loretovietnam.org\/vi\/","og_locale":"vi_VN","og_type":"article","og_title":"Home - Loreto Vietnam","og_url":"https:\/\/loretovietnam.org\/vi\/","og_site_name":"Loreto Vietnam","article_modified_time":"2024-08-14T05:18:26+00:00","og_image":[{"url":"https:\/\/loretovietnam.org\/wp-content\/uploads\/2020\/09\/bird.jpg","type":"","width":"","height":""}],"twitter_card":"summary_large_image","twitter_misc":{"\u01af\u1edbc t\u00ednh th\u1eddi gian \u0111\u1ecdc":"2 ph\u00fat"},"schema":{"@context":"https:\/\/schema.org","@graph":[{"@type":"WebPage","@id":"https:\/\/loretovietnam.org\/","url":"https:\/\/loretovietnam.org\/","name":"Trang ch\u1ee7 - Loreto Vi\u1ec7t Nam","isPartOf":{"@id":"https:\/\/loretovietnam.org\/#website"},"primaryImageOfPage":{"@id":"https:\/\/loretovietnam.org\/#primaryimage"},"image":{"@id":"https:\/\/loretovietnam.org\/#primaryimage"},"thumbnailUrl":"https:\/\/loretovietnam.org\/wp-content\/uploads\/2020\/09\/bird.jpg","datePublished":"2018-06-05T08:17:26+00:00","dateModified":"2024-08-14T05:18:26+00:00","breadcrumb":{"@id":"https:\/\/loretovietnam.org\/#breadcrumb"},"inLanguage":"vi","potentialAction":[{"@type":"ReadAction","target":["https:\/\/loretovietnam.org\/"]}]},{"@type":"ImageObject","inLanguage":"vi","@id":"https:\/\/loretovietnam.org\/#primaryimage","url":"https:\/\/loretovietnam.org\/wp-content\/uploads\/2020\/09\/bird.jpg","contentUrl":"https:\/\/loretovietnam.org\/wp-content\/uploads\/2020\/09\/bird.jpg"},{"@type":"BreadcrumbList","@id":"https:\/\/loretovietnam.org\/#breadcrumb","itemListElement":[{"@type":"ListItem","position":1,"name":"Home","item":"https:\/\/loretovietnam.org\/"},{"@type":"ListItem","position":2,"name":"Home"}]},{"@type":"WebSite","@id":"https:\/\/loretovietnam.org\/#website","url":"https:\/\/loretovietnam.org\/","name":"Loreto Vietnam","description":"","potentialAction":[{"@type":"SearchAction","target":{"@type":"EntryPoint","urlTemplate":"https:\/\/loretovietnam.org\/?s={search_term_string}"},"query-input":{"@type":"PropertyValueSpecification","valueRequired":true,"valueName":"search_term_string"}}],"inLanguage":"vi"}]}},"_links":{"self":[{"href":"https:\/\/loretovietnam.org\/vi\/wp-json\/wp\/v2\/pages\/2","targetHints":{"allow":["GET"]}}],"collection":[{"href":"https:\/\/loretovietnam.org\/vi\/wp-json\/wp\/v2\/pages"}],"about":[{"href":"https:\/\/loretovietnam.org\/vi\/wp-json\/wp\/v2\/types\/page"}],"author":[{"embeddable":true,"href":"https:\/\/loretovietnam.org\/vi\/wp-json\/wp\/v2\/users\/1"}],"replies":[{"embeddable":true,"href":"https:\/\/loretovietnam.org\/vi\/wp-json\/wp\/v2\/comments?post=2"}],"version-history":[{"count":138,"href":"https:\/\/loretovietnam.org\/vi\/wp-json\/wp\/v2\/pages\/2\/revisions"}],"predecessor-version":[{"id":2470,"href":"https:\/\/loretovietnam.org\/vi\/wp-json\/wp\/v2\/pages\/2\/revisions\/2470"}],"wp:attachment":[{"href":"https:\/\/loretovietnam.org\/vi\/wp-json\/wp\/v2\/media?parent=2"}],"curies":[{"name":"wp","href":"https:\/\/api.w.org\/{rel}","templated":true}]}}