{"id":1938,"date":"2020-08-11T09:08:35","date_gmt":"2020-08-11T02:08:35","guid":{"rendered":"https:\/\/loretovietnam.org\/?page_id=1938"},"modified":"2020-09-22T04:36:35","modified_gmt":"2020-09-21T21:36:35","slug":"improving-educational-outcomes","status":"publish","type":"page","link":"https:\/\/loretovietnam.org\/vi\/our-work\/programs\/improving-educational-outcomes\/","title":{"rendered":"C\u1ea3i thi\u1ec7n k\u1ebft qu\u1ea3 gi\u00e1o d\u1ee5c"},"content":{"rendered":"<section class=\"section\" id=\"section_2008100364\">\n\t\t<div class=\"bg section-bg fill bg-fill  bg-loaded\" >\n\n\t\t\t\n\t\t\t\n\t\t\t\n\n\t\t<\/div><!-- .section-bg -->\n\n\t\t<div class=\"section-content relative\">\n\t\t\t\n<div class=\"row\"  id=\"row-215179399\">\n<div class=\"col small-12 large-12\"  ><div class=\"col-inner\"  >\n<h1>C\u1ea3i thi\u1ec7n k\u1ebft qu\u1ea3 gi\u00e1o d\u1ee5c<\/h1>\n<div>\n<p>Ngo\u00e0i vi\u1ec7c mang \u0111\u1ebfn s\u1ef1 b\u00ecnh \u0111\u1eb3ng trong ti\u1ebfp c\u1eadn gi\u00e1o d\u1ee5c, Loreto Vietnam h\u1ee3p t\u00e1c v\u1edbi c\u00e1c \u0111\u1ed1i t\u00e1c \u0111\u1ecba ph\u01b0\u01a1ng, tr\u01b0\u1eddng h\u1ecdc v\u00e0 c\u1ed9ng \u0111\u1ed3ng \u0111\u1ec3 n\u00e2ng cao k\u1ebft qu\u1ea3 gi\u00e1o d\u1ee5c c\u1ee7a h\u1ecdc sinh, \u0111\u1ed3ng th\u1eddi \u0111\u01b0a ra c\u00e1c c\u00e1ch ti\u1ebfp c\u1eadn m\u1edbi trong d\u1ea1y v\u00e0 h\u1ecdc, \u0111\u1ec3 h\u1ed7 tr\u1ee3 gi\u00e1o vi\u00ean ph\u00e1t tri\u1ec3n chuy\u00ean m\u00f4n. Trong \u0111\u00f3, h\u1ed7 tr\u1ee3 c\u00e1c tr\u01b0\u1eddng h\u1ecdc t\u1eadp trung tri\u1ec3n khai ch\u01b0\u01a1ng tr\u00ecnh STEM l\u00e0 b\u01b0\u1edbc \u0111i quan tr\u1ecdng. C\u00e1c ph\u00f2ng m\u00e1y t\u00ednh m\u1edbi v\u00e0 th\u01b0 vi\u1ec7n \u0111\u01b0\u1ee3c c\u1ea3i t\u1ea1o c\u0169ng khuy\u1ebfn kh\u00edch, t\u1ea1o \u0111i\u1ec1u ki\u1ec7n cho h\u1ecdc sinh kh\u00e1m ph\u00e1 v\u00e0 ph\u00e1t huy t\u1ed1i \u0111a s\u1ef1 t\u00f2 m\u00f2, s\u00e1ng t\u1ea1o v\u00e0 t\u00e0i n\u0103ng c\u1ee7a m\u00ecnh.<\/p>\n<p>S\u1ef1 t\u1eadp trung v\u00e0o k\u1ebft qu\u1ea3 gi\u00e1o d\u1ee5c n\u00e2ng cao n\u00e0y \u0111\u1ea3m b\u1ea3o sinh vi\u00ean c\u00f3 th\u1ec3 b\u1eaft \u0111\u1ea7u suy ngh\u0129 v\u00e0 l\u1eadp k\u1ebf ho\u1ea1ch cho vi\u1ec7c theo \u0111u\u1ed5i gi\u00e1o d\u1ee5c \u0111\u1ea1i h\u1ecdc, ngh\u1ec1 nghi\u1ec7p t\u01b0\u01a1ng lai c\u1ee7a h\u1ecd v\u00e0 nh\u1eefng \u0111\u00f3ng g\u00f3p m\u00e0 h\u1ecd s\u1ebd \u0111\u00f3ng g\u00f3p cho x\u00e3 h\u1ed9i v\u1edbi t\u01b0 c\u00e1ch l\u00e0 ph\u1ee5 n\u1eef v\u00e0 nam gi\u1edbi \u0111\u01b0\u1ee3c gi\u00e1o d\u1ee5c v\u00e0 c\u00f3 hi\u1ec3u bi\u1ebft.<\/p>\n<\/div>\n<div>\u00a0<\/div>\n<div class=\"row\"  id=\"row-624323512\">\n<div class=\"col medium-4 small-12 large-4\"  ><div class=\"col-inner\"  >\n\t<div class=\"img has-hover x md-x lg-x y md-y lg-y\" id=\"image_672152393\">\n\t\t<a href=\"https:\/\/loretovietnam.org\/vi\/computers-for-education\/\"target=\"_blank\" rel=\"noopener noreferrer\"class=\"\">\t\t\t\t\t\t<div class=\"img-inner dark\" >\n\t\t\t<img loading=\"lazy\" decoding=\"async\" width=\"300\" height=\"365\" src=\"https:\/\/loretovietnam.org\/wp-content\/uploads\/2020\/07\/IMG_0310.jpg\" class=\"attachment-large size-large\" alt=\"\" \/>\t\t\t\t\t\t\n\t\t\t\t\t<\/div>\n\t\t\t\t\t\t<\/a>\t\t\n<style scope=\"scope\">\n\n#image_672152393 {\n  width: 100%;\n}\n<\/style>\n\t<\/div>\n\t\n<a rel=\"noopener noreferrer\" href=\"https:\/\/loretovietnam.org\/vi\/computers-for-education\/\" target=\"_blank\" class=\"button primary is-gloss is-large expand\"  >\n    <span>Ph\u00f2ng m\u00e1y t\u00ednh cho em<\/span>\n  <\/a>\n\n<p style=\"text-align: center;\">Hi\u1ec7n \u1edf Vi\u1ec7t Nam c\u00f3 kho\u1ea3ng 54,7 tri\u1ec7u ng\u01b0\u1eddi d\u00f9ng Internet. Con s\u1ed1 n\u00e0y \u0111\u01b0\u1ee3c d\u1ef1 b\u00e1o s\u1ebd \u0111\u1ea1t 75,7 tri\u1ec7u v\u00e0o n\u0103m 2023 (Statista 2018). Vi\u1ec7c chia s\u1ebb th\u00f4ng tin v\u00e0 ki\u1ebfn th\u1ee9c\u2026<\/p>\n<\/div><\/div>\n<div class=\"col medium-4 small-12 large-4\"  ><div class=\"col-inner\"  >\n\t<div class=\"img has-hover x md-x lg-x y md-y lg-y\" id=\"image_2086487478\">\n\t\t<a href=\"https:\/\/loretovietnam.org\/vi\/our-work\/projects\/books-for-education\/\"target=\"_blank\" rel=\"noopener noreferrer\"class=\"\">\t\t\t\t\t\t<div class=\"img-inner dark\" >\n\t\t\t<img loading=\"lazy\" decoding=\"async\" width=\"300\" height=\"365\" src=\"https:\/\/loretovietnam.org\/wp-content\/uploads\/2020\/07\/IMG_E5131.jpg\" class=\"attachment-large size-large\" alt=\"\" \/>\t\t\t\t\t\t\n\t\t\t\t\t<\/div>\n\t\t\t\t\t\t<\/a>\t\t\n<style scope=\"scope\">\n\n#image_2086487478 {\n  width: 100%;\n}\n<\/style>\n\t<\/div>\n\t\n<a rel=\"noopener noreferrer\" href=\"https:\/\/loretovietnam.org\/vi\/our-work\/projects\/books-for-education\/\" target=\"_blank\" class=\"button primary is-gloss is-large expand\"  >\n    <span>Th\u01b0 vi\u1ec7n cho em<\/span>\n  <\/a>\n\n<p style=\"text-align: center;\">Khi coi gi\u00e1o d\u1ee5c m\u1ea7m non v\u00e0 ti\u1ec3u h\u1ecdc l\u00e0 n\u1ec1n t\u1ea3ng v\u1eefng ch\u1eafc nh\u1ea5t cho s\u1ef1 ph\u00e1t tri\u1ec3n trong t\u01b0\u01a1ng lai, ch\u00fang t\u00f4i hi\u1ec3u vai tr\u00f2 quan tr\u1ecdng c\u1ee7a s\u00e1ch \u1edf giai \u0111o\u1ea1n n\u00e0y \u0111\u1ed1i v\u1edbi cu\u1ed9c \u0111\u1eddi c\u1ee7a tr\u1ebb\u2026<\/p>\n<\/div><\/div>\n<div class=\"col medium-4 small-12 large-4\"  ><div class=\"col-inner\"  >\n\t<div class=\"img has-hover x md-x lg-x y md-y lg-y\" id=\"image_1208107863\">\n\t\t<a href=\"https:\/\/loretovietnam.org\/vi\/our-work\/programs\/improving-educational-outcomes\/stem\/\"target=\"_blank\" rel=\"noopener noreferrer\"class=\"\">\t\t\t\t\t\t<div class=\"img-inner dark\" >\n\t\t\t<img loading=\"lazy\" decoding=\"async\" width=\"300\" height=\"365\" src=\"https:\/\/loretovietnam.org\/wp-content\/uploads\/2020\/09\/IMG_2964-1.jpg\" class=\"attachment-large size-large\" alt=\"\" \/>\t\t\t\t\t\t\n\t\t\t\t\t<\/div>\n\t\t\t\t\t\t<\/a>\t\t\n<style scope=\"scope\">\n\n#image_1208107863 {\n  width: 100%;\n}\n<\/style>\n\t<\/div>\n\t\n<a rel=\"noopener noreferrer\" href=\"https:\/\/loretovietnam.org\/vi\/our-work\/programs\/improving-educational-outcomes\/stem\/\" target=\"_blank\" class=\"button primary is-gloss is-large expand\"  >\n    <span>Gi\u1ea3ng d\u1ea1y STEM<\/span>\n  <\/a>\n\n<p style=\"text-align: center;\">K\u1ec3 t\u1eeb n\u0103m 2019, Loreto Vi\u1ec7t Nam \u0111\u00e3 b\u1eaft \u0111\u1ea7u gi\u1edbi thi\u1ec7u v\u00e0 qu\u1ea3ng b\u00e1 m\u00f4 h\u00ecnh gi\u00e1o d\u1ee5c STEM v\u1edbi c\u00e1c tr\u01b0\u1eddng \u0111\u1ed1i t\u00e1c c\u1ee7a ch\u00fang t\u00f4i. STEM l\u00e0 ch\u01b0\u01a1ng tr\u00ecnh gi\u1ea3ng d\u1ea1y t\u1eadp trung v\u00e0o Khoa h\u1ecdc, C\u00f4ng ngh\u1ec7, K\u1ef9 thu\u1eadt v\u00e0 To\u00e1n h\u1ecdc\u2026<\/p>\n<\/div><\/div>\n<\/div>\n<\/div><\/div>\n<\/div>\n\t\t<\/div><!-- .section-content -->\n\n\t\t\n<style scope=\"scope\">\n\n#section_2008100364 {\n  padding-top: 0px;\n  padding-bottom: 0px;\n}\n<\/style>\n\t<\/section>","protected":false},"excerpt":{"rendered":"","protected":false},"author":3,"featured_media":0,"parent":1014,"menu_order":0,"comment_status":"closed","ping_status":"closed","template":"","meta":{"_exactmetrics_skip_tracking":false,"_exactmetrics_sitenote_active":false,"_exactmetrics_sitenote_note":"","_exactmetrics_sitenote_category":0,"footnotes":""},"class_list":["post-1938","page","type-page","status-publish","hentry"],"yoast_head":"<!-- This site is optimized with the Yoast SEO plugin v27.5 - https:\/\/yoast.com\/product\/yoast-seo-wordpress\/ -->\n<title>Improving Educational Outcomes - Loreto Vietnam<\/title>\n<meta name=\"robots\" content=\"index, follow, max-snippet:-1, max-image-preview:large, max-video-preview:-1\" \/>\n<link rel=\"canonical\" href=\"https:\/\/loretovietnam.org\/vi\/our-work\/programs\/improving-educational-outcomes\/\" \/>\n<meta property=\"og:locale\" content=\"vi_VN\" \/>\n<meta property=\"og:type\" content=\"article\" \/>\n<meta property=\"og:title\" content=\"Improving Educational Outcomes - Loreto Vietnam\" \/>\n<meta property=\"og:url\" content=\"https:\/\/loretovietnam.org\/vi\/our-work\/programs\/improving-educational-outcomes\/\" \/>\n<meta property=\"og:site_name\" content=\"Loreto Vietnam\" \/>\n<meta property=\"article:modified_time\" content=\"2020-09-21T21:36:35+00:00\" \/>\n<meta name=\"twitter:card\" content=\"summary_large_image\" \/>\n<meta name=\"twitter:label1\" content=\"\u01af\u1edbc t\u00ednh th\u1eddi gian \u0111\u1ecdc\" \/>\n\t<meta name=\"twitter:data1\" content=\"2 ph\u00fat\" \/>\n<script type=\"application\/ld+json\" class=\"yoast-schema-graph\">{\"@context\":\"https:\\\/\\\/schema.org\",\"@graph\":[{\"@type\":\"WebPage\",\"@id\":\"https:\\\/\\\/loretovietnam.org\\\/our-work\\\/programs\\\/improving-educational-outcomes\\\/\",\"url\":\"https:\\\/\\\/loretovietnam.org\\\/our-work\\\/programs\\\/improving-educational-outcomes\\\/\",\"name\":\"Improving Educational Outcomes - Loreto Vietnam\",\"isPartOf\":{\"@id\":\"https:\\\/\\\/loretovietnam.org\\\/#website\"},\"datePublished\":\"2020-08-11T02:08:35+00:00\",\"dateModified\":\"2020-09-21T21:36:35+00:00\",\"breadcrumb\":{\"@id\":\"https:\\\/\\\/loretovietnam.org\\\/our-work\\\/programs\\\/improving-educational-outcomes\\\/#breadcrumb\"},\"inLanguage\":\"vi\",\"potentialAction\":[{\"@type\":\"ReadAction\",\"target\":[\"https:\\\/\\\/loretovietnam.org\\\/our-work\\\/programs\\\/improving-educational-outcomes\\\/\"]}]},{\"@type\":\"BreadcrumbList\",\"@id\":\"https:\\\/\\\/loretovietnam.org\\\/our-work\\\/programs\\\/improving-educational-outcomes\\\/#breadcrumb\",\"itemListElement\":[{\"@type\":\"ListItem\",\"position\":1,\"name\":\"Home\",\"item\":\"https:\\\/\\\/loretovietnam.org\\\/\"},{\"@type\":\"ListItem\",\"position\":2,\"name\":\"Our Work\",\"item\":\"https:\\\/\\\/loretovietnam.org\\\/our-work\\\/\"},{\"@type\":\"ListItem\",\"position\":3,\"name\":\"Programs\",\"item\":\"https:\\\/\\\/loretovietnam.org\\\/our-work\\\/programs\\\/\"},{\"@type\":\"ListItem\",\"position\":4,\"name\":\"Improving Educational Outcomes\"}]},{\"@type\":\"WebSite\",\"@id\":\"https:\\\/\\\/loretovietnam.org\\\/#website\",\"url\":\"https:\\\/\\\/loretovietnam.org\\\/\",\"name\":\"Loreto Vietnam\",\"description\":\"\",\"potentialAction\":[{\"@type\":\"SearchAction\",\"target\":{\"@type\":\"EntryPoint\",\"urlTemplate\":\"https:\\\/\\\/loretovietnam.org\\\/?s={search_term_string}\"},\"query-input\":{\"@type\":\"PropertyValueSpecification\",\"valueRequired\":true,\"valueName\":\"search_term_string\"}}],\"inLanguage\":\"vi\"}]}<\/script>\n<!-- \/ Yoast SEO plugin. -->","yoast_head_json":{"title":"Improving Educational Outcomes - Loreto Vietnam","robots":{"index":"index","follow":"follow","max-snippet":"max-snippet:-1","max-image-preview":"max-image-preview:large","max-video-preview":"max-video-preview:-1"},"canonical":"https:\/\/loretovietnam.org\/vi\/our-work\/programs\/improving-educational-outcomes\/","og_locale":"vi_VN","og_type":"article","og_title":"Improving Educational Outcomes - Loreto Vietnam","og_url":"https:\/\/loretovietnam.org\/vi\/our-work\/programs\/improving-educational-outcomes\/","og_site_name":"Loreto Vietnam","article_modified_time":"2020-09-21T21:36:35+00:00","twitter_card":"summary_large_image","twitter_misc":{"\u01af\u1edbc t\u00ednh th\u1eddi gian \u0111\u1ecdc":"2 ph\u00fat"},"schema":{"@context":"https:\/\/schema.org","@graph":[{"@type":"WebPage","@id":"https:\/\/loretovietnam.org\/our-work\/programs\/improving-educational-outcomes\/","url":"https:\/\/loretovietnam.org\/our-work\/programs\/improving-educational-outcomes\/","name":"Improving Educational Outcomes - Loreto Vietnam","isPartOf":{"@id":"https:\/\/loretovietnam.org\/#website"},"datePublished":"2020-08-11T02:08:35+00:00","dateModified":"2020-09-21T21:36:35+00:00","breadcrumb":{"@id":"https:\/\/loretovietnam.org\/our-work\/programs\/improving-educational-outcomes\/#breadcrumb"},"inLanguage":"vi","potentialAction":[{"@type":"ReadAction","target":["https:\/\/loretovietnam.org\/our-work\/programs\/improving-educational-outcomes\/"]}]},{"@type":"BreadcrumbList","@id":"https:\/\/loretovietnam.org\/our-work\/programs\/improving-educational-outcomes\/#breadcrumb","itemListElement":[{"@type":"ListItem","position":1,"name":"Home","item":"https:\/\/loretovietnam.org\/"},{"@type":"ListItem","position":2,"name":"Our Work","item":"https:\/\/loretovietnam.org\/our-work\/"},{"@type":"ListItem","position":3,"name":"Programs","item":"https:\/\/loretovietnam.org\/our-work\/programs\/"},{"@type":"ListItem","position":4,"name":"Improving Educational Outcomes"}]},{"@type":"WebSite","@id":"https:\/\/loretovietnam.org\/#website","url":"https:\/\/loretovietnam.org\/","name":"Loreto Vietnam","description":"","potentialAction":[{"@type":"SearchAction","target":{"@type":"EntryPoint","urlTemplate":"https:\/\/loretovietnam.org\/?s={search_term_string}"},"query-input":{"@type":"PropertyValueSpecification","valueRequired":true,"valueName":"search_term_string"}}],"inLanguage":"vi"}]}},"_links":{"self":[{"href":"https:\/\/loretovietnam.org\/vi\/wp-json\/wp\/v2\/pages\/1938","targetHints":{"allow":["GET"]}}],"collection":[{"href":"https:\/\/loretovietnam.org\/vi\/wp-json\/wp\/v2\/pages"}],"about":[{"href":"https:\/\/loretovietnam.org\/vi\/wp-json\/wp\/v2\/types\/page"}],"author":[{"embeddable":true,"href":"https:\/\/loretovietnam.org\/vi\/wp-json\/wp\/v2\/users\/3"}],"replies":[{"embeddable":true,"href":"https:\/\/loretovietnam.org\/vi\/wp-json\/wp\/v2\/comments?post=1938"}],"version-history":[{"count":16,"href":"https:\/\/loretovietnam.org\/vi\/wp-json\/wp\/v2\/pages\/1938\/revisions"}],"predecessor-version":[{"id":2195,"href":"https:\/\/loretovietnam.org\/vi\/wp-json\/wp\/v2\/pages\/1938\/revisions\/2195"}],"up":[{"embeddable":true,"href":"https:\/\/loretovietnam.org\/vi\/wp-json\/wp\/v2\/pages\/1014"}],"wp:attachment":[{"href":"https:\/\/loretovietnam.org\/vi\/wp-json\/wp\/v2\/media?parent=1938"}],"curies":[{"name":"wp","href":"https:\/\/api.w.org\/{rel}","templated":true}]}}