{"id":1936,"date":"2020-08-11T09:07:46","date_gmt":"2020-08-11T02:07:46","guid":{"rendered":"https:\/\/loretovietnam.org\/?page_id=1936"},"modified":"2020-09-22T04:34:10","modified_gmt":"2020-09-21T21:34:10","slug":"promoting-special-education","status":"publish","type":"page","link":"https:\/\/loretovietnam.org\/vi\/our-work\/programs\/promoting-special-education\/","title":{"rendered":"T\u0103ng c\u01b0\u1eddng Gi\u00e1o d\u1ee5c \u0111\u1eb7c bi\u1ec7t"},"content":{"rendered":"<section class=\"section\" id=\"section_1844641142\">\n\t\t<div class=\"bg section-bg fill bg-fill  bg-loaded\" >\n\n\t\t\t\n\t\t\t\n\t\t\t\n\n\t\t<\/div><!-- .section-bg -->\n\n\t\t<div class=\"section-content relative\">\n\t\t\t\n<div class=\"row\"  id=\"row-563159009\">\n<div class=\"col small-12 large-12\"  ><div class=\"col-inner\"  >\n<h1>T\u0103ng c\u01b0\u1eddng Gi\u00e1o d\u1ee5c \u0111\u1eb7c bi\u1ec7t<\/h1>\n<div>\n<div>\n<p>Loreto Vietnam n\u1ed7 l\u1ef1c k\u00eau g\u1ecdi s\u1ef1 quan t\u00e2m v\u00e0 n\u00e2ng cao nh\u1eadn th\u1ee9c c\u1ee7a c\u1ed9ng \u0111\u1ed3ng v\u1ec1 vi\u1ec7c ch\u0103m s\u00f3c v\u00e0 h\u1ed7 tr\u1ee3 c\u00e1c d\u1ecbch v\u1ee5 c\u1ea7n thi\u1ebft, bao g\u1ed3m ti\u1ebfp c\u1eadn c\u00e1c ch\u01b0\u01a1ng tr\u00ecnh gi\u00e1o d\u1ee5c \u0111\u1eb7c bi\u1ec7t cho h\u1ecdc sinh c\u00f3 nhu c\u1ea7u \u0111\u1eb7c bi\u1ec7t.<\/p>\n<p>Ch\u00fang t\u00f4i \u0111ang l\u00e0m vi\u1ec7c v\u1edbi c\u00e1c chuy\u00ean gia v\u00e0 c\u01a1 quan chuy\u00ean tr\u00e1ch trong l\u0129nh v\u1ef1c gi\u00e1o d\u1ee5c \u0111\u1eb7c bi\u1ec7t, \u0111\u1ec3 truy\u1ec1n \u0111\u1ea1t l\u1ee3i \u00edch c\u1ee7a c\u00e1c ch\u01b0\u01a1ng tr\u00ecnh ph\u00e1t hi\u1ec7n s\u1edbm v\u00e0 can thi\u1ec7p s\u1edbm. Loreto Vietnam n\u1ed7 l\u1ef1c t\u1ea1o ra m\u00f4i tr\u01b0\u1eddng gi\u00e1o d\u1ee5c an to\u00e0n, th\u00e2n thi\u1ec7n v\u00e0 d\u1ec5 ti\u1ebfp c\u1eadn cho h\u1ecdc sinh c\u00f3 nhu c\u1ea7u \u0111\u1eb7c bi\u1ec7t; c\u0169ng nh\u01b0 n\u1ed7 l\u1ef1c t\u0103ng c\u01b0\u1eddng m\u1ed1i li\u00ean k\u1ebft gi\u1eefa c\u00e1c nh\u00e0 t\u00e0i tr\u1ee3 trong vi\u1ec7c h\u1ed7 tr\u1ee3 c\u00e1c \u0111\u1ed1i t\u00e1c c\u1ee7a ch\u00fang t\u00f4i l\u00e0 Tr\u01b0\u1eddng chuy\u00ean bi\u1ec7t v\u00e0 trung t\u00e2m d\u00e0nh cho tr\u1ebb em c\u00f3 nhu c\u1ea7u \u0111\u1eb7c bi\u1ec7t.<\/p>\n<\/div>\n<div>\u00a0<\/div>\n<\/div>\n<div class=\"row\"  id=\"row-571700070\">\n<div class=\"col medium-4 small-12 large-4\"  ><div class=\"col-inner\"  >\n\t<div class=\"img has-hover x md-x lg-x y md-y lg-y\" id=\"image_551577585\">\n\t\t<a href=\"https:\/\/loretovietnam.org\/vi\/our-work\/projects\/inclusive-education-programs\/\"target=\"_blank\" rel=\"noopener noreferrer\"class=\"\">\t\t\t\t\t\t<div class=\"img-inner dark\" >\n\t\t\t<img loading=\"lazy\" decoding=\"async\" width=\"300\" height=\"365\" src=\"https:\/\/loretovietnam.org\/wp-content\/uploads\/2020\/07\/IMG_8416.jpg\" class=\"attachment-large size-large\" alt=\"\" \/>\t\t\t\t\t\t\n\t\t\t\t\t<\/div>\n\t\t\t\t\t\t<\/a>\t\t\n<style scope=\"scope\">\n\n#image_551577585 {\n  width: 100%;\n}\n<\/style>\n\t<\/div>\n\t\n<a rel=\"noopener noreferrer\" href=\"https:\/\/loretovietnam.org\/vi\/our-work\/projects\/inclusive-education-programs\/\" target=\"_blank\" class=\"button primary is-gloss is-large expand\"  >\n    <span>Gi\u00e1o d\u1ee5c \u0111\u1eb7c bi\u1ec7t<\/span>\n  <\/a>\n\n<p style=\"text-align: center;\">C\u00e1c ch\u01b0\u01a1ng tr\u00ecnh gi\u00e1o d\u1ee5c \u0111\u1eb7c bi\u1ec7t c\u1ee7a Loreto Vi\u1ec7t Nam gi\u00fap t\u1ea1o ra v\u00e0 \u0111\u1ea3m b\u1ea3o kh\u1ea3 n\u0103ng ti\u1ebfp c\u1eadn c\u00f4ng b\u1eb1ng v\u1edbi n\u1ec1n gi\u00e1o d\u1ee5c ch\u1ea5t l\u01b0\u1ee3ng cho c\u00e1c h\u1ecdc sinh c\u00f3 nhu c\u1ea7u \u0111\u1eb7c bi\u1ec7t. Loreto Vi\u1ec7t Nam cam k\u1ebft \u0111\u1ea1t \u0111\u01b0\u1ee3c\u2026<\/p>\n<\/div><\/div>\n<\/div>\n<\/div><\/div>\n<\/div>\n\t\t<\/div><!-- .section-content -->\n\n\t\t\n<style scope=\"scope\">\n\n#section_1844641142 {\n  padding-top: 0px;\n  padding-bottom: 0px;\n}\n<\/style>\n\t<\/section>","protected":false},"excerpt":{"rendered":"","protected":false},"author":3,"featured_media":0,"parent":1014,"menu_order":0,"comment_status":"closed","ping_status":"closed","template":"","meta":{"_exactmetrics_skip_tracking":false,"_exactmetrics_sitenote_active":false,"_exactmetrics_sitenote_note":"","_exactmetrics_sitenote_category":0,"footnotes":""},"class_list":["post-1936","page","type-page","status-publish","hentry"],"yoast_head":"<!-- This site is optimized with the Yoast SEO plugin v27.5 - https:\/\/yoast.com\/product\/yoast-seo-wordpress\/ -->\n<title>Promoting Special Education - Loreto Vietnam<\/title>\n<meta name=\"robots\" content=\"index, follow, max-snippet:-1, max-image-preview:large, max-video-preview:-1\" \/>\n<link rel=\"canonical\" href=\"https:\/\/loretovietnam.org\/vi\/our-work\/programs\/promoting-special-education\/\" \/>\n<meta property=\"og:locale\" content=\"vi_VN\" \/>\n<meta property=\"og:type\" content=\"article\" \/>\n<meta property=\"og:title\" content=\"Promoting Special Education - Loreto Vietnam\" \/>\n<meta property=\"og:url\" content=\"https:\/\/loretovietnam.org\/vi\/our-work\/programs\/promoting-special-education\/\" \/>\n<meta property=\"og:site_name\" content=\"Loreto Vietnam\" \/>\n<meta property=\"article:modified_time\" content=\"2020-09-21T21:34:10+00:00\" \/>\n<meta name=\"twitter:card\" content=\"summary_large_image\" \/>\n<meta name=\"twitter:label1\" content=\"\u01af\u1edbc t\u00ednh th\u1eddi gian \u0111\u1ecdc\" \/>\n\t<meta name=\"twitter:data1\" content=\"1 ph\u00fat\" \/>\n<script type=\"application\/ld+json\" class=\"yoast-schema-graph\">{\"@context\":\"https:\\\/\\\/schema.org\",\"@graph\":[{\"@type\":\"WebPage\",\"@id\":\"https:\\\/\\\/loretovietnam.org\\\/our-work\\\/programs\\\/promoting-special-education\\\/\",\"url\":\"https:\\\/\\\/loretovietnam.org\\\/our-work\\\/programs\\\/promoting-special-education\\\/\",\"name\":\"Promoting Special Education - Loreto Vietnam\",\"isPartOf\":{\"@id\":\"https:\\\/\\\/loretovietnam.org\\\/#website\"},\"datePublished\":\"2020-08-11T02:07:46+00:00\",\"dateModified\":\"2020-09-21T21:34:10+00:00\",\"breadcrumb\":{\"@id\":\"https:\\\/\\\/loretovietnam.org\\\/our-work\\\/programs\\\/promoting-special-education\\\/#breadcrumb\"},\"inLanguage\":\"vi\",\"potentialAction\":[{\"@type\":\"ReadAction\",\"target\":[\"https:\\\/\\\/loretovietnam.org\\\/our-work\\\/programs\\\/promoting-special-education\\\/\"]}]},{\"@type\":\"BreadcrumbList\",\"@id\":\"https:\\\/\\\/loretovietnam.org\\\/our-work\\\/programs\\\/promoting-special-education\\\/#breadcrumb\",\"itemListElement\":[{\"@type\":\"ListItem\",\"position\":1,\"name\":\"Home\",\"item\":\"https:\\\/\\\/loretovietnam.org\\\/\"},{\"@type\":\"ListItem\",\"position\":2,\"name\":\"Our Work\",\"item\":\"https:\\\/\\\/loretovietnam.org\\\/our-work\\\/\"},{\"@type\":\"ListItem\",\"position\":3,\"name\":\"Programs\",\"item\":\"https:\\\/\\\/loretovietnam.org\\\/our-work\\\/programs\\\/\"},{\"@type\":\"ListItem\",\"position\":4,\"name\":\"Promoting Special Education\"}]},{\"@type\":\"WebSite\",\"@id\":\"https:\\\/\\\/loretovietnam.org\\\/#website\",\"url\":\"https:\\\/\\\/loretovietnam.org\\\/\",\"name\":\"Loreto Vietnam\",\"description\":\"\",\"potentialAction\":[{\"@type\":\"SearchAction\",\"target\":{\"@type\":\"EntryPoint\",\"urlTemplate\":\"https:\\\/\\\/loretovietnam.org\\\/?s={search_term_string}\"},\"query-input\":{\"@type\":\"PropertyValueSpecification\",\"valueRequired\":true,\"valueName\":\"search_term_string\"}}],\"inLanguage\":\"vi\"}]}<\/script>\n<!-- \/ Yoast SEO plugin. -->","yoast_head_json":{"title":"Promoting Special Education - Loreto Vietnam","robots":{"index":"index","follow":"follow","max-snippet":"max-snippet:-1","max-image-preview":"max-image-preview:large","max-video-preview":"max-video-preview:-1"},"canonical":"https:\/\/loretovietnam.org\/vi\/our-work\/programs\/promoting-special-education\/","og_locale":"vi_VN","og_type":"article","og_title":"Promoting Special Education - Loreto Vietnam","og_url":"https:\/\/loretovietnam.org\/vi\/our-work\/programs\/promoting-special-education\/","og_site_name":"Loreto Vietnam","article_modified_time":"2020-09-21T21:34:10+00:00","twitter_card":"summary_large_image","twitter_misc":{"\u01af\u1edbc t\u00ednh th\u1eddi gian \u0111\u1ecdc":"1 ph\u00fat"},"schema":{"@context":"https:\/\/schema.org","@graph":[{"@type":"WebPage","@id":"https:\/\/loretovietnam.org\/our-work\/programs\/promoting-special-education\/","url":"https:\/\/loretovietnam.org\/our-work\/programs\/promoting-special-education\/","name":"Promoting Special Education - Loreto Vietnam","isPartOf":{"@id":"https:\/\/loretovietnam.org\/#website"},"datePublished":"2020-08-11T02:07:46+00:00","dateModified":"2020-09-21T21:34:10+00:00","breadcrumb":{"@id":"https:\/\/loretovietnam.org\/our-work\/programs\/promoting-special-education\/#breadcrumb"},"inLanguage":"vi","potentialAction":[{"@type":"ReadAction","target":["https:\/\/loretovietnam.org\/our-work\/programs\/promoting-special-education\/"]}]},{"@type":"BreadcrumbList","@id":"https:\/\/loretovietnam.org\/our-work\/programs\/promoting-special-education\/#breadcrumb","itemListElement":[{"@type":"ListItem","position":1,"name":"Home","item":"https:\/\/loretovietnam.org\/"},{"@type":"ListItem","position":2,"name":"Our Work","item":"https:\/\/loretovietnam.org\/our-work\/"},{"@type":"ListItem","position":3,"name":"Programs","item":"https:\/\/loretovietnam.org\/our-work\/programs\/"},{"@type":"ListItem","position":4,"name":"Promoting Special Education"}]},{"@type":"WebSite","@id":"https:\/\/loretovietnam.org\/#website","url":"https:\/\/loretovietnam.org\/","name":"Loreto Vietnam","description":"","potentialAction":[{"@type":"SearchAction","target":{"@type":"EntryPoint","urlTemplate":"https:\/\/loretovietnam.org\/?s={search_term_string}"},"query-input":{"@type":"PropertyValueSpecification","valueRequired":true,"valueName":"search_term_string"}}],"inLanguage":"vi"}]}},"_links":{"self":[{"href":"https:\/\/loretovietnam.org\/vi\/wp-json\/wp\/v2\/pages\/1936","targetHints":{"allow":["GET"]}}],"collection":[{"href":"https:\/\/loretovietnam.org\/vi\/wp-json\/wp\/v2\/pages"}],"about":[{"href":"https:\/\/loretovietnam.org\/vi\/wp-json\/wp\/v2\/types\/page"}],"author":[{"embeddable":true,"href":"https:\/\/loretovietnam.org\/vi\/wp-json\/wp\/v2\/users\/3"}],"replies":[{"embeddable":true,"href":"https:\/\/loretovietnam.org\/vi\/wp-json\/wp\/v2\/comments?post=1936"}],"version-history":[{"count":8,"href":"https:\/\/loretovietnam.org\/vi\/wp-json\/wp\/v2\/pages\/1936\/revisions"}],"predecessor-version":[{"id":2193,"href":"https:\/\/loretovietnam.org\/vi\/wp-json\/wp\/v2\/pages\/1936\/revisions\/2193"}],"up":[{"embeddable":true,"href":"https:\/\/loretovietnam.org\/vi\/wp-json\/wp\/v2\/pages\/1014"}],"wp:attachment":[{"href":"https:\/\/loretovietnam.org\/vi\/wp-json\/wp\/v2\/media?parent=1936"}],"curies":[{"name":"wp","href":"https:\/\/api.w.org\/{rel}","templated":true}]}}