{"id":1934,"date":"2020-08-11T09:04:56","date_gmt":"2020-08-11T02:04:56","guid":{"rendered":"https:\/\/loretovietnam.org\/?page_id=1934"},"modified":"2021-02-11T16:24:47","modified_gmt":"2021-02-11T09:24:47","slug":"assessing-a-better-education","status":"publish","type":"page","link":"https:\/\/loretovietnam.org\/vi\/our-work\/programs\/assessing-a-better-education\/","title":{"rendered":"Ti\u1ebfp c\u1eadn gi\u00e1o d\u1ee5c t\u1ed1t h\u01a1n"},"content":{"rendered":"<section class=\"section\" id=\"section_1962434384\">\n\t\t<div class=\"bg section-bg fill bg-fill  bg-loaded\" >\n\n\t\t\t\n\t\t\t\n\t\t\t\n\n\t\t<\/div><!-- .section-bg -->\n\n\t\t<div class=\"section-content relative\">\n\t\t\t\n<div class=\"row\"  id=\"row-1975690549\">\n<div class=\"col small-12 large-12\"  ><div class=\"col-inner\"  >\n<h1>Ti\u1ebfp c\u1eadn gi\u00e1o d\u1ee5c t\u1ed1t h\u01a1n<\/h1>\n<div>\n<p>Loreto Vietnam t\u1eadp trung v\u00e0o gi\u00e1o d\u1ee5c v\u00e0 n\u00e2ng cao n\u0103ng l\u1ef1c \u1edf Vi\u1ec7t Nam b\u1eb1ng c\u00e1ch tr\u1ef1c ti\u1ebfp gi\u1ea3i quy\u1ebft M\u1ee5c ti\u00eau Ph\u00e1t tri\u1ec3n B\u1ec1n v\u1eefng s\u1ed1 4 c\u1ee7a Li\u00ean hi\u1ec7p qu\u1ed1c:&nbsp;<em>\u201c\u0110\u1ea3m b\u1ea3o m\u1ed9t n\u1ec1n gi\u00e1o d\u1ee5c h\u00f2a nh\u1eadp, b\u00ecnh \u0111\u1eb3ng, ch\u1ea5t l\u01b0\u1ee3ng v\u00e0 c\u01a1 h\u1ed9i h\u1ecdc t\u1eadp su\u1ed1t \u0111\u1eddi cho t\u1ea5t c\u1ea3 m\u1ecdi ng\u01b0\u1eddi\u201d.<\/em><\/p>\n<p>\u0110\u1ec3 \u0111\u1ea1t \u0111\u01b0\u1ee3c m\u1ee5c ti\u00eau n\u00e0y, chi\u1ebfn l\u01b0\u1ee3c \u0111\u1ea7u ti\u00ean v\u00e0 quan tr\u1ecdng nh\u1ea5t l\u00e0 t\u1ea1o c\u01a1 h\u1ed9i cho tr\u1ebb em c\u00f3 nhu c\u1ea7u \u0111\u01b0\u1ee3c ti\u1ebfp c\u1eadn gi\u00e1o d\u1ee5c, b\u1eaft \u0111\u1ea7u t\u1eeb vi\u1ec7c x\u00e2y m\u1edbi, c\u1ea3i t\u1ea1o c\u00e1c tr\u01b0\u1eddng h\u1ecdc, nh\u00e0 tr\u1ebb, s\u00e2n ch\u01a1i, ho\u1eb7c x\u00e2y d\u1ef1ng v\u00e0 trang b\u1ecb c\u00e1c c\u00f4ng tr\u00ecnh nh\u00e0 v\u1ec7 sinh an to\u00e0n, s\u1ea1ch \u0111\u1eb9p cho c\u00e1c tr\u01b0\u1eddng h\u1ecdc. Ti\u1ebfp \u0111\u1ebfn l\u00e0 ti\u1ebfp b\u01b0\u1edbc tr\u1ebb \u0111\u1ebfn tr\u01b0\u1eddng, c\u00f3 th\u1ec3 \u0111\u01a1n gi\u1ea3n nh\u01b0 trao t\u1eb7ng xe \u0111\u1ea1p v\u00e0 m\u0169 b\u1ea3o hi\u1ec3m cho c\u00e1c h\u1ecdc sinh c\u00f3 ho\u00e0n c\u1ea3nh kh\u00f3 kh\u0103n v\u00f9ng s\u00e2u, v\u00f9ng xa \u0111\u1ec3 gi\u00fap c\u00e1c em d\u1ec5 d\u00e0ng \u0111\u1ebfn tr\u01b0\u1eddng m\u1ed7i ng\u00e0y.<\/p>\n<\/div>\n<div>&nbsp;<\/div>\n<div class=\"row\"  id=\"row-1205082806\">\n<div class=\"col medium-4 small-12 large-4\"  ><div class=\"col-inner\"  >\n\t<div class=\"img has-hover x md-x lg-x y md-y lg-y\" id=\"image_1037604953\">\n\t\t<a href=\"https:\/\/loretovietnam.org\/vi\/our-work\/projects\/toilet-block-improvement-and-health-education\/\"target=\"_blank\" rel=\"noopener noreferrer\"class=\"\">\t\t\t\t\t\t<div class=\"img-inner dark\" >\n\t\t\t<img loading=\"lazy\" decoding=\"async\" width=\"300\" height=\"365\" src=\"https:\/\/loretovietnam.org\/wp-content\/uploads\/2020\/07\/washing-hands.jpg\" class=\"attachment-large size-large\" alt=\"\" \/>\t\t\t\t\t\t\n\t\t\t\t\t<\/div>\n\t\t\t\t\t\t<\/a>\t\t\n<style scope=\"scope\">\n\n#image_1037604953 {\n  width: 100%;\n}\n<\/style>\n\t<\/div>\n\t\n<a rel=\"noopener noreferrer\" href=\"https:\/\/loretovietnam.org\/vi\/our-work\/projects\/toilet-block-improvement-and-health-education\/\" target=\"_blank\" class=\"button primary is-gloss is-large expand\"  >\n    <span>V\u1ec7 sinh tr\u01b0\u1eddng h\u1ecdc v\u00e0 Gi\u00e1o d\u1ee5c s\u1ee9c kh\u1ecfe<\/span>\n  <\/a>\n\n<p style=\"text-align: center;\">Ti\u1ebfp c\u1eadn v\u1edbi n\u01b0\u1edbc s\u1ea1ch v\u00e0 v\u1ec7 sinh c\u01a1 b\u1ea3n l\u00e0 quy\u1ec1n c\u1ee7a m\u1ecdi tr\u1ebb em. \u1ede c\u00e1c v\u00f9ng s\u00e2u v\u00f9ng xa c\u1ee7a Vi\u1ec7t Nam, nhi\u1ec1u tr\u1ebb em b\u1ecb h\u1ea1n ch\u1ebf ti\u1ebfp c\u1eadn v\u1edbi ngu\u1ed3n n\u01b0\u1edbc s\u1ea1ch, khi\u1ebfn c\u00e1c em d\u1ec5 m\u1eafc c\u00e1c b\u1ec7nh do\u2026<\/p>\n<\/div><\/div>\n<div class=\"col medium-4 small-12 large-4\"  ><div class=\"col-inner\"  >\n\t<div class=\"img has-hover x md-x lg-x y md-y lg-y\" id=\"image_2075566399\">\n\t\t<a href=\"https:\/\/loretovietnam.org\/vi\/our-work\/programs\/assessing-a-better-education\/wheels-for-education\/\"target=\"_blank\" rel=\"noopener noreferrer\"class=\"\">\t\t\t\t\t\t<div class=\"img-inner dark\" >\n\t\t\t<img loading=\"lazy\" decoding=\"async\" width=\"300\" height=\"365\" src=\"https:\/\/loretovietnam.org\/wp-content\/uploads\/2020\/07\/IMG_5474.jpg\" class=\"attachment-large size-large\" alt=\"\" \/>\t\t\t\t\t\t\n\t\t\t\t\t<\/div>\n\t\t\t\t\t\t<\/a>\t\t\n<style scope=\"scope\">\n\n#image_2075566399 {\n  width: 100%;\n}\n<\/style>\n\t<\/div>\n\t\n<a rel=\"noopener noreferrer\" href=\"https:\/\/loretovietnam.org\/vi\/our-work\/programs\/assessing-a-better-education\/wheels-for-education\/\" target=\"_blank\" class=\"button primary is-gloss is-large expand\"  >\n    <span>Xe \u0111\u1ea1p \u0111\u1ebfn tr\u01b0\u1eddng<\/span>\n  <\/a>\n\n<p style=\"text-align: center;\">\u0110i h\u1ecdc v\u00e0 ti\u1ebfp c\u1eadn n\u1ec1n gi\u00e1o d\u1ee5c c\u00f3 ch\u1ea5t l\u01b0\u1ee3ng l\u00e0 quy\u1ec1n c\u1ee7a m\u1ecdi tr\u1ebb em. V\u00ec nhi\u1ec1u l\u00fd do, con \u0111\u01b0\u1eddng \u0111\u1ebfn tr\u01b0\u1eddng ng\u00e0y c\u00e0ng kh\u00f3 kh\u0103n v\u00e0 th\u1eed th\u00e1ch \u0111\u1ed1i v\u1edbi m\u1ed9t s\u1ed1 tr\u1ebb em, \u0111\u1eb7c bi\u1ec7t l\u00e0 c\u00e1c em \u1edf v\u00f9ng s\u00e2u\u2026<br \/>\n<span style=\"font-size: 75%;\">&nbsp;<\/span><\/p>\n<\/div><\/div>\n<div class=\"col medium-4 small-12 large-4\"  ><div class=\"col-inner\"  >\n\t<div class=\"img has-hover x md-x lg-x y md-y lg-y\" id=\"image_373230415\">\n\t\t<a href=\"https:\/\/loretovietnam.org\/vi\/our-work\/programs\/assessing-a-better-education\/school-pack-project\/\"target=\"_blank\" rel=\"noopener noreferrer\"class=\"\">\t\t\t\t\t\t<div class=\"img-inner dark\" >\n\t\t\t<img loading=\"lazy\" decoding=\"async\" width=\"300\" height=\"365\" src=\"https:\/\/loretovietnam.org\/wp-content\/uploads\/2020\/07\/School-pack-2.jpg\" class=\"attachment-large size-large\" alt=\"\" \/>\t\t\t\t\t\t\n\t\t\t\t\t<\/div>\n\t\t\t\t\t\t<\/a>\t\t\n<style scope=\"scope\">\n\n#image_373230415 {\n  width: 100%;\n}\n<\/style>\n\t<\/div>\n\t\n<a rel=\"noopener noreferrer\" href=\"https:\/\/loretovietnam.org\/vi\/our-work\/programs\/assessing-a-better-education\/school-pack-project\/\" target=\"_blank\" class=\"button primary is-gloss is-large expand\"  >\n    <span>c\u1eb7p s\u00e1ch \u0111\u1ebfn tr\u01b0\u1eddng<\/span>\n  <\/a>\n\n<p style=\"text-align: center;\">Nhi\u1ec1u gia \u0111\u00ecnh \u1edf c\u00e1c v\u00f9ng n\u00f4ng th\u00f4n Vi\u1ec7t Nam ph\u1ea3i v\u1eadt l\u1ed9n \u0111\u1ec3 ki\u1ebfm s\u1ed1ng do ho\u00e0n c\u1ea3nh gia \u0111\u00ecnh h\u00e0ng ng\u00e0y.<br \/>\nVi\u1ec7c l\u00e0m th\u1eddi v\u1ee5, th\u1ea5t nghi\u1ec7p, vi\u1ec7c l\u00e0m l\u01b0\u01a1ng th\u1ea5p, nh\u00e0 \u1edf ngh\u00e8o n\u00e0n, c\u00f3\u2026<\/p>\n<\/div><\/div>\n<\/div>\n<\/div><\/div>\n<\/div>\n<div class=\"row\"  id=\"row-1080700949\">\n<div class=\"col medium-4 small-12 large-4\"  ><div class=\"col-inner\"  >\n\t<div class=\"img has-hover x md-x lg-x y md-y lg-y\" id=\"image_1919173216\">\n\t\t<a href=\"https:\/\/loretovietnam.org\/vi\/our-work\/programs\/assessing-a-better-education\/school-renovation\/\"target=\"_blank\" rel=\"noopener noreferrer\"class=\"\">\t\t\t\t\t\t<div class=\"img-inner dark\" >\n\t\t\t<img loading=\"lazy\" decoding=\"async\" width=\"300\" height=\"365\" src=\"https:\/\/loretovietnam.org\/wp-content\/uploads\/2020\/09\/Kids-in-classroom-3.jpg\" class=\"attachment-large size-large\" alt=\"\" \/>\t\t\t\t\t\t\n\t\t\t\t\t<\/div>\n\t\t\t\t\t\t<\/a>\t\t\n<style scope=\"scope\">\n\n#image_1919173216 {\n  width: 100%;\n}\n<\/style>\n\t<\/div>\n\t\n<a rel=\"noopener noreferrer\" href=\"https:\/\/loretovietnam.org\/vi\/our-work\/programs\/assessing-a-better-education\/school-renovation\/\" target=\"_blank\" class=\"button primary is-gloss is-large expand\"  >\n    <span>C\u1ea2I T\u1ea0O X\u00c2Y M\u1edaI TR\u01af\u1edcNG H\u1eccC<\/span>\n  <\/a>\n\n<p style=\"text-align: center;\">C\u00e1c ch\u01b0\u01a1ng tr\u00ecnh c\u1ee7a Loreto Vi\u1ec7t Nam nh\u1eb1m mang l\u1ea1i c\u01a1 h\u1ed9i ti\u1ebfp c\u1eadn c\u00f4ng b\u1eb1ng v\u1edbi n\u1ec1n gi\u00e1o d\u1ee5c ch\u1ea5t l\u01b0\u1ee3ng cho tr\u1ebb em v\u00e0 c\u1ed9ng \u0111\u1ed3ng c\u00f3 ho\u00e0n c\u1ea3nh kh\u00f3 kh\u0103n t\u1ea1i Vi\u1ec7t Nam. Ch\u00fang t\u00f4i l\u00e0m vi\u1ec7c th\u00f4ng qua tham v\u1ea5n v\u00e0 th\u00e0nh l\u1eadp\u2026.<\/p>\n<\/div><\/div>\n<div class=\"col medium-4 small-12 large-4\"  ><div class=\"col-inner\"  >\n<\/div><\/div>\n<div class=\"col medium-4 small-12 large-4\"  ><div class=\"col-inner\"  >\n<\/div><\/div>\n<\/div>\n\t\t<\/div><!-- .section-content -->\n\n\t\t\n<style scope=\"scope\">\n\n#section_1962434384 {\n  padding-top: 0px;\n  padding-bottom: 0px;\n}\n<\/style>\n\t<\/section>","protected":false},"excerpt":{"rendered":"","protected":false},"author":3,"featured_media":0,"parent":1014,"menu_order":0,"comment_status":"closed","ping_status":"closed","template":"","meta":{"_exactmetrics_skip_tracking":false,"_exactmetrics_sitenote_active":false,"_exactmetrics_sitenote_note":"","_exactmetrics_sitenote_category":0,"footnotes":""},"class_list":["post-1934","page","type-page","status-publish","hentry"],"yoast_head":"<!-- This site is optimized with the Yoast SEO plugin v27.5 - https:\/\/yoast.com\/product\/yoast-seo-wordpress\/ -->\n<title>Accessing a Better Education - Loreto Vietnam<\/title>\n<meta name=\"robots\" content=\"index, follow, max-snippet:-1, max-image-preview:large, max-video-preview:-1\" \/>\n<link rel=\"canonical\" href=\"https:\/\/loretovietnam.org\/vi\/our-work\/programs\/assessing-a-better-education\/\" \/>\n<meta property=\"og:locale\" content=\"vi_VN\" \/>\n<meta property=\"og:type\" content=\"article\" \/>\n<meta property=\"og:title\" content=\"Accessing a Better Education - Loreto Vietnam\" \/>\n<meta property=\"og:url\" content=\"https:\/\/loretovietnam.org\/vi\/our-work\/programs\/assessing-a-better-education\/\" \/>\n<meta property=\"og:site_name\" content=\"Loreto Vietnam\" \/>\n<meta property=\"article:modified_time\" content=\"2021-02-11T09:24:47+00:00\" \/>\n<meta name=\"twitter:card\" content=\"summary_large_image\" \/>\n<meta name=\"twitter:label1\" content=\"\u01af\u1edbc t\u00ednh th\u1eddi gian \u0111\u1ecdc\" \/>\n\t<meta name=\"twitter:data1\" content=\"2 ph\u00fat\" \/>\n<script type=\"application\/ld+json\" class=\"yoast-schema-graph\">{\"@context\":\"https:\\\/\\\/schema.org\",\"@graph\":[{\"@type\":\"WebPage\",\"@id\":\"https:\\\/\\\/loretovietnam.org\\\/our-work\\\/programs\\\/assessing-a-better-education\\\/\",\"url\":\"https:\\\/\\\/loretovietnam.org\\\/our-work\\\/programs\\\/assessing-a-better-education\\\/\",\"name\":\"Accessing a Better Education - Loreto Vietnam\",\"isPartOf\":{\"@id\":\"https:\\\/\\\/loretovietnam.org\\\/#website\"},\"datePublished\":\"2020-08-11T02:04:56+00:00\",\"dateModified\":\"2021-02-11T09:24:47+00:00\",\"breadcrumb\":{\"@id\":\"https:\\\/\\\/loretovietnam.org\\\/our-work\\\/programs\\\/assessing-a-better-education\\\/#breadcrumb\"},\"inLanguage\":\"vi\",\"potentialAction\":[{\"@type\":\"ReadAction\",\"target\":[\"https:\\\/\\\/loretovietnam.org\\\/our-work\\\/programs\\\/assessing-a-better-education\\\/\"]}]},{\"@type\":\"BreadcrumbList\",\"@id\":\"https:\\\/\\\/loretovietnam.org\\\/our-work\\\/programs\\\/assessing-a-better-education\\\/#breadcrumb\",\"itemListElement\":[{\"@type\":\"ListItem\",\"position\":1,\"name\":\"Home\",\"item\":\"https:\\\/\\\/loretovietnam.org\\\/\"},{\"@type\":\"ListItem\",\"position\":2,\"name\":\"Our Work\",\"item\":\"https:\\\/\\\/loretovietnam.org\\\/our-work\\\/\"},{\"@type\":\"ListItem\",\"position\":3,\"name\":\"Programs\",\"item\":\"https:\\\/\\\/loretovietnam.org\\\/our-work\\\/programs\\\/\"},{\"@type\":\"ListItem\",\"position\":4,\"name\":\"Accessing a Better Education\"}]},{\"@type\":\"WebSite\",\"@id\":\"https:\\\/\\\/loretovietnam.org\\\/#website\",\"url\":\"https:\\\/\\\/loretovietnam.org\\\/\",\"name\":\"Loreto Vietnam\",\"description\":\"\",\"potentialAction\":[{\"@type\":\"SearchAction\",\"target\":{\"@type\":\"EntryPoint\",\"urlTemplate\":\"https:\\\/\\\/loretovietnam.org\\\/?s={search_term_string}\"},\"query-input\":{\"@type\":\"PropertyValueSpecification\",\"valueRequired\":true,\"valueName\":\"search_term_string\"}}],\"inLanguage\":\"vi\"}]}<\/script>\n<!-- \/ Yoast SEO plugin. -->","yoast_head_json":{"title":"Accessing a Better Education - Loreto Vietnam","robots":{"index":"index","follow":"follow","max-snippet":"max-snippet:-1","max-image-preview":"max-image-preview:large","max-video-preview":"max-video-preview:-1"},"canonical":"https:\/\/loretovietnam.org\/vi\/our-work\/programs\/assessing-a-better-education\/","og_locale":"vi_VN","og_type":"article","og_title":"Accessing a Better Education - Loreto Vietnam","og_url":"https:\/\/loretovietnam.org\/vi\/our-work\/programs\/assessing-a-better-education\/","og_site_name":"Loreto Vietnam","article_modified_time":"2021-02-11T09:24:47+00:00","twitter_card":"summary_large_image","twitter_misc":{"\u01af\u1edbc t\u00ednh th\u1eddi gian \u0111\u1ecdc":"2 ph\u00fat"},"schema":{"@context":"https:\/\/schema.org","@graph":[{"@type":"WebPage","@id":"https:\/\/loretovietnam.org\/our-work\/programs\/assessing-a-better-education\/","url":"https:\/\/loretovietnam.org\/our-work\/programs\/assessing-a-better-education\/","name":"Accessing a Better Education - Loreto Vietnam","isPartOf":{"@id":"https:\/\/loretovietnam.org\/#website"},"datePublished":"2020-08-11T02:04:56+00:00","dateModified":"2021-02-11T09:24:47+00:00","breadcrumb":{"@id":"https:\/\/loretovietnam.org\/our-work\/programs\/assessing-a-better-education\/#breadcrumb"},"inLanguage":"vi","potentialAction":[{"@type":"ReadAction","target":["https:\/\/loretovietnam.org\/our-work\/programs\/assessing-a-better-education\/"]}]},{"@type":"BreadcrumbList","@id":"https:\/\/loretovietnam.org\/our-work\/programs\/assessing-a-better-education\/#breadcrumb","itemListElement":[{"@type":"ListItem","position":1,"name":"Home","item":"https:\/\/loretovietnam.org\/"},{"@type":"ListItem","position":2,"name":"Our Work","item":"https:\/\/loretovietnam.org\/our-work\/"},{"@type":"ListItem","position":3,"name":"Programs","item":"https:\/\/loretovietnam.org\/our-work\/programs\/"},{"@type":"ListItem","position":4,"name":"Accessing a Better Education"}]},{"@type":"WebSite","@id":"https:\/\/loretovietnam.org\/#website","url":"https:\/\/loretovietnam.org\/","name":"Loreto Vietnam","description":"","potentialAction":[{"@type":"SearchAction","target":{"@type":"EntryPoint","urlTemplate":"https:\/\/loretovietnam.org\/?s={search_term_string}"},"query-input":{"@type":"PropertyValueSpecification","valueRequired":true,"valueName":"search_term_string"}}],"inLanguage":"vi"}]}},"_links":{"self":[{"href":"https:\/\/loretovietnam.org\/vi\/wp-json\/wp\/v2\/pages\/1934","targetHints":{"allow":["GET"]}}],"collection":[{"href":"https:\/\/loretovietnam.org\/vi\/wp-json\/wp\/v2\/pages"}],"about":[{"href":"https:\/\/loretovietnam.org\/vi\/wp-json\/wp\/v2\/types\/page"}],"author":[{"embeddable":true,"href":"https:\/\/loretovietnam.org\/vi\/wp-json\/wp\/v2\/users\/3"}],"replies":[{"embeddable":true,"href":"https:\/\/loretovietnam.org\/vi\/wp-json\/wp\/v2\/comments?post=1934"}],"version-history":[{"count":18,"href":"https:\/\/loretovietnam.org\/vi\/wp-json\/wp\/v2\/pages\/1934\/revisions"}],"predecessor-version":[{"id":2223,"href":"https:\/\/loretovietnam.org\/vi\/wp-json\/wp\/v2\/pages\/1934\/revisions\/2223"}],"up":[{"embeddable":true,"href":"https:\/\/loretovietnam.org\/vi\/wp-json\/wp\/v2\/pages\/1014"}],"wp:attachment":[{"href":"https:\/\/loretovietnam.org\/vi\/wp-json\/wp\/v2\/media?parent=1934"}],"curies":[{"name":"wp","href":"https:\/\/api.w.org\/{rel}","templated":true}]}}