{"id":1930,"date":"2020-08-11T07:44:58","date_gmt":"2020-08-11T00:44:58","guid":{"rendered":"https:\/\/loretovietnam.org\/?page_id=1930"},"modified":"2020-08-25T07:51:00","modified_gmt":"2020-08-25T00:51:00","slug":"sustainability","status":"publish","type":"page","link":"https:\/\/loretovietnam.org\/vi\/sustainability\/","title":{"rendered":"Ph\u00e1t tri\u1ec3n b\u1ec1n v\u1eefng"},"content":{"rendered":"<p><\/p>\n<h1 class=\"wp-block-heading\">Ph\u00e1t tri\u1ec3n b\u1ec1n v\u1eefng<\/h1>\n<p>T\u00ednh b\u1ec1n v\u1eefng trong t\u1ea5t c\u1ea3 c\u00e1c ch\u01b0\u01a1ng tr\u00ecnh l\u00e0 \u01b0u ti\u00ean h\u00e0ng \u0111\u1ea7u c\u1ee7a Loreto Vietnam. M\u1ed9t trong nh\u1eefng nguy\u00ean t\u1eafc ho\u1ea1t \u0111\u1ed9ng c\u1ee7a ch\u00fang t\u00f4i l\u00e0 ph\u00e1t tri\u1ec3n v\u00e0 nu\u00f4i d\u01b0\u1ee1ng c\u00e1c m\u1ed1i quan h\u1ec7 h\u1ee3p t\u00e1c. \u0110\u00e2y c\u0169ng l\u00e0 ch\u00eca kh\u00f3a \u0111\u1ebfn c\u00e1c d\u1ef1 \u00e1n th\u00e0nh c\u00f4ng l\u00e2u d\u00e0i c\u1ee7a Loreto Vietnam.<\/p>\n<p>Khi l\u1eadp k\u1ebf ho\u1ea1ch v\u00e0 thi\u1ebft k\u1ebf c\u00e1c ch\u01b0\u01a1ng tr\u00ecnh, ch\u00fang t\u00f4i t\u1eadp trung v\u00e0o \u0111\u1ea3m b\u1ea3o t\u00ednh b\u1ec1n v\u1eefng l\u00e2u d\u00e0i th\u00f4ng qua chi\u1ebfn l\u01b0\u1ee3c trao quy\u1ec1n cho c\u00e1c \u0111\u1ed1i t\u00e1c v\u00e0 c\u1ed9ng \u0111\u1ed3ng \u0111\u1ecba ph\u01b0\u01a1ng. Loreto Vietnam duy tr\u00ec k\u1ebft giao v\u00e0 g\u1eafn b\u00f3 ch\u1eb7t ch\u1ebd trong su\u1ed1t qu\u00e1 tr\u00ecnh th\u1ef1c hi\u1ec7n ch\u01b0\u01a1ng tr\u00ecnh v\u00e0 ti\u1ebfp t\u1ee5c gi\u00e1m s\u00e1t sau khi d\u1ef1 \u00e1n ho\u00e0n th\u00e0nh. Nh\u1edd cam k\u1ebft b\u1ec1n v\u1eefng n\u00e0y, ch\u00fang t\u00f4i \u0111\u1ea3m b\u1ea3o x\u00e2y d\u1ef1ng n\u0103ng l\u1ef1c cho c\u00e1c c\u1ed9ng \u0111\u1ed3ng \u0111\u1ecba ph\u01b0\u01a1ng v\u00e0 ph\u00e1t tri\u1ec3n kh\u1ea3 n\u0103ng l\u00e3nh \u0111\u1ea1o, \u0111\u1ed3ng th\u1eddi n\u00e2ng cao c\u01a1 h\u1ed9i tri\u1ec3n khai l\u00e2u d\u00e0i c\u00e1c ch\u01b0\u01a1ng tr\u00ecnh 'gi\u00e1o d\u1ee5c ki\u1ebfn t\u1ea1o thay \u0111\u1ed5i' cho nh\u00f3m tr\u1ebb em d\u1ec5 b\u1ecb t\u1ed5n th\u01b0\u01a1ng nh\u1ea5t m\u00e0 Loreto Vietnam \u0111ang h\u1ed7 tr\u1ee3.<\/p>\n<p><\/p>\n<p><\/p>\n<p><\/p>\n<p><\/p>\n\t<div class=\"img has-hover x md-x lg-x y md-y lg-y\" id=\"image_1374874298\">\n\t\t\t\t\t\t\t\t<div class=\"img-inner dark\" >\n\t\t\t<img loading=\"lazy\" decoding=\"async\" width=\"900\" height=\"600\" src=\"https:\/\/loretovietnam.org\/wp-content\/uploads\/2020\/08\/LV-S2-Feature-1.png\" class=\"attachment-large size-large\" alt=\"\" srcset=\"https:\/\/loretovietnam.org\/wp-content\/uploads\/2020\/08\/LV-S2-Feature-1.png 900w, https:\/\/loretovietnam.org\/wp-content\/uploads\/2020\/08\/LV-S2-Feature-1-510x340.png 510w, https:\/\/loretovietnam.org\/wp-content\/uploads\/2020\/08\/LV-S2-Feature-1-768x512.png 768w\" sizes=\"auto, (max-width: 900px) 100vw, 900px\" \/>\t\t\t\t\t\t\n\t\t\t\t\t<\/div>\n\t\t\t\t\t\t\t\t\n<style scope=\"scope\">\n\n#image_1374874298 {\n  width: 100%;\n}\n<\/style>\n\t<\/div>","protected":false},"excerpt":{"rendered":"<p>T\u00ednh b\u1ec1n v\u1eefng T\u00ednh b\u1ec1n v\u1eefng trong t\u1ea5t c\u1ea3 c\u00e1c ch\u01b0\u01a1ng tr\u00ecnh l\u00e0 \u01b0u ti\u00ean h\u00e0ng \u0111\u1ea7u c\u1ee7a Loreto Vi\u1ec7t Nam. Ph\u00e1t tri\u1ec3n v\u00e0 nu\u00f4i d\u01b0\u1ee1ng c\u00e1c m\u1ed1i quan h\u1ec7 h\u1ee3p t\u00e1c l\u00e0 m\u1ed9t trong nh\u1eefng nguy\u00ean t\u1eafc ch\u1ec9 \u0111\u1ea1o c\u1ee7a ch\u00fang t\u00f4i v\u00e0 l\u00e0 ch\u00eca kh\u00f3a cho s\u1ef1 th\u00e0nh c\u00f4ng l\u00e2u d\u00e0i trong c\u00f4ng vi\u1ec7c c\u1ee7a Loreto Vi\u1ec7t Nam. Chi\u1ebfn l\u01b0\u1ee3c trao quy\u1ec1n cho c\u00e1c \u0111\u1ed1i t\u00e1c ch\u01b0\u01a1ng tr\u00ecnh v\u00e0 c\u1ed9ng \u0111\u1ed3ng \u0111\u1ecba ph\u01b0\u01a1ng \u0111\u1ec3 \u0111\u1ea3m b\u1ea3o t\u00ednh b\u1ec1n v\u1eefng l\u00e2u d\u00e0i l\u00e0 m\u1ed9t y\u1ebfu t\u1ed1 quan tr\u1ecdng c\u1ea7n c\u00e2n nh\u1eafc trong vi\u1ec7c l\u1eadp k\u1ebf ho\u1ea1ch v\u00e0\u2026<\/p>","protected":false},"author":1,"featured_media":2013,"parent":0,"menu_order":0,"comment_status":"closed","ping_status":"closed","template":"","meta":{"_exactmetrics_skip_tracking":false,"_exactmetrics_sitenote_active":false,"_exactmetrics_sitenote_note":"","_exactmetrics_sitenote_category":0,"footnotes":""},"class_list":["post-1930","page","type-page","status-publish","has-post-thumbnail","hentry"],"yoast_head":"<!-- This site is optimized with the Yoast SEO plugin v27.5 - https:\/\/yoast.com\/product\/yoast-seo-wordpress\/ -->\n<title>Sustainability - Loreto Vietnam<\/title>\n<meta name=\"robots\" content=\"index, follow, max-snippet:-1, max-image-preview:large, max-video-preview:-1\" \/>\n<link rel=\"canonical\" href=\"https:\/\/loretovietnam.org\/vi\/sustainability\/\" \/>\n<meta property=\"og:locale\" content=\"vi_VN\" \/>\n<meta property=\"og:type\" content=\"article\" \/>\n<meta property=\"og:title\" content=\"Sustainability - Loreto Vietnam\" \/>\n<meta property=\"og:description\" content=\"Sustainability Sustainability across all programs is a key priority for Loreto Vietnam. Developing and nurturing collaborative relationships is one of our guiding principles and key to the long term success of Loreto Vietnam\u2019s work. Strategies to empower program partners and local communities to ensure long term sustainability is a key consideration in the planning and...\" \/>\n<meta property=\"og:url\" content=\"https:\/\/loretovietnam.org\/vi\/sustainability\/\" \/>\n<meta property=\"og:site_name\" content=\"Loreto Vietnam\" \/>\n<meta property=\"article:modified_time\" content=\"2020-08-25T00:51:00+00:00\" \/>\n<meta property=\"og:image\" content=\"https:\/\/loretovietnam.org\/wp-content\/uploads\/2020\/08\/LV-S2-Feature-1.png\" \/>\n\t<meta property=\"og:image:width\" content=\"900\" \/>\n\t<meta property=\"og:image:height\" content=\"600\" \/>\n\t<meta property=\"og:image:type\" content=\"image\/png\" \/>\n<meta name=\"twitter:card\" content=\"summary_large_image\" \/>\n<meta name=\"twitter:label1\" content=\"\u01af\u1edbc t\u00ednh th\u1eddi gian \u0111\u1ecdc\" \/>\n\t<meta name=\"twitter:data1\" content=\"1 ph\u00fat\" \/>\n<script type=\"application\/ld+json\" class=\"yoast-schema-graph\">{\"@context\":\"https:\\\/\\\/schema.org\",\"@graph\":[{\"@type\":\"WebPage\",\"@id\":\"https:\\\/\\\/loretovietnam.org\\\/sustainability\\\/\",\"url\":\"https:\\\/\\\/loretovietnam.org\\\/sustainability\\\/\",\"name\":\"Sustainability - Loreto Vietnam\",\"isPartOf\":{\"@id\":\"https:\\\/\\\/loretovietnam.org\\\/#website\"},\"primaryImageOfPage\":{\"@id\":\"https:\\\/\\\/loretovietnam.org\\\/sustainability\\\/#primaryimage\"},\"image\":{\"@id\":\"https:\\\/\\\/loretovietnam.org\\\/sustainability\\\/#primaryimage\"},\"thumbnailUrl\":\"https:\\\/\\\/loretovietnam.org\\\/wp-content\\\/uploads\\\/2020\\\/08\\\/LV-S2-Feature-1.png\",\"datePublished\":\"2020-08-11T00:44:58+00:00\",\"dateModified\":\"2020-08-25T00:51:00+00:00\",\"breadcrumb\":{\"@id\":\"https:\\\/\\\/loretovietnam.org\\\/sustainability\\\/#breadcrumb\"},\"inLanguage\":\"vi\",\"potentialAction\":[{\"@type\":\"ReadAction\",\"target\":[\"https:\\\/\\\/loretovietnam.org\\\/sustainability\\\/\"]}]},{\"@type\":\"ImageObject\",\"inLanguage\":\"vi\",\"@id\":\"https:\\\/\\\/loretovietnam.org\\\/sustainability\\\/#primaryimage\",\"url\":\"https:\\\/\\\/loretovietnam.org\\\/wp-content\\\/uploads\\\/2020\\\/08\\\/LV-S2-Feature-1.png\",\"contentUrl\":\"https:\\\/\\\/loretovietnam.org\\\/wp-content\\\/uploads\\\/2020\\\/08\\\/LV-S2-Feature-1.png\",\"width\":900,\"height\":600},{\"@type\":\"BreadcrumbList\",\"@id\":\"https:\\\/\\\/loretovietnam.org\\\/sustainability\\\/#breadcrumb\",\"itemListElement\":[{\"@type\":\"ListItem\",\"position\":1,\"name\":\"Home\",\"item\":\"https:\\\/\\\/loretovietnam.org\\\/\"},{\"@type\":\"ListItem\",\"position\":2,\"name\":\"Sustainability\"}]},{\"@type\":\"WebSite\",\"@id\":\"https:\\\/\\\/loretovietnam.org\\\/#website\",\"url\":\"https:\\\/\\\/loretovietnam.org\\\/\",\"name\":\"Loreto Vietnam\",\"description\":\"\",\"potentialAction\":[{\"@type\":\"SearchAction\",\"target\":{\"@type\":\"EntryPoint\",\"urlTemplate\":\"https:\\\/\\\/loretovietnam.org\\\/?s={search_term_string}\"},\"query-input\":{\"@type\":\"PropertyValueSpecification\",\"valueRequired\":true,\"valueName\":\"search_term_string\"}}],\"inLanguage\":\"vi\"}]}<\/script>\n<!-- \/ Yoast SEO plugin. -->","yoast_head_json":{"title":"Sustainability - Loreto Vietnam","robots":{"index":"index","follow":"follow","max-snippet":"max-snippet:-1","max-image-preview":"max-image-preview:large","max-video-preview":"max-video-preview:-1"},"canonical":"https:\/\/loretovietnam.org\/vi\/sustainability\/","og_locale":"vi_VN","og_type":"article","og_title":"Sustainability - Loreto Vietnam","og_description":"Sustainability Sustainability across all programs is a key priority for Loreto Vietnam. Developing and nurturing collaborative relationships is one of our guiding principles and key to the long term success of Loreto Vietnam\u2019s work. Strategies to empower program partners and local communities to ensure long term sustainability is a key consideration in the planning and...","og_url":"https:\/\/loretovietnam.org\/vi\/sustainability\/","og_site_name":"Loreto Vietnam","article_modified_time":"2020-08-25T00:51:00+00:00","og_image":[{"width":900,"height":600,"url":"https:\/\/loretovietnam.org\/wp-content\/uploads\/2020\/08\/LV-S2-Feature-1.png","type":"image\/png"}],"twitter_card":"summary_large_image","twitter_misc":{"\u01af\u1edbc t\u00ednh th\u1eddi gian \u0111\u1ecdc":"1 ph\u00fat"},"schema":{"@context":"https:\/\/schema.org","@graph":[{"@type":"WebPage","@id":"https:\/\/loretovietnam.org\/sustainability\/","url":"https:\/\/loretovietnam.org\/sustainability\/","name":"Sustainability - Loreto Vietnam","isPartOf":{"@id":"https:\/\/loretovietnam.org\/#website"},"primaryImageOfPage":{"@id":"https:\/\/loretovietnam.org\/sustainability\/#primaryimage"},"image":{"@id":"https:\/\/loretovietnam.org\/sustainability\/#primaryimage"},"thumbnailUrl":"https:\/\/loretovietnam.org\/wp-content\/uploads\/2020\/08\/LV-S2-Feature-1.png","datePublished":"2020-08-11T00:44:58+00:00","dateModified":"2020-08-25T00:51:00+00:00","breadcrumb":{"@id":"https:\/\/loretovietnam.org\/sustainability\/#breadcrumb"},"inLanguage":"vi","potentialAction":[{"@type":"ReadAction","target":["https:\/\/loretovietnam.org\/sustainability\/"]}]},{"@type":"ImageObject","inLanguage":"vi","@id":"https:\/\/loretovietnam.org\/sustainability\/#primaryimage","url":"https:\/\/loretovietnam.org\/wp-content\/uploads\/2020\/08\/LV-S2-Feature-1.png","contentUrl":"https:\/\/loretovietnam.org\/wp-content\/uploads\/2020\/08\/LV-S2-Feature-1.png","width":900,"height":600},{"@type":"BreadcrumbList","@id":"https:\/\/loretovietnam.org\/sustainability\/#breadcrumb","itemListElement":[{"@type":"ListItem","position":1,"name":"Home","item":"https:\/\/loretovietnam.org\/"},{"@type":"ListItem","position":2,"name":"Sustainability"}]},{"@type":"WebSite","@id":"https:\/\/loretovietnam.org\/#website","url":"https:\/\/loretovietnam.org\/","name":"Loreto Vietnam","description":"","potentialAction":[{"@type":"SearchAction","target":{"@type":"EntryPoint","urlTemplate":"https:\/\/loretovietnam.org\/?s={search_term_string}"},"query-input":{"@type":"PropertyValueSpecification","valueRequired":true,"valueName":"search_term_string"}}],"inLanguage":"vi"}]}},"_links":{"self":[{"href":"https:\/\/loretovietnam.org\/vi\/wp-json\/wp\/v2\/pages\/1930","targetHints":{"allow":["GET"]}}],"collection":[{"href":"https:\/\/loretovietnam.org\/vi\/wp-json\/wp\/v2\/pages"}],"about":[{"href":"https:\/\/loretovietnam.org\/vi\/wp-json\/wp\/v2\/types\/page"}],"author":[{"embeddable":true,"href":"https:\/\/loretovietnam.org\/vi\/wp-json\/wp\/v2\/users\/1"}],"replies":[{"embeddable":true,"href":"https:\/\/loretovietnam.org\/vi\/wp-json\/wp\/v2\/comments?post=1930"}],"version-history":[{"count":10,"href":"https:\/\/loretovietnam.org\/vi\/wp-json\/wp\/v2\/pages\/1930\/revisions"}],"predecessor-version":[{"id":2022,"href":"https:\/\/loretovietnam.org\/vi\/wp-json\/wp\/v2\/pages\/1930\/revisions\/2022"}],"wp:featuredmedia":[{"embeddable":true,"href":"https:\/\/loretovietnam.org\/vi\/wp-json\/wp\/v2\/media\/2013"}],"wp:attachment":[{"href":"https:\/\/loretovietnam.org\/vi\/wp-json\/wp\/v2\/media?parent=1930"}],"curies":[{"name":"wp","href":"https:\/\/api.w.org\/{rel}","templated":true}]}}