{"id":1624,"date":"2020-07-10T07:14:05","date_gmt":"2020-07-10T00:14:05","guid":{"rendered":"https:\/\/loretovietnam.org\/?page_id=1624"},"modified":"2020-08-11T09:24:52","modified_gmt":"2020-08-11T02:24:52","slug":"school-pack-project","status":"publish","type":"page","link":"https:\/\/loretovietnam.org\/vi\/our-work\/programs\/assessing-a-better-education\/school-pack-project\/","title":{"rendered":"C\u1eb7p s\u00e1ch \u0111\u1ebfn tr\u01b0\u1eddng"},"content":{"rendered":"<p><\/p>\n<figure class=\"wp-block-image size-large\"><img loading=\"lazy\" decoding=\"async\" width=\"1050\" height=\"450\" class=\"wp-image-1625\" src=\"https:\/\/loretovietnam.org\/wp-content\/uploads\/2020\/07\/SB_AnGiang_AnPhu_BPhuHoi_6.jpg\" alt=\"\" srcset=\"https:\/\/loretovietnam.org\/wp-content\/uploads\/2020\/07\/SB_AnGiang_AnPhu_BPhuHoi_6.jpg 1050w, https:\/\/loretovietnam.org\/wp-content\/uploads\/2020\/07\/SB_AnGiang_AnPhu_BPhuHoi_6-1024x439.jpg 1024w, https:\/\/loretovietnam.org\/wp-content\/uploads\/2020\/07\/SB_AnGiang_AnPhu_BPhuHoi_6-510x219.jpg 510w, https:\/\/loretovietnam.org\/wp-content\/uploads\/2020\/07\/SB_AnGiang_AnPhu_BPhuHoi_6-768x329.jpg 768w\" sizes=\"auto, (max-width: 1050px) 100vw, 1050px\" \/><\/figure>\n<p><\/p>\n<p><\/p>\n<h1>C\u1eb7p s\u00e1ch \u0111\u1ebfn tr\u01b0\u1eddng<\/h1>\n<div>\n<p>Nhi\u1ec1u gia \u0111\u00ecnh \u1edf c\u00e1c v\u00f9ng n\u00f4ng th\u00f4n Vi\u1ec7t Nam ph\u1ea3i v\u1eadt l\u1ed9n \u0111\u1ec3 ki\u1ebfm s\u1ed1ng do ho\u00e0n c\u1ea3nh kinh t\u1ebf kh\u00f3 kh\u0103n.<\/p>\n<p>C\u00f4ng vi\u1ec7c th\u1eddi v\u1ee5 theo m\u00f9a, m\u1ee9c l\u01b0\u01a1ng th\u1ea5p ch\u1ec9 \u0111\u1ee7 nu\u00f4i gia \u0111\u00ecnh, nh\u00e0 c\u1eeda xu\u1ed1ng c\u1ea5p, t\u00ecnh tr\u1ea1ng th\u1ea5t nghi\u1ec7p, b\u1ec7nh t\u1eadt v\u00e0 gia \u0111\u00ecnh ph\u00e2n t\u00e1n c\u00f3 th\u1ec3 g\u00e2y kh\u00f3 kh\u0103n l\u00e2u d\u00e0i cho nhi\u1ec1u b\u1eadc cha m\u1eb9 v\u00e0 \u00f4ng b\u00e0, khi\u1ebfn h\u1ecd kh\u00f4ng th\u1ec3 cho con m\u00ecnh \u0111\u1ebfn tr\u01b0\u1eddng.<\/p>\n<p>Loreto Vietnam n\u1ed7 l\u1ef1c h\u1ed7 tr\u1ee3 c\u00e1c gia \u0111\u00ecnh th\u00f4ng qua c\u00e1c ch\u01b0\u01a1ng tr\u00ecnh thi\u1ebft th\u1ef1c cho tr\u1ebb \u0111\u01b0\u1ee3c \u0111i h\u1ecdc v\u00e0 g\u1eafn b\u00f3 v\u1edbi tr\u01b0\u1eddng. \u0110\u1ea7u ti\u00ean l\u00e0  trao t\u1eb7ng tr\u1ecdn b\u1ed9 \u0111\u1ed3 d\u00f9ng h\u1ecdc t\u1eadp, bao g\u1ed3m balo, s\u00e1ch v\u1edf, \u0111\u1ed3ng ph\u1ee5c, gi\u00e0y v\u00e0 c\u00e1c v\u1eadt d\u1ee5ng c\u1ea7n thi\u1ebft kh\u00e1c \u0111\u1ec3 h\u1ecdc sinh b\u1eaft \u0111\u1ea7u m\u1ed9t n\u0103m h\u1ecdc m\u1edbi v\u1edbi s\u1ef1 h\u1ee9ng kh\u1edfi v\u00e0 t\u1ef1 tin.<\/p>\n<p>K\u1ec3 t\u1eeb n\u0103m 1997, Loreto Vi\u1ec7t Nam \u0111\u00e3 trao t\u1eb7ng h\u01a1n\u00a0<strong>20.000 b\u1ed9 \u0111\u1ed3 d\u00f9ng tr\u01b0\u1eddng h\u1ecdc<\/strong>\u00a0\u0111\u1ebfn tr\u1ebb em ti\u1ec3u h\u1ecdc c\u1ee7a<strong>\u00a0s\u00e1u t\u1ec9nh th\u00e0nh\u00a0<\/strong>cung c\u1ea5p nh\u1eefng v\u1eadt d\u1ee5ng thi\u1ebft y\u1ebfu n\u00e0y \u0111\u1ec3 gi\u00fap t\u1ea1o n\u1ec1n t\u1ea3ng cho vi\u1ec7c h\u1ecdc t\u1eadp t\u00edch c\u1ef1c v\u00e0 g\u1eafn b\u00f3.<\/p>\n<p>Ch\u1ec9 $ 25 cho m\u1ed9t b\u1ed9 c\u1eb7p s\u00e1ch, h\u1ecdc c\u1ee5 \u0111\u1ea7y \u0111\u1ee7 \u0111\u1ec3 ti\u1ebfp s\u1ee9c cho m\u1ed9t h\u1ecdc sinh c\u00f3 ho\u00e0n c\u1ea3nh kh\u00f3 kh\u0103n \u0111\u01b0\u1ee3c ti\u1ebfp t\u1ee5c \u0111\u1ebfn tr\u01b0\u1eddng.<\/p>\n<\/div>\n<p><\/p>\n<div class=\"gap-element\" style=\"display:block; height:auto; padding-top:20px\"><\/div>\n\n<a rel=\"noopener noreferrer\" href=\"https:\/\/loretovietnam.org\/vi\/get-involved\/donate\/\" target=\"_blank\" class=\"button primary is-gloss is-large\"  >\n  <i class=\"icon-gift\" ><\/i>  <span>\u0110\u00f3ng g\u00f3p<\/span>\n  <\/a>\n\n\n  <div class=\"banner-grid-wrapper\">\n  <div id=\"banner-grid-626090161\" class=\"banner-grid row row-grid row-small\" data-packery-options=\"\">\n                      \n\n<div class=\"col grid-col large-12 grid-col-2-3\" ><div class=\"col-inner\">\n\n\t<div class=\"img has-hover x md-x lg-x y md-y lg-y\" id=\"image_733033376\">\n\t\t\t\t\t\t\t\t<div class=\"img-inner dark\" >\n\t\t\t<img loading=\"lazy\" decoding=\"async\" width=\"1020\" height=\"379\" src=\"https:\/\/loretovietnam.org\/wp-content\/uploads\/2020\/07\/SB_AnGiang_TinhBien_8-1.jpg\" class=\"attachment-large size-large\" alt=\"\" srcset=\"https:\/\/loretovietnam.org\/wp-content\/uploads\/2020\/07\/SB_AnGiang_TinhBien_8-1.jpg 1050w, https:\/\/loretovietnam.org\/wp-content\/uploads\/2020\/07\/SB_AnGiang_TinhBien_8-1-1024x380.jpg 1024w, https:\/\/loretovietnam.org\/wp-content\/uploads\/2020\/07\/SB_AnGiang_TinhBien_8-1-510x189.jpg 510w, https:\/\/loretovietnam.org\/wp-content\/uploads\/2020\/07\/SB_AnGiang_TinhBien_8-1-768x285.jpg 768w\" sizes=\"auto, (max-width: 1020px) 100vw, 1020px\" \/>\t\t\t\t\t\t\n\t\t\t\t\t<\/div>\n\t\t\t\t\t\t\t\t\n<style scope=\"scope\">\n\n#image_733033376 {\n  width: 100%;\n}\n<\/style>\n\t<\/div>\n\t\n\n\n<\/div><\/div>\n<div class=\"col grid-col large-4 grid-col-1-2\" ><div class=\"col-inner\">\n\n\t<div class=\"img has-hover x md-x lg-x y md-y lg-y\" id=\"image_976848094\">\n\t\t\t\t\t\t\t\t<div class=\"img-inner dark\" >\n\t\t\t<img loading=\"lazy\" decoding=\"async\" width=\"480\" height=\"359\" src=\"https:\/\/loretovietnam.org\/wp-content\/uploads\/2020\/07\/SB_AnGiang_TinhBien_9.jpg\" class=\"attachment-large size-large\" alt=\"\" \/>\t\t\t\t\t\t\n\t\t\t\t\t<\/div>\n\t\t\t\t\t\t\t\t\n<style scope=\"scope\">\n\n#image_976848094 {\n  width: 100%;\n}\n<\/style>\n\t<\/div>\n\t\n\n\n<\/div><\/div>\n<div class=\"col grid-col large-4 grid-col-1-2\" ><div class=\"col-inner\">\n\n\t<div class=\"img has-hover x md-x lg-x y md-y lg-y\" id=\"image_1040509115\">\n\t\t\t\t\t\t\t\t<div class=\"img-inner dark\" >\n\t\t\t<img loading=\"lazy\" decoding=\"async\" width=\"480\" height=\"360\" src=\"https:\/\/loretovietnam.org\/wp-content\/uploads\/2020\/07\/SB_AnGiang_AnPhu_BPhuHoi_12.jpg\" class=\"attachment-large size-large\" alt=\"\" \/>\t\t\t\t\t\t\n\t\t\t\t\t<\/div>\n\t\t\t\t\t\t\t\t\n<style scope=\"scope\">\n\n#image_1040509115 {\n  width: 100%;\n}\n<\/style>\n\t<\/div>\n\t\n\n\n<\/div><\/div>\n<div class=\"col grid-col large-4 grid-col-1-2\" ><div class=\"col-inner\">\n\n\t<div class=\"img has-hover x md-x lg-x y md-y lg-y\" id=\"image_16551764\">\n\t\t\t\t\t\t\t\t<div class=\"img-inner dark\" >\n\t\t\t<img loading=\"lazy\" decoding=\"async\" width=\"480\" height=\"360\" src=\"https:\/\/loretovietnam.org\/wp-content\/uploads\/2020\/07\/SB_AnGiang_AnPhu_AnPhuHoi_5.jpg\" class=\"attachment-large size-large\" alt=\"\" \/>\t\t\t\t\t\t\n\t\t\t\t\t<\/div>\n\t\t\t\t\t\t\t\t\n<style scope=\"scope\">\n\n#image_16551764 {\n  width: 100%;\n}\n<\/style>\n\t<\/div>\n\t\n\n\n<\/div><\/div>\n\n            <\/div><!-- .banner-grid .row .grid -->\n    <style scope=\"scope\">\n    #banner-grid-626090161 .grid-col-1{height: 600px}\n    #banner-grid-626090161 .grid-col-1-2{height: 300px}\n    #banner-grid-626090161 .grid-col-1-3{height:200px}\n    #banner-grid-626090161 .grid-col-2-3{height: 400px}\n    #banner-grid-626090161 .grid-col-1-4{height: 150px}\n    #banner-grid-626090161 .grid-col-3-4{height: 450px}\n\n\n    \n    \n\n  <\/style>\n    <\/div><!-- .banner-grid-wrapper -->","protected":false},"excerpt":{"rendered":"<p>D\u1ef1 \u00e1n School Pack Nhi\u1ec1u gia \u0111\u00ecnh \u1edf c\u00e1c v\u00f9ng n\u00f4ng th\u00f4n c\u1ee7a Vi\u1ec7t Nam ph\u1ea3i v\u1eadt l\u1ed9n \u0111\u1ec3 ki\u1ebfm s\u1ed1ng do ho\u00e0n c\u1ea3nh kinh t\u1ebf kh\u00f3 kh\u0103n. Vi\u1ec7c l\u00e0m th\u1eddi v\u1ee5, th\u1ea5t nghi\u1ec7p, l\u01b0\u01a1ng th\u1ea5p, nh\u00e0 \u1edf t\u1ed3i t\u00e0n, ch\u1ec9 \u0111\u1ee7 \u0103n, b\u1ec7nh t\u1eadt v\u00e0 chia r\u1ebd gia \u0111\u00ecnh c\u00f3 th\u1ec3 g\u00e2y kh\u00f3 kh\u0103n l\u00e2u d\u00e0i cho nhi\u1ec1u b\u1eadc cha m\u1eb9 v\u00e0 \u00f4ng b\u00e0, \u1ea3nh h\u01b0\u1edfng \u0111\u1ebfn kh\u1ea3 n\u0103ng g\u1eedi\u2026<\/p>","protected":false},"author":1,"featured_media":0,"parent":1934,"menu_order":0,"comment_status":"closed","ping_status":"closed","template":"","meta":{"_exactmetrics_skip_tracking":false,"_exactmetrics_sitenote_active":false,"_exactmetrics_sitenote_note":"","_exactmetrics_sitenote_category":0,"footnotes":""},"class_list":["post-1624","page","type-page","status-publish","hentry"],"yoast_head":"<!-- This site is optimized with the Yoast SEO plugin v27.5 - https:\/\/yoast.com\/product\/yoast-seo-wordpress\/ -->\n<title>School Pack Project - Loreto Vietnam<\/title>\n<meta name=\"robots\" content=\"index, follow, max-snippet:-1, max-image-preview:large, max-video-preview:-1\" \/>\n<link rel=\"canonical\" href=\"https:\/\/loretovietnam.org\/vi\/our-work\/programs\/assessing-a-better-education\/school-pack-project\/\" \/>\n<meta property=\"og:locale\" content=\"vi_VN\" \/>\n<meta property=\"og:type\" content=\"article\" \/>\n<meta property=\"og:title\" content=\"School Pack Project - Loreto Vietnam\" \/>\n<meta property=\"og:description\" content=\"School Pack Project Many families in the rural areas of Vietnam struggle to make ends meet due to their difficult economic circumstances. Seasonal employment, unemployment, low-paying jobs, poor housing, having only \u2018just enough\u2019 to feed families, illness and family divisions can cause long term difficulties for many parents and grand-parents affecting their ability to send...\" \/>\n<meta property=\"og:url\" content=\"https:\/\/loretovietnam.org\/vi\/our-work\/programs\/assessing-a-better-education\/school-pack-project\/\" \/>\n<meta property=\"og:site_name\" content=\"Loreto Vietnam\" \/>\n<meta property=\"article:modified_time\" content=\"2020-08-11T02:24:52+00:00\" \/>\n<meta property=\"og:image\" content=\"https:\/\/loretovietnam.org\/wp-content\/uploads\/2020\/07\/SB_AnGiang_AnPhu_BPhuHoi_6.jpg\" \/>\n<meta name=\"twitter:card\" content=\"summary_large_image\" \/>\n<meta name=\"twitter:label1\" content=\"\u01af\u1edbc t\u00ednh th\u1eddi gian \u0111\u1ecdc\" \/>\n\t<meta name=\"twitter:data1\" content=\"1 ph\u00fat\" \/>\n<script type=\"application\/ld+json\" class=\"yoast-schema-graph\">{\"@context\":\"https:\\\/\\\/schema.org\",\"@graph\":[{\"@type\":\"WebPage\",\"@id\":\"https:\\\/\\\/loretovietnam.org\\\/our-work\\\/programs\\\/assessing-a-better-education\\\/school-pack-project\\\/\",\"url\":\"https:\\\/\\\/loretovietnam.org\\\/our-work\\\/programs\\\/assessing-a-better-education\\\/school-pack-project\\\/\",\"name\":\"School Pack Project - Loreto Vietnam\",\"isPartOf\":{\"@id\":\"https:\\\/\\\/loretovietnam.org\\\/#website\"},\"primaryImageOfPage\":{\"@id\":\"https:\\\/\\\/loretovietnam.org\\\/our-work\\\/programs\\\/assessing-a-better-education\\\/school-pack-project\\\/#primaryimage\"},\"image\":{\"@id\":\"https:\\\/\\\/loretovietnam.org\\\/our-work\\\/programs\\\/assessing-a-better-education\\\/school-pack-project\\\/#primaryimage\"},\"thumbnailUrl\":\"https:\\\/\\\/loretovietnam.org\\\/wp-content\\\/uploads\\\/2020\\\/07\\\/SB_AnGiang_AnPhu_BPhuHoi_6.jpg\",\"datePublished\":\"2020-07-10T00:14:05+00:00\",\"dateModified\":\"2020-08-11T02:24:52+00:00\",\"breadcrumb\":{\"@id\":\"https:\\\/\\\/loretovietnam.org\\\/our-work\\\/programs\\\/assessing-a-better-education\\\/school-pack-project\\\/#breadcrumb\"},\"inLanguage\":\"vi\",\"potentialAction\":[{\"@type\":\"ReadAction\",\"target\":[\"https:\\\/\\\/loretovietnam.org\\\/our-work\\\/programs\\\/assessing-a-better-education\\\/school-pack-project\\\/\"]}]},{\"@type\":\"ImageObject\",\"inLanguage\":\"vi\",\"@id\":\"https:\\\/\\\/loretovietnam.org\\\/our-work\\\/programs\\\/assessing-a-better-education\\\/school-pack-project\\\/#primaryimage\",\"url\":\"https:\\\/\\\/loretovietnam.org\\\/wp-content\\\/uploads\\\/2020\\\/07\\\/SB_AnGiang_AnPhu_BPhuHoi_6.jpg\",\"contentUrl\":\"https:\\\/\\\/loretovietnam.org\\\/wp-content\\\/uploads\\\/2020\\\/07\\\/SB_AnGiang_AnPhu_BPhuHoi_6.jpg\"},{\"@type\":\"BreadcrumbList\",\"@id\":\"https:\\\/\\\/loretovietnam.org\\\/our-work\\\/programs\\\/assessing-a-better-education\\\/school-pack-project\\\/#breadcrumb\",\"itemListElement\":[{\"@type\":\"ListItem\",\"position\":1,\"name\":\"Home\",\"item\":\"https:\\\/\\\/loretovietnam.org\\\/\"},{\"@type\":\"ListItem\",\"position\":2,\"name\":\"Our Work\",\"item\":\"https:\\\/\\\/loretovietnam.org\\\/our-work\\\/\"},{\"@type\":\"ListItem\",\"position\":3,\"name\":\"Programs\",\"item\":\"https:\\\/\\\/loretovietnam.org\\\/our-work\\\/programs\\\/\"},{\"@type\":\"ListItem\",\"position\":4,\"name\":\"Accessing a Better Education\",\"item\":\"https:\\\/\\\/loretovietnam.org\\\/our-work\\\/programs\\\/assessing-a-better-education\\\/\"},{\"@type\":\"ListItem\",\"position\":5,\"name\":\"School Pack Project\"}]},{\"@type\":\"WebSite\",\"@id\":\"https:\\\/\\\/loretovietnam.org\\\/#website\",\"url\":\"https:\\\/\\\/loretovietnam.org\\\/\",\"name\":\"Loreto Vietnam\",\"description\":\"\",\"potentialAction\":[{\"@type\":\"SearchAction\",\"target\":{\"@type\":\"EntryPoint\",\"urlTemplate\":\"https:\\\/\\\/loretovietnam.org\\\/?s={search_term_string}\"},\"query-input\":{\"@type\":\"PropertyValueSpecification\",\"valueRequired\":true,\"valueName\":\"search_term_string\"}}],\"inLanguage\":\"vi\"}]}<\/script>\n<!-- \/ Yoast SEO plugin. -->","yoast_head_json":{"title":"School Pack Project - Loreto Vietnam","robots":{"index":"index","follow":"follow","max-snippet":"max-snippet:-1","max-image-preview":"max-image-preview:large","max-video-preview":"max-video-preview:-1"},"canonical":"https:\/\/loretovietnam.org\/vi\/our-work\/programs\/assessing-a-better-education\/school-pack-project\/","og_locale":"vi_VN","og_type":"article","og_title":"School Pack Project - Loreto Vietnam","og_description":"School Pack Project Many families in the rural areas of Vietnam struggle to make ends meet due to their difficult economic circumstances. Seasonal employment, unemployment, low-paying jobs, poor housing, having only \u2018just enough\u2019 to feed families, illness and family divisions can cause long term difficulties for many parents and grand-parents affecting their ability to send...","og_url":"https:\/\/loretovietnam.org\/vi\/our-work\/programs\/assessing-a-better-education\/school-pack-project\/","og_site_name":"Loreto Vietnam","article_modified_time":"2020-08-11T02:24:52+00:00","og_image":[{"url":"https:\/\/loretovietnam.org\/wp-content\/uploads\/2020\/07\/SB_AnGiang_AnPhu_BPhuHoi_6.jpg","type":"","width":"","height":""}],"twitter_card":"summary_large_image","twitter_misc":{"\u01af\u1edbc t\u00ednh th\u1eddi gian \u0111\u1ecdc":"1 ph\u00fat"},"schema":{"@context":"https:\/\/schema.org","@graph":[{"@type":"WebPage","@id":"https:\/\/loretovietnam.org\/our-work\/programs\/assessing-a-better-education\/school-pack-project\/","url":"https:\/\/loretovietnam.org\/our-work\/programs\/assessing-a-better-education\/school-pack-project\/","name":"School Pack Project - Loreto Vietnam","isPartOf":{"@id":"https:\/\/loretovietnam.org\/#website"},"primaryImageOfPage":{"@id":"https:\/\/loretovietnam.org\/our-work\/programs\/assessing-a-better-education\/school-pack-project\/#primaryimage"},"image":{"@id":"https:\/\/loretovietnam.org\/our-work\/programs\/assessing-a-better-education\/school-pack-project\/#primaryimage"},"thumbnailUrl":"https:\/\/loretovietnam.org\/wp-content\/uploads\/2020\/07\/SB_AnGiang_AnPhu_BPhuHoi_6.jpg","datePublished":"2020-07-10T00:14:05+00:00","dateModified":"2020-08-11T02:24:52+00:00","breadcrumb":{"@id":"https:\/\/loretovietnam.org\/our-work\/programs\/assessing-a-better-education\/school-pack-project\/#breadcrumb"},"inLanguage":"vi","potentialAction":[{"@type":"ReadAction","target":["https:\/\/loretovietnam.org\/our-work\/programs\/assessing-a-better-education\/school-pack-project\/"]}]},{"@type":"ImageObject","inLanguage":"vi","@id":"https:\/\/loretovietnam.org\/our-work\/programs\/assessing-a-better-education\/school-pack-project\/#primaryimage","url":"https:\/\/loretovietnam.org\/wp-content\/uploads\/2020\/07\/SB_AnGiang_AnPhu_BPhuHoi_6.jpg","contentUrl":"https:\/\/loretovietnam.org\/wp-content\/uploads\/2020\/07\/SB_AnGiang_AnPhu_BPhuHoi_6.jpg"},{"@type":"BreadcrumbList","@id":"https:\/\/loretovietnam.org\/our-work\/programs\/assessing-a-better-education\/school-pack-project\/#breadcrumb","itemListElement":[{"@type":"ListItem","position":1,"name":"Home","item":"https:\/\/loretovietnam.org\/"},{"@type":"ListItem","position":2,"name":"Our Work","item":"https:\/\/loretovietnam.org\/our-work\/"},{"@type":"ListItem","position":3,"name":"Programs","item":"https:\/\/loretovietnam.org\/our-work\/programs\/"},{"@type":"ListItem","position":4,"name":"Accessing a Better Education","item":"https:\/\/loretovietnam.org\/our-work\/programs\/assessing-a-better-education\/"},{"@type":"ListItem","position":5,"name":"School Pack Project"}]},{"@type":"WebSite","@id":"https:\/\/loretovietnam.org\/#website","url":"https:\/\/loretovietnam.org\/","name":"Loreto Vietnam","description":"","potentialAction":[{"@type":"SearchAction","target":{"@type":"EntryPoint","urlTemplate":"https:\/\/loretovietnam.org\/?s={search_term_string}"},"query-input":{"@type":"PropertyValueSpecification","valueRequired":true,"valueName":"search_term_string"}}],"inLanguage":"vi"}]}},"_links":{"self":[{"href":"https:\/\/loretovietnam.org\/vi\/wp-json\/wp\/v2\/pages\/1624","targetHints":{"allow":["GET"]}}],"collection":[{"href":"https:\/\/loretovietnam.org\/vi\/wp-json\/wp\/v2\/pages"}],"about":[{"href":"https:\/\/loretovietnam.org\/vi\/wp-json\/wp\/v2\/types\/page"}],"author":[{"embeddable":true,"href":"https:\/\/loretovietnam.org\/vi\/wp-json\/wp\/v2\/users\/1"}],"replies":[{"embeddable":true,"href":"https:\/\/loretovietnam.org\/vi\/wp-json\/wp\/v2\/comments?post=1624"}],"version-history":[{"count":5,"href":"https:\/\/loretovietnam.org\/vi\/wp-json\/wp\/v2\/pages\/1624\/revisions"}],"predecessor-version":[{"id":1637,"href":"https:\/\/loretovietnam.org\/vi\/wp-json\/wp\/v2\/pages\/1624\/revisions\/1637"}],"up":[{"embeddable":true,"href":"https:\/\/loretovietnam.org\/vi\/wp-json\/wp\/v2\/pages\/1934"}],"wp:attachment":[{"href":"https:\/\/loretovietnam.org\/vi\/wp-json\/wp\/v2\/media?parent=1624"}],"curies":[{"name":"wp","href":"https:\/\/api.w.org\/{rel}","templated":true}]}}