{"id":16,"date":"2018-06-26T08:59:28","date_gmt":"2018-06-26T08:59:28","guid":{"rendered":"https:\/\/loretovietnam.org\/?page_id=16"},"modified":"2020-09-22T04:37:57","modified_gmt":"2020-09-21T21:37:57","slug":"get-involved","status":"publish","type":"page","link":"https:\/\/loretovietnam.org\/vi\/get-involved\/","title":{"rendered":"Tham gia"},"content":{"rendered":"<section class=\"section\" id=\"section_1478935291\">\n\t\t<div class=\"bg section-bg fill bg-fill  bg-loaded\" >\n\n\t\t\t\n\t\t\t\n\t\t\t\n\n\t\t<\/div><!-- .section-bg -->\n\n\t\t<div class=\"section-content relative\">\n\t\t\t\n<div class=\"row\"  id=\"row-473763163\">\n<div class=\"col small-12 large-12\"  ><div class=\"col-inner\" style=\"padding:0px 0px 0px 0px;margin:0px 0px -50px 0px;\" >\n<h1>Tham gia<\/h1>\n<div class=\"row\"  id=\"row-1203333895\">\n<div class=\"col medium-6 small-12 large-6\"  ><div class=\"col-inner\"  >\n\t<div class=\"box has-hover has-hover box-text-bottom\" >\n\n\t\t<div class=\"box-image\" >\n\t\t\t\t\t\t<div class=\"\" >\n\t\t\t\t<img loading=\"lazy\" decoding=\"async\" width=\"1920\" height=\"1280\" src=\"https:\/\/loretovietnam.org\/wp-content\/uploads\/2020\/07\/DONATE.jpg\" class=\"attachment- size-\" alt=\"\" srcset=\"https:\/\/loretovietnam.org\/wp-content\/uploads\/2020\/07\/DONATE.jpg 1920w, https:\/\/loretovietnam.org\/wp-content\/uploads\/2020\/07\/DONATE-1024x683.jpg 1024w, https:\/\/loretovietnam.org\/wp-content\/uploads\/2020\/07\/DONATE-510x340.jpg 510w, https:\/\/loretovietnam.org\/wp-content\/uploads\/2020\/07\/DONATE-768x512.jpg 768w, https:\/\/loretovietnam.org\/wp-content\/uploads\/2020\/07\/DONATE-1536x1024.jpg 1536w\" sizes=\"auto, (max-width: 1920px) 100vw, 1920px\" \/>\t\t\t\t\t\t\t\t\t\t\t<\/div>\n\t\t\t\t\t<\/div><!-- box-image -->\n\n\t\t<div class=\"box-text text-center\" >\n\t\t\t<div class=\"box-text-inner\">\n\t\t\t\t\n<h2>Quy\u00ean g\u00f3p<\/h2>\n<p>T\u1ea5t c\u1ea3 tr\u1ebb em \u0111\u1ec1u c\u00f3 quy\u1ec1n \u0111\u01b0\u1ee3c h\u1ecdc h\u00e0nh. Nh\u1eefng tr\u1ebb em thi\u1ec7t th\u00f2i nh\u1ea5t c\u1ee7a Vi\u1ec7t Nam c\u1ea7n s\u1ef1 h\u1ed7 tr\u1ee3 c\u1ee7a ch\u00fang t\u00f4i \u0111\u1ec3 \u0111\u1ea1t \u0111\u01b0\u1ee3c quy\u1ec1n \u0111\u00f3 \u0111\u1ec3 cu\u1ed9c s\u1ed1ng c\u1ee7a c\u00e1c em v\u00e0 c\u1ee7a c\u1ed9ng \u0111\u1ed3ng \u0111\u01b0\u1ee3c thay \u0111\u1ed5i\u2026<\/p>\n<a rel=\"noopener noreferrer\" href=\"https:\/\/loretovietnam.org\/vi\/get-involved\/donate\/\" target=\"_blank\" class=\"button primary is-gloss is-xlarge box-shadow-4 box-shadow-5-hover\"  >\n  <i class=\"icon-gift\" ><\/i>  <span>Quy\u00ean g\u00f3p ngay b\u00e2y gi\u1edd<\/span>\n  <\/a>\n\n\t\t\t<\/div><!-- box-text-inner -->\n\t\t<\/div><!-- box-text -->\n\t<\/div><!-- .box  -->\n\t\n<\/div><\/div>\n<div class=\"col medium-6 small-12 large-6\"  ><div class=\"col-inner\"  >\n\t<div class=\"box has-hover has-hover box-text-bottom\" >\n\n\t\t<div class=\"box-image\" >\n\t\t\t\t\t\t<div class=\"\" >\n\t\t\t\t<img loading=\"lazy\" decoding=\"async\" width=\"1920\" height=\"1280\" src=\"https:\/\/loretovietnam.org\/wp-content\/uploads\/2020\/07\/VOLUNTEER.jpg\" class=\"attachment- size-\" alt=\"\" srcset=\"https:\/\/loretovietnam.org\/wp-content\/uploads\/2020\/07\/VOLUNTEER.jpg 1920w, https:\/\/loretovietnam.org\/wp-content\/uploads\/2020\/07\/VOLUNTEER-1024x683.jpg 1024w, https:\/\/loretovietnam.org\/wp-content\/uploads\/2020\/07\/VOLUNTEER-510x340.jpg 510w, https:\/\/loretovietnam.org\/wp-content\/uploads\/2020\/07\/VOLUNTEER-768x512.jpg 768w, https:\/\/loretovietnam.org\/wp-content\/uploads\/2020\/07\/VOLUNTEER-1536x1024.jpg 1536w\" sizes=\"auto, (max-width: 1920px) 100vw, 1920px\" \/>\t\t\t\t\t\t\t\t\t\t\t<\/div>\n\t\t\t\t\t<\/div><!-- box-image -->\n\n\t\t<div class=\"box-text text-center\" >\n\t\t\t<div class=\"box-text-inner\">\n\t\t\t\t\n<h2>T\u00ecnh nguy\u1ec7n vi\u00ean<\/h2>\n<p>C\u00e1c t\u00ecnh nguy\u1ec7n vi\u00ean t\u1eadn t\u00e2m \u0111\u00f3ng m\u1ed9t vai tr\u00f2 thi\u1ebft y\u1ebfu trong vi\u1ec7c mang l\u1ea1i c\u01a1 h\u1ed9i ti\u1ebfp c\u1eadn gi\u00e1o d\u1ee5c, m\u00f4i tr\u01b0\u1eddng h\u1ecdc t\u1eadp hi\u1ec7u qu\u1ea3 v\u00e0 trong vi\u1ec7c thay \u0111\u1ed5i cu\u1ed9c s\u1ed1ng c\u1ee7a thanh ni\u00ean v\u00e0 c\u1ed9ng \u0111\u1ed3ng tr\u00ean kh\u1eafp Vi\u1ec7t Nam\u2026<\/p>\n<a rel=\"noopener noreferrer\" href=\"\/vi\/get-involved\/volunteer\/\" target=\"_blank\" class=\"button primary is-gloss is-xlarge box-shadow-4 box-shadow-5-hover\"  >\n  <i class=\"icon-user\" ><\/i>  <span>T\u00ecnh nguy\u1ec7n vi\u00ean<\/span>\n  <\/a>\n\n\t\t\t<\/div><!-- box-text-inner -->\n\t\t<\/div><!-- box-text -->\n\t<\/div><!-- .box  -->\n\t\n<\/div><\/div>\n<\/div>\n<div class=\"gap-element\" style=\"display:block; height:auto; padding-top:30px\"><\/div>\n<div class=\"row\"  id=\"row-492099660\">\n<div class=\"col medium-6 small-12 large-6\"  ><div class=\"col-inner\"  >\n\t<div class=\"box has-hover has-hover box-text-bottom\" >\n\n\t\t<div class=\"box-image\" >\n\t\t\t\t\t\t<div class=\"\" >\n\t\t\t\t<img loading=\"lazy\" decoding=\"async\" width=\"1920\" height=\"1280\" src=\"https:\/\/loretovietnam.org\/wp-content\/uploads\/2020\/07\/PARTNER-WITH-US.jpg\" class=\"attachment- size-\" alt=\"\" srcset=\"https:\/\/loretovietnam.org\/wp-content\/uploads\/2020\/07\/PARTNER-WITH-US.jpg 1920w, https:\/\/loretovietnam.org\/wp-content\/uploads\/2020\/07\/PARTNER-WITH-US-1024x683.jpg 1024w, https:\/\/loretovietnam.org\/wp-content\/uploads\/2020\/07\/PARTNER-WITH-US-510x340.jpg 510w, https:\/\/loretovietnam.org\/wp-content\/uploads\/2020\/07\/PARTNER-WITH-US-768x512.jpg 768w, https:\/\/loretovietnam.org\/wp-content\/uploads\/2020\/07\/PARTNER-WITH-US-1536x1024.jpg 1536w\" sizes=\"auto, (max-width: 1920px) 100vw, 1920px\" \/>\t\t\t\t\t\t\t\t\t\t\t<\/div>\n\t\t\t\t\t<\/div><!-- box-image -->\n\n\t\t<div class=\"box-text text-center\" >\n\t\t\t<div class=\"box-text-inner\">\n\t\t\t\t\n<h2>H\u1ee3p t\u00e1c<\/h2>\n<p>Ch\u00fang t\u00f4i tin r\u1eb1ng c\u00e1c doanh nghi\u1ec7p v\u00e0 doanh nh\u00e2n c\u00f3 vai tr\u00f2 quan tr\u1ecdng trong th\u00e1ch th\u1ee9c t\u1ea1o ra m\u1ed9t th\u1ebf gi\u1edbi b\u00ecnh \u0111\u1eb3ng v\u00e0 c\u00f4ng b\u1eb1ng h\u01a1n. V\u00e0 v\u00ec v\u1eady, ch\u00fang t\u00f4i t\u1ef1 h\u00e0o v\u1ec1 kh\u1ea3 n\u0103ng c\u1ee7a m\u00ecnh trong vi\u1ec7c tham gia c\u00f9ng c\u00f3 l\u1ee3i\u2026<\/p>\n<a rel=\"noopener noreferrer\" href=\"\/vi\/get-involved\/partner-with-us\/\" target=\"_blank\" class=\"button primary is-gloss is-xlarge box-shadow-4 box-shadow-5-hover\"  >\n  <i class=\"icon-heart\" ><\/i>  <span>H\u1ee3p t\u00e1c<\/span>\n  <\/a>\n\n\t\t\t<\/div><!-- box-text-inner -->\n\t\t<\/div><!-- box-text -->\n\t<\/div><!-- .box  -->\n\t\n<\/div><\/div>\n<div class=\"col medium-6 small-12 large-6\"  ><div class=\"col-inner\"  >\n\t<div class=\"box has-hover has-hover box-text-bottom\" >\n\n\t\t<div class=\"box-image\" >\n\t\t\t\t\t\t<div class=\"\" >\n\t\t\t\t<img loading=\"lazy\" decoding=\"async\" width=\"1920\" height=\"1280\" src=\"https:\/\/loretovietnam.org\/wp-content\/uploads\/2020\/07\/JOIN-OUR-TEAM.jpg\" class=\"attachment- size-\" alt=\"\" srcset=\"https:\/\/loretovietnam.org\/wp-content\/uploads\/2020\/07\/JOIN-OUR-TEAM.jpg 1920w, https:\/\/loretovietnam.org\/wp-content\/uploads\/2020\/07\/JOIN-OUR-TEAM-1024x683.jpg 1024w, https:\/\/loretovietnam.org\/wp-content\/uploads\/2020\/07\/JOIN-OUR-TEAM-510x340.jpg 510w, https:\/\/loretovietnam.org\/wp-content\/uploads\/2020\/07\/JOIN-OUR-TEAM-768x512.jpg 768w, https:\/\/loretovietnam.org\/wp-content\/uploads\/2020\/07\/JOIN-OUR-TEAM-1536x1024.jpg 1536w\" sizes=\"auto, (max-width: 1920px) 100vw, 1920px\" \/>\t\t\t\t\t\t\t\t\t\t\t<\/div>\n\t\t\t\t\t<\/div><!-- box-image -->\n\n\t\t<div class=\"box-text text-center\" >\n\t\t\t<div class=\"box-text-inner\">\n\t\t\t\t\n<h2>Gia nh\u1eadp \u0111\u1ed9i ng\u0169 c\u1ee7a ch\u00fang t\u00f4i<\/h2>\n<p>N\u1ebfu b\u1ea1n quan t\u00e2m \u0111\u1ebfn s\u1ef1 b\u1ea5t b\u00ecnh \u0111\u1eb3ng trong ti\u1ebfp c\u1eadn gi\u00e1o d\u1ee5c tr\u00ean kh\u1eafp Vi\u1ec7t Nam v\u00e0 mu\u1ed1n th\u00e0nh l\u1eadp m\u1ed9t nh\u00f3m nh\u1ecf nh\u01b0ng nhi\u1ec7t t\u00ecnh g\u1ed3m c\u00e1c c\u00e1 nh\u00e2n l\u00e0m vi\u1ec7c \u0111\u1ec3 gi\u1ea3i quy\u1ebft v\u1ea5n \u0111\u1ec1 n\u00e0y, vui l\u00f2ng xem x\u00e9t g\u1eedi\u2026<\/p>\n<a rel=\"noopener noreferrer\" href=\"\/vi\/get-involved\/join-our-team\/\" target=\"_blank\" class=\"button primary is-gloss is-xlarge box-shadow-4 box-shadow-5-hover\"  >\n  <i class=\"icon-star\" ><\/i>  <span>Gia nh\u1eadp \u0111\u1ed9i ng\u0169 c\u1ee7a ch\u00fang t\u00f4i<\/span>\n  <\/a>\n\n\t\t\t<\/div><!-- box-text-inner -->\n\t\t<\/div><!-- box-text -->\n\t<\/div><!-- .box  -->\n\t\n<\/div><\/div>\n<\/div>\n<\/div><\/div>\n<\/div>\n\t\t<\/div><!-- .section-content -->\n\n\t\t\n<style scope=\"scope\">\n\n#section_1478935291 {\n  padding-top: 30px;\n  padding-bottom: 30px;\n}\n<\/style>\n\t<\/section>","protected":false},"excerpt":{"rendered":"","protected":false},"author":1,"featured_media":0,"parent":0,"menu_order":0,"comment_status":"closed","ping_status":"closed","template":"page-blank.php","meta":{"_exactmetrics_skip_tracking":false,"_exactmetrics_sitenote_active":false,"_exactmetrics_sitenote_note":"","_exactmetrics_sitenote_category":0,"footnotes":""},"class_list":["post-16","page","type-page","status-publish","hentry"],"yoast_head":"<!-- This site is optimized with the Yoast SEO plugin v27.5 - https:\/\/yoast.com\/product\/yoast-seo-wordpress\/ -->\n<title>Get Involved - Loreto Vietnam<\/title>\n<meta name=\"robots\" content=\"index, follow, max-snippet:-1, max-image-preview:large, max-video-preview:-1\" \/>\n<link rel=\"canonical\" href=\"https:\/\/loretovietnam.org\/vi\/get-involved\/\" \/>\n<meta property=\"og:locale\" content=\"vi_VN\" \/>\n<meta property=\"og:type\" content=\"article\" \/>\n<meta property=\"og:title\" content=\"Get Involved - Loreto Vietnam\" \/>\n<meta property=\"og:url\" content=\"https:\/\/loretovietnam.org\/vi\/get-involved\/\" \/>\n<meta property=\"og:site_name\" content=\"Loreto Vietnam\" \/>\n<meta property=\"article:modified_time\" content=\"2020-09-21T21:37:57+00:00\" \/>\n<meta name=\"twitter:card\" content=\"summary_large_image\" \/>\n<meta name=\"twitter:label1\" content=\"\u01af\u1edbc t\u00ednh th\u1eddi gian \u0111\u1ecdc\" \/>\n\t<meta name=\"twitter:data1\" content=\"2 ph\u00fat\" \/>\n<script type=\"application\/ld+json\" class=\"yoast-schema-graph\">{\"@context\":\"https:\\\/\\\/schema.org\",\"@graph\":[{\"@type\":\"WebPage\",\"@id\":\"https:\\\/\\\/loretovietnam.org\\\/get-involved\\\/\",\"url\":\"https:\\\/\\\/loretovietnam.org\\\/get-involved\\\/\",\"name\":\"Get Involved - Loreto Vietnam\",\"isPartOf\":{\"@id\":\"https:\\\/\\\/loretovietnam.org\\\/#website\"},\"datePublished\":\"2018-06-26T08:59:28+00:00\",\"dateModified\":\"2020-09-21T21:37:57+00:00\",\"breadcrumb\":{\"@id\":\"https:\\\/\\\/loretovietnam.org\\\/get-involved\\\/#breadcrumb\"},\"inLanguage\":\"vi\",\"potentialAction\":[{\"@type\":\"ReadAction\",\"target\":[\"https:\\\/\\\/loretovietnam.org\\\/get-involved\\\/\"]}]},{\"@type\":\"BreadcrumbList\",\"@id\":\"https:\\\/\\\/loretovietnam.org\\\/get-involved\\\/#breadcrumb\",\"itemListElement\":[{\"@type\":\"ListItem\",\"position\":1,\"name\":\"Home\",\"item\":\"https:\\\/\\\/loretovietnam.org\\\/\"},{\"@type\":\"ListItem\",\"position\":2,\"name\":\"Get Involved\"}]},{\"@type\":\"WebSite\",\"@id\":\"https:\\\/\\\/loretovietnam.org\\\/#website\",\"url\":\"https:\\\/\\\/loretovietnam.org\\\/\",\"name\":\"Loreto Vietnam\",\"description\":\"\",\"potentialAction\":[{\"@type\":\"SearchAction\",\"target\":{\"@type\":\"EntryPoint\",\"urlTemplate\":\"https:\\\/\\\/loretovietnam.org\\\/?s={search_term_string}\"},\"query-input\":{\"@type\":\"PropertyValueSpecification\",\"valueRequired\":true,\"valueName\":\"search_term_string\"}}],\"inLanguage\":\"vi\"}]}<\/script>\n<!-- \/ Yoast SEO plugin. -->","yoast_head_json":{"title":"Tham gia - Loreto Vi\u1ec7t Nam","robots":{"index":"index","follow":"follow","max-snippet":"max-snippet:-1","max-image-preview":"max-image-preview:large","max-video-preview":"max-video-preview:-1"},"canonical":"https:\/\/loretovietnam.org\/vi\/get-involved\/","og_locale":"vi_VN","og_type":"article","og_title":"Get Involved - Loreto Vietnam","og_url":"https:\/\/loretovietnam.org\/vi\/get-involved\/","og_site_name":"Loreto Vietnam","article_modified_time":"2020-09-21T21:37:57+00:00","twitter_card":"summary_large_image","twitter_misc":{"\u01af\u1edbc t\u00ednh th\u1eddi gian \u0111\u1ecdc":"2 ph\u00fat"},"schema":{"@context":"https:\/\/schema.org","@graph":[{"@type":"WebPage","@id":"https:\/\/loretovietnam.org\/get-involved\/","url":"https:\/\/loretovietnam.org\/get-involved\/","name":"Tham gia - Loreto Vi\u1ec7t Nam","isPartOf":{"@id":"https:\/\/loretovietnam.org\/#website"},"datePublished":"2018-06-26T08:59:28+00:00","dateModified":"2020-09-21T21:37:57+00:00","breadcrumb":{"@id":"https:\/\/loretovietnam.org\/get-involved\/#breadcrumb"},"inLanguage":"vi","potentialAction":[{"@type":"ReadAction","target":["https:\/\/loretovietnam.org\/get-involved\/"]}]},{"@type":"BreadcrumbList","@id":"https:\/\/loretovietnam.org\/get-involved\/#breadcrumb","itemListElement":[{"@type":"ListItem","position":1,"name":"Home","item":"https:\/\/loretovietnam.org\/"},{"@type":"ListItem","position":2,"name":"Get Involved"}]},{"@type":"WebSite","@id":"https:\/\/loretovietnam.org\/#website","url":"https:\/\/loretovietnam.org\/","name":"Loreto Vietnam","description":"","potentialAction":[{"@type":"SearchAction","target":{"@type":"EntryPoint","urlTemplate":"https:\/\/loretovietnam.org\/?s={search_term_string}"},"query-input":{"@type":"PropertyValueSpecification","valueRequired":true,"valueName":"search_term_string"}}],"inLanguage":"vi"}]}},"_links":{"self":[{"href":"https:\/\/loretovietnam.org\/vi\/wp-json\/wp\/v2\/pages\/16","targetHints":{"allow":["GET"]}}],"collection":[{"href":"https:\/\/loretovietnam.org\/vi\/wp-json\/wp\/v2\/pages"}],"about":[{"href":"https:\/\/loretovietnam.org\/vi\/wp-json\/wp\/v2\/types\/page"}],"author":[{"embeddable":true,"href":"https:\/\/loretovietnam.org\/vi\/wp-json\/wp\/v2\/users\/1"}],"replies":[{"embeddable":true,"href":"https:\/\/loretovietnam.org\/vi\/wp-json\/wp\/v2\/comments?post=16"}],"version-history":[{"count":54,"href":"https:\/\/loretovietnam.org\/vi\/wp-json\/wp\/v2\/pages\/16\/revisions"}],"predecessor-version":[{"id":2196,"href":"https:\/\/loretovietnam.org\/vi\/wp-json\/wp\/v2\/pages\/16\/revisions\/2196"}],"wp:attachment":[{"href":"https:\/\/loretovietnam.org\/vi\/wp-json\/wp\/v2\/media?parent=16"}],"curies":[{"name":"wp","href":"https:\/\/api.w.org\/{rel}","templated":true}]}}