{"id":1533,"date":"2020-07-04T04:08:18","date_gmt":"2020-07-03T21:08:18","guid":{"rendered":"https:\/\/loretovietnam.org\/?page_id=1533"},"modified":"2020-09-22T04:35:16","modified_gmt":"2020-09-21T21:35:16","slug":"inclusive-education-programs","status":"publish","type":"page","link":"https:\/\/loretovietnam.org\/vi\/our-work\/programs\/promoting-special-education\/inclusive-education-programs\/","title":{"rendered":"Ch\u01b0\u01a1ng tr\u00ecnh Gi\u00e1o d\u1ee5c \u0110\u1eb7c bi\u1ec7t"},"content":{"rendered":"<p><\/p>\n<figure class=\"wp-block-image size-large\"><img loading=\"lazy\" decoding=\"async\" class=\"alignnone wp-image-1534\" src=\"https:\/\/loretovietnam.org\/wp-content\/uploads\/2020\/07\/Inclusive-Feature-900x380-1.jpg\" alt=\"\" width=\"1050\" height=\"443\" srcset=\"https:\/\/loretovietnam.org\/wp-content\/uploads\/2020\/07\/Inclusive-Feature-900x380-1.jpg 900w, https:\/\/loretovietnam.org\/wp-content\/uploads\/2020\/07\/Inclusive-Feature-900x380-1-510x215.jpg 510w, https:\/\/loretovietnam.org\/wp-content\/uploads\/2020\/07\/Inclusive-Feature-900x380-1-768x324.jpg 768w\" sizes=\"auto, (max-width: 1050px) 100vw, 1050px\" \/><\/figure>\n<p><\/p>\n<p><\/p>\n<h1>Ch\u01b0\u01a1ng tr\u00ecnh Gi\u00e1o d\u1ee5c \u0110\u1eb7c bi\u1ec7t<\/h1>\n<p><\/p>\n<p><\/p>\n<p>C\u00e1c ch\u01b0\u01a1ng tr\u00ecnh gi\u00e1o d\u1ee5c \u0111\u1eb7c bi\u1ec7t c\u1ee7a Loreto Vi\u1ec7t Nam gi\u00fap t\u1ea1o ra v\u00e0 \u0111\u1ea3m b\u1ea3o kh\u1ea3 n\u0103ng ti\u1ebfp c\u1eadn c\u00f4ng b\u1eb1ng v\u1edbi n\u1ec1n gi\u00e1o d\u1ee5c ch\u1ea5t l\u01b0\u1ee3ng cho c\u00e1c h\u1ecdc sinh c\u00f3 nhu c\u1ea7u \u0111\u1eb7c bi\u1ec7t.<\/p>\n<p><\/p>\n<p><\/p>\n<p>Loreto Vietnam cam k\u1ebft \u0111\u1ea1t \u0111\u01b0\u1ee3c nh\u1eefng k\u1ebft qu\u1ea3 sau th\u00f4ng qua c\u00e1c ch\u01b0\u01a1ng gi\u00e1o d\u1ee5c \u0111\u1eb7c bi\u1ec7t:<\/p>\n<p><\/p>\n<p><\/p>\n<ul class=\"wp-block-list\">\n<li><strong>Kh\u1edfi x\u01b0\u1edbng v\u00e0 t\u0103ng c\u01b0\u1eddng c\u00e1c ch\u01b0\u01a1ng tr\u00ecnh can thi\u1ec7p s\u1edbm<\/strong>\u00a0hi\u1ec7u qu\u1ea3 th\u00f4ng qua cung c\u1ea5p c\u00e1c thi\u1ebft b\u1ecb h\u1ed7 tr\u1ee3 gi\u1ea3ng d\u1ea1y v\u00e0 h\u1ecdc t\u1eadp c\u1ea7n thi\u1ebft.<\/li>\n<li><strong>Th\u00fac \u0111\u1ea9y ph\u00fac l\u1ee3i c\u1ee7a h\u1ecdc sinh bao g\u1ed3m s\u1ee9c kh\u1ecfe th\u1ec3 ch\u1ea5t,<\/strong>\u00a0<strong>tr\u00ed tu\u1ec7 v\u00e0 tinh th\u1ea7n,<\/strong>\u00a0th\u00f4ng qua cung c\u1ea5p c\u00e1c ti\u1ec7n nghi c\u01a1 b\u1ea3n cho cu\u1ed9c s\u1ed1ng h\u00e0ng ng\u00e0y, b\u1ea3o hi\u1ec3m y t\u1ebf, h\u1ed7 tr\u1ee3 dinh d\u01b0\u1ee1ng v\u00e0 d\u1ee5ng c\u1ee5 gi\u1ea3ng d\u1ea1y.<\/li>\n<li><strong>C\u01a1 h\u1ed9i cho\u00a0<\/strong><strong>ch\u01b0\u01a1ng tr\u00ecnh \u0111\u00e0o t\u1ea1o ngh\u1ec1<\/strong>.<\/li>\n<li><strong>C\u1ea3i thi\u1ec7n ti\u00eau chu\u1ea9n gi\u1ea3ng d\u1ea1y<\/strong>\u00a0th\u00f4ng qua vi\u1ec7c h\u1ed7 tr\u1ee3 \u0111\u00e0o t\u1ea1o gi\u00e1o vi\u00ean b\u1ed5 t\u00fac v\u00e0 n\u00e2ng cao.<\/li>\n<li><strong>Tri\u1ec3n khai d\u1ecbch v\u1ee5 t\u01b0 v\u1ea5n d\u00e0nh cho ph\u1ee5 huynh\u00a0<\/strong>\u0111\u1ec3 t\u1ea1o \u0111i\u1ec1u ki\u1ec7n c\u1ea3i thi\u1ec7n k\u1ebft qu\u1ea3 gi\u00e1o d\u1ee5c v\u00e0 x\u00e3 h\u1ed9i cho h\u1ecdc sinh.<\/li>\n<\/ul>\n<p><\/p>\n<p><\/p>\n<p>K\u1ec3 t\u1eeb n\u0103m 1997, Loreto Vietnam \u0111\u00e3 h\u1ed7 tr\u1ee3 g\u1ea7n<strong>\u00a030 tr\u01b0\u1eddng chuy\u00ean bi\u1ec7t v\u00e0 trung t\u00e2m gi\u00e1o d\u1ee5c h\u00f2a nh\u1eadp\u00a0<\/strong>ti\u1ebfp c\u1eadn h\u01a1n\u00a0<strong>4.000 h\u1ecdc sinh\u00a0<\/strong>v\u1edbi c\u00e1c d\u1ea1ng t\u1eadt kh\u00e1c nhau, bao g\u1ed3m h\u1ed9i ch\u1ee9ng down, b\u1ea1i n\u00e3o, t\u1ef1 k\u1ef7, khi\u1ebfm th\u00ednh v\u00e0 khi\u1ebfm th\u1ecb.<\/p>\n<p><\/p>\n<p><\/p>\n<p><\/p>\n<p><\/p>\n<p><\/p>\n<a rel=\"noopener noreferrer\" href=\"https:\/\/loretovietnam.org\/vi\/get-involved\/donate\/\" target=\"_blank\" class=\"button primary is-gloss is-large\"  >\n  <i class=\"icon-gift\" ><\/i>  <span>\u0110\u00f3ng g\u00f3p<\/span>\n  <\/a>\n\n\n<div class=\"video video-fit mb\" style=\"padding-top:60%;\"><iframe loading=\"lazy\" title=\"Tr\u01b0\u1eddng chuy\u00ean bi\u1ec7t B\u00ecnh Minh\" width=\"1020\" height=\"574\" src=\"https:\/\/www.youtube.com\/embed\/s9MEPWR74a4?feature=oembed\" frameborder=\"0\" allow=\"accelerometer; autoplay; encrypted-media; gyroscope; picture-in-picture\" allowfullscreen><\/iframe><\/div>\n\n<div class=\"row row-small\"  id=\"row-485442850\">\n\n<div class=\"col medium-4 small-12 large-4\"  ><div class=\"col-inner\"  >\n\n\t<div class=\"img has-hover x md-x lg-x y md-y lg-y\" id=\"image_304322837\">\n\t\t\t\t\t\t\t\t<div class=\"img-inner dark\" >\n\t\t\t<img loading=\"lazy\" decoding=\"async\" width=\"480\" height=\"360\" src=\"https:\/\/loretovietnam.org\/wp-content\/uploads\/2020\/07\/Inclusive-4.jpg\" class=\"attachment-large size-large\" alt=\"\" \/>\t\t\t\t\t\t\n\t\t\t\t\t<\/div>\n\t\t\t\t\t\t\t\t\n<style scope=\"scope\">\n\n#image_304322837 {\n  width: 100%;\n}\n<\/style>\n\t<\/div>\n\t\n\n\n<\/div><\/div>\n<div class=\"col medium-4 small-12 large-4\"  ><div class=\"col-inner\"  >\n\n\t<div class=\"img has-hover x md-x lg-x y md-y lg-y\" id=\"image_1809371417\">\n\t\t\t\t\t\t\t\t<div class=\"img-inner dark\" >\n\t\t\t<img loading=\"lazy\" decoding=\"async\" width=\"480\" height=\"360\" src=\"https:\/\/loretovietnam.org\/wp-content\/uploads\/2020\/07\/Inclusive-1.jpg\" class=\"attachment-large size-large\" alt=\"\" \/>\t\t\t\t\t\t\n\t\t\t\t\t<\/div>\n\t\t\t\t\t\t\t\t\n<style scope=\"scope\">\n\n#image_1809371417 {\n  width: 100%;\n}\n<\/style>\n\t<\/div>\n\t\n\n\n<\/div><\/div>\n<div class=\"col medium-4 small-12 large-4\"  ><div class=\"col-inner\"  >\n\n\t<div class=\"img has-hover x md-x lg-x y md-y lg-y\" id=\"image_1317624421\">\n\t\t\t\t\t\t\t\t<div class=\"img-inner dark\" >\n\t\t\t<img loading=\"lazy\" decoding=\"async\" width=\"480\" height=\"360\" src=\"https:\/\/loretovietnam.org\/wp-content\/uploads\/2020\/07\/Inclusive-3.jpg\" class=\"attachment-large size-large\" alt=\"\" \/>\t\t\t\t\t\t\n\t\t\t\t\t<\/div>\n\t\t\t\t\t\t\t\t\n<style scope=\"scope\">\n\n#image_1317624421 {\n  width: 100%;\n}\n<\/style>\n\t<\/div>\n\t\n\n\n<\/div><\/div>\n\n\n<style scope=\"scope\">\n\n<\/style>\n<\/div>","protected":false},"excerpt":{"rendered":"<p>C\u00e1c Ch\u01b0\u01a1ng Tr\u00ecnh Gi\u00e1o D\u1ee5c \u0110\u1eb7c Bi\u1ec7t C\u00e1c ch\u01b0\u01a1ng tr\u00ecnh gi\u00e1o d\u1ee5c \u0111\u1eb7c bi\u1ec7t c\u1ee7a Loreto Vi\u1ec7t Nam gi\u00fap t\u1ea1o ra v\u00e0 \u0111\u1ea3m b\u1ea3o kh\u1ea3 n\u0103ng ti\u1ebfp c\u1eadn c\u00f4ng b\u1eb1ng v\u1edbi n\u1ec1n gi\u00e1o d\u1ee5c ch\u1ea5t l\u01b0\u1ee3ng cho c\u00e1c h\u1ecdc sinh c\u00f3 nhu c\u1ea7u \u0111\u1eb7c bi\u1ec7t. Loreto Vi\u1ec7t Nam cam k\u1ebft \u0111\u1ea1t \u0111\u01b0\u1ee3c nh\u1eefng k\u1ebft qu\u1ea3 sau th\u00f4ng qua gi\u00e1o d\u1ee5c h\u00f2a nh\u1eadp: C\u00e1c ch\u01b0\u01a1ng tr\u00ecnh can thi\u1ec7p s\u1edbm hi\u1ec7u qu\u1ea3 \u0111\u01b0\u1ee3c kh\u1edfi x\u01b0\u1edbng v\u00e0 c\u1ee7ng c\u1ed1 th\u00f4ng qua vi\u1ec7c cung c\u1ea5p c\u00e1c thi\u1ebft b\u1ecb h\u1ed7 tr\u1ee3 d\u1ea1y v\u00e0 h\u1ecdc thi\u1ebft y\u1ebfu. Th\u00fac \u0111\u1ea9y ph\u00fac l\u1ee3i c\u1ee7a h\u1ecdc sinh bao g\u1ed3m s\u1ee9c kh\u1ecfe th\u1ec3 ch\u1ea5t, tr\u00ed tu\u1ec7 v\u00e0 tinh th\u1ea7n,\u2026<\/p>","protected":false},"author":1,"featured_media":0,"parent":1936,"menu_order":5,"comment_status":"closed","ping_status":"closed","template":"","meta":{"_exactmetrics_skip_tracking":false,"_exactmetrics_sitenote_active":false,"_exactmetrics_sitenote_note":"","_exactmetrics_sitenote_category":0,"footnotes":""},"class_list":["post-1533","page","type-page","status-publish","hentry"],"yoast_head":"<!-- This site is optimized with the Yoast SEO plugin v27.5 - https:\/\/yoast.com\/product\/yoast-seo-wordpress\/ -->\n<title>Inclusive Education Programs - Loreto Vietnam<\/title>\n<meta name=\"robots\" content=\"index, follow, max-snippet:-1, max-image-preview:large, max-video-preview:-1\" \/>\n<link rel=\"canonical\" href=\"https:\/\/loretovietnam.org\/vi\/our-work\/programs\/promoting-special-education\/inclusive-education-programs\/\" \/>\n<meta property=\"og:locale\" content=\"vi_VN\" \/>\n<meta property=\"og:type\" content=\"article\" \/>\n<meta property=\"og:title\" content=\"Inclusive Education Programs - Loreto Vietnam\" \/>\n<meta property=\"og:description\" content=\"Special Education Programs Loreto Vietnam\u2019s special education programs help create and ensure equitable access to quality education for students with special needs. Loreto Vietnam is committed to achieving the following outcomes through inclusive education: Effective early intervention programs\u00a0initiated and strengthened through providing essential teaching and learning aids. Promotion of student\u00a0wellbeing\u00a0including physical, intellectual and mental health,...\" \/>\n<meta property=\"og:url\" content=\"https:\/\/loretovietnam.org\/vi\/our-work\/programs\/promoting-special-education\/inclusive-education-programs\/\" \/>\n<meta property=\"og:site_name\" content=\"Loreto Vietnam\" \/>\n<meta property=\"article:modified_time\" content=\"2020-09-21T21:35:16+00:00\" \/>\n<meta property=\"og:image\" content=\"https:\/\/loretovietnam.org\/wp-content\/uploads\/2020\/07\/Inclusive-Feature-900x380-1.jpg\" \/>\n<meta name=\"twitter:card\" content=\"summary_large_image\" \/>\n<meta name=\"twitter:label1\" content=\"\u01af\u1edbc t\u00ednh th\u1eddi gian \u0111\u1ecdc\" \/>\n\t<meta name=\"twitter:data1\" content=\"1 ph\u00fat\" \/>\n<script type=\"application\/ld+json\" class=\"yoast-schema-graph\">{\"@context\":\"https:\\\/\\\/schema.org\",\"@graph\":[{\"@type\":\"WebPage\",\"@id\":\"https:\\\/\\\/loretovietnam.org\\\/our-work\\\/programs\\\/promoting-special-education\\\/inclusive-education-programs\\\/\",\"url\":\"https:\\\/\\\/loretovietnam.org\\\/our-work\\\/programs\\\/promoting-special-education\\\/inclusive-education-programs\\\/\",\"name\":\"Inclusive Education Programs - Loreto Vietnam\",\"isPartOf\":{\"@id\":\"https:\\\/\\\/loretovietnam.org\\\/#website\"},\"primaryImageOfPage\":{\"@id\":\"https:\\\/\\\/loretovietnam.org\\\/our-work\\\/programs\\\/promoting-special-education\\\/inclusive-education-programs\\\/#primaryimage\"},\"image\":{\"@id\":\"https:\\\/\\\/loretovietnam.org\\\/our-work\\\/programs\\\/promoting-special-education\\\/inclusive-education-programs\\\/#primaryimage\"},\"thumbnailUrl\":\"https:\\\/\\\/loretovietnam.org\\\/wp-content\\\/uploads\\\/2020\\\/07\\\/Inclusive-Feature-900x380-1.jpg\",\"datePublished\":\"2020-07-03T21:08:18+00:00\",\"dateModified\":\"2020-09-21T21:35:16+00:00\",\"breadcrumb\":{\"@id\":\"https:\\\/\\\/loretovietnam.org\\\/our-work\\\/programs\\\/promoting-special-education\\\/inclusive-education-programs\\\/#breadcrumb\"},\"inLanguage\":\"vi\",\"potentialAction\":[{\"@type\":\"ReadAction\",\"target\":[\"https:\\\/\\\/loretovietnam.org\\\/our-work\\\/programs\\\/promoting-special-education\\\/inclusive-education-programs\\\/\"]}]},{\"@type\":\"ImageObject\",\"inLanguage\":\"vi\",\"@id\":\"https:\\\/\\\/loretovietnam.org\\\/our-work\\\/programs\\\/promoting-special-education\\\/inclusive-education-programs\\\/#primaryimage\",\"url\":\"https:\\\/\\\/loretovietnam.org\\\/wp-content\\\/uploads\\\/2020\\\/07\\\/Inclusive-Feature-900x380-1.jpg\",\"contentUrl\":\"https:\\\/\\\/loretovietnam.org\\\/wp-content\\\/uploads\\\/2020\\\/07\\\/Inclusive-Feature-900x380-1.jpg\"},{\"@type\":\"BreadcrumbList\",\"@id\":\"https:\\\/\\\/loretovietnam.org\\\/our-work\\\/programs\\\/promoting-special-education\\\/inclusive-education-programs\\\/#breadcrumb\",\"itemListElement\":[{\"@type\":\"ListItem\",\"position\":1,\"name\":\"Home\",\"item\":\"https:\\\/\\\/loretovietnam.org\\\/\"},{\"@type\":\"ListItem\",\"position\":2,\"name\":\"Our Work\",\"item\":\"https:\\\/\\\/loretovietnam.org\\\/our-work\\\/\"},{\"@type\":\"ListItem\",\"position\":3,\"name\":\"Programs\",\"item\":\"https:\\\/\\\/loretovietnam.org\\\/our-work\\\/programs\\\/\"},{\"@type\":\"ListItem\",\"position\":4,\"name\":\"Promoting Special Education\",\"item\":\"https:\\\/\\\/loretovietnam.org\\\/our-work\\\/programs\\\/promoting-special-education\\\/\"},{\"@type\":\"ListItem\",\"position\":5,\"name\":\"Inclusive Education Programs\"}]},{\"@type\":\"WebSite\",\"@id\":\"https:\\\/\\\/loretovietnam.org\\\/#website\",\"url\":\"https:\\\/\\\/loretovietnam.org\\\/\",\"name\":\"Loreto Vietnam\",\"description\":\"\",\"potentialAction\":[{\"@type\":\"SearchAction\",\"target\":{\"@type\":\"EntryPoint\",\"urlTemplate\":\"https:\\\/\\\/loretovietnam.org\\\/?s={search_term_string}\"},\"query-input\":{\"@type\":\"PropertyValueSpecification\",\"valueRequired\":true,\"valueName\":\"search_term_string\"}}],\"inLanguage\":\"vi\"}]}<\/script>\n<!-- \/ Yoast SEO plugin. -->","yoast_head_json":{"title":"Inclusive Education Programs - Loreto Vietnam","robots":{"index":"index","follow":"follow","max-snippet":"max-snippet:-1","max-image-preview":"max-image-preview:large","max-video-preview":"max-video-preview:-1"},"canonical":"https:\/\/loretovietnam.org\/vi\/our-work\/programs\/promoting-special-education\/inclusive-education-programs\/","og_locale":"vi_VN","og_type":"article","og_title":"Inclusive Education Programs - Loreto Vietnam","og_description":"Special Education Programs Loreto Vietnam\u2019s special education programs help create and ensure equitable access to quality education for students with special needs. Loreto Vietnam is committed to achieving the following outcomes through inclusive education: Effective early intervention programs\u00a0initiated and strengthened through providing essential teaching and learning aids. Promotion of student\u00a0wellbeing\u00a0including physical, intellectual and mental health,...","og_url":"https:\/\/loretovietnam.org\/vi\/our-work\/programs\/promoting-special-education\/inclusive-education-programs\/","og_site_name":"Loreto Vietnam","article_modified_time":"2020-09-21T21:35:16+00:00","og_image":[{"url":"https:\/\/loretovietnam.org\/wp-content\/uploads\/2020\/07\/Inclusive-Feature-900x380-1.jpg","type":"","width":"","height":""}],"twitter_card":"summary_large_image","twitter_misc":{"\u01af\u1edbc t\u00ednh th\u1eddi gian \u0111\u1ecdc":"1 ph\u00fat"},"schema":{"@context":"https:\/\/schema.org","@graph":[{"@type":"WebPage","@id":"https:\/\/loretovietnam.org\/our-work\/programs\/promoting-special-education\/inclusive-education-programs\/","url":"https:\/\/loretovietnam.org\/our-work\/programs\/promoting-special-education\/inclusive-education-programs\/","name":"Inclusive Education Programs - Loreto Vietnam","isPartOf":{"@id":"https:\/\/loretovietnam.org\/#website"},"primaryImageOfPage":{"@id":"https:\/\/loretovietnam.org\/our-work\/programs\/promoting-special-education\/inclusive-education-programs\/#primaryimage"},"image":{"@id":"https:\/\/loretovietnam.org\/our-work\/programs\/promoting-special-education\/inclusive-education-programs\/#primaryimage"},"thumbnailUrl":"https:\/\/loretovietnam.org\/wp-content\/uploads\/2020\/07\/Inclusive-Feature-900x380-1.jpg","datePublished":"2020-07-03T21:08:18+00:00","dateModified":"2020-09-21T21:35:16+00:00","breadcrumb":{"@id":"https:\/\/loretovietnam.org\/our-work\/programs\/promoting-special-education\/inclusive-education-programs\/#breadcrumb"},"inLanguage":"vi","potentialAction":[{"@type":"ReadAction","target":["https:\/\/loretovietnam.org\/our-work\/programs\/promoting-special-education\/inclusive-education-programs\/"]}]},{"@type":"ImageObject","inLanguage":"vi","@id":"https:\/\/loretovietnam.org\/our-work\/programs\/promoting-special-education\/inclusive-education-programs\/#primaryimage","url":"https:\/\/loretovietnam.org\/wp-content\/uploads\/2020\/07\/Inclusive-Feature-900x380-1.jpg","contentUrl":"https:\/\/loretovietnam.org\/wp-content\/uploads\/2020\/07\/Inclusive-Feature-900x380-1.jpg"},{"@type":"BreadcrumbList","@id":"https:\/\/loretovietnam.org\/our-work\/programs\/promoting-special-education\/inclusive-education-programs\/#breadcrumb","itemListElement":[{"@type":"ListItem","position":1,"name":"Home","item":"https:\/\/loretovietnam.org\/"},{"@type":"ListItem","position":2,"name":"Our Work","item":"https:\/\/loretovietnam.org\/our-work\/"},{"@type":"ListItem","position":3,"name":"Programs","item":"https:\/\/loretovietnam.org\/our-work\/programs\/"},{"@type":"ListItem","position":4,"name":"Promoting Special Education","item":"https:\/\/loretovietnam.org\/our-work\/programs\/promoting-special-education\/"},{"@type":"ListItem","position":5,"name":"Inclusive Education Programs"}]},{"@type":"WebSite","@id":"https:\/\/loretovietnam.org\/#website","url":"https:\/\/loretovietnam.org\/","name":"Loreto Vietnam","description":"","potentialAction":[{"@type":"SearchAction","target":{"@type":"EntryPoint","urlTemplate":"https:\/\/loretovietnam.org\/?s={search_term_string}"},"query-input":{"@type":"PropertyValueSpecification","valueRequired":true,"valueName":"search_term_string"}}],"inLanguage":"vi"}]}},"_links":{"self":[{"href":"https:\/\/loretovietnam.org\/vi\/wp-json\/wp\/v2\/pages\/1533","targetHints":{"allow":["GET"]}}],"collection":[{"href":"https:\/\/loretovietnam.org\/vi\/wp-json\/wp\/v2\/pages"}],"about":[{"href":"https:\/\/loretovietnam.org\/vi\/wp-json\/wp\/v2\/types\/page"}],"author":[{"embeddable":true,"href":"https:\/\/loretovietnam.org\/vi\/wp-json\/wp\/v2\/users\/1"}],"replies":[{"embeddable":true,"href":"https:\/\/loretovietnam.org\/vi\/wp-json\/wp\/v2\/comments?post=1533"}],"version-history":[{"count":6,"href":"https:\/\/loretovietnam.org\/vi\/wp-json\/wp\/v2\/pages\/1533\/revisions"}],"predecessor-version":[{"id":2194,"href":"https:\/\/loretovietnam.org\/vi\/wp-json\/wp\/v2\/pages\/1533\/revisions\/2194"}],"up":[{"embeddable":true,"href":"https:\/\/loretovietnam.org\/vi\/wp-json\/wp\/v2\/pages\/1936"}],"wp:attachment":[{"href":"https:\/\/loretovietnam.org\/vi\/wp-json\/wp\/v2\/media?parent=1533"}],"curies":[{"name":"wp","href":"https:\/\/api.w.org\/{rel}","templated":true}]}}