{"id":1524,"date":"2020-07-04T03:53:01","date_gmt":"2020-07-03T20:53:01","guid":{"rendered":"https:\/\/loretovietnam.org\/?page_id=1524"},"modified":"2021-05-17T11:21:55","modified_gmt":"2021-05-17T04:21:55","slug":"toilet-block-improvement-and-health-education","status":"publish","type":"page","link":"https:\/\/loretovietnam.org\/vi\/our-work\/programs\/assessing-a-better-education\/toilet-block-improvement-and-health-education\/","title":{"rendered":"V\u1ec7 sinh tr\u01b0\u1eddng h\u1ecdc v\u00e0 Gi\u00e1o d\u1ee5c s\u1ee9c kh\u1ecfe"},"content":{"rendered":"<p><\/p>\n<figure class=\"wp-block-image size-large\"><img loading=\"lazy\" decoding=\"async\" class=\"alignnone wp-image-1525\" src=\"https:\/\/loretovietnam.org\/wp-content\/uploads\/2020\/07\/Toilet-Block-Feature-900x380-1.jpg\" alt=\"\" width=\"1050\" height=\"443\" srcset=\"https:\/\/loretovietnam.org\/wp-content\/uploads\/2020\/07\/Toilet-Block-Feature-900x380-1.jpg 900w, https:\/\/loretovietnam.org\/wp-content\/uploads\/2020\/07\/Toilet-Block-Feature-900x380-1-510x215.jpg 510w, https:\/\/loretovietnam.org\/wp-content\/uploads\/2020\/07\/Toilet-Block-Feature-900x380-1-768x324.jpg 768w\" sizes=\"auto, (max-width: 1050px) 100vw, 1050px\" \/><\/figure>\n<p><\/p>\n<p><\/p>\n<h1>V\u1ec7 sinh tr\u01b0\u1eddng h\u1ecdc v\u00e0 Gi\u00e1o d\u1ee5c s\u1ee9c kh\u1ecfe<\/h1>\n<p><\/p>\n<p><\/p>\n<p>T\u1ea5t c\u1ea3 tr\u1ebb em \u0111\u1ec1u c\u00f3 quy\u1ec1n ti\u1ebfp c\u1eadn ngu\u1ed3n n\u01b0\u1edbc s\u1ea1ch v\u00e0 c\u00e1c h\u1ec7 th\u1ed1ng v\u1ec7 sinh c\u01a1 b\u1ea3n. \u1ede c\u00e1c khu v\u1ef1c v\u00f9ng s\u00e2u v\u00f9ng xa c\u1ee7a Vi\u1ec7t Nam, nhi\u1ec1u tr\u1ebb em b\u1ecb h\u1ea1n ch\u1ebf ti\u1ebfp c\u1eadn v\u1edbi ngu\u1ed3n cung c\u1ea5p n\u01b0\u1edbc s\u1ea1ch, khi\u1ebfn c\u00e1c em d\u1ec5 m\u1eafc c\u00e1c b\u1ec7nh do v\u1ec7 sinh k\u00e9m g\u00e2y ra.<\/p>\n<p><\/p>\n<p><\/p>\n<p>\u0110\u1ec3 n\u00e2ng cao nh\u1eadn th\u1ee9c v\u00e0 c\u1ea3i thi\u1ec7n c\u00e1c ti\u00eau chu\u1ea9n v\u1ec7 sinh, Loreto Vietnam th\u1ef1c hi\u1ec7n c\u00e1c ch\u01b0\u01a1ng tr\u00ecnh gi\u00e1o d\u1ee5c s\u1ee9c kh\u1ecfe v\u1edbi c\u1ed9ng \u0111\u1ed3ng, nh\u00e0 tr\u01b0\u1eddng v\u00e0 x\u00e2y d\u1ef1ng c\u00e1c c\u00f4ng tr\u00ecnh nh\u00e0 v\u1ec7 sinh l\u00e1t g\u1ea1ch, d\u1ec5 d\u00e0ng lau d\u1ecdn, kh\u1eed tr\u00f9ng, b\u1ec3 ch\u1ee9a n\u01b0\u1edbc chung, khu v\u1ef1c ch\u1ee9a n\u01b0\u1edbc s\u1ea1ch ri\u00eang v\u00e0 b\u1ed3n r\u1eeda m\u1edbi cho h\u1ecdc sinh nam, n\u1eef v\u00e0 gi\u00e1o vi\u00ean.<\/p>\n<p><\/p>\n<p><\/p>\n<p>Nh\u1eb1m trang b\u1ecb ki\u1ebfn th\u1ee9c v\u1ec1 v\u1ec7 sinh, s\u1ee9c kh\u1ecfe v\u00e0 c\u00e1c th\u1ef1c h\u00e0nh v\u1ec7 sinh ph\u00f9 h\u1ee3p cho h\u1ecdc sinh, ch\u00fang t\u00f4i \u0111\u1eb7t nh\u1eefng h\u01b0\u1edbng d\u1eabn v\u00e0 \u00e1p ph\u00edch v\u1ec1 s\u1ee9c kh\u1ecfe ngay trong c\u00e1c d\u00e3y nh\u00e0 v\u1ec7 sinh m\u1edbi<\/p>\n<p><\/p>\n<p><\/p>\n<p>Ch\u1ec9 v\u1edbi kho\u1ea3n quy\u00ean g\u00f3p t\u1eeb $ 8.000 \u0111\u1ebfn $ 10.000, ch\u00fang ta c\u00f3 th\u1ec3 x\u00e2y d\u1ef1ng ho\u00e0n ch\u1ec9nh m\u1ed9t c\u00f4ng tr\u00ecnh nh\u00e0 v\u1ec7 sinh an to\u00e0n, s\u1ea1ch s\u1ebd, khang trang cho to\u00e0n b\u1ed9 h\u1ecdc sinh v\u00e0 gi\u00e1o vi\u00ean c\u1ee7a m\u1ed9t tr\u01b0\u1eddng h\u1ecdc kh\u00f3 kh\u0103n. K\u1ec3 t\u1eeb khi ch\u01b0\u01a1ng tr\u00ecnh\u00a0<strong>\u201cV\u1ec7 sinh Tr\u01b0\u1eddng h\u1ecdc v\u00e0 Gi\u00e1o d\u1ee5c S\u1ee9c kh\u1ecfe\u201d\u00a0<\/strong>ch\u01b0\u01a1ng tr\u00ecnh b\u1eaft \u0111\u1ea7u, ch\u00fang t\u00f4i \u0111\u00e3 x\u00e2y d\u1ef1ng <strong>23 kh\u1ed1i nh\u00e0 v\u1ec7 sinh m\u1edbi <\/strong><strong>v\u1edbi h\u1ec7 th\u1ed1ng n\u01b0\u1edbc s\u1ea1ch v\u00e0 h\u1ec7 th\u1ed1ng c\u1ed1ng an to\u00e0n<\/strong>, c\u1ea3i t\u1ea1o <strong>25 kh\u1ed1i nh\u00e0 v\u1ec7 sinh xu\u00f4\u0301ng c\u00e2\u0301p<\/strong> v\u00e0 \u0111\u00e0o t\u1ea1o <strong>18,000 sinh vi\u00ean<\/strong> v\u1edbi ki\u1ebfn th\u1ee9c v\u00e0 k\u1ef9 n\u0103ng v\u1ec1 ba\u0309o v\u00ea\u0323 va\u0300 n\u00e2ng cao s\u1ee9c kh\u1ecfe ho\u0323c \u0111\u01b0\u01a1\u0300ng.<\/p>\n<p><\/p>\n<p><\/p>\n<p><\/p>\n<p><\/p>\n<p><\/p>\n<a rel=\"noopener noreferrer\" href=\"https:\/\/loretovietnam.org\/vi\/get-involved\/donate\/\" target=\"_blank\" class=\"button primary is-gloss is-large\"  >\n  <i class=\"icon-gift\" ><\/i>  <span>\u0110\u00f3ng g\u00f3p<\/span>\n  <\/a>\n\n\n<div class=\"row row-small\"  id=\"row-1811401815\">\n\n<div class=\"col medium-6 small-12 large-6\"  ><div class=\"col-inner\"  >\n\n\t<div class=\"img has-hover x md-x lg-x y md-y lg-y\" id=\"image_196348546\">\n\t\t\t\t\t\t\t\t<div class=\"img-inner dark\" >\n\t\t\t<img loading=\"lazy\" decoding=\"async\" width=\"480\" height=\"360\" src=\"https:\/\/loretovietnam.org\/wp-content\/uploads\/2020\/07\/Health-1.jpg\" class=\"attachment-large size-large\" alt=\"\" \/>\t\t\t\t\t\t\n\t\t\t\t\t<\/div>\n\t\t\t\t\t\t\t\t\n<style scope=\"scope\">\n\n#image_196348546 {\n  width: 100%;\n}\n<\/style>\n\t<\/div>\n\t\n\n\n<\/div><\/div>\n<div class=\"col medium-6 small-12 large-6\"  ><div class=\"col-inner\"  >\n\n\t<div class=\"img has-hover x md-x lg-x y md-y lg-y\" id=\"image_1907431357\">\n\t\t\t\t\t\t\t\t<div class=\"img-inner dark\" >\n\t\t\t<img loading=\"lazy\" decoding=\"async\" width=\"480\" height=\"360\" src=\"https:\/\/loretovietnam.org\/wp-content\/uploads\/2020\/07\/Health-2-1.jpg\" class=\"attachment-large size-large\" alt=\"\" \/>\t\t\t\t\t\t\n\t\t\t\t\t<\/div>\n\t\t\t\t\t\t\t\t\n<style scope=\"scope\">\n\n#image_1907431357 {\n  width: 100%;\n}\n<\/style>\n\t<\/div>\n\t\n\n\n<\/div><\/div>\n\n\n<style scope=\"scope\">\n\n<\/style>\n<\/div>","protected":false},"excerpt":{"rendered":"<p>V\u1ec7 sinh tr\u01b0\u1eddng h\u1ecdc v\u00e0 Gi\u00e1o d\u1ee5c s\u1ee9c kh\u1ecfe Ti\u1ebfp c\u1eadn v\u1edbi n\u01b0\u1edbc s\u1ea1ch v\u00e0 \u0111i\u1ec1u ki\u1ec7n v\u1ec7 sinh c\u01a1 b\u1ea3n l\u00e0 quy\u1ec1n c\u1ee7a m\u1ecdi tr\u1ebb em. \u1ede c\u00e1c v\u00f9ng s\u00e2u v\u00f9ng xa c\u1ee7a Vi\u1ec7t Nam, nhi\u1ec1u tr\u1ebb em b\u1ecb h\u1ea1n ch\u1ebf ti\u1ebfp c\u1eadn v\u1edbi ngu\u1ed3n n\u01b0\u1edbc s\u1ea1ch, khi\u1ebfn c\u00e1c em d\u1ec5 m\u1eafc c\u00e1c b\u1ec7nh do v\u1ec7 sinh k\u00e9m. \u0110\u1ec3 n\u00e2ng cao nh\u1eadn th\u1ee9c v\u00e0 c\u1ea3i thi\u1ec7n c\u00e1c ti\u00eau chu\u1ea9n v\u1ec7 sinh, Loreto Vi\u1ec7t Nam th\u1ef1c hi\u1ec7n c\u00e1c ch\u01b0\u01a1ng tr\u00ecnh gi\u00e1o d\u1ee5c s\u1ee9c kh\u1ecfe v\u1edbi\u2026<\/p>","protected":false},"author":1,"featured_media":0,"parent":1934,"menu_order":4,"comment_status":"closed","ping_status":"closed","template":"","meta":{"_exactmetrics_skip_tracking":false,"_exactmetrics_sitenote_active":false,"_exactmetrics_sitenote_note":"","_exactmetrics_sitenote_category":0,"footnotes":""},"class_list":["post-1524","page","type-page","status-publish","hentry"],"yoast_head":"<!-- This site is optimized with the Yoast SEO plugin v27.6 - https:\/\/yoast.com\/product\/yoast-seo-wordpress\/ -->\n<title>School Sanitation and Health Education - Loreto Vietnam<\/title>\n<meta name=\"robots\" content=\"index, follow, max-snippet:-1, max-image-preview:large, max-video-preview:-1\" \/>\n<link rel=\"canonical\" href=\"https:\/\/loretovietnam.org\/vi\/our-work\/programs\/assessing-a-better-education\/toilet-block-improvement-and-health-education\/\" \/>\n<meta property=\"og:locale\" content=\"vi_VN\" \/>\n<meta property=\"og:type\" content=\"article\" \/>\n<meta property=\"og:title\" content=\"School Sanitation and Health Education - Loreto Vietnam\" \/>\n<meta property=\"og:description\" content=\"School Sanitation and Health Education Access to clean water and basic sanitation is the right of every child. In remote areas of Vietnam, many children have limited access to clean water supplies, making them vulnerable to diseases caused by poor hygiene. To raise awareness and improve sanitation standards, Loreto Vietnam runs health education programs with...\" \/>\n<meta property=\"og:url\" content=\"https:\/\/loretovietnam.org\/vi\/our-work\/programs\/assessing-a-better-education\/toilet-block-improvement-and-health-education\/\" \/>\n<meta property=\"og:site_name\" content=\"Loreto Vietnam\" \/>\n<meta property=\"article:modified_time\" content=\"2021-05-17T04:21:55+00:00\" \/>\n<meta property=\"og:image\" content=\"https:\/\/loretovietnam.org\/wp-content\/uploads\/2020\/07\/Toilet-Block-Feature-900x380-1.jpg\" \/>\n<meta name=\"twitter:card\" content=\"summary_large_image\" \/>\n<meta name=\"twitter:label1\" content=\"\u01af\u1edbc t\u00ednh th\u1eddi gian \u0111\u1ecdc\" \/>\n\t<meta name=\"twitter:data1\" content=\"1 ph\u00fat\" \/>\n<script type=\"application\/ld+json\" class=\"yoast-schema-graph\">{\"@context\":\"https:\\\/\\\/schema.org\",\"@graph\":[{\"@type\":\"WebPage\",\"@id\":\"https:\\\/\\\/loretovietnam.org\\\/our-work\\\/programs\\\/assessing-a-better-education\\\/toilet-block-improvement-and-health-education\\\/\",\"url\":\"https:\\\/\\\/loretovietnam.org\\\/our-work\\\/programs\\\/assessing-a-better-education\\\/toilet-block-improvement-and-health-education\\\/\",\"name\":\"School Sanitation and Health Education - Loreto Vietnam\",\"isPartOf\":{\"@id\":\"https:\\\/\\\/loretovietnam.org\\\/#website\"},\"primaryImageOfPage\":{\"@id\":\"https:\\\/\\\/loretovietnam.org\\\/our-work\\\/programs\\\/assessing-a-better-education\\\/toilet-block-improvement-and-health-education\\\/#primaryimage\"},\"image\":{\"@id\":\"https:\\\/\\\/loretovietnam.org\\\/our-work\\\/programs\\\/assessing-a-better-education\\\/toilet-block-improvement-and-health-education\\\/#primaryimage\"},\"thumbnailUrl\":\"https:\\\/\\\/loretovietnam.org\\\/wp-content\\\/uploads\\\/2020\\\/07\\\/Toilet-Block-Feature-900x380-1.jpg\",\"datePublished\":\"2020-07-03T20:53:01+00:00\",\"dateModified\":\"2021-05-17T04:21:55+00:00\",\"breadcrumb\":{\"@id\":\"https:\\\/\\\/loretovietnam.org\\\/our-work\\\/programs\\\/assessing-a-better-education\\\/toilet-block-improvement-and-health-education\\\/#breadcrumb\"},\"inLanguage\":\"vi\",\"potentialAction\":[{\"@type\":\"ReadAction\",\"target\":[\"https:\\\/\\\/loretovietnam.org\\\/our-work\\\/programs\\\/assessing-a-better-education\\\/toilet-block-improvement-and-health-education\\\/\"]}]},{\"@type\":\"ImageObject\",\"inLanguage\":\"vi\",\"@id\":\"https:\\\/\\\/loretovietnam.org\\\/our-work\\\/programs\\\/assessing-a-better-education\\\/toilet-block-improvement-and-health-education\\\/#primaryimage\",\"url\":\"https:\\\/\\\/loretovietnam.org\\\/wp-content\\\/uploads\\\/2020\\\/07\\\/Toilet-Block-Feature-900x380-1.jpg\",\"contentUrl\":\"https:\\\/\\\/loretovietnam.org\\\/wp-content\\\/uploads\\\/2020\\\/07\\\/Toilet-Block-Feature-900x380-1.jpg\"},{\"@type\":\"BreadcrumbList\",\"@id\":\"https:\\\/\\\/loretovietnam.org\\\/our-work\\\/programs\\\/assessing-a-better-education\\\/toilet-block-improvement-and-health-education\\\/#breadcrumb\",\"itemListElement\":[{\"@type\":\"ListItem\",\"position\":1,\"name\":\"Home\",\"item\":\"https:\\\/\\\/loretovietnam.org\\\/\"},{\"@type\":\"ListItem\",\"position\":2,\"name\":\"Our Work\",\"item\":\"https:\\\/\\\/loretovietnam.org\\\/our-work\\\/\"},{\"@type\":\"ListItem\",\"position\":3,\"name\":\"Programs\",\"item\":\"https:\\\/\\\/loretovietnam.org\\\/our-work\\\/programs\\\/\"},{\"@type\":\"ListItem\",\"position\":4,\"name\":\"Accessing a Better Education\",\"item\":\"https:\\\/\\\/loretovietnam.org\\\/our-work\\\/programs\\\/assessing-a-better-education\\\/\"},{\"@type\":\"ListItem\",\"position\":5,\"name\":\"School Sanitation and Health Education\"}]},{\"@type\":\"WebSite\",\"@id\":\"https:\\\/\\\/loretovietnam.org\\\/#website\",\"url\":\"https:\\\/\\\/loretovietnam.org\\\/\",\"name\":\"Loreto Vietnam\",\"description\":\"\",\"potentialAction\":[{\"@type\":\"SearchAction\",\"target\":{\"@type\":\"EntryPoint\",\"urlTemplate\":\"https:\\\/\\\/loretovietnam.org\\\/?s={search_term_string}\"},\"query-input\":{\"@type\":\"PropertyValueSpecification\",\"valueRequired\":true,\"valueName\":\"search_term_string\"}}],\"inLanguage\":\"vi\"}]}<\/script>\n<!-- \/ Yoast SEO plugin. -->","yoast_head_json":{"title":"School Sanitation and Health Education - Loreto Vietnam","robots":{"index":"index","follow":"follow","max-snippet":"max-snippet:-1","max-image-preview":"max-image-preview:large","max-video-preview":"max-video-preview:-1"},"canonical":"https:\/\/loretovietnam.org\/vi\/our-work\/programs\/assessing-a-better-education\/toilet-block-improvement-and-health-education\/","og_locale":"vi_VN","og_type":"article","og_title":"School Sanitation and Health Education - Loreto Vietnam","og_description":"School Sanitation and Health Education Access to clean water and basic sanitation is the right of every child. In remote areas of Vietnam, many children have limited access to clean water supplies, making them vulnerable to diseases caused by poor hygiene. To raise awareness and improve sanitation standards, Loreto Vietnam runs health education programs with...","og_url":"https:\/\/loretovietnam.org\/vi\/our-work\/programs\/assessing-a-better-education\/toilet-block-improvement-and-health-education\/","og_site_name":"Loreto Vietnam","article_modified_time":"2021-05-17T04:21:55+00:00","og_image":[{"url":"https:\/\/loretovietnam.org\/wp-content\/uploads\/2020\/07\/Toilet-Block-Feature-900x380-1.jpg","type":"","width":"","height":""}],"twitter_card":"summary_large_image","twitter_misc":{"\u01af\u1edbc t\u00ednh th\u1eddi gian \u0111\u1ecdc":"1 ph\u00fat"},"schema":{"@context":"https:\/\/schema.org","@graph":[{"@type":"WebPage","@id":"https:\/\/loretovietnam.org\/our-work\/programs\/assessing-a-better-education\/toilet-block-improvement-and-health-education\/","url":"https:\/\/loretovietnam.org\/our-work\/programs\/assessing-a-better-education\/toilet-block-improvement-and-health-education\/","name":"School Sanitation and Health Education - Loreto Vietnam","isPartOf":{"@id":"https:\/\/loretovietnam.org\/#website"},"primaryImageOfPage":{"@id":"https:\/\/loretovietnam.org\/our-work\/programs\/assessing-a-better-education\/toilet-block-improvement-and-health-education\/#primaryimage"},"image":{"@id":"https:\/\/loretovietnam.org\/our-work\/programs\/assessing-a-better-education\/toilet-block-improvement-and-health-education\/#primaryimage"},"thumbnailUrl":"https:\/\/loretovietnam.org\/wp-content\/uploads\/2020\/07\/Toilet-Block-Feature-900x380-1.jpg","datePublished":"2020-07-03T20:53:01+00:00","dateModified":"2021-05-17T04:21:55+00:00","breadcrumb":{"@id":"https:\/\/loretovietnam.org\/our-work\/programs\/assessing-a-better-education\/toilet-block-improvement-and-health-education\/#breadcrumb"},"inLanguage":"vi","potentialAction":[{"@type":"ReadAction","target":["https:\/\/loretovietnam.org\/our-work\/programs\/assessing-a-better-education\/toilet-block-improvement-and-health-education\/"]}]},{"@type":"ImageObject","inLanguage":"vi","@id":"https:\/\/loretovietnam.org\/our-work\/programs\/assessing-a-better-education\/toilet-block-improvement-and-health-education\/#primaryimage","url":"https:\/\/loretovietnam.org\/wp-content\/uploads\/2020\/07\/Toilet-Block-Feature-900x380-1.jpg","contentUrl":"https:\/\/loretovietnam.org\/wp-content\/uploads\/2020\/07\/Toilet-Block-Feature-900x380-1.jpg"},{"@type":"BreadcrumbList","@id":"https:\/\/loretovietnam.org\/our-work\/programs\/assessing-a-better-education\/toilet-block-improvement-and-health-education\/#breadcrumb","itemListElement":[{"@type":"ListItem","position":1,"name":"Home","item":"https:\/\/loretovietnam.org\/"},{"@type":"ListItem","position":2,"name":"Our Work","item":"https:\/\/loretovietnam.org\/our-work\/"},{"@type":"ListItem","position":3,"name":"Programs","item":"https:\/\/loretovietnam.org\/our-work\/programs\/"},{"@type":"ListItem","position":4,"name":"Accessing a Better Education","item":"https:\/\/loretovietnam.org\/our-work\/programs\/assessing-a-better-education\/"},{"@type":"ListItem","position":5,"name":"School Sanitation and Health Education"}]},{"@type":"WebSite","@id":"https:\/\/loretovietnam.org\/#website","url":"https:\/\/loretovietnam.org\/","name":"Loreto Vietnam","description":"","potentialAction":[{"@type":"SearchAction","target":{"@type":"EntryPoint","urlTemplate":"https:\/\/loretovietnam.org\/?s={search_term_string}"},"query-input":{"@type":"PropertyValueSpecification","valueRequired":true,"valueName":"search_term_string"}}],"inLanguage":"vi"}]}},"_links":{"self":[{"href":"https:\/\/loretovietnam.org\/vi\/wp-json\/wp\/v2\/pages\/1524","targetHints":{"allow":["GET"]}}],"collection":[{"href":"https:\/\/loretovietnam.org\/vi\/wp-json\/wp\/v2\/pages"}],"about":[{"href":"https:\/\/loretovietnam.org\/vi\/wp-json\/wp\/v2\/types\/page"}],"author":[{"embeddable":true,"href":"https:\/\/loretovietnam.org\/vi\/wp-json\/wp\/v2\/users\/1"}],"replies":[{"embeddable":true,"href":"https:\/\/loretovietnam.org\/vi\/wp-json\/wp\/v2\/comments?post=1524"}],"version-history":[{"count":9,"href":"https:\/\/loretovietnam.org\/vi\/wp-json\/wp\/v2\/pages\/1524\/revisions"}],"predecessor-version":[{"id":2305,"href":"https:\/\/loretovietnam.org\/vi\/wp-json\/wp\/v2\/pages\/1524\/revisions\/2305"}],"up":[{"embeddable":true,"href":"https:\/\/loretovietnam.org\/vi\/wp-json\/wp\/v2\/pages\/1934"}],"wp:attachment":[{"href":"https:\/\/loretovietnam.org\/vi\/wp-json\/wp\/v2\/media?parent=1524"}],"curies":[{"name":"wp","href":"https:\/\/api.w.org\/{rel}","templated":true}]}}