{"id":1496,"date":"2020-07-02T11:10:35","date_gmt":"2020-07-02T04:10:35","guid":{"rendered":"https:\/\/loretovietnam.org\/?page_id=1496"},"modified":"2020-09-19T15:31:55","modified_gmt":"2020-09-19T08:31:55","slug":"computers-for-education","status":"publish","type":"page","link":"https:\/\/loretovietnam.org\/vi\/our-work\/programs\/improving-educational-outcomes\/computers-for-education\/","title":{"rendered":"Ph\u00f2ng m\u00e1y t\u00ednh cho em"},"content":{"rendered":"<p><\/p>\n<figure class=\"wp-block-image size-large\"><img loading=\"lazy\" decoding=\"async\" width=\"1050\" height=\"443\" class=\"wp-image-1498\" src=\"https:\/\/loretovietnam.org\/wp-content\/uploads\/2020\/07\/IMG_0310-1.jpg\" alt=\"\" srcset=\"https:\/\/loretovietnam.org\/wp-content\/uploads\/2020\/07\/IMG_0310-1.jpg 1050w, https:\/\/loretovietnam.org\/wp-content\/uploads\/2020\/07\/IMG_0310-1-1024x432.jpg 1024w, https:\/\/loretovietnam.org\/wp-content\/uploads\/2020\/07\/IMG_0310-1-510x215.jpg 510w, https:\/\/loretovietnam.org\/wp-content\/uploads\/2020\/07\/IMG_0310-1-768x324.jpg 768w\" sizes=\"auto, (max-width: 1050px) 100vw, 1050px\" \/><\/figure>\n<p><\/p>\n<p><\/p>\n<h1>Ph\u00f2ng m\u00e1y t\u00ednh cho em<\/h1>\n<p>Hi\u1ec7n \u1edf Vi\u1ec7t Nam c\u00f3 kho\u1ea3ng 54,7 tri\u1ec7u ng\u01b0\u1eddi d\u00f9ng Internet. Con s\u1ed1 n\u00e0y \u0111\u01b0\u1ee3c d\u1ef1 b\u00e1o s\u1ebd \u0111\u1ea1t 75,7 tri\u1ec7u v\u00e0o n\u0103m 2023 (ngu\u1ed3n: Statista 2018). Vi\u1ec7c chia s\u1ebb th\u00f4ng tin v\u00e0 ki\u1ebfn th\u1ee9c tr\u1ef1c tuy\u1ebfn l\u00e0m cho Internet tr\u1edf th\u00e0nh m\u1ed9t trong nh\u1eefng k\u00eanh h\u1ecdc t\u1eadp phong ph\u00fa nh\u1ea5t cho h\u1ecdc sinh v\u00e0 tr\u01b0\u1eddng h\u1ecdc. Do \u0111\u00f3, tr\u00ecnh \u0111\u1ed9 tin h\u1ecdc v\u00e0 k\u1ef9 n\u0103ng tr\u1ef1c tuy\u1ebfn l\u00e0 r\u1ea5t c\u1ea7n thi\u1ebft cho gi\u00e1o d\u1ee5c. Tuy nhi\u00ean, kh\u00f4ng ph\u1ea3i h\u1ecdc sinh n\u00e0o \u1edf Vi\u1ec7t Nam c\u0169ng c\u00f3 c\u01a1 h\u1ed9i b\u00ecnh \u0111\u1eb3ng \u0111\u1ec3 ti\u1ebfp c\u1eadn c\u00e1c ngu\u1ed3n l\u1ef1c n\u00e0y.<\/p>\n<p>\u1ede khu v\u1ef1c \u0110\u1ed3ng b\u1eb1ng s\u00f4ng C\u1eedu Long c\u1ee7a Vi\u1ec7t Nam v\u00e0 c\u00e1c v\u00f9ng bi\u00ean gi\u1edbi b\u1ecb c\u00f4 l\u1eadp b\u1edfi \u0111\u01b0\u1eddng th\u1ee7y, m\u1ed9t b\u1ed9 ph\u1eadn l\u1edbn d\u00e2n c\u01b0 c\u00f2n ngh\u00e8o \u0111\u00f3i, ph\u1ea3i v\u1eadt l\u1ed9n \u0111\u1ec3 ki\u1ebfm s\u1ed1ng. Nhi\u1ec1u tr\u01b0\u1eddng ti\u1ec3u h\u1ecdc thi\u1ebfu ngu\u1ed3n l\u1ef1c v\u00e0 h\u1ecdc sinh kh\u00f4ng th\u1ec3 truy c\u1eadp Internet t\u1eeb xa.<\/p>\n<p><strong>D\u1ef1 \u00e1n \u201cPh\u00f2ng m\u00e1y cho em\u201d<\/strong> nh\u1eb1m h\u1ed7 tr\u1ee3 c\u00e1c h\u1ecdc sinh c\u00f3 ho\u00e0n c\u1ea3nh kh\u00f3 kh\u0103n v\u00e0 c\u00e1c gi\u00e1o vi\u00ean \u0111\u1ecba ph\u01b0\u01a1ng s\u1eed d\u1ee5ng c\u00e1c ngu\u1ed3n t\u00e0i nguy\u00ean tr\u1ef1c tuy\u1ebfn \u0111\u1ec3 gi\u1ea3ng d\u1ea1y. D\u1ef1 \u00e1n gi\u00fap t\u0103ng c\u01b0\u1eddng kh\u1ea3 n\u0103ng ti\u1ebfp c\u1eadn s\u1edbm v\u1edbi n\u1ec1n t\u1ea3ng gi\u00e1o d\u1ee5c v\u00e0 t\u00e0i nguy\u00ean c\u00f4ng ngh\u1ec7 th\u00f4ng tin, \u0111\u1eb7c bi\u1ec7t h\u01b0\u1edbng \u0111\u1ebfn h\u1ecdc sinh nh\u1ecf tu\u1ed5i nh\u1eb1m t\u1ea1o m\u1ed9t n\u1ec1n t\u1ea3ng v\u1eefng ch\u1eafc \u0111\u1ec3 c\u00e1c em ti\u1ebfp t\u1ee5c h\u1ecdc l\u00ean cao.<\/p>\n<p>Ch\u1ec9 v\u1edbi kho\u1ea3n \u0111\u00f3ng g\u00f3p $ 400 cho m\u1ed9t b\u1ed9 m\u00e1y t\u00ednh h\u1ecdc \u0111\u01b0\u1eddng v\u00e0 t\u1ed5ng $ 12.000 - $ 20.000 \u0111\u1ec3 t\u00e0i tr\u1ee3 cho to\u00e0n b\u1ed9 ph\u00f2ng m\u00e1y t\u00ednh.<\/p>\n<p>Cho \u0111\u1ebfn nay, ch\u00fang t\u00f4i \u0111\u00e3 nh\u1eadn \u0111\u01b0\u1ee3c s\u1ef1 chung tay r\u1ed9ng r\u00e3i t\u1eeb c\u00e1c \u0111\u1ed1i t\u00e1c c\u1ee7a d\u1ef1 \u00e1n, gi\u00fap x\u00e2y d\u1ef1ng v\u00e0 trang b\u1ecb \u0111\u1ea7y \u0111\u1ee7 <strong>19 ph\u00f2ng m\u00e1y t\u00ednh<\/strong> t\u1ea1i khu v\u1ef1c \u0111\u1ed3ng b\u1eb1ng s\u00f4ng C\u1eedu Long, v\u00e0 <strong>12.000 h\u1ecdc sinh<\/strong> \u0111\u01b0\u1ee3c \u0111\u00e0o t\u1ea1o v\u1ec1 k\u1ef9 n\u0103ng m\u00e1y t\u00ednh k\u1ec3 t\u1eeb khi b\u1eaft \u0111\u1ea7u d\u1ef1 \u00e1n.<\/p>\n<p><\/p>\n<a rel=\"noopener noreferrer\" href=\"https:\/\/loretovietnam.org\/vi\/get-involved\/donate\/\" target=\"_blank\" class=\"button primary is-gloss is-large\"  >\n  <i class=\"icon-gift\" ><\/i>  <span>\u0110\u00f3ng g\u00f3p<\/span>\n  <\/a>\n\n\n<div class=\"row row-small\"  id=\"row-513207052\">\n\n<div class=\"col medium-4 small-12 large-4\"  ><div class=\"col-inner\"  >\n\n\t<div class=\"img has-hover x md-x lg-x y md-y lg-y\" id=\"image_67944840\">\n\t\t\t\t\t\t\t\t<div class=\"img-inner dark\" >\n\t\t\t<img loading=\"lazy\" decoding=\"async\" width=\"480\" height=\"360\" src=\"https:\/\/loretovietnam.org\/wp-content\/uploads\/2020\/07\/Computers-4-1.jpg\" class=\"attachment-large size-large\" alt=\"\" \/>\t\t\t\t\t\t\n\t\t\t\t\t<\/div>\n\t\t\t\t\t\t\t\t\n<style scope=\"scope\">\n\n#image_67944840 {\n  width: 100%;\n}\n<\/style>\n\t<\/div>\n\t\n\n\n<\/div><\/div>\n<div class=\"col medium-4 small-12 large-4\"  ><div class=\"col-inner\"  >\n\n\t<div class=\"img has-hover x md-x lg-x y md-y lg-y\" id=\"image_1602351301\">\n\t\t\t\t\t\t\t\t<div class=\"img-inner dark\" >\n\t\t\t<img loading=\"lazy\" decoding=\"async\" width=\"480\" height=\"360\" src=\"https:\/\/loretovietnam.org\/wp-content\/uploads\/2020\/07\/Computers-3-1.jpg\" class=\"attachment-large size-large\" alt=\"\" \/>\t\t\t\t\t\t\n\t\t\t\t\t<\/div>\n\t\t\t\t\t\t\t\t\n<style scope=\"scope\">\n\n#image_1602351301 {\n  width: 100%;\n}\n<\/style>\n\t<\/div>\n\t\n\n\n<\/div><\/div>\n<div class=\"col medium-4 small-12 large-4\"  ><div class=\"col-inner\"  >\n\n\t<div class=\"img has-hover x md-x lg-x y md-y lg-y\" id=\"image_965567303\">\n\t\t\t\t\t\t\t\t<div class=\"img-inner dark\" >\n\t\t\t<img loading=\"lazy\" decoding=\"async\" width=\"480\" height=\"360\" src=\"https:\/\/loretovietnam.org\/wp-content\/uploads\/2020\/07\/Computers-1-1.jpg\" class=\"attachment-large size-large\" alt=\"\" \/>\t\t\t\t\t\t\n\t\t\t\t\t<\/div>\n\t\t\t\t\t\t\t\t\n<style scope=\"scope\">\n\n#image_965567303 {\n  width: 100%;\n}\n<\/style>\n\t<\/div>\n\t\n\n\n<\/div><\/div>\n\n\n<style scope=\"scope\">\n\n<\/style>\n<\/div>","protected":false},"excerpt":{"rendered":"<p>M\u00e1y t\u00ednh cho gi\u00e1o d\u1ee5c Hi\u1ec7n nay \u1edf Vi\u1ec7t Nam c\u00f3 kho\u1ea3ng 54,7 tri\u1ec7u ng\u01b0\u1eddi s\u1eed d\u1ee5ng Internet. Con s\u1ed1 n\u00e0y \u0111\u01b0\u1ee3c d\u1ef1 b\u00e1o s\u1ebd \u0111\u1ea1t 75,7 tri\u1ec7u v\u00e0o n\u0103m 2023 (Statista 2018). Vi\u1ec7c chia s\u1ebb th\u00f4ng tin v\u00e0 ki\u1ebfn th\u1ee9c tr\u1ef1c tuy\u1ebfn l\u00e0m cho Internet tr\u1edf th\u00e0nh m\u1ed9t trong nh\u1eefng ngu\u1ed3n h\u1ecdc t\u1eadp phong ph\u00fa nh\u1ea5t cho h\u1ecdc sinh v\u00e0 tr\u01b0\u1eddng h\u1ecdc. Do \u0111\u00f3, tr\u00ecnh \u0111\u1ed9 tin h\u1ecdc v\u00e0 k\u1ef9 n\u0103ng tr\u1ef1c tuy\u1ebfn l\u00e0 \u0111i\u1ec1u c\u1ea7n thi\u1ebft cho\u2026<\/p>","protected":false},"author":1,"featured_media":0,"parent":1938,"menu_order":3,"comment_status":"closed","ping_status":"closed","template":"","meta":{"_exactmetrics_skip_tracking":false,"_exactmetrics_sitenote_active":false,"_exactmetrics_sitenote_note":"","_exactmetrics_sitenote_category":0,"footnotes":""},"class_list":["post-1496","page","type-page","status-publish","hentry"],"yoast_head":"<!-- This site is optimized with the Yoast SEO plugin v27.5 - https:\/\/yoast.com\/product\/yoast-seo-wordpress\/ -->\n<title>Computers for Education - Loreto Vietnam<\/title>\n<meta name=\"robots\" content=\"index, follow, max-snippet:-1, max-image-preview:large, max-video-preview:-1\" \/>\n<link rel=\"canonical\" href=\"https:\/\/loretovietnam.org\/vi\/our-work\/programs\/improving-educational-outcomes\/computers-for-education\/\" \/>\n<meta property=\"og:locale\" content=\"vi_VN\" \/>\n<meta property=\"og:type\" content=\"article\" \/>\n<meta property=\"og:title\" content=\"Computers for Education - Loreto Vietnam\" \/>\n<meta property=\"og:description\" content=\"Computers for Education Currently in Vietnam there are approximately 54.7 million Internet users. This number is forecast to reach 75.7 million by 2023 (Statista 2018). The sharing of information and knowledge online makes the Internet one of the richest sources of learning for students and schools. Computer literacy and online skills are therefore essential for...\" \/>\n<meta property=\"og:url\" content=\"https:\/\/loretovietnam.org\/vi\/our-work\/programs\/improving-educational-outcomes\/computers-for-education\/\" \/>\n<meta property=\"og:site_name\" content=\"Loreto Vietnam\" \/>\n<meta property=\"article:modified_time\" content=\"2020-09-19T08:31:55+00:00\" \/>\n<meta property=\"og:image\" content=\"https:\/\/loretovietnam.org\/wp-content\/uploads\/2020\/07\/IMG_0310-1.jpg\" \/>\n<meta name=\"twitter:card\" content=\"summary_large_image\" \/>\n<meta name=\"twitter:label1\" content=\"\u01af\u1edbc t\u00ednh th\u1eddi gian \u0111\u1ecdc\" \/>\n\t<meta name=\"twitter:data1\" content=\"1 ph\u00fat\" \/>\n<script type=\"application\/ld+json\" class=\"yoast-schema-graph\">{\"@context\":\"https:\\\/\\\/schema.org\",\"@graph\":[{\"@type\":\"WebPage\",\"@id\":\"https:\\\/\\\/loretovietnam.org\\\/our-work\\\/programs\\\/improving-educational-outcomes\\\/computers-for-education\\\/\",\"url\":\"https:\\\/\\\/loretovietnam.org\\\/our-work\\\/programs\\\/improving-educational-outcomes\\\/computers-for-education\\\/\",\"name\":\"Computers for Education - Loreto Vietnam\",\"isPartOf\":{\"@id\":\"https:\\\/\\\/loretovietnam.org\\\/#website\"},\"primaryImageOfPage\":{\"@id\":\"https:\\\/\\\/loretovietnam.org\\\/our-work\\\/programs\\\/improving-educational-outcomes\\\/computers-for-education\\\/#primaryimage\"},\"image\":{\"@id\":\"https:\\\/\\\/loretovietnam.org\\\/our-work\\\/programs\\\/improving-educational-outcomes\\\/computers-for-education\\\/#primaryimage\"},\"thumbnailUrl\":\"https:\\\/\\\/loretovietnam.org\\\/wp-content\\\/uploads\\\/2020\\\/07\\\/IMG_0310-1.jpg\",\"datePublished\":\"2020-07-02T04:10:35+00:00\",\"dateModified\":\"2020-09-19T08:31:55+00:00\",\"breadcrumb\":{\"@id\":\"https:\\\/\\\/loretovietnam.org\\\/our-work\\\/programs\\\/improving-educational-outcomes\\\/computers-for-education\\\/#breadcrumb\"},\"inLanguage\":\"vi\",\"potentialAction\":[{\"@type\":\"ReadAction\",\"target\":[\"https:\\\/\\\/loretovietnam.org\\\/our-work\\\/programs\\\/improving-educational-outcomes\\\/computers-for-education\\\/\"]}]},{\"@type\":\"ImageObject\",\"inLanguage\":\"vi\",\"@id\":\"https:\\\/\\\/loretovietnam.org\\\/our-work\\\/programs\\\/improving-educational-outcomes\\\/computers-for-education\\\/#primaryimage\",\"url\":\"https:\\\/\\\/loretovietnam.org\\\/wp-content\\\/uploads\\\/2020\\\/07\\\/IMG_0310-1.jpg\",\"contentUrl\":\"https:\\\/\\\/loretovietnam.org\\\/wp-content\\\/uploads\\\/2020\\\/07\\\/IMG_0310-1.jpg\"},{\"@type\":\"BreadcrumbList\",\"@id\":\"https:\\\/\\\/loretovietnam.org\\\/our-work\\\/programs\\\/improving-educational-outcomes\\\/computers-for-education\\\/#breadcrumb\",\"itemListElement\":[{\"@type\":\"ListItem\",\"position\":1,\"name\":\"Home\",\"item\":\"https:\\\/\\\/loretovietnam.org\\\/\"},{\"@type\":\"ListItem\",\"position\":2,\"name\":\"Our Work\",\"item\":\"https:\\\/\\\/loretovietnam.org\\\/our-work\\\/\"},{\"@type\":\"ListItem\",\"position\":3,\"name\":\"Programs\",\"item\":\"https:\\\/\\\/loretovietnam.org\\\/our-work\\\/programs\\\/\"},{\"@type\":\"ListItem\",\"position\":4,\"name\":\"Improving Educational Outcomes\",\"item\":\"https:\\\/\\\/loretovietnam.org\\\/our-work\\\/programs\\\/improving-educational-outcomes\\\/\"},{\"@type\":\"ListItem\",\"position\":5,\"name\":\"Computers for Education\"}]},{\"@type\":\"WebSite\",\"@id\":\"https:\\\/\\\/loretovietnam.org\\\/#website\",\"url\":\"https:\\\/\\\/loretovietnam.org\\\/\",\"name\":\"Loreto Vietnam\",\"description\":\"\",\"potentialAction\":[{\"@type\":\"SearchAction\",\"target\":{\"@type\":\"EntryPoint\",\"urlTemplate\":\"https:\\\/\\\/loretovietnam.org\\\/?s={search_term_string}\"},\"query-input\":{\"@type\":\"PropertyValueSpecification\",\"valueRequired\":true,\"valueName\":\"search_term_string\"}}],\"inLanguage\":\"vi\"}]}<\/script>\n<!-- \/ Yoast SEO plugin. -->","yoast_head_json":{"title":"Computers for Education - Loreto Vietnam","robots":{"index":"index","follow":"follow","max-snippet":"max-snippet:-1","max-image-preview":"max-image-preview:large","max-video-preview":"max-video-preview:-1"},"canonical":"https:\/\/loretovietnam.org\/vi\/our-work\/programs\/improving-educational-outcomes\/computers-for-education\/","og_locale":"vi_VN","og_type":"article","og_title":"Computers for Education - Loreto Vietnam","og_description":"Computers for Education Currently in Vietnam there are approximately 54.7 million Internet users. This number is forecast to reach 75.7 million by 2023 (Statista 2018). The sharing of information and knowledge online makes the Internet one of the richest sources of learning for students and schools. Computer literacy and online skills are therefore essential for...","og_url":"https:\/\/loretovietnam.org\/vi\/our-work\/programs\/improving-educational-outcomes\/computers-for-education\/","og_site_name":"Loreto Vietnam","article_modified_time":"2020-09-19T08:31:55+00:00","og_image":[{"url":"https:\/\/loretovietnam.org\/wp-content\/uploads\/2020\/07\/IMG_0310-1.jpg","type":"","width":"","height":""}],"twitter_card":"summary_large_image","twitter_misc":{"\u01af\u1edbc t\u00ednh th\u1eddi gian \u0111\u1ecdc":"1 ph\u00fat"},"schema":{"@context":"https:\/\/schema.org","@graph":[{"@type":"WebPage","@id":"https:\/\/loretovietnam.org\/our-work\/programs\/improving-educational-outcomes\/computers-for-education\/","url":"https:\/\/loretovietnam.org\/our-work\/programs\/improving-educational-outcomes\/computers-for-education\/","name":"Computers for Education - Loreto Vietnam","isPartOf":{"@id":"https:\/\/loretovietnam.org\/#website"},"primaryImageOfPage":{"@id":"https:\/\/loretovietnam.org\/our-work\/programs\/improving-educational-outcomes\/computers-for-education\/#primaryimage"},"image":{"@id":"https:\/\/loretovietnam.org\/our-work\/programs\/improving-educational-outcomes\/computers-for-education\/#primaryimage"},"thumbnailUrl":"https:\/\/loretovietnam.org\/wp-content\/uploads\/2020\/07\/IMG_0310-1.jpg","datePublished":"2020-07-02T04:10:35+00:00","dateModified":"2020-09-19T08:31:55+00:00","breadcrumb":{"@id":"https:\/\/loretovietnam.org\/our-work\/programs\/improving-educational-outcomes\/computers-for-education\/#breadcrumb"},"inLanguage":"vi","potentialAction":[{"@type":"ReadAction","target":["https:\/\/loretovietnam.org\/our-work\/programs\/improving-educational-outcomes\/computers-for-education\/"]}]},{"@type":"ImageObject","inLanguage":"vi","@id":"https:\/\/loretovietnam.org\/our-work\/programs\/improving-educational-outcomes\/computers-for-education\/#primaryimage","url":"https:\/\/loretovietnam.org\/wp-content\/uploads\/2020\/07\/IMG_0310-1.jpg","contentUrl":"https:\/\/loretovietnam.org\/wp-content\/uploads\/2020\/07\/IMG_0310-1.jpg"},{"@type":"BreadcrumbList","@id":"https:\/\/loretovietnam.org\/our-work\/programs\/improving-educational-outcomes\/computers-for-education\/#breadcrumb","itemListElement":[{"@type":"ListItem","position":1,"name":"Home","item":"https:\/\/loretovietnam.org\/"},{"@type":"ListItem","position":2,"name":"Our Work","item":"https:\/\/loretovietnam.org\/our-work\/"},{"@type":"ListItem","position":3,"name":"Programs","item":"https:\/\/loretovietnam.org\/our-work\/programs\/"},{"@type":"ListItem","position":4,"name":"Improving Educational Outcomes","item":"https:\/\/loretovietnam.org\/our-work\/programs\/improving-educational-outcomes\/"},{"@type":"ListItem","position":5,"name":"Computers for Education"}]},{"@type":"WebSite","@id":"https:\/\/loretovietnam.org\/#website","url":"https:\/\/loretovietnam.org\/","name":"Loreto Vietnam","description":"","potentialAction":[{"@type":"SearchAction","target":{"@type":"EntryPoint","urlTemplate":"https:\/\/loretovietnam.org\/?s={search_term_string}"},"query-input":{"@type":"PropertyValueSpecification","valueRequired":true,"valueName":"search_term_string"}}],"inLanguage":"vi"}]}},"_links":{"self":[{"href":"https:\/\/loretovietnam.org\/vi\/wp-json\/wp\/v2\/pages\/1496","targetHints":{"allow":["GET"]}}],"collection":[{"href":"https:\/\/loretovietnam.org\/vi\/wp-json\/wp\/v2\/pages"}],"about":[{"href":"https:\/\/loretovietnam.org\/vi\/wp-json\/wp\/v2\/types\/page"}],"author":[{"embeddable":true,"href":"https:\/\/loretovietnam.org\/vi\/wp-json\/wp\/v2\/users\/1"}],"replies":[{"embeddable":true,"href":"https:\/\/loretovietnam.org\/vi\/wp-json\/wp\/v2\/comments?post=1496"}],"version-history":[{"count":12,"href":"https:\/\/loretovietnam.org\/vi\/wp-json\/wp\/v2\/pages\/1496\/revisions"}],"predecessor-version":[{"id":2185,"href":"https:\/\/loretovietnam.org\/vi\/wp-json\/wp\/v2\/pages\/1496\/revisions\/2185"}],"up":[{"embeddable":true,"href":"https:\/\/loretovietnam.org\/vi\/wp-json\/wp\/v2\/pages\/1938"}],"wp:attachment":[{"href":"https:\/\/loretovietnam.org\/vi\/wp-json\/wp\/v2\/media?parent=1496"}],"curies":[{"name":"wp","href":"https:\/\/api.w.org\/{rel}","templated":true}]}}