{"id":1476,"date":"2020-07-01T16:49:22","date_gmt":"2020-07-01T09:49:22","guid":{"rendered":"https:\/\/loretovietnam.org\/?page_id=1476"},"modified":"2020-09-04T05:58:10","modified_gmt":"2020-09-03T22:58:10","slug":"books-for-education","status":"publish","type":"page","link":"https:\/\/loretovietnam.org\/vi\/our-work\/programs\/improving-educational-outcomes\/books-for-education\/","title":{"rendered":"Th\u01b0 vi\u1ec7n cho em"},"content":{"rendered":"<p><\/p>\n<figure class=\"wp-block-image size-large\"><img loading=\"lazy\" decoding=\"async\" class=\"wp-image-1477 alignnone\" src=\"https:\/\/loretovietnam.org\/wp-content\/uploads\/2020\/07\/Books-Feature-900x380-1.jpg\" alt=\"\" width=\"1050\" height=\"443\" srcset=\"https:\/\/loretovietnam.org\/wp-content\/uploads\/2020\/07\/Books-Feature-900x380-1.jpg 900w, https:\/\/loretovietnam.org\/wp-content\/uploads\/2020\/07\/Books-Feature-900x380-1-510x215.jpg 510w, https:\/\/loretovietnam.org\/wp-content\/uploads\/2020\/07\/Books-Feature-900x380-1-768x324.jpg 768w\" sizes=\"auto, (max-width: 1050px) 100vw, 1050px\" \/><\/figure>\n<p><\/p>\n<p><\/p>\n<h1>Th\u01b0 vi\u1ec7n cho em<\/h1>\n<blockquote>\n<p style=\"text-align: center;\"><span style=\"color: #e14d43; font-size: 115%;\"><strong>\u201cM\u1ed9t tr\u1ebb em bi\u1ebft \u0111\u1ecdc s\u1ebd l\u00e0 m\u1ed9t ng\u01b0\u1eddi l\u1edbn bi\u1ebft ngh\u0129\u201d<\/strong><\/span><br \/><span style=\"font-size: 100%; color: #e14d43;\">- Sasha Salmina -<\/span><\/p>\n<\/blockquote>\n<p>Khi coi gi\u00e1o d\u1ee5c m\u1ea7m non v\u00e0 ti\u1ec3u h\u1ecdc l\u00e0 n\u1ec1n t\u1ea3ng v\u1eefng ch\u1eafc nh\u1ea5t cho s\u1ef1 ph\u00e1t tri\u1ec3n trong t\u01b0\u01a1ng lai, ch\u00fang t\u00f4i hi\u1ec3u vai tr\u00f2 quan tr\u1ecdng c\u1ee7a nh\u1eefng cu\u1ed1n s\u00e1ch \u1edf giai \u0111o\u1ea1n \u0111\u1ea7u \u0111\u1ed1i v\u1edbi cu\u1ed9c \u0111\u1eddi c\u1ee7a tr\u1ebb. \u0110\u1ec3 h\u00ecnh th\u00e0nh th\u00f3i quen \u0111\u1ecdc s\u00e1ch t\u1ed1t, n\u00e2ng cao k\u1ef9 n\u0103ng ng\u00f4n ng\u1eef, t\u01b0 duy v\u00e0 kh\u01a1i d\u1eady tr\u00ed t\u01b0\u1edfng t\u01b0\u1ee3ng s\u00e1ng t\u1ea1o, s\u00e1ch l\u00e0 m\u1ed9t ng\u01b0\u1eddi b\u1ea1n kh\u00f4ng th\u1ec3 thi\u1ebfu. \u0110\u1ed1i v\u1edbi tr\u1ebb \u1edf khu v\u1ef1c kh\u00f4ng th\u1ec3 ti\u1ebfp c\u1eadn c\u00e1c ngu\u1ed3n th\u00f4ng tin tr\u1ef1c tuy\u1ebfn, s\u00e1ch c\u00e0ng tr\u1edf n\u00ean c\u1ea7n thi\u1ebft h\u01a1n, \u0111\u1eb7c bi\u1ec7t l\u00e0 \u0111\u1ed1i v\u1edbi vi\u1ec7c t\u1ef1 h\u1ecdc.<\/p>\n<p>Loreto Vietnam n\u1ed7 l\u1ef1c m\u1edf r\u1ed9ng con \u0111\u01b0\u1eddng \u0111\u1ebfn v\u1edbi th\u1ebf gi\u1edbi tri th\u1ee9c v\u00e0 ch\u1eafp c\u00e1nh tr\u00ed t\u01b0\u1edfng t\u01b0\u1ee3ng cho tr\u1ebb em th\u00f4ng qua vi\u1ec7c trao t\u1eb7ng 'th\u01b0 vi\u1ec7n th\u00e2n thi\u1ec7n', b\u1edfi\u00a0<em>\u201cs\u00e1ch c\u0169ng c\u00f3 th\u1ec3 l\u00e0 ng\u00f4i sao, l\u00e0 ng\u1ecdn l\u1eeda s\u1ed1ng \u0111\u1ec3 th\u1eafp s\u00e1ng b\u00f3ng t\u1ed1i d\u1eabn ra v\u0169 tr\u1ee5 \u0111ang m\u1edf r\u1ed9ng.\u201d<\/em>\u00a0- Madeleine L&#039;Engle.<\/p>\n<p>M\u1ed9t \u2018th\u01b0 vi\u1ec7n th\u00e2n thi\u1ec7n\u2019 v\u1edbi nh\u1eefng \u0111\u1ea7u s\u00e1ch hay, \u0111\u1ea7y \u0111\u1ee7 \u00e1nh s\u00e1ng v\u00e0 kh\u00f4ng gian \u0111\u1ecdc r\u1ed9ng r\u00e3i s\u1ebd gi\u00fap khuy\u1ebfn kh\u00edch vi\u1ec7c \u0111\u1ecdc s\u00e1ch.<\/p>\n<p>Ch\u1ec9 v\u1edbi kho\u1ea3n \u0111\u00f3ng g\u00f3p t\u1eeb $ 6000 - $ 8000 c\u00f3 th\u1ec3 trang b\u1ecb cho to\u00e0n b\u1ed9 th\u01b0 vi\u1ec7n th\u00e2n thi\u1ec7n trong m\u1ed9t c\u1ed9ng \u0111\u1ed3ng n\u00f4ng th\u00f4n.<\/p>\n<p>K\u1ec3 t\u1eeb khi ch\u01b0\u01a1ng tr\u00ecnh <strong>\u201cTh\u01b0 vi\u1ec7n cho em\u201d\u00a0<\/strong>b\u1eaft \u0111\u1ea7u, <strong>29 th\u01b0 vi\u1ec7n tr\u01b0\u1eddng h\u1ecdc<\/strong> \u0111\u00e3 \u0111\u01b0\u1ee3c x\u00e2y d\u1ef1ng v\u1edbi \u0111\u1ea7y \u0111\u1ee7 trang thi\u1ebft b\u1ecb v\u00e0 <strong>15.000 h\u1ecdc sinh<\/strong> \u0111\u01b0\u1ee3c tham gia v\u00e0o c\u00e1c c\u00e2u l\u1ea1c b\u1ed9 \u0111\u1ecdc s\u00e1ch v\u00e0 c\u00e1c ho\u1ea1t \u0111\u1ed9ng chia s\u1ebb s\u00e1ch kh\u00e1c.<\/p>\n<p><\/p>\n<a rel=\"noopener noreferrer\" href=\"https:\/\/loretovietnam.org\/vi\/get-involved\/donate\/\" target=\"_blank\" class=\"button primary is-gloss is-large\"  >\n  <i class=\"icon-gift\" ><\/i>  <span>\u0110\u00f3ng g\u00f3p<\/span>\n  <\/a>\n\n\n<div class=\"video video-fit mb\" style=\"padding-top:60%;\"><iframe loading=\"lazy\" title=\"Khai tr\u01b0\u01a1ng Th\u01b0 vi\u1ec7n A Ph\u01b0\u1edbc H\u01b0ng An Giang Th\u00e1ng 5 n\u0103m 2020\" width=\"1020\" height=\"574\" src=\"https:\/\/www.youtube.com\/embed\/tFwc43TQnR0?feature=oembed\" frameborder=\"0\" allow=\"accelerometer; autoplay; encrypted-media; gyroscope; picture-in-picture\" allowfullscreen><\/iframe><\/div>\n\n  <div class=\"banner-grid-wrapper\">\n  <div id=\"banner-grid-482876546\" class=\"banner-grid row row-grid row-small\" data-packery-options=\"\">\n                      \n\n<div class=\"col grid-col large-12 grid-col-2-3\" ><div class=\"col-inner\">\n\n\t<div class=\"img has-hover x md-x lg-x y md-y lg-y\" id=\"image_298329967\">\n\t\t\t\t\t\t\t\t<div class=\"img-inner dark\" >\n\t\t\t<img loading=\"lazy\" decoding=\"async\" width=\"1020\" height=\"371\" src=\"https:\/\/loretovietnam.org\/wp-content\/uploads\/2020\/07\/IMG_E5183.jpg\" class=\"attachment-large size-large\" alt=\"\" srcset=\"https:\/\/loretovietnam.org\/wp-content\/uploads\/2020\/07\/IMG_E5183.jpg 1045w, https:\/\/loretovietnam.org\/wp-content\/uploads\/2020\/07\/IMG_E5183-1024x372.jpg 1024w, https:\/\/loretovietnam.org\/wp-content\/uploads\/2020\/07\/IMG_E5183-510x185.jpg 510w, https:\/\/loretovietnam.org\/wp-content\/uploads\/2020\/07\/IMG_E5183-768x279.jpg 768w\" sizes=\"auto, (max-width: 1020px) 100vw, 1020px\" \/>\t\t\t\t\t\t\n\t\t\t\t\t<\/div>\n\t\t\t\t\t\t\t\t\n<style scope=\"scope\">\n\n#image_298329967 {\n  width: 100%;\n}\n<\/style>\n\t<\/div>\n\t\n\n\n<\/div><\/div>\n<div class=\"col grid-col large-4 grid-col-1-3\" ><div class=\"col-inner\">\n\n\t<div class=\"img has-hover x md-x lg-x y md-y lg-y\" id=\"image_1186919203\">\n\t\t\t\t\t\t\t\t<div class=\"img-inner dark\" >\n\t\t\t<img loading=\"lazy\" decoding=\"async\" width=\"480\" height=\"360\" src=\"https:\/\/loretovietnam.org\/wp-content\/uploads\/2020\/07\/Books-2.jpg\" class=\"attachment-large size-large\" alt=\"\" \/>\t\t\t\t\t\t\n\t\t\t\t\t<\/div>\n\t\t\t\t\t\t\t\t\n<style scope=\"scope\">\n\n#image_1186919203 {\n  width: 100%;\n}\n<\/style>\n\t<\/div>\n\t\n\n\n<\/div><\/div>\n<div class=\"col grid-col large-4 grid-col-1-3\" ><div class=\"col-inner\">\n\n\t<div class=\"img has-hover x md-x lg-x y md-y lg-y\" id=\"image_725643313\">\n\t\t\t\t\t\t\t\t<div class=\"img-inner dark\" >\n\t\t\t<img loading=\"lazy\" decoding=\"async\" width=\"480\" height=\"360\" src=\"https:\/\/loretovietnam.org\/wp-content\/uploads\/2020\/07\/Books-3.jpg\" class=\"attachment-large size-large\" alt=\"\" \/>\t\t\t\t\t\t\n\t\t\t\t\t<\/div>\n\t\t\t\t\t\t\t\t\n<style scope=\"scope\">\n\n#image_725643313 {\n  width: 100%;\n}\n<\/style>\n\t<\/div>\n\t\n\n\n<\/div><\/div>\n<div class=\"col grid-col large-4 grid-col-1-3\" ><div class=\"col-inner\">\n\n\t<div class=\"img has-hover x md-x lg-x y md-y lg-y\" id=\"image_1746644312\">\n\t\t\t\t\t\t\t\t<div class=\"img-inner dark\" >\n\t\t\t<img loading=\"lazy\" decoding=\"async\" width=\"480\" height=\"360\" src=\"https:\/\/loretovietnam.org\/wp-content\/uploads\/2020\/07\/Books-6.jpg\" class=\"attachment-large size-large\" alt=\"\" \/>\t\t\t\t\t\t\n\t\t\t\t\t<\/div>\n\t\t\t\t\t\t\t\t\n<style scope=\"scope\">\n\n#image_1746644312 {\n  width: 100%;\n}\n<\/style>\n\t<\/div>\n\t\n\n\n<\/div><\/div>\n\n            <\/div><!-- .banner-grid .row .grid -->\n    <style scope=\"scope\">\n    #banner-grid-482876546 .grid-col-1{height: 600px}\n    #banner-grid-482876546 .grid-col-1-2{height: 300px}\n    #banner-grid-482876546 .grid-col-1-3{height:200px}\n    #banner-grid-482876546 .grid-col-2-3{height: 400px}\n    #banner-grid-482876546 .grid-col-1-4{height: 150px}\n    #banner-grid-482876546 .grid-col-3-4{height: 450px}\n\n\n    \n    \n\n  <\/style>\n    <\/div><!-- .banner-grid-wrapper -->","protected":false},"excerpt":{"rendered":"<p>S\u00e1ch gi\u00e1o d\u1ee5c \u201cM\u1ed9t \u0111\u1ee9a tr\u1ebb bi\u1ebft \u0111\u1ecdc s\u1ebd l\u00e0 m\u1ed9t ng\u01b0\u1eddi l\u1edbn bi\u1ebft ngh\u0129\u201d - Sasha Salmina - Khi coi gi\u00e1o d\u1ee5c m\u1ea7m non v\u00e0 ti\u1ec3u h\u1ecdc l\u00e0 n\u1ec1n t\u1ea3ng v\u1eefng ch\u1eafc nh\u1ea5t cho s\u1ef1 ph\u00e1t tri\u1ec3n trong t\u01b0\u01a1ng lai, ch\u00fang t\u00f4i hi\u1ec3u vai tr\u00f2 quan tr\u1ecdng c\u1ee7a s\u00e1ch trong giai \u0111o\u1ea1n n\u00e0y \u0111\u1ed1i v\u1edbi cu\u1ed9c \u0111\u1eddi c\u1ee7a tr\u1ebb. \u0110\u1ec3 thi\u1ebft l\u1eadp th\u00f3i quen \u0111\u1ecdc t\u1ed1t, c\u1ea3i thi\u1ec7n k\u1ef9 n\u0103ng ng\u00f4n ng\u1eef v\u00e0 t\u01b0 duy v\u00e0\u2026<\/p>","protected":false},"author":1,"featured_media":0,"parent":1938,"menu_order":2,"comment_status":"closed","ping_status":"closed","template":"","meta":{"_exactmetrics_skip_tracking":false,"_exactmetrics_sitenote_active":false,"_exactmetrics_sitenote_note":"","_exactmetrics_sitenote_category":0,"footnotes":""},"class_list":["post-1476","page","type-page","status-publish","hentry"],"yoast_head":"<!-- This site is optimized with the Yoast SEO plugin v27.5 - https:\/\/yoast.com\/product\/yoast-seo-wordpress\/ -->\n<title>Books for Education - Loreto Vietnam<\/title>\n<meta name=\"robots\" content=\"index, follow, max-snippet:-1, max-image-preview:large, max-video-preview:-1\" \/>\n<link rel=\"canonical\" href=\"https:\/\/loretovietnam.org\/vi\/our-work\/programs\/improving-educational-outcomes\/books-for-education\/\" \/>\n<meta property=\"og:locale\" content=\"vi_VN\" \/>\n<meta property=\"og:type\" content=\"article\" \/>\n<meta property=\"og:title\" content=\"Books for Education - Loreto Vietnam\" \/>\n<meta property=\"og:description\" content=\"Books for Education \u201cA child who reads will be an adult who thinks\u201d&#8211; Sasha Salmina &#8211; When considering early childhood and primary education as the strongest foundation for future development, we understand the important role of books at this stage in a child\u2019s life. To establish good reading habits, improve language and thinking skills and...\" \/>\n<meta property=\"og:url\" content=\"https:\/\/loretovietnam.org\/vi\/our-work\/programs\/improving-educational-outcomes\/books-for-education\/\" \/>\n<meta property=\"og:site_name\" content=\"Loreto Vietnam\" \/>\n<meta property=\"article:modified_time\" content=\"2020-09-03T22:58:10+00:00\" \/>\n<meta property=\"og:image\" content=\"https:\/\/loretovietnam.org\/wp-content\/uploads\/2020\/07\/Books-Feature-900x380-1.jpg\" \/>\n<meta name=\"twitter:card\" content=\"summary_large_image\" \/>\n<meta name=\"twitter:label1\" content=\"\u01af\u1edbc t\u00ednh th\u1eddi gian \u0111\u1ecdc\" \/>\n\t<meta name=\"twitter:data1\" content=\"1 ph\u00fat\" \/>\n<script type=\"application\/ld+json\" class=\"yoast-schema-graph\">{\"@context\":\"https:\\\/\\\/schema.org\",\"@graph\":[{\"@type\":\"WebPage\",\"@id\":\"https:\\\/\\\/loretovietnam.org\\\/our-work\\\/programs\\\/improving-educational-outcomes\\\/books-for-education\\\/\",\"url\":\"https:\\\/\\\/loretovietnam.org\\\/our-work\\\/programs\\\/improving-educational-outcomes\\\/books-for-education\\\/\",\"name\":\"Books for Education - Loreto Vietnam\",\"isPartOf\":{\"@id\":\"https:\\\/\\\/loretovietnam.org\\\/#website\"},\"primaryImageOfPage\":{\"@id\":\"https:\\\/\\\/loretovietnam.org\\\/our-work\\\/programs\\\/improving-educational-outcomes\\\/books-for-education\\\/#primaryimage\"},\"image\":{\"@id\":\"https:\\\/\\\/loretovietnam.org\\\/our-work\\\/programs\\\/improving-educational-outcomes\\\/books-for-education\\\/#primaryimage\"},\"thumbnailUrl\":\"https:\\\/\\\/loretovietnam.org\\\/wp-content\\\/uploads\\\/2020\\\/07\\\/Books-Feature-900x380-1.jpg\",\"datePublished\":\"2020-07-01T09:49:22+00:00\",\"dateModified\":\"2020-09-03T22:58:10+00:00\",\"breadcrumb\":{\"@id\":\"https:\\\/\\\/loretovietnam.org\\\/our-work\\\/programs\\\/improving-educational-outcomes\\\/books-for-education\\\/#breadcrumb\"},\"inLanguage\":\"vi\",\"potentialAction\":[{\"@type\":\"ReadAction\",\"target\":[\"https:\\\/\\\/loretovietnam.org\\\/our-work\\\/programs\\\/improving-educational-outcomes\\\/books-for-education\\\/\"]}]},{\"@type\":\"ImageObject\",\"inLanguage\":\"vi\",\"@id\":\"https:\\\/\\\/loretovietnam.org\\\/our-work\\\/programs\\\/improving-educational-outcomes\\\/books-for-education\\\/#primaryimage\",\"url\":\"https:\\\/\\\/loretovietnam.org\\\/wp-content\\\/uploads\\\/2020\\\/07\\\/Books-Feature-900x380-1.jpg\",\"contentUrl\":\"https:\\\/\\\/loretovietnam.org\\\/wp-content\\\/uploads\\\/2020\\\/07\\\/Books-Feature-900x380-1.jpg\"},{\"@type\":\"BreadcrumbList\",\"@id\":\"https:\\\/\\\/loretovietnam.org\\\/our-work\\\/programs\\\/improving-educational-outcomes\\\/books-for-education\\\/#breadcrumb\",\"itemListElement\":[{\"@type\":\"ListItem\",\"position\":1,\"name\":\"Home\",\"item\":\"https:\\\/\\\/loretovietnam.org\\\/\"},{\"@type\":\"ListItem\",\"position\":2,\"name\":\"Our Work\",\"item\":\"https:\\\/\\\/loretovietnam.org\\\/our-work\\\/\"},{\"@type\":\"ListItem\",\"position\":3,\"name\":\"Programs\",\"item\":\"https:\\\/\\\/loretovietnam.org\\\/our-work\\\/programs\\\/\"},{\"@type\":\"ListItem\",\"position\":4,\"name\":\"Improving Educational Outcomes\",\"item\":\"https:\\\/\\\/loretovietnam.org\\\/our-work\\\/programs\\\/improving-educational-outcomes\\\/\"},{\"@type\":\"ListItem\",\"position\":5,\"name\":\"Books for Education\"}]},{\"@type\":\"WebSite\",\"@id\":\"https:\\\/\\\/loretovietnam.org\\\/#website\",\"url\":\"https:\\\/\\\/loretovietnam.org\\\/\",\"name\":\"Loreto Vietnam\",\"description\":\"\",\"potentialAction\":[{\"@type\":\"SearchAction\",\"target\":{\"@type\":\"EntryPoint\",\"urlTemplate\":\"https:\\\/\\\/loretovietnam.org\\\/?s={search_term_string}\"},\"query-input\":{\"@type\":\"PropertyValueSpecification\",\"valueRequired\":true,\"valueName\":\"search_term_string\"}}],\"inLanguage\":\"vi\"}]}<\/script>\n<!-- \/ Yoast SEO plugin. -->","yoast_head_json":{"title":"Books for Education - Loreto Vietnam","robots":{"index":"index","follow":"follow","max-snippet":"max-snippet:-1","max-image-preview":"max-image-preview:large","max-video-preview":"max-video-preview:-1"},"canonical":"https:\/\/loretovietnam.org\/vi\/our-work\/programs\/improving-educational-outcomes\/books-for-education\/","og_locale":"vi_VN","og_type":"article","og_title":"Books for Education - Loreto Vietnam","og_description":"Books for Education \u201cA child who reads will be an adult who thinks\u201d&#8211; Sasha Salmina &#8211; When considering early childhood and primary education as the strongest foundation for future development, we understand the important role of books at this stage in a child\u2019s life. To establish good reading habits, improve language and thinking skills and...","og_url":"https:\/\/loretovietnam.org\/vi\/our-work\/programs\/improving-educational-outcomes\/books-for-education\/","og_site_name":"Loreto Vietnam","article_modified_time":"2020-09-03T22:58:10+00:00","og_image":[{"url":"https:\/\/loretovietnam.org\/wp-content\/uploads\/2020\/07\/Books-Feature-900x380-1.jpg","type":"","width":"","height":""}],"twitter_card":"summary_large_image","twitter_misc":{"\u01af\u1edbc t\u00ednh th\u1eddi gian \u0111\u1ecdc":"1 ph\u00fat"},"schema":{"@context":"https:\/\/schema.org","@graph":[{"@type":"WebPage","@id":"https:\/\/loretovietnam.org\/our-work\/programs\/improving-educational-outcomes\/books-for-education\/","url":"https:\/\/loretovietnam.org\/our-work\/programs\/improving-educational-outcomes\/books-for-education\/","name":"Books for Education - Loreto Vietnam","isPartOf":{"@id":"https:\/\/loretovietnam.org\/#website"},"primaryImageOfPage":{"@id":"https:\/\/loretovietnam.org\/our-work\/programs\/improving-educational-outcomes\/books-for-education\/#primaryimage"},"image":{"@id":"https:\/\/loretovietnam.org\/our-work\/programs\/improving-educational-outcomes\/books-for-education\/#primaryimage"},"thumbnailUrl":"https:\/\/loretovietnam.org\/wp-content\/uploads\/2020\/07\/Books-Feature-900x380-1.jpg","datePublished":"2020-07-01T09:49:22+00:00","dateModified":"2020-09-03T22:58:10+00:00","breadcrumb":{"@id":"https:\/\/loretovietnam.org\/our-work\/programs\/improving-educational-outcomes\/books-for-education\/#breadcrumb"},"inLanguage":"vi","potentialAction":[{"@type":"ReadAction","target":["https:\/\/loretovietnam.org\/our-work\/programs\/improving-educational-outcomes\/books-for-education\/"]}]},{"@type":"ImageObject","inLanguage":"vi","@id":"https:\/\/loretovietnam.org\/our-work\/programs\/improving-educational-outcomes\/books-for-education\/#primaryimage","url":"https:\/\/loretovietnam.org\/wp-content\/uploads\/2020\/07\/Books-Feature-900x380-1.jpg","contentUrl":"https:\/\/loretovietnam.org\/wp-content\/uploads\/2020\/07\/Books-Feature-900x380-1.jpg"},{"@type":"BreadcrumbList","@id":"https:\/\/loretovietnam.org\/our-work\/programs\/improving-educational-outcomes\/books-for-education\/#breadcrumb","itemListElement":[{"@type":"ListItem","position":1,"name":"Home","item":"https:\/\/loretovietnam.org\/"},{"@type":"ListItem","position":2,"name":"Our Work","item":"https:\/\/loretovietnam.org\/our-work\/"},{"@type":"ListItem","position":3,"name":"Programs","item":"https:\/\/loretovietnam.org\/our-work\/programs\/"},{"@type":"ListItem","position":4,"name":"Improving Educational Outcomes","item":"https:\/\/loretovietnam.org\/our-work\/programs\/improving-educational-outcomes\/"},{"@type":"ListItem","position":5,"name":"Books for Education"}]},{"@type":"WebSite","@id":"https:\/\/loretovietnam.org\/#website","url":"https:\/\/loretovietnam.org\/","name":"Loreto Vietnam","description":"","potentialAction":[{"@type":"SearchAction","target":{"@type":"EntryPoint","urlTemplate":"https:\/\/loretovietnam.org\/?s={search_term_string}"},"query-input":{"@type":"PropertyValueSpecification","valueRequired":true,"valueName":"search_term_string"}}],"inLanguage":"vi"}]}},"_links":{"self":[{"href":"https:\/\/loretovietnam.org\/vi\/wp-json\/wp\/v2\/pages\/1476","targetHints":{"allow":["GET"]}}],"collection":[{"href":"https:\/\/loretovietnam.org\/vi\/wp-json\/wp\/v2\/pages"}],"about":[{"href":"https:\/\/loretovietnam.org\/vi\/wp-json\/wp\/v2\/types\/page"}],"author":[{"embeddable":true,"href":"https:\/\/loretovietnam.org\/vi\/wp-json\/wp\/v2\/users\/1"}],"replies":[{"embeddable":true,"href":"https:\/\/loretovietnam.org\/vi\/wp-json\/wp\/v2\/comments?post=1476"}],"version-history":[{"count":8,"href":"https:\/\/loretovietnam.org\/vi\/wp-json\/wp\/v2\/pages\/1476\/revisions"}],"predecessor-version":[{"id":1618,"href":"https:\/\/loretovietnam.org\/vi\/wp-json\/wp\/v2\/pages\/1476\/revisions\/1618"}],"up":[{"embeddable":true,"href":"https:\/\/loretovietnam.org\/vi\/wp-json\/wp\/v2\/pages\/1938"}],"wp:attachment":[{"href":"https:\/\/loretovietnam.org\/vi\/wp-json\/wp\/v2\/media?parent=1476"}],"curies":[{"name":"wp","href":"https:\/\/api.w.org\/{rel}","templated":true}]}}