{"id":1456,"date":"2020-07-01T16:04:39","date_gmt":"2020-07-01T09:04:39","guid":{"rendered":"https:\/\/loretovietnam.org\/?page_id=1456"},"modified":"2020-09-19T14:40:29","modified_gmt":"2020-09-19T07:40:29","slug":"wheels-for-education","status":"publish","type":"page","link":"https:\/\/loretovietnam.org\/vi\/our-work\/programs\/assessing-a-better-education\/wheels-for-education\/","title":{"rendered":"Xe \u0111\u1ea1p \u0111\u1ebfn tr\u01b0\u1eddng"},"content":{"rendered":"<p><\/p>\n<figure class=\"wp-block-image size-large\"><img loading=\"lazy\" decoding=\"async\" class=\"alignnone wp-image-1457\" src=\"https:\/\/loretovietnam.org\/wp-content\/uploads\/2020\/07\/Development-Programs-Feature-900x380-1.jpg\" alt=\"\" width=\"1200\" height=\"507\" srcset=\"https:\/\/loretovietnam.org\/wp-content\/uploads\/2020\/07\/Development-Programs-Feature-900x380-1.jpg 900w, https:\/\/loretovietnam.org\/wp-content\/uploads\/2020\/07\/Development-Programs-Feature-900x380-1-510x215.jpg 510w, https:\/\/loretovietnam.org\/wp-content\/uploads\/2020\/07\/Development-Programs-Feature-900x380-1-768x324.jpg 768w\" sizes=\"auto, (max-width: 1200px) 100vw, 1200px\" \/><\/figure>\n<p><\/p>\n<p><\/p>\n<h1>Xe \u0111\u1ea1p \u0111\u1ebfn tr\u01b0\u1eddng<\/h1>\n<p>T\u1ea5t c\u1ea3 tr\u1ebb em \u0111\u1ec1u c\u00f3 quy\u1ec1n \u0111\u01b0\u1ee3c \u0111i h\u1ecdc v\u00e0 ti\u1ebfp c\u1eadn n\u1ec1n gi\u00e1o d\u1ee5c ch\u1ea5t l\u01b0\u1ee3ng.<\/p>\n<p>V\u00ec nhi\u1ec1u l\u00fd do, con \u0111\u01b0\u1eddng \u0111\u1ebfn tr\u01b0\u1eddng ng\u00e0y c\u00e0ng kh\u00f3 kh\u0103n v\u00e0 th\u1eed th\u00e1ch \u0111\u1ed1i v\u1edbi m\u1ed9t s\u1ed1 tr\u1ebb em, \u0111\u1eb7c bi\u1ec7t l\u00e0 c\u00e1c em \u1edf c\u00e1c t\u1ec9nh v\u00f9ng s\u00e2u, v\u00f9ng xa. N\u1ebfu kh\u00f4ng c\u00f3 xe ho\u1eb7c c\u00e1c ph\u01b0\u01a1ng ti\u1ec7n giao th\u00f4ng kh\u00e1c, h\u1ecdc sinh ph\u1ea3i m\u1ea5t h\u00e0ng gi\u1edd \u0111i b\u1ed9 \u0111\u1ebfn tr\u01b0\u1eddng. Ng\u00e0y ng\u00e0y, b\u1ea5t k\u1ec3 th\u1eddi ti\u1ebft, th\u01b0\u1eddng xuy\u00ean ph\u1ea3i \u0111i b\u1ed9 d\u01b0\u1edbi c\u00e1i n\u1eafng gay g\u1eaft gi\u1eefa tr\u01b0a hay l\u1ed9i qua nh\u1eefng con \u0111\u01b0\u1eddng l\u1ea7y l\u1ed9i m\u00f9a m\u01b0a, nhi\u1ec1u h\u1ecdc sinh kh\u00f4ng kh\u1ecfi v\u1ea5t v\u1ea3 tr\u00ean h\u00e0nh tr\u00ecnh theo \u0111u\u1ed5i con ch\u1eef.<\/p>\n<p>\u0110\u1ec3 r\u00fat ng\u1eafn kho\u1ea3ng c\u00e1ch \u0111\u1ebfn tr\u01b0\u1eddng, gi\u1ea3m kh\u00f3 kh\u0103n v\u1ea5t v\u1ea3 v\u00e0 t\u1ea1o \u0111i\u1ec1u ki\u1ec7n cho vi\u1ec7c h\u1ecdc c\u1ee7a c\u00e1c em h\u1ecdc sinh, d\u1ef1 \u00e1n\u00a0<strong>\u201cXe \u0111\u1ea1p \u0111\u1ebfn tr\u01b0\u1eddng\u201d<\/strong>\u00a0ra \u0111\u1eddi. Th\u00f4ng qua Loreto Vi\u1ec7t Nam, h\u1ecdc sinh kh\u00f3 kh\u0103n \u0111\u01b0\u1ee3c h\u1ed7 tr\u1ee3 xe \u0111\u1ea1p v\u00e0 m\u0169 b\u1ea3o hi\u1ec3m, tr\u1edf th\u00e0nh m\u1ed9t c\u00f4ng c\u1ee5 thi\u1ebft th\u1ef1c n\u00e2ng b\u01b0\u1edbc em \u0111\u1ebfn tr\u01b0\u1eddng v\u00e0 c\u0169ng l\u00e0 t\u00e0i s\u1ea3n qu\u00fd gi\u00e1 v\u1edbi c\u1ea3 gia \u0111\u00ecnh c\u1ee7a em.<\/p>\n<p>Ch\u1ec9 v\u1edbi kho\u1ea3n quy\u00ean g\u00f3p $ 100, m\u1ed9t b\u1ed9 qu\u00e0 t\u1eb7ng g\u1ed3m xe \u0111\u1ea1p v\u00e0 m\u0169 b\u1ea3o hi\u1ec3m s\u1ebd \u0111\u1ebfn tay h\u1ecdc sinh \u0111ang c\u1ea7n.<\/p>\n<p>K\u1ec3 t\u1eeb khi b\u1eaft \u0111\u1ea7u, ch\u01b0\u01a1ng tr\u00ecnh \u201cXe \u0111\u1ea1p \u0111\u1ebfn tr\u01b0\u1eddng\u201d \u0111\u00e3 trao t\u1eb7ng h\u01a1n\u00a0<strong>3.500 b\u1ed9 m\u0169 b\u1ea3o hi\u1ec3m v\u00e0 xe \u0111\u1ea1p<\/strong> v\u00e0 h\u01a1n <strong>4.000 h\u1ecdc sinh v\u00e0 gi\u00e1o vi\u00ean \u0111\u00e3 \u0111\u01b0\u1ee3c h\u01b0\u1edfng l\u1ee3i<\/strong> t\u1eeb kh\u00f3a \u0111\u00e0o t\u1ea1o \u0111i k\u00e8m v\u1ec1 an to\u00e0n giao th\u00f4ng \u0111\u01b0\u1eddng b\u1ed9.<\/p>\n<p><\/p>\n<p><\/p>\n<p><\/p>\n<a href=\"https:\/\/loretovietnam.org\/vi\/get-involved\/donate\/\" target=\"_self\" class=\"button primary is-gloss is-large\"  >\n  <i class=\"icon-gift\" ><\/i>  <span>\u0110\u00f3ng g\u00f3p<\/span>\n  <\/a>\n\n\n<div class=\"video video-fit mb\" style=\"padding-top:60%;\"><iframe loading=\"lazy\" title=\"Ph\u00e2n ph\u1ed1i xe \u0111\u1ea1p t\u1ea1i ph\u00fa y\u00ean\" width=\"1020\" height=\"574\" src=\"https:\/\/www.youtube.com\/embed\/KjXV7FMINmg?feature=oembed\" frameborder=\"0\" allow=\"accelerometer; autoplay; encrypted-media; gyroscope; picture-in-picture\" allowfullscreen><\/iframe><\/div>\n\n  <div class=\"banner-grid-wrapper\">\n  <div id=\"banner-grid-1521098830\" class=\"banner-grid row row-grid row-small\" data-packery-options=\"\">\n                      \n\n<div class=\"col grid-col large-12 grid-col-2-3\" ><div class=\"col-inner\">\n\n\t<div class=\"img has-hover x md-x lg-x y md-y lg-y\" id=\"image_1174035869\">\n\t\t\t\t\t\t\t\t<div class=\"img-inner dark\" >\n\t\t\t<img loading=\"lazy\" decoding=\"async\" width=\"900\" height=\"300\" src=\"https:\/\/loretovietnam.org\/wp-content\/uploads\/2020\/07\/Tan-Duyet-kids-with-bikes-1.jpg\" class=\"attachment-large size-large\" alt=\"\" srcset=\"https:\/\/loretovietnam.org\/wp-content\/uploads\/2020\/07\/Tan-Duyet-kids-with-bikes-1.jpg 900w, https:\/\/loretovietnam.org\/wp-content\/uploads\/2020\/07\/Tan-Duyet-kids-with-bikes-1-510x170.jpg 510w, https:\/\/loretovietnam.org\/wp-content\/uploads\/2020\/07\/Tan-Duyet-kids-with-bikes-1-768x256.jpg 768w\" sizes=\"auto, (max-width: 900px) 100vw, 900px\" \/>\t\t\t\t\t\t\n\t\t\t\t\t<\/div>\n\t\t\t\t\t\t\t\t\n<style scope=\"scope\">\n\n#image_1174035869 {\n  width: 100%;\n}\n<\/style>\n\t<\/div>\n\t\n\n\n<\/div><\/div>\n<div class=\"col grid-col large-4 grid-col-1-3\" ><div class=\"col-inner\">\n\n\t<div class=\"img has-hover x md-x lg-x y md-y lg-y\" id=\"image_821495429\">\n\t\t\t\t\t\t\t\t<div class=\"img-inner dark\" >\n\t\t\t<img loading=\"lazy\" decoding=\"async\" width=\"480\" height=\"360\" src=\"https:\/\/loretovietnam.org\/wp-content\/uploads\/2020\/07\/Bikes-1.jpg\" class=\"attachment-large size-large\" alt=\"\" \/>\t\t\t\t\t\t\n\t\t\t\t\t<\/div>\n\t\t\t\t\t\t\t\t\n<style scope=\"scope\">\n\n#image_821495429 {\n  width: 100%;\n}\n<\/style>\n\t<\/div>\n\t\n\n\n<\/div><\/div>\n<div class=\"col grid-col large-4 grid-col-1-3\" ><div class=\"col-inner\">\n\n\t<div class=\"img has-hover x md-x lg-x y md-y lg-y\" id=\"image_350898489\">\n\t\t\t\t\t\t\t\t<div class=\"img-inner dark\" >\n\t\t\t<img loading=\"lazy\" decoding=\"async\" width=\"480\" height=\"360\" src=\"https:\/\/loretovietnam.org\/wp-content\/uploads\/2020\/07\/Bikes-5.jpg\" class=\"attachment-large size-large\" alt=\"\" \/>\t\t\t\t\t\t\n\t\t\t\t\t<\/div>\n\t\t\t\t\t\t\t\t\n<style scope=\"scope\">\n\n#image_350898489 {\n  width: 100%;\n}\n<\/style>\n\t<\/div>\n\t\n\n\n<\/div><\/div>\n<div class=\"col grid-col large-4 grid-col-1-3\" ><div class=\"col-inner\">\n\n\t<div class=\"img has-hover x md-x lg-x y md-y lg-y\" id=\"image_1393004001\">\n\t\t\t\t\t\t\t\t<div class=\"img-inner dark\" >\n\t\t\t<img loading=\"lazy\" decoding=\"async\" width=\"480\" height=\"360\" src=\"https:\/\/loretovietnam.org\/wp-content\/uploads\/2020\/07\/Bikes-2.jpg\" class=\"attachment-large size-large\" alt=\"\" \/>\t\t\t\t\t\t\n\t\t\t\t\t<\/div>\n\t\t\t\t\t\t\t\t\n<style scope=\"scope\">\n\n#image_1393004001 {\n  width: 100%;\n}\n<\/style>\n\t<\/div>\n\t\n\n\n<\/div><\/div>\n\n            <\/div><!-- .banner-grid .row .grid -->\n    <style scope=\"scope\">\n    #banner-grid-1521098830 .grid-col-1{height: 600px}\n    #banner-grid-1521098830 .grid-col-1-2{height: 300px}\n    #banner-grid-1521098830 .grid-col-1-3{height:200px}\n    #banner-grid-1521098830 .grid-col-2-3{height: 400px}\n    #banner-grid-1521098830 .grid-col-1-4{height: 150px}\n    #banner-grid-1521098830 .grid-col-3-4{height: 450px}\n\n\n    \n    \n\n  <\/style>\n    <\/div><!-- .banner-grid-wrapper -->","protected":false},"excerpt":{"rendered":"<p>B\u00e1nh xe cho Gi\u00e1o d\u1ee5c \u0110i h\u1ecdc v\u00e0 ti\u1ebfp c\u1eadn n\u1ec1n gi\u00e1o d\u1ee5c c\u00f3 ch\u1ea5t l\u01b0\u1ee3ng l\u00e0 quy\u1ec1n c\u1ee7a m\u1ecdi tr\u1ebb em. V\u00ec nhi\u1ec1u l\u00fd do, con \u0111\u01b0\u1eddng \u0111\u1ebfn tr\u01b0\u1eddng ng\u00e0y c\u00e0ng kh\u00f3 kh\u0103n v\u00e0 th\u1eed th\u00e1ch \u0111\u1ed1i v\u1edbi m\u1ed9t s\u1ed1 tr\u1ebb em, \u0111\u1eb7c bi\u1ec7t l\u00e0 c\u00e1c em \u1edf c\u00e1c t\u1ec9nh v\u00f9ng s\u00e2u, v\u00f9ng xa. N\u1ebfu kh\u00f4ng c\u00f3 xe ho\u1eb7c c\u00e1c ph\u01b0\u01a1ng ti\u1ec7n giao th\u00f4ng kh\u00e1c, h\u1ecdc sinh ph\u1ea3i m\u1ea5t v\u00e0i gi\u1edd \u0111i b\u1ed9 \u0111\u1ebfn v\u00e0 \u0111i\u2026<\/p>","protected":false},"author":1,"featured_media":0,"parent":1934,"menu_order":0,"comment_status":"closed","ping_status":"closed","template":"","meta":{"_exactmetrics_skip_tracking":false,"_exactmetrics_sitenote_active":false,"_exactmetrics_sitenote_note":"","_exactmetrics_sitenote_category":0,"footnotes":""},"class_list":["post-1456","page","type-page","status-publish","hentry"],"yoast_head":"<!-- This site is optimized with the Yoast SEO plugin v27.6 - https:\/\/yoast.com\/product\/yoast-seo-wordpress\/ -->\n<title>Wheels for Education - Loreto Vietnam<\/title>\n<meta name=\"robots\" content=\"index, follow, max-snippet:-1, max-image-preview:large, max-video-preview:-1\" \/>\n<link rel=\"canonical\" href=\"https:\/\/loretovietnam.org\/vi\/our-work\/programs\/assessing-a-better-education\/wheels-for-education\/\" \/>\n<meta property=\"og:locale\" content=\"vi_VN\" \/>\n<meta property=\"og:type\" content=\"article\" \/>\n<meta property=\"og:title\" content=\"Wheels for Education - Loreto Vietnam\" \/>\n<meta property=\"og:description\" content=\"Wheels for Education Attending school and accessing quality education is the right of every child. For many reasons, the way to school is more difficult and challenging for some children, particularly those in remote and rural provinces. Without a vehicle or other means of transport, it takes some students hours to walk to and from...\" \/>\n<meta property=\"og:url\" content=\"https:\/\/loretovietnam.org\/vi\/our-work\/programs\/assessing-a-better-education\/wheels-for-education\/\" \/>\n<meta property=\"og:site_name\" content=\"Loreto Vietnam\" \/>\n<meta property=\"article:modified_time\" content=\"2020-09-19T07:40:29+00:00\" \/>\n<meta property=\"og:image\" content=\"https:\/\/loretovietnam.org\/wp-content\/uploads\/2020\/07\/Development-Programs-Feature-900x380-1.jpg\" \/>\n<meta name=\"twitter:card\" content=\"summary_large_image\" \/>\n<meta name=\"twitter:label1\" content=\"\u01af\u1edbc t\u00ednh th\u1eddi gian \u0111\u1ecdc\" \/>\n\t<meta name=\"twitter:data1\" content=\"1 ph\u00fat\" \/>\n<script type=\"application\/ld+json\" class=\"yoast-schema-graph\">{\"@context\":\"https:\\\/\\\/schema.org\",\"@graph\":[{\"@type\":\"WebPage\",\"@id\":\"https:\\\/\\\/loretovietnam.org\\\/our-work\\\/programs\\\/assessing-a-better-education\\\/wheels-for-education\\\/\",\"url\":\"https:\\\/\\\/loretovietnam.org\\\/our-work\\\/programs\\\/assessing-a-better-education\\\/wheels-for-education\\\/\",\"name\":\"Wheels for Education - Loreto Vietnam\",\"isPartOf\":{\"@id\":\"https:\\\/\\\/loretovietnam.org\\\/#website\"},\"primaryImageOfPage\":{\"@id\":\"https:\\\/\\\/loretovietnam.org\\\/our-work\\\/programs\\\/assessing-a-better-education\\\/wheels-for-education\\\/#primaryimage\"},\"image\":{\"@id\":\"https:\\\/\\\/loretovietnam.org\\\/our-work\\\/programs\\\/assessing-a-better-education\\\/wheels-for-education\\\/#primaryimage\"},\"thumbnailUrl\":\"https:\\\/\\\/loretovietnam.org\\\/wp-content\\\/uploads\\\/2020\\\/07\\\/Development-Programs-Feature-900x380-1.jpg\",\"datePublished\":\"2020-07-01T09:04:39+00:00\",\"dateModified\":\"2020-09-19T07:40:29+00:00\",\"breadcrumb\":{\"@id\":\"https:\\\/\\\/loretovietnam.org\\\/our-work\\\/programs\\\/assessing-a-better-education\\\/wheels-for-education\\\/#breadcrumb\"},\"inLanguage\":\"vi\",\"potentialAction\":[{\"@type\":\"ReadAction\",\"target\":[\"https:\\\/\\\/loretovietnam.org\\\/our-work\\\/programs\\\/assessing-a-better-education\\\/wheels-for-education\\\/\"]}]},{\"@type\":\"ImageObject\",\"inLanguage\":\"vi\",\"@id\":\"https:\\\/\\\/loretovietnam.org\\\/our-work\\\/programs\\\/assessing-a-better-education\\\/wheels-for-education\\\/#primaryimage\",\"url\":\"https:\\\/\\\/loretovietnam.org\\\/wp-content\\\/uploads\\\/2020\\\/07\\\/Development-Programs-Feature-900x380-1.jpg\",\"contentUrl\":\"https:\\\/\\\/loretovietnam.org\\\/wp-content\\\/uploads\\\/2020\\\/07\\\/Development-Programs-Feature-900x380-1.jpg\"},{\"@type\":\"BreadcrumbList\",\"@id\":\"https:\\\/\\\/loretovietnam.org\\\/our-work\\\/programs\\\/assessing-a-better-education\\\/wheels-for-education\\\/#breadcrumb\",\"itemListElement\":[{\"@type\":\"ListItem\",\"position\":1,\"name\":\"Home\",\"item\":\"https:\\\/\\\/loretovietnam.org\\\/\"},{\"@type\":\"ListItem\",\"position\":2,\"name\":\"Our Work\",\"item\":\"https:\\\/\\\/loretovietnam.org\\\/our-work\\\/\"},{\"@type\":\"ListItem\",\"position\":3,\"name\":\"Programs\",\"item\":\"https:\\\/\\\/loretovietnam.org\\\/our-work\\\/programs\\\/\"},{\"@type\":\"ListItem\",\"position\":4,\"name\":\"Accessing a Better Education\",\"item\":\"https:\\\/\\\/loretovietnam.org\\\/our-work\\\/programs\\\/assessing-a-better-education\\\/\"},{\"@type\":\"ListItem\",\"position\":5,\"name\":\"Wheels for Education\"}]},{\"@type\":\"WebSite\",\"@id\":\"https:\\\/\\\/loretovietnam.org\\\/#website\",\"url\":\"https:\\\/\\\/loretovietnam.org\\\/\",\"name\":\"Loreto Vietnam\",\"description\":\"\",\"potentialAction\":[{\"@type\":\"SearchAction\",\"target\":{\"@type\":\"EntryPoint\",\"urlTemplate\":\"https:\\\/\\\/loretovietnam.org\\\/?s={search_term_string}\"},\"query-input\":{\"@type\":\"PropertyValueSpecification\",\"valueRequired\":true,\"valueName\":\"search_term_string\"}}],\"inLanguage\":\"vi\"}]}<\/script>\n<!-- \/ Yoast SEO plugin. -->","yoast_head_json":{"title":"Wheels for Education - Loreto Vietnam","robots":{"index":"index","follow":"follow","max-snippet":"max-snippet:-1","max-image-preview":"max-image-preview:large","max-video-preview":"max-video-preview:-1"},"canonical":"https:\/\/loretovietnam.org\/vi\/our-work\/programs\/assessing-a-better-education\/wheels-for-education\/","og_locale":"vi_VN","og_type":"article","og_title":"Wheels for Education - Loreto Vietnam","og_description":"Wheels for Education Attending school and accessing quality education is the right of every child. For many reasons, the way to school is more difficult and challenging for some children, particularly those in remote and rural provinces. Without a vehicle or other means of transport, it takes some students hours to walk to and from...","og_url":"https:\/\/loretovietnam.org\/vi\/our-work\/programs\/assessing-a-better-education\/wheels-for-education\/","og_site_name":"Loreto Vietnam","article_modified_time":"2020-09-19T07:40:29+00:00","og_image":[{"url":"https:\/\/loretovietnam.org\/wp-content\/uploads\/2020\/07\/Development-Programs-Feature-900x380-1.jpg","type":"","width":"","height":""}],"twitter_card":"summary_large_image","twitter_misc":{"\u01af\u1edbc t\u00ednh th\u1eddi gian \u0111\u1ecdc":"1 ph\u00fat"},"schema":{"@context":"https:\/\/schema.org","@graph":[{"@type":"WebPage","@id":"https:\/\/loretovietnam.org\/our-work\/programs\/assessing-a-better-education\/wheels-for-education\/","url":"https:\/\/loretovietnam.org\/our-work\/programs\/assessing-a-better-education\/wheels-for-education\/","name":"Wheels for Education - Loreto Vietnam","isPartOf":{"@id":"https:\/\/loretovietnam.org\/#website"},"primaryImageOfPage":{"@id":"https:\/\/loretovietnam.org\/our-work\/programs\/assessing-a-better-education\/wheels-for-education\/#primaryimage"},"image":{"@id":"https:\/\/loretovietnam.org\/our-work\/programs\/assessing-a-better-education\/wheels-for-education\/#primaryimage"},"thumbnailUrl":"https:\/\/loretovietnam.org\/wp-content\/uploads\/2020\/07\/Development-Programs-Feature-900x380-1.jpg","datePublished":"2020-07-01T09:04:39+00:00","dateModified":"2020-09-19T07:40:29+00:00","breadcrumb":{"@id":"https:\/\/loretovietnam.org\/our-work\/programs\/assessing-a-better-education\/wheels-for-education\/#breadcrumb"},"inLanguage":"vi","potentialAction":[{"@type":"ReadAction","target":["https:\/\/loretovietnam.org\/our-work\/programs\/assessing-a-better-education\/wheels-for-education\/"]}]},{"@type":"ImageObject","inLanguage":"vi","@id":"https:\/\/loretovietnam.org\/our-work\/programs\/assessing-a-better-education\/wheels-for-education\/#primaryimage","url":"https:\/\/loretovietnam.org\/wp-content\/uploads\/2020\/07\/Development-Programs-Feature-900x380-1.jpg","contentUrl":"https:\/\/loretovietnam.org\/wp-content\/uploads\/2020\/07\/Development-Programs-Feature-900x380-1.jpg"},{"@type":"BreadcrumbList","@id":"https:\/\/loretovietnam.org\/our-work\/programs\/assessing-a-better-education\/wheels-for-education\/#breadcrumb","itemListElement":[{"@type":"ListItem","position":1,"name":"Home","item":"https:\/\/loretovietnam.org\/"},{"@type":"ListItem","position":2,"name":"Our Work","item":"https:\/\/loretovietnam.org\/our-work\/"},{"@type":"ListItem","position":3,"name":"Programs","item":"https:\/\/loretovietnam.org\/our-work\/programs\/"},{"@type":"ListItem","position":4,"name":"Accessing a Better Education","item":"https:\/\/loretovietnam.org\/our-work\/programs\/assessing-a-better-education\/"},{"@type":"ListItem","position":5,"name":"Wheels for Education"}]},{"@type":"WebSite","@id":"https:\/\/loretovietnam.org\/#website","url":"https:\/\/loretovietnam.org\/","name":"Loreto Vietnam","description":"","potentialAction":[{"@type":"SearchAction","target":{"@type":"EntryPoint","urlTemplate":"https:\/\/loretovietnam.org\/?s={search_term_string}"},"query-input":{"@type":"PropertyValueSpecification","valueRequired":true,"valueName":"search_term_string"}}],"inLanguage":"vi"}]}},"_links":{"self":[{"href":"https:\/\/loretovietnam.org\/vi\/wp-json\/wp\/v2\/pages\/1456","targetHints":{"allow":["GET"]}}],"collection":[{"href":"https:\/\/loretovietnam.org\/vi\/wp-json\/wp\/v2\/pages"}],"about":[{"href":"https:\/\/loretovietnam.org\/vi\/wp-json\/wp\/v2\/types\/page"}],"author":[{"embeddable":true,"href":"https:\/\/loretovietnam.org\/vi\/wp-json\/wp\/v2\/users\/1"}],"replies":[{"embeddable":true,"href":"https:\/\/loretovietnam.org\/vi\/wp-json\/wp\/v2\/comments?post=1456"}],"version-history":[{"count":10,"href":"https:\/\/loretovietnam.org\/vi\/wp-json\/wp\/v2\/pages\/1456\/revisions"}],"predecessor-version":[{"id":2183,"href":"https:\/\/loretovietnam.org\/vi\/wp-json\/wp\/v2\/pages\/1456\/revisions\/2183"}],"up":[{"embeddable":true,"href":"https:\/\/loretovietnam.org\/vi\/wp-json\/wp\/v2\/pages\/1934"}],"wp:attachment":[{"href":"https:\/\/loretovietnam.org\/vi\/wp-json\/wp\/v2\/media?parent=1456"}],"curies":[{"name":"wp","href":"https:\/\/api.w.org\/{rel}","templated":true}]}}