{"id":1144,"date":"2020-06-07T06:08:53","date_gmt":"2020-06-06T23:08:53","guid":{"rendered":"https:\/\/loretovietnam.org\/?page_id=1144"},"modified":"2020-07-10T06:10:45","modified_gmt":"2020-07-09T23:10:45","slug":"join-our-team","status":"publish","type":"page","link":"https:\/\/loretovietnam.org\/vi\/get-involved\/join-our-team\/","title":{"rendered":"Gia nh\u1eadp \u0111\u1ed9i ng\u0169"},"content":{"rendered":"<p><\/p>\n<div class=\"row\"  id=\"row-1672447104\">\n<div class=\"col small-12 large-12\"  ><div class=\"col-inner\"  >\n<h1>Gia nh\u1eadp \u0111\u1ed9i ng\u0169 <img loading=\"lazy\" decoding=\"async\" class=\"alignnonewp-image-196\" src=\"https:\/\/loretovietnam.org\/wp-content\/uploads\/2018\/07\/ico_join.png\" alt=\"\" width=\"81\" height=\"72\" \/><\/h1>\n<p>N\u1ebfu b\u1ea1n quan t\u00e2m \u0111\u1ebfn s\u1ef1 b\u1ea5t b\u00ecnh \u0111\u1eb3ng trong ti\u1ebfp c\u1eadn gi\u00e1o d\u1ee5c tr\u00ean kh\u1eafp Vi\u1ec7t Nam v\u00e0 mu\u1ed1n gia nh\u1eadp \u0111\u1ed9i ng\u0169 c\u00e1c c\u00e1 nh\u00e2n nhi\u1ec7t huy\u1ebft \u0111ang kh\u00f4ng ng\u1eebng l\u00e0m vi\u1ec7c \u0111\u1ec3 gi\u1ea3i quy\u1ebft v\u1ea5n \u0111\u1ec1 n\u00e0y, vui l\u00f2ng \u1ee9ng tuy\u1ec3n v\u00e0o m\u1ed9t trong c\u00e1c v\u1ecb tr\u00ed sau \u0111\u00e2y m\u00e0 ch\u00fang t\u00f4i hi\u1ec7n \u0111ang t\u00ecm ki\u1ebfm.<\/p>\n<ul>\n<li>Hi\u1ec7n t\u1ea1i kh\u00f4ng c\u00f3 v\u1ecb tr\u00ed tr\u1ed1ng.<\/li>\n<\/ul>\n<p>N\u1ebfu b\u1ea1n mu\u1ed1n n\u1ed9p h\u1ed3 s\u01a1 \u1ee9ng tuy\u1ec3n cho c\u00e1c c\u01a1 h\u1ed9i vi\u1ec7c l\u00e0m trong t\u01b0\u01a1ng lai, vui l\u00f2ng g\u1eedi e-mail \u0111\u1ebfn <a href=\"mailto:info@loretovietnam.org\" target=\"_blank\" rel=\"noopener noreferrer\">info@loretovietnam.org<\/a><\/p>\n<\/div><\/div>\n<\/div>\n<p>\n<\/p>","protected":false},"excerpt":{"rendered":"","protected":false},"author":1,"featured_media":0,"parent":16,"menu_order":0,"comment_status":"closed","ping_status":"closed","template":"","meta":{"_exactmetrics_skip_tracking":false,"_exactmetrics_sitenote_active":false,"_exactmetrics_sitenote_note":"","_exactmetrics_sitenote_category":0,"footnotes":""},"class_list":["post-1144","page","type-page","status-publish","hentry"],"yoast_head":"<!-- This site is optimized with the Yoast SEO plugin v27.6 - https:\/\/yoast.com\/product\/yoast-seo-wordpress\/ -->\n<title>Join Our Team - Loreto Vietnam<\/title>\n<meta name=\"robots\" content=\"index, follow, max-snippet:-1, max-image-preview:large, max-video-preview:-1\" \/>\n<link rel=\"canonical\" href=\"https:\/\/loretovietnam.org\/vi\/get-involved\/join-our-team\/\" \/>\n<meta property=\"og:locale\" content=\"vi_VN\" \/>\n<meta property=\"og:type\" content=\"article\" \/>\n<meta property=\"og:title\" content=\"Join Our Team - Loreto Vietnam\" \/>\n<meta property=\"og:url\" content=\"https:\/\/loretovietnam.org\/vi\/get-involved\/join-our-team\/\" \/>\n<meta property=\"og:site_name\" content=\"Loreto Vietnam\" \/>\n<meta property=\"article:modified_time\" content=\"2020-07-09T23:10:45+00:00\" \/>\n<meta property=\"og:image\" content=\"https:\/\/loretovietnam.org\/wp-content\/uploads\/2018\/07\/ico_join.png\" \/>\n<meta name=\"twitter:card\" content=\"summary_large_image\" \/>\n<script type=\"application\/ld+json\" class=\"yoast-schema-graph\">{\"@context\":\"https:\\\/\\\/schema.org\",\"@graph\":[{\"@type\":\"WebPage\",\"@id\":\"https:\\\/\\\/loretovietnam.org\\\/get-involved\\\/join-our-team\\\/\",\"url\":\"https:\\\/\\\/loretovietnam.org\\\/get-involved\\\/join-our-team\\\/\",\"name\":\"Join Our Team - Loreto Vietnam\",\"isPartOf\":{\"@id\":\"https:\\\/\\\/loretovietnam.org\\\/#website\"},\"primaryImageOfPage\":{\"@id\":\"https:\\\/\\\/loretovietnam.org\\\/get-involved\\\/join-our-team\\\/#primaryimage\"},\"image\":{\"@id\":\"https:\\\/\\\/loretovietnam.org\\\/get-involved\\\/join-our-team\\\/#primaryimage\"},\"thumbnailUrl\":\"https:\\\/\\\/loretovietnam.org\\\/wp-content\\\/uploads\\\/2018\\\/07\\\/ico_join.png\",\"datePublished\":\"2020-06-06T23:08:53+00:00\",\"dateModified\":\"2020-07-09T23:10:45+00:00\",\"breadcrumb\":{\"@id\":\"https:\\\/\\\/loretovietnam.org\\\/get-involved\\\/join-our-team\\\/#breadcrumb\"},\"inLanguage\":\"vi\",\"potentialAction\":[{\"@type\":\"ReadAction\",\"target\":[\"https:\\\/\\\/loretovietnam.org\\\/get-involved\\\/join-our-team\\\/\"]}]},{\"@type\":\"ImageObject\",\"inLanguage\":\"vi\",\"@id\":\"https:\\\/\\\/loretovietnam.org\\\/get-involved\\\/join-our-team\\\/#primaryimage\",\"url\":\"https:\\\/\\\/loretovietnam.org\\\/wp-content\\\/uploads\\\/2018\\\/07\\\/ico_join.png\",\"contentUrl\":\"https:\\\/\\\/loretovietnam.org\\\/wp-content\\\/uploads\\\/2018\\\/07\\\/ico_join.png\"},{\"@type\":\"BreadcrumbList\",\"@id\":\"https:\\\/\\\/loretovietnam.org\\\/get-involved\\\/join-our-team\\\/#breadcrumb\",\"itemListElement\":[{\"@type\":\"ListItem\",\"position\":1,\"name\":\"Home\",\"item\":\"https:\\\/\\\/loretovietnam.org\\\/\"},{\"@type\":\"ListItem\",\"position\":2,\"name\":\"Get Involved\",\"item\":\"https:\\\/\\\/loretovietnam.org\\\/get-involved\\\/\"},{\"@type\":\"ListItem\",\"position\":3,\"name\":\"Join Our Team\"}]},{\"@type\":\"WebSite\",\"@id\":\"https:\\\/\\\/loretovietnam.org\\\/#website\",\"url\":\"https:\\\/\\\/loretovietnam.org\\\/\",\"name\":\"Loreto Vietnam\",\"description\":\"\",\"potentialAction\":[{\"@type\":\"SearchAction\",\"target\":{\"@type\":\"EntryPoint\",\"urlTemplate\":\"https:\\\/\\\/loretovietnam.org\\\/?s={search_term_string}\"},\"query-input\":{\"@type\":\"PropertyValueSpecification\",\"valueRequired\":true,\"valueName\":\"search_term_string\"}}],\"inLanguage\":\"vi\"}]}<\/script>\n<!-- \/ Yoast SEO plugin. -->","yoast_head_json":{"title":"Join Our Team - Loreto Vietnam","robots":{"index":"index","follow":"follow","max-snippet":"max-snippet:-1","max-image-preview":"max-image-preview:large","max-video-preview":"max-video-preview:-1"},"canonical":"https:\/\/loretovietnam.org\/vi\/get-involved\/join-our-team\/","og_locale":"vi_VN","og_type":"article","og_title":"Join Our Team - Loreto Vietnam","og_url":"https:\/\/loretovietnam.org\/vi\/get-involved\/join-our-team\/","og_site_name":"Loreto Vietnam","article_modified_time":"2020-07-09T23:10:45+00:00","og_image":[{"url":"https:\/\/loretovietnam.org\/wp-content\/uploads\/2018\/07\/ico_join.png","type":"","width":"","height":""}],"twitter_card":"summary_large_image","schema":{"@context":"https:\/\/schema.org","@graph":[{"@type":"WebPage","@id":"https:\/\/loretovietnam.org\/get-involved\/join-our-team\/","url":"https:\/\/loretovietnam.org\/get-involved\/join-our-team\/","name":"Join Our Team - Loreto Vietnam","isPartOf":{"@id":"https:\/\/loretovietnam.org\/#website"},"primaryImageOfPage":{"@id":"https:\/\/loretovietnam.org\/get-involved\/join-our-team\/#primaryimage"},"image":{"@id":"https:\/\/loretovietnam.org\/get-involved\/join-our-team\/#primaryimage"},"thumbnailUrl":"https:\/\/loretovietnam.org\/wp-content\/uploads\/2018\/07\/ico_join.png","datePublished":"2020-06-06T23:08:53+00:00","dateModified":"2020-07-09T23:10:45+00:00","breadcrumb":{"@id":"https:\/\/loretovietnam.org\/get-involved\/join-our-team\/#breadcrumb"},"inLanguage":"vi","potentialAction":[{"@type":"ReadAction","target":["https:\/\/loretovietnam.org\/get-involved\/join-our-team\/"]}]},{"@type":"ImageObject","inLanguage":"vi","@id":"https:\/\/loretovietnam.org\/get-involved\/join-our-team\/#primaryimage","url":"https:\/\/loretovietnam.org\/wp-content\/uploads\/2018\/07\/ico_join.png","contentUrl":"https:\/\/loretovietnam.org\/wp-content\/uploads\/2018\/07\/ico_join.png"},{"@type":"BreadcrumbList","@id":"https:\/\/loretovietnam.org\/get-involved\/join-our-team\/#breadcrumb","itemListElement":[{"@type":"ListItem","position":1,"name":"Home","item":"https:\/\/loretovietnam.org\/"},{"@type":"ListItem","position":2,"name":"Get Involved","item":"https:\/\/loretovietnam.org\/get-involved\/"},{"@type":"ListItem","position":3,"name":"Join Our Team"}]},{"@type":"WebSite","@id":"https:\/\/loretovietnam.org\/#website","url":"https:\/\/loretovietnam.org\/","name":"Loreto Vietnam","description":"","potentialAction":[{"@type":"SearchAction","target":{"@type":"EntryPoint","urlTemplate":"https:\/\/loretovietnam.org\/?s={search_term_string}"},"query-input":{"@type":"PropertyValueSpecification","valueRequired":true,"valueName":"search_term_string"}}],"inLanguage":"vi"}]}},"_links":{"self":[{"href":"https:\/\/loretovietnam.org\/vi\/wp-json\/wp\/v2\/pages\/1144","targetHints":{"allow":["GET"]}}],"collection":[{"href":"https:\/\/loretovietnam.org\/vi\/wp-json\/wp\/v2\/pages"}],"about":[{"href":"https:\/\/loretovietnam.org\/vi\/wp-json\/wp\/v2\/types\/page"}],"author":[{"embeddable":true,"href":"https:\/\/loretovietnam.org\/vi\/wp-json\/wp\/v2\/users\/1"}],"replies":[{"embeddable":true,"href":"https:\/\/loretovietnam.org\/vi\/wp-json\/wp\/v2\/comments?post=1144"}],"version-history":[{"count":5,"href":"https:\/\/loretovietnam.org\/vi\/wp-json\/wp\/v2\/pages\/1144\/revisions"}],"predecessor-version":[{"id":1608,"href":"https:\/\/loretovietnam.org\/vi\/wp-json\/wp\/v2\/pages\/1144\/revisions\/1608"}],"up":[{"embeddable":true,"href":"https:\/\/loretovietnam.org\/vi\/wp-json\/wp\/v2\/pages\/16"}],"wp:attachment":[{"href":"https:\/\/loretovietnam.org\/vi\/wp-json\/wp\/v2\/media?parent=1144"}],"curies":[{"name":"wp","href":"https:\/\/api.w.org\/{rel}","templated":true}]}}