{"id":1142,"date":"2020-06-07T06:08:17","date_gmt":"2020-06-06T23:08:17","guid":{"rendered":"https:\/\/loretovietnam.org\/?page_id=1142"},"modified":"2024-01-15T06:27:33","modified_gmt":"2024-01-14T23:27:33","slug":"partner-with-us","status":"publish","type":"page","link":"https:\/\/loretovietnam.org\/vi\/get-involved\/partner-with-us\/","title":{"rendered":"H\u1ee3p t\u00e1c"},"content":{"rendered":"<p>\n\n<\/p>\n<h1>H\u1ee3p t\u00e1c <img loading=\"lazy\" decoding=\"async\" class=\"alignnonewp-image-148\" src=\"https:\/\/loretovietnam.org\/wp-content\/uploads\/2018\/06\/ico_partnership.png\" alt=\"\" width=\"59\" height=\"53\" \/><\/h1>\n<p>Ch\u00fang t\u00f4i tin r\u1eb1ng c\u00e1c doanh nghi\u1ec7p v\u00e0 doanh nh\u00e2n c\u00f3 vai tr\u00f2 quan tr\u1ecdng trong vi\u1ec7c t\u1ea1o ra m\u1ed9t th\u1ebf gi\u1edbi b\u00ecnh \u0111\u1eb3ng v\u00e0 c\u00f4ng b\u1eb1ng h\u01a1n. V\u00e0 v\u00ec v\u1eady, ch\u00fang t\u00f4i t\u1ef1 h\u00e0o v\u1ec1 kh\u1ea3 n\u0103ng tham gia v\u00e0o c\u00e1c m\u1ed1i quan h\u1ec7 c\u00f9ng c\u00f3 l\u1ee3i v\u1edbi c\u00e1c c\u00f4ng ty, t\u1ed5 ch\u1ee9c v\u00e0 \u0111\u1ed1i t\u00e1c trong ng\u00e0nh, c\u00f9ng nhau th\u1ef1c hi\u1ec7n M\u1ee5c ti\u00eau Ph\u00e1t tri\u1ec3n B\u1ec1n v\u1eefng s\u1ed1 4 - Gi\u00e1o d\u1ee5c Ch\u1ea5t l\u01b0\u1ee3ng Cho T\u1ea5t c\u1ea3 m\u1ecdi ng\u01b0\u1eddi.<\/p>\n<p>C\u00e1c l\u1ee3i \u00edch khi h\u1ee3p t\u00e1c v\u1edbi ch\u00fang t\u00f4i bao g\u1ed3m:<\/p>\n<p>\u2022 Ho\u00e0n th\u00e0nh c\u00e1c m\u1ee5c ti\u00eau Tr\u00e1ch nhi\u1ec7m x\u00e3 h\u1ed9i c\u1ee7a Doanh nghi\u1ec7p<br \/>\u2022 \u0110\u1ea9y m\u1ea1nh h\u00ecnh \u1ea3nh, th\u01b0\u01a1ng hi\u1ec7u c\u00f4ng ty c\u1ee7a qu\u00fd v\u1ecb v\u00e0 n\u00e2ng cao uy t\u00edn doanh nghi\u1ec7p<br \/>\u2022 \u0110\u1ea1t \u0111\u01b0\u1ee3c l\u1ee3i th\u1ebf trong l\u0129nh v\u1ef1c c\u1ee7a qu\u00fd v\u1ecb<br \/>\u2022 Thu h\u00fat kh\u00e1ch h\u00e0ng c\u1ee7a qu\u00fd v\u1ecb, \u0111\u1eb7c bi\u1ec7t l\u00e0 nh\u1eefng kh\u00e1ch h\u00e0ng c\u00f3 tr\u1ebb em, t\u1eeb \u0111\u00f3 h\u1ed7 tr\u1ee3 chi\u1ebfn l\u01b0\u1ee3c g\u1eafn k\u1ebft kh\u00e1ch h\u00e0ng hi\u1ec7u qu\u1ea3 h\u01a1n<br \/>\u2022 X\u00e2y d\u1ef1ng h\u00ecnh \u1ea3nh \u0111\u1eb9p tr\u01b0\u1edbc c\u00f4ng ch\u00fang v\u00e0 c\u00f3 c\u01a1 h\u1ed9i truy\u1ec1n th\u00f4ng t\u00edch c\u1ef1c th\u00f4ng qua c\u00e1c ho\u1ea1t \u0111\u1ed9ng qu\u1ea3ng b\u00e1 \u0111\u1ea1o \u0111\u1ee9c doanh nghi\u1ec7p<br \/>\u2022 Ti\u1ebfp c\u1eadn \u0111\u1ed1i t\u01b0\u1ee3ng kh\u00e1ch h\u00e0ng m\u1edbi v\u00e0 th\u00fac \u0111\u1ea9y doanh s\u1ed1 b\u00e1n h\u00e0ng<br \/>\u2022 Thu h\u00fat v\u00e0 gi\u1eef ch\u00e2n l\u1ef1c l\u01b0\u1ee3ng lao \u0111\u1ed9ng g\u1eafn b\u00f3 v\u00e0 tr\u1edf th\u00e0nh nh\u00e0 tuy\u1ec3n d\u1ee5ng y\u00eau th\u00edch c\u1ee7a c\u00e1c \u1ee9ng vi\u00ean<br \/>\u2022 C\u1ea3i thi\u1ec7n tinh th\u1ea7n nh\u00e2n vi\u00ean v\u00e0 t\u0103ng c\u01a1 h\u1ed9i x\u00e2y d\u1ef1ng nh\u00f3m<\/p>\n<p>Li\u00ean h\u1ec7: Nguy\u1ec5n Ph\u1ee5ng \u00c1i Thi\u00ean t\u1ea1i\u00a0<a href=\"mailto:info@loretovietnam.org\">info@loretovietnam.org<\/a>\u00a0\u0111\u1ec3 bi\u1ebft th\u00eam th\u00f4ng tin.<\/p>\n<div class=\"gap-element\" style=\"display:block; height:auto; padding-top:15px\"><\/div>\n<h1>\u0110\u1ed0I T\u00c1C C\u1ee6A CH\u00daNG T\u00d4I<\/h1>\n<p>\n\n\n<\/p>\n<div class=\"row\"  id=\"row-1196042561\">\n<div class=\"col medium-3 small-6 large-3\"  ><div class=\"col-inner text-center\"  >\n\t<div class=\"img has-hover x md-x lg-x y md-y lg-y\" id=\"image_731411900\">\n\t\t\t\t\t\t\t\t<div class=\"img-inner dark\" >\n\t\t\t<img loading=\"lazy\" decoding=\"async\" width=\"250\" height=\"125\" src=\"https:\/\/loretovietnam.org\/wp-content\/uploads\/2020\/08\/Loreto_RGB.png\" class=\"attachment-large size-large\" alt=\"\" \/>\t\t\t\t\t\t\n\t\t\t\t\t<\/div>\n\t\t\t\t\t\t\t\t\n<style scope=\"scope\">\n\n#image_731411900 {\n  width: 100%;\n}\n<\/style>\n\t<\/div>\n\t\n<\/div><\/div>\n<div class=\"col medium-3 small-6 large-3\"  ><div class=\"col-inner text-center\"  >\n\t<div class=\"img has-hover x md-x lg-x y md-y lg-y\" id=\"image_783004461\">\n\t\t\t\t\t\t\t\t<div class=\"img-inner dark\" >\n\t\t\t<img loading=\"lazy\" decoding=\"async\" width=\"250\" height=\"125\" src=\"https:\/\/loretovietnam.org\/wp-content\/uploads\/2020\/08\/MWIA_Mono_RGB.png\" class=\"attachment-large size-large\" alt=\"\" \/>\t\t\t\t\t\t\n\t\t\t\t\t<\/div>\n\t\t\t\t\t\t\t\t\n<style scope=\"scope\">\n\n#image_783004461 {\n  width: 100%;\n}\n<\/style>\n\t<\/div>\n\t\n<\/div><\/div>\n<div class=\"col medium-3 small-6 large-3\"  ><div class=\"col-inner\"  >\n\t<div class=\"img has-hover x md-x lg-x y md-y lg-y\" id=\"image_356053059\">\n\t\t\t\t\t\t\t\t<div class=\"img-inner dark\" >\n\t\t\t<img loading=\"lazy\" decoding=\"async\" width=\"250\" height=\"125\" src=\"https:\/\/loretovietnam.org\/wp-content\/uploads\/2020\/08\/Loreto_Ministries_RGB.png\" class=\"attachment-large size-large\" alt=\"\" \/>\t\t\t\t\t\t\n\t\t\t\t\t<\/div>\n\t\t\t\t\t\t\t\t\n<style scope=\"scope\">\n\n#image_356053059 {\n  width: 100%;\n}\n<\/style>\n\t<\/div>\n\t\n<\/div><\/div>\n<div class=\"col medium-3 small-6 large-3\"  ><div class=\"col-inner text-center\"  >\n\t<div class=\"img has-hover x md-x lg-x y md-y lg-y\" id=\"image_377074139\">\n\t\t\t\t\t\t\t\t<div class=\"img-inner dark\" >\n\t\t\t<img loading=\"lazy\" decoding=\"async\" width=\"250\" height=\"125\" src=\"https:\/\/loretovietnam.org\/wp-content\/uploads\/2020\/08\/Loreto-Marryatville_s-.png\" class=\"attachment-large size-large\" alt=\"\" \/>\t\t\t\t\t\t\n\t\t\t\t\t<\/div>\n\t\t\t\t\t\t\t\t\n<style scope=\"scope\">\n\n#image_377074139 {\n  width: 100%;\n}\n<\/style>\n\t<\/div>\n\t\n<\/div><\/div>\n<\/div>\n<div class=\"row\"  id=\"row-991937402\">\n<div class=\"col medium-3 small-6 large-3\"  ><div class=\"col-inner text-center\"  >\n\t<div class=\"img has-hover x md-x lg-x y md-y lg-y\" id=\"image_1201625297\">\n\t\t\t\t\t\t\t\t<div class=\"img-inner dark\" >\n\t\t\t<img loading=\"lazy\" decoding=\"async\" width=\"250\" height=\"125\" src=\"https:\/\/loretovietnam.org\/wp-content\/uploads\/2020\/08\/Loreto-Mandeville-Hall-.png\" class=\"attachment-large size-large\" alt=\"\" \/>\t\t\t\t\t\t\n\t\t\t\t\t<\/div>\n\t\t\t\t\t\t\t\t\n<style scope=\"scope\">\n\n#image_1201625297 {\n  width: 100%;\n}\n<\/style>\n\t<\/div>\n\t\n<\/div><\/div>\n<div class=\"col medium-3 small-6 large-3\"  ><div class=\"col-inner text-center\"  >\n\t<div class=\"img has-hover x md-x lg-x y md-y lg-y\" id=\"image_1808828430\">\n\t\t\t\t\t\t\t\t<div class=\"img-inner dark\" >\n\t\t\t<img loading=\"lazy\" decoding=\"async\" width=\"250\" height=\"125\" src=\"https:\/\/loretovietnam.org\/wp-content\/uploads\/2020\/08\/Loreto-Nedlands.png\" class=\"attachment-large size-large\" alt=\"\" \/>\t\t\t\t\t\t\n\t\t\t\t\t<\/div>\n\t\t\t\t\t\t\t\t\n<style scope=\"scope\">\n\n#image_1808828430 {\n  width: 100%;\n}\n<\/style>\n\t<\/div>\n\t\n<\/div><\/div>\n<div class=\"col medium-3 small-6 large-3\"  ><div class=\"col-inner text-center\"  >\n\t<div class=\"img has-hover x md-x lg-x y md-y lg-y\" id=\"image_1890042531\">\n\t\t\t\t\t\t\t\t<div class=\"img-inner dark\" >\n\t\t\t<img loading=\"lazy\" decoding=\"async\" width=\"250\" height=\"125\" src=\"https:\/\/loretovietnam.org\/wp-content\/uploads\/2020\/08\/Loreto-College-Coorparoo-.png\" class=\"attachment-large size-large\" alt=\"\" \/>\t\t\t\t\t\t\n\t\t\t\t\t<\/div>\n\t\t\t\t\t\t\t\t\n<style scope=\"scope\">\n\n#image_1890042531 {\n  width: 100%;\n}\n<\/style>\n\t<\/div>\n\t\n<\/div><\/div>\n<div class=\"col medium-3 small-6 large-3\"  ><div class=\"col-inner text-center\"  >\n\t<div class=\"img has-hover x md-x lg-x y md-y lg-y\" id=\"image_214080644\">\n\t\t\t\t\t\t\t\t<div class=\"img-inner dark\" >\n\t\t\t<img loading=\"lazy\" decoding=\"async\" width=\"250\" height=\"125\" src=\"https:\/\/loretovietnam.org\/wp-content\/uploads\/2020\/08\/Loreto-Kirribilli.png\" class=\"attachment-large size-large\" alt=\"\" \/>\t\t\t\t\t\t\n\t\t\t\t\t<\/div>\n\t\t\t\t\t\t\t\t\n<style scope=\"scope\">\n\n#image_214080644 {\n  width: 100%;\n}\n<\/style>\n\t<\/div>\n\t\n<\/div><\/div>\n<\/div>\n<div class=\"row\"  id=\"row-1082074509\">\n<div class=\"col medium-3 small-6 large-3\"  ><div class=\"col-inner text-center\"  >\n\t<div class=\"img has-hover x md-x lg-x y md-y lg-y\" id=\"image_699916156\">\n\t\t\t\t\t\t\t\t<div class=\"img-inner dark\" >\n\t\t\t<img loading=\"lazy\" decoding=\"async\" width=\"250\" height=\"125\" src=\"https:\/\/loretovietnam.org\/wp-content\/uploads\/2020\/08\/Loreto-Normanhurst.png\" class=\"attachment-large size-large\" alt=\"\" \/>\t\t\t\t\t\t\n\t\t\t\t\t<\/div>\n\t\t\t\t\t\t\t\t\n<style scope=\"scope\">\n\n#image_699916156 {\n  width: 100%;\n}\n<\/style>\n\t<\/div>\n\t\n<\/div><\/div>\n<div class=\"col medium-3 small-6 large-3\"  ><div class=\"col-inner text-center\"  >\n\t<div class=\"img has-hover x md-x lg-x y md-y lg-y\" id=\"image_1471029426\">\n\t\t\t\t\t\t\t\t<div class=\"img-inner dark\" >\n\t\t\t<img loading=\"lazy\" decoding=\"async\" width=\"250\" height=\"125\" src=\"https:\/\/loretovietnam.org\/wp-content\/uploads\/2020\/08\/Loreto-Ballarat.png\" class=\"attachment-large size-large\" alt=\"\" \/>\t\t\t\t\t\t\n\t\t\t\t\t<\/div>\n\t\t\t\t\t\t\t\t\n<style scope=\"scope\">\n\n#image_1471029426 {\n  width: 100%;\n}\n<\/style>\n\t<\/div>\n\t\n<\/div><\/div>\n<div class=\"col medium-3 small-6 large-3\"  ><div class=\"col-inner text-center\"  >\n<\/div><\/div>\n<div class=\"col medium-3 small-6 large-3\"  ><div class=\"col-inner text-center\"  >\n<\/div><\/div>\n<\/div>\n<div class=\"row\"  id=\"row-2014808773\">\n<div class=\"col medium-3 small-6 large-3\"  ><div class=\"col-inner text-center\"  >\n\t<div class=\"img has-hover x md-x lg-x y md-y lg-y\" id=\"image_1516833719\">\n\t\t\t\t\t\t\t\t<div class=\"img-inner dark\" >\n\t\t\t<img loading=\"lazy\" decoding=\"async\" width=\"250\" height=\"125\" src=\"https:\/\/loretovietnam.org\/wp-content\/uploads\/2020\/08\/PremierOil.png\" class=\"attachment-large size-large\" alt=\"\" \/>\t\t\t\t\t\t\n\t\t\t\t\t<\/div>\n\t\t\t\t\t\t\t\t\n<style scope=\"scope\">\n\n#image_1516833719 {\n  width: 75%;\n}\n<\/style>\n\t<\/div>\n\t\n<\/div><\/div>\n<div class=\"col medium-3 small-6 large-3\"  ><div class=\"col-inner text-center\"  >\n\t<div class=\"img has-hover x md-x lg-x y md-y lg-y\" id=\"image_153611480\">\n\t\t\t\t\t\t\t\t<div class=\"img-inner dark\" >\n\t\t\t<img loading=\"lazy\" decoding=\"async\" width=\"250\" height=\"125\" src=\"https:\/\/loretovietnam.org\/wp-content\/uploads\/2020\/08\/3M.png\" class=\"attachment-large size-large\" alt=\"\" \/>\t\t\t\t\t\t\n\t\t\t\t\t<\/div>\n\t\t\t\t\t\t\t\t\n<style scope=\"scope\">\n\n#image_153611480 {\n  width: 75%;\n}\n<\/style>\n\t<\/div>\n\t\n<\/div><\/div>\n<div class=\"col medium-3 small-6 large-3\"  ><div class=\"col-inner text-center\"  >\n\t<div class=\"img has-hover x md-x lg-x y md-y lg-y\" id=\"image_1955511714\">\n\t\t\t\t\t\t\t\t<div class=\"img-inner dark\" >\n\t\t\t<img loading=\"lazy\" decoding=\"async\" width=\"250\" height=\"125\" src=\"https:\/\/loretovietnam.org\/wp-content\/uploads\/2020\/08\/UPS.png\" class=\"attachment-large size-large\" alt=\"\" \/>\t\t\t\t\t\t\n\t\t\t\t\t<\/div>\n\t\t\t\t\t\t\t\t\n<style scope=\"scope\">\n\n#image_1955511714 {\n  width: 75%;\n}\n<\/style>\n\t<\/div>\n\t\n<\/div><\/div>\n<div class=\"col medium-3 small-6 large-3\"  ><div class=\"col-inner text-center\"  >\n\t<div class=\"img has-hover x md-x lg-x y md-y lg-y\" id=\"image_2103459794\">\n\t\t\t\t\t\t\t\t<div class=\"img-inner dark\" >\n\t\t\t<img loading=\"lazy\" decoding=\"async\" width=\"250\" height=\"125\" src=\"https:\/\/loretovietnam.org\/wp-content\/uploads\/2020\/08\/AIS.png\" class=\"attachment-large size-large\" alt=\"\" \/>\t\t\t\t\t\t\n\t\t\t\t\t<\/div>\n\t\t\t\t\t\t\t\t\n<style scope=\"scope\">\n\n#image_2103459794 {\n  width: 75%;\n}\n<\/style>\n\t<\/div>\n\t\n<\/div><\/div>\n<\/div>\n<div class=\"row\"  id=\"row-1267811436\">\n<div class=\"col medium-3 small-6 large-3\"  ><div class=\"col-inner text-center\"  >\n\t<div class=\"img has-hover x md-x lg-x y md-y lg-y\" id=\"image_2054723816\">\n\t\t\t\t\t\t\t\t<div class=\"img-inner dark\" >\n\t\t\t<img loading=\"lazy\" decoding=\"async\" width=\"250\" height=\"125\" src=\"https:\/\/loretovietnam.org\/wp-content\/uploads\/2020\/08\/Auscham.png\" class=\"attachment-large size-large\" alt=\"\" \/>\t\t\t\t\t\t\n\t\t\t\t\t<\/div>\n\t\t\t\t\t\t\t\t\n<style scope=\"scope\">\n\n#image_2054723816 {\n  width: 75%;\n}\n<\/style>\n\t<\/div>\n\t\n<\/div><\/div>\n<div class=\"col medium-3 small-6 large-3\"  ><div class=\"col-inner text-center\"  >\n\t<div class=\"img has-hover x md-x lg-x y md-y lg-y\" id=\"image_1640654832\">\n\t\t\t\t\t\t\t\t<div class=\"img-inner dark\" >\n\t\t\t<img loading=\"lazy\" decoding=\"async\" width=\"250\" height=\"125\" src=\"https:\/\/loretovietnam.org\/wp-content\/uploads\/2020\/08\/BDA.png\" class=\"attachment-large size-large\" alt=\"\" \/>\t\t\t\t\t\t\n\t\t\t\t\t<\/div>\n\t\t\t\t\t\t\t\t\n<style scope=\"scope\">\n\n#image_1640654832 {\n  width: 75%;\n}\n<\/style>\n\t<\/div>\n\t\n<\/div><\/div>\n<div class=\"col medium-3 small-6 large-3\"  ><div class=\"col-inner text-center\"  >\n\t<div class=\"img has-hover x md-x lg-x y md-y lg-y\" id=\"image_363277802\">\n\t\t\t\t\t\t\t\t<div class=\"img-inner dark\" >\n\t\t\t<img loading=\"lazy\" decoding=\"async\" width=\"250\" height=\"125\" src=\"https:\/\/loretovietnam.org\/wp-content\/uploads\/2020\/08\/Toll.png\" class=\"attachment-large size-large\" alt=\"\" \/>\t\t\t\t\t\t\n\t\t\t\t\t<\/div>\n\t\t\t\t\t\t\t\t\n<style scope=\"scope\">\n\n#image_363277802 {\n  width: 75%;\n}\n<\/style>\n\t<\/div>\n\t\n<\/div><\/div>\n<div class=\"col medium-3 small-6 large-3\"  ><div class=\"col-inner text-center\"  >\n\t<div class=\"img has-hover x md-x lg-x y md-y lg-y\" id=\"image_752168442\">\n\t\t\t\t\t\t\t\t<div class=\"img-inner dark\" >\n\t\t\t<img loading=\"lazy\" decoding=\"async\" width=\"250\" height=\"125\" src=\"https:\/\/loretovietnam.org\/wp-content\/uploads\/2020\/08\/Profectus.png\" class=\"attachment-large size-large\" alt=\"\" \/>\t\t\t\t\t\t\n\t\t\t\t\t<\/div>\n\t\t\t\t\t\t\t\t\n<style scope=\"scope\">\n\n#image_752168442 {\n  width: 75%;\n}\n<\/style>\n\t<\/div>\n\t\n<\/div><\/div>\n<\/div>\n<div class=\"row\"  id=\"row-1884767076\">\n<div class=\"col medium-3 small-6 large-3\"  ><div class=\"col-inner text-center\"  >\n\t<div class=\"img has-hover x md-x lg-x y md-y lg-y\" id=\"image_566656387\">\n\t\t\t\t\t\t\t\t<div class=\"img-inner dark\" >\n\t\t\t<img loading=\"lazy\" decoding=\"async\" width=\"250\" height=\"125\" src=\"https:\/\/loretovietnam.org\/wp-content\/uploads\/2020\/08\/AFG.png\" class=\"attachment-large size-large\" alt=\"\" \/>\t\t\t\t\t\t\n\t\t\t\t\t<\/div>\n\t\t\t\t\t\t\t\t\n<style scope=\"scope\">\n\n#image_566656387 {\n  width: 75%;\n}\n<\/style>\n\t<\/div>\n\t\n<\/div><\/div>\n<div class=\"col medium-3 small-6 large-3\"  ><div class=\"col-inner text-center\"  >\n\t<div class=\"img has-hover x md-x lg-x y md-y lg-y\" id=\"image_1989649937\">\n\t\t\t\t\t\t\t\t<div class=\"img-inner dark\" >\n\t\t\t<img loading=\"lazy\" decoding=\"async\" width=\"250\" height=\"125\" src=\"https:\/\/loretovietnam.org\/wp-content\/uploads\/2020\/08\/KPMG.png\" class=\"attachment-large size-large\" alt=\"\" \/>\t\t\t\t\t\t\n\t\t\t\t\t<\/div>\n\t\t\t\t\t\t\t\t\n<style scope=\"scope\">\n\n#image_1989649937 {\n  width: 75%;\n}\n<\/style>\n\t<\/div>\n\t\n<\/div><\/div>\n<div class=\"col medium-3 small-6 large-3\"  ><div class=\"col-inner text-center\"  >\n\t<div class=\"img has-hover x md-x lg-x y md-y lg-y\" id=\"image_356261377\">\n\t\t\t\t\t\t\t\t<div class=\"img-inner dark\" >\n\t\t\t<img loading=\"lazy\" decoding=\"async\" width=\"250\" height=\"125\" src=\"https:\/\/loretovietnam.org\/wp-content\/uploads\/2020\/08\/RMIT.png\" class=\"attachment-large size-large\" alt=\"\" \/>\t\t\t\t\t\t\n\t\t\t\t\t<\/div>\n\t\t\t\t\t\t\t\t\n<style scope=\"scope\">\n\n#image_356261377 {\n  width: 75%;\n}\n<\/style>\n\t<\/div>\n\t\n<\/div><\/div>\n<div class=\"col medium-3 small-6 large-3\"  ><div class=\"col-inner text-center\"  >\n\t<div class=\"img has-hover x md-x lg-x y md-y lg-y\" id=\"image_751814812\">\n\t\t\t\t\t\t\t\t<div class=\"img-inner dark\" >\n\t\t\t<img loading=\"lazy\" decoding=\"async\" width=\"250\" height=\"125\" src=\"https:\/\/loretovietnam.org\/wp-content\/uploads\/2020\/08\/ISHCMC.png\" class=\"attachment-large size-large\" alt=\"\" \/>\t\t\t\t\t\t\n\t\t\t\t\t<\/div>\n\t\t\t\t\t\t\t\t\n<style scope=\"scope\">\n\n#image_751814812 {\n  width: 75%;\n}\n<\/style>\n\t<\/div>\n\t\n<\/div><\/div>\n<\/div>\n<div class=\"row\"  id=\"row-191815716\">\n<div class=\"col medium-3 small-6 large-3\"  ><div class=\"col-inner text-center\"  >\n\t<div class=\"img has-hover x md-x lg-x y md-y lg-y\" id=\"image_1818964162\">\n\t\t\t\t\t\t\t\t<div class=\"img-inner dark\" >\n\t\t\t<img loading=\"lazy\" decoding=\"async\" width=\"250\" height=\"125\" src=\"https:\/\/loretovietnam.org\/wp-content\/uploads\/2020\/08\/BIS.png\" class=\"attachment-large size-large\" alt=\"\" \/>\t\t\t\t\t\t\n\t\t\t\t\t<\/div>\n\t\t\t\t\t\t\t\t\n<style scope=\"scope\">\n\n#image_1818964162 {\n  width: 75%;\n}\n<\/style>\n\t<\/div>\n\t\n<\/div><\/div>\n<div class=\"col medium-3 small-6 large-3\"  ><div class=\"col-inner text-center\"  >\n\t<div class=\"img has-hover x md-x lg-x y md-y lg-y\" id=\"image_1887443029\">\n\t\t\t\t\t\t\t\t<div class=\"img-inner dark\" >\n\t\t\t<img loading=\"lazy\" decoding=\"async\" width=\"250\" height=\"125\" src=\"https:\/\/loretovietnam.org\/wp-content\/uploads\/2020\/08\/Future.Travel.png\" class=\"attachment-large size-large\" alt=\"\" \/>\t\t\t\t\t\t\n\t\t\t\t\t<\/div>\n\t\t\t\t\t\t\t\t\n<style scope=\"scope\">\n\n#image_1887443029 {\n  width: 75%;\n}\n<\/style>\n\t<\/div>\n\t\n<\/div><\/div>\n<div class=\"col medium-3 small-6 large-3\"  ><div class=\"col-inner text-center\"  >\n\t<div class=\"img has-hover x md-x lg-x y md-y lg-y\" id=\"image_1850074164\">\n\t\t\t\t\t\t\t\t<div class=\"img-inner dark\" >\n\t\t\t<img loading=\"lazy\" decoding=\"async\" width=\"250\" height=\"125\" src=\"https:\/\/loretovietnam.org\/wp-content\/uploads\/2020\/08\/BOH.png\" class=\"attachment-large size-large\" alt=\"\" \/>\t\t\t\t\t\t\n\t\t\t\t\t<\/div>\n\t\t\t\t\t\t\t\t\n<style scope=\"scope\">\n\n#image_1850074164 {\n  width: 75%;\n}\n<\/style>\n\t<\/div>\n\t\n<\/div><\/div>\n<div class=\"col medium-3 small-6 large-3\"  ><div class=\"col-inner text-center\"  >\n\t<div class=\"img has-hover x md-x lg-x y md-y lg-y\" id=\"image_1587796994\">\n\t\t\t\t\t\t\t\t<div class=\"img-inner dark\" >\n\t\t\t<img loading=\"lazy\" decoding=\"async\" width=\"250\" height=\"125\" src=\"https:\/\/loretovietnam.org\/wp-content\/uploads\/2020\/08\/Saigon-Hash.png\" class=\"attachment-large size-large\" alt=\"\" \/>\t\t\t\t\t\t\n\t\t\t\t\t<\/div>\n\t\t\t\t\t\t\t\t\n<style scope=\"scope\">\n\n#image_1587796994 {\n  width: 75%;\n}\n<\/style>\n\t<\/div>\n\t\n<\/div><\/div>\n<\/div>\n<div class=\"row\"  id=\"row-396427814\">\n<div class=\"col medium-3 small-6 large-3\"  ><div class=\"col-inner text-center\"  >\n<\/div><\/div>\n<div class=\"col medium-3 small-6 large-3\"  ><div class=\"col-inner\"  >\n<\/div><\/div>\n<div class=\"col medium-3 small-6 large-3\"  ><div class=\"col-inner\"  >\n<\/div><\/div>\n<div class=\"col medium-3 small-6 large-3\"  ><div class=\"col-inner\"  >\n<\/div><\/div>\n<\/div>","protected":false},"excerpt":{"rendered":"","protected":false},"author":1,"featured_media":0,"parent":16,"menu_order":0,"comment_status":"closed","ping_status":"closed","template":"","meta":{"_exactmetrics_skip_tracking":false,"_exactmetrics_sitenote_active":false,"_exactmetrics_sitenote_note":"","_exactmetrics_sitenote_category":0,"footnotes":""},"class_list":["post-1142","page","type-page","status-publish","hentry"],"yoast_head":"<!-- This site is optimized with the Yoast SEO plugin v27.6 - https:\/\/yoast.com\/product\/yoast-seo-wordpress\/ -->\n<title>Partner with us - Loreto Vietnam<\/title>\n<meta name=\"robots\" content=\"index, follow, max-snippet:-1, max-image-preview:large, max-video-preview:-1\" \/>\n<link rel=\"canonical\" href=\"https:\/\/loretovietnam.org\/vi\/get-involved\/partner-with-us\/\" \/>\n<meta property=\"og:locale\" content=\"vi_VN\" \/>\n<meta property=\"og:type\" content=\"article\" \/>\n<meta property=\"og:title\" content=\"Partner with us - Loreto Vietnam\" \/>\n<meta property=\"og:url\" content=\"https:\/\/loretovietnam.org\/vi\/get-involved\/partner-with-us\/\" \/>\n<meta property=\"og:site_name\" content=\"Loreto Vietnam\" \/>\n<meta property=\"article:modified_time\" content=\"2024-01-14T23:27:33+00:00\" \/>\n<meta property=\"og:image\" content=\"https:\/\/loretovietnam.org\/wp-content\/uploads\/2018\/06\/ico_partnership.png\" \/>\n<meta name=\"twitter:card\" content=\"summary_large_image\" \/>\n<meta name=\"twitter:label1\" content=\"\u01af\u1edbc t\u00ednh th\u1eddi gian \u0111\u1ecdc\" \/>\n\t<meta name=\"twitter:data1\" content=\"2 ph\u00fat\" \/>\n<script type=\"application\/ld+json\" class=\"yoast-schema-graph\">{\"@context\":\"https:\\\/\\\/schema.org\",\"@graph\":[{\"@type\":\"WebPage\",\"@id\":\"https:\\\/\\\/loretovietnam.org\\\/get-involved\\\/partner-with-us\\\/\",\"url\":\"https:\\\/\\\/loretovietnam.org\\\/get-involved\\\/partner-with-us\\\/\",\"name\":\"Partner with us - Loreto Vietnam\",\"isPartOf\":{\"@id\":\"https:\\\/\\\/loretovietnam.org\\\/#website\"},\"primaryImageOfPage\":{\"@id\":\"https:\\\/\\\/loretovietnam.org\\\/get-involved\\\/partner-with-us\\\/#primaryimage\"},\"image\":{\"@id\":\"https:\\\/\\\/loretovietnam.org\\\/get-involved\\\/partner-with-us\\\/#primaryimage\"},\"thumbnailUrl\":\"https:\\\/\\\/loretovietnam.org\\\/wp-content\\\/uploads\\\/2018\\\/06\\\/ico_partnership.png\",\"datePublished\":\"2020-06-06T23:08:17+00:00\",\"dateModified\":\"2024-01-14T23:27:33+00:00\",\"breadcrumb\":{\"@id\":\"https:\\\/\\\/loretovietnam.org\\\/get-involved\\\/partner-with-us\\\/#breadcrumb\"},\"inLanguage\":\"vi\",\"potentialAction\":[{\"@type\":\"ReadAction\",\"target\":[\"https:\\\/\\\/loretovietnam.org\\\/get-involved\\\/partner-with-us\\\/\"]}]},{\"@type\":\"ImageObject\",\"inLanguage\":\"vi\",\"@id\":\"https:\\\/\\\/loretovietnam.org\\\/get-involved\\\/partner-with-us\\\/#primaryimage\",\"url\":\"https:\\\/\\\/loretovietnam.org\\\/wp-content\\\/uploads\\\/2018\\\/06\\\/ico_partnership.png\",\"contentUrl\":\"https:\\\/\\\/loretovietnam.org\\\/wp-content\\\/uploads\\\/2018\\\/06\\\/ico_partnership.png\"},{\"@type\":\"BreadcrumbList\",\"@id\":\"https:\\\/\\\/loretovietnam.org\\\/get-involved\\\/partner-with-us\\\/#breadcrumb\",\"itemListElement\":[{\"@type\":\"ListItem\",\"position\":1,\"name\":\"Home\",\"item\":\"https:\\\/\\\/loretovietnam.org\\\/\"},{\"@type\":\"ListItem\",\"position\":2,\"name\":\"Get Involved\",\"item\":\"https:\\\/\\\/loretovietnam.org\\\/get-involved\\\/\"},{\"@type\":\"ListItem\",\"position\":3,\"name\":\"Partner with us\"}]},{\"@type\":\"WebSite\",\"@id\":\"https:\\\/\\\/loretovietnam.org\\\/#website\",\"url\":\"https:\\\/\\\/loretovietnam.org\\\/\",\"name\":\"Loreto Vietnam\",\"description\":\"\",\"potentialAction\":[{\"@type\":\"SearchAction\",\"target\":{\"@type\":\"EntryPoint\",\"urlTemplate\":\"https:\\\/\\\/loretovietnam.org\\\/?s={search_term_string}\"},\"query-input\":{\"@type\":\"PropertyValueSpecification\",\"valueRequired\":true,\"valueName\":\"search_term_string\"}}],\"inLanguage\":\"vi\"}]}<\/script>\n<!-- \/ Yoast SEO plugin. -->","yoast_head_json":{"title":"H\u1ee3p t\u00e1c v\u1edbi ch\u00fang t\u00f4i - Loreto Vi\u1ec7t Nam","robots":{"index":"index","follow":"follow","max-snippet":"max-snippet:-1","max-image-preview":"max-image-preview:large","max-video-preview":"max-video-preview:-1"},"canonical":"https:\/\/loretovietnam.org\/vi\/get-involved\/partner-with-us\/","og_locale":"vi_VN","og_type":"article","og_title":"Partner with us - Loreto Vietnam","og_url":"https:\/\/loretovietnam.org\/vi\/get-involved\/partner-with-us\/","og_site_name":"Loreto Vietnam","article_modified_time":"2024-01-14T23:27:33+00:00","og_image":[{"url":"https:\/\/loretovietnam.org\/wp-content\/uploads\/2018\/06\/ico_partnership.png","type":"","width":"","height":""}],"twitter_card":"summary_large_image","twitter_misc":{"\u01af\u1edbc t\u00ednh th\u1eddi gian \u0111\u1ecdc":"2 ph\u00fat"},"schema":{"@context":"https:\/\/schema.org","@graph":[{"@type":"WebPage","@id":"https:\/\/loretovietnam.org\/get-involved\/partner-with-us\/","url":"https:\/\/loretovietnam.org\/get-involved\/partner-with-us\/","name":"H\u1ee3p t\u00e1c v\u1edbi ch\u00fang t\u00f4i - Loreto Vi\u1ec7t Nam","isPartOf":{"@id":"https:\/\/loretovietnam.org\/#website"},"primaryImageOfPage":{"@id":"https:\/\/loretovietnam.org\/get-involved\/partner-with-us\/#primaryimage"},"image":{"@id":"https:\/\/loretovietnam.org\/get-involved\/partner-with-us\/#primaryimage"},"thumbnailUrl":"https:\/\/loretovietnam.org\/wp-content\/uploads\/2018\/06\/ico_partnership.png","datePublished":"2020-06-06T23:08:17+00:00","dateModified":"2024-01-14T23:27:33+00:00","breadcrumb":{"@id":"https:\/\/loretovietnam.org\/get-involved\/partner-with-us\/#breadcrumb"},"inLanguage":"vi","potentialAction":[{"@type":"ReadAction","target":["https:\/\/loretovietnam.org\/get-involved\/partner-with-us\/"]}]},{"@type":"ImageObject","inLanguage":"vi","@id":"https:\/\/loretovietnam.org\/get-involved\/partner-with-us\/#primaryimage","url":"https:\/\/loretovietnam.org\/wp-content\/uploads\/2018\/06\/ico_partnership.png","contentUrl":"https:\/\/loretovietnam.org\/wp-content\/uploads\/2018\/06\/ico_partnership.png"},{"@type":"BreadcrumbList","@id":"https:\/\/loretovietnam.org\/get-involved\/partner-with-us\/#breadcrumb","itemListElement":[{"@type":"ListItem","position":1,"name":"Home","item":"https:\/\/loretovietnam.org\/"},{"@type":"ListItem","position":2,"name":"Get Involved","item":"https:\/\/loretovietnam.org\/get-involved\/"},{"@type":"ListItem","position":3,"name":"Partner with us"}]},{"@type":"WebSite","@id":"https:\/\/loretovietnam.org\/#website","url":"https:\/\/loretovietnam.org\/","name":"Loreto Vietnam","description":"","potentialAction":[{"@type":"SearchAction","target":{"@type":"EntryPoint","urlTemplate":"https:\/\/loretovietnam.org\/?s={search_term_string}"},"query-input":{"@type":"PropertyValueSpecification","valueRequired":true,"valueName":"search_term_string"}}],"inLanguage":"vi"}]}},"_links":{"self":[{"href":"https:\/\/loretovietnam.org\/vi\/wp-json\/wp\/v2\/pages\/1142","targetHints":{"allow":["GET"]}}],"collection":[{"href":"https:\/\/loretovietnam.org\/vi\/wp-json\/wp\/v2\/pages"}],"about":[{"href":"https:\/\/loretovietnam.org\/vi\/wp-json\/wp\/v2\/types\/page"}],"author":[{"embeddable":true,"href":"https:\/\/loretovietnam.org\/vi\/wp-json\/wp\/v2\/users\/1"}],"replies":[{"embeddable":true,"href":"https:\/\/loretovietnam.org\/vi\/wp-json\/wp\/v2\/comments?post=1142"}],"version-history":[{"count":15,"href":"https:\/\/loretovietnam.org\/vi\/wp-json\/wp\/v2\/pages\/1142\/revisions"}],"predecessor-version":[{"id":2456,"href":"https:\/\/loretovietnam.org\/vi\/wp-json\/wp\/v2\/pages\/1142\/revisions\/2456"}],"up":[{"embeddable":true,"href":"https:\/\/loretovietnam.org\/vi\/wp-json\/wp\/v2\/pages\/16"}],"wp:attachment":[{"href":"https:\/\/loretovietnam.org\/vi\/wp-json\/wp\/v2\/media?parent=1142"}],"curies":[{"name":"wp","href":"https:\/\/api.w.org\/{rel}","templated":true}]}}