{"id":1135,"date":"2020-06-07T05:54:19","date_gmt":"2020-06-06T22:54:19","guid":{"rendered":"https:\/\/loretovietnam.org\/?page_id=1135"},"modified":"2020-07-09T10:42:40","modified_gmt":"2020-07-09T03:42:40","slug":"volunteer","status":"publish","type":"page","link":"https:\/\/loretovietnam.org\/vi\/get-involved\/volunteer\/","title":{"rendered":"T\u00ecnh nguy\u1ec7n vi\u00ean"},"content":{"rendered":"<div class=\"img has-hover x md-x lg-x y md-y lg-y\" id=\"image_1275933647\">\n\t\t\t\t\t\t\t\t<div class=\"img-inner dark\" style=\"margin:0px 0px 25px 0px;\">\n\t\t\t<img loading=\"lazy\" decoding=\"async\" width=\"1020\" height=\"418\" src=\"https:\/\/loretovietnam.org\/wp-content\/uploads\/2020\/07\/Volunteer-Feature.jpg\" class=\"attachment-large size-large\" alt=\"\" srcset=\"https:\/\/loretovietnam.org\/wp-content\/uploads\/2020\/07\/Volunteer-Feature.jpg 1050w, https:\/\/loretovietnam.org\/wp-content\/uploads\/2020\/07\/Volunteer-Feature-1024x419.jpg 1024w, https:\/\/loretovietnam.org\/wp-content\/uploads\/2020\/07\/Volunteer-Feature-510x209.jpg 510w, https:\/\/loretovietnam.org\/wp-content\/uploads\/2020\/07\/Volunteer-Feature-768x315.jpg 768w\" sizes=\"auto, (max-width: 1020px) 100vw, 1020px\" \/>\t\t\t\t\t\t\n\t\t\t\t\t<\/div>\n\t\t\t\t\t\t\t\t\n<style scope=\"scope\">\n\n#image_1275933647 {\n  width: 100%;\n}\n<\/style>\n\t<\/div>\n\t\n<h1>T\u00ecnh nguy\u1ec7n vi\u00ean <img loading=\"lazy\" decoding=\"async\" class=\"alignnone  wp-image-149\" src=\"https:\/\/loretovietnam.org\/wp-content\/uploads\/2018\/06\/ico_volunteer.png\" alt=\"\" width=\"49\" height=\"44\" \/><\/h1>\n<p>B\u1ea1n s\u1eb5n s\u00e0ng t\u1ea1o ra s\u1ef1 kh\u00e1c bi\u1ec7t? Ch\u00fang t\u00f4i kh\u00f4ng th\u1ec3 th\u1ef1c hi\u1ec7n c\u00f4ng vi\u1ec7c quan tr\u1ecdng c\u1ee7a m\u00ecnh m\u00e0 kh\u00f4ng c\u00f3 b\u1ea1n. C\u00e1c t\u00ecnh nguy\u1ec7n vi\u00ean t\u1eadn t\u00e2m \u0111\u00f3ng m\u1ed9t vai tr\u00f2 thi\u1ebft y\u1ebfu trong vi\u1ec7c mang l\u1ea1i c\u01a1 h\u1ed9i ti\u1ebfp c\u1eadn gi\u00e1o d\u1ee5c, m\u00f4i tr\u01b0\u1eddng h\u1ecdc t\u1eadp hi\u1ec7u qu\u1ea3 v\u00e0 nh\u1eefng \u0111\u1ed5i thay r\u1ed9ng kh\u1eafp Vi\u1ec7t Nam cho tr\u1ebb em v\u00e0 c\u1ed9ng \u0111\u1ed3ng ch\u00fang ta.<\/p>\n<p><strong>T\u00ccNH NGUY\u1ec6N VI\u00caN QU\u1ed0C T\u1ebe<\/strong><\/p>\n<p>V\u1edbi t\u01b0 c\u00e1ch l\u00e0 m\u1ed9t t\u1ed5 ch\u1ee9c n\u00e2ng cao n\u0103ng l\u1ef1c, Loreto Vietnam hoan ngh\u00eanh c\u00e1c t\u00ecnh nguy\u1ec7n vi\u00ean c\u00f3 kinh nghi\u1ec7m ph\u00f9 h\u1ee3p, nh\u1eefng ng\u01b0\u1eddi s\u1eb5n s\u00e0ng cam k\u1ebft l\u00e0m vi\u1ec7c t\u1ed1i thi\u1ec3u 6 th\u00e1ng v\u1edbi Loreto Vietnam t\u1ea1i v\u0103n ph\u00f2ng c\u1ee7a ch\u00fang t\u00f4i t\u1ea1i Th\u00e0nh ph\u1ed1 H\u1ed3 Ch\u00ed Minh, c\u00f9ng v\u1edbi \u0111\u1ed9i ng\u0169 nh\u00e2n s\u1ef1 nhi\u1ec7t huy\u1ebft c\u1ee7a ch\u00fang t\u00f4i. Ch\u00fang t\u00f4i t\u00ecm ki\u1ebfm nh\u1eefng c\u00e1 nh\u00e2n c\u00f3 k\u1ef9 n\u0103ng v\u1ec1 thi\u1ebft k\u1ebf, g\u00e2y qu\u1ef9, truy\u1ec1n th\u00f4ng, ti\u1ebfp th\u1ecb, qu\u1ea3n l\u00fd s\u1ef1 ki\u1ec7n ho\u1eb7c gi\u00e1o d\u1ee5c.<\/p>\n<p><strong>L\u01b0u \u00fd v\u1ec1 chi ph\u00ed:<\/strong><\/p>\n<ul>\n<li>C\u00e1c t\u00ecnh nguy\u1ec7n vi\u00ean c\u1ee7a ch\u00fang t\u00f4i s\u1ebd t\u1ef1 t\u00fac chi ph\u00ed c\u00e1 nh\u00e2n v\u00e0 kh\u00f4ng \u0111\u01b0\u1ee3c tr\u1ea3 l\u01b0\u01a1ng. T\u1ea5t c\u1ea3 c\u00e1c chi ph\u00ed li\u00ean quan \u0111\u1ebfn \u0111i l\u1ea1i, b\u1ea3o hi\u1ec3m, \u0103n \u1edf v\u00e0 sinh ho\u1ea1t khi l\u00e0m vi\u1ec7c v\u1edbi Loreto Vietnam c\u1ea7n ph\u1ea3i do T\u00ecnh nguy\u1ec7n vi\u00ean ho\u1eb7c t\u1ed5 ch\u1ee9c h\u1ed7 tr\u1ee3 c\u1ee7a h\u1ecd chi tr\u1ea3.<\/li>\n<li>T\u00ecnh nguy\u1ec7n vi\u00ean c\u00f3 tr\u00e1ch nhi\u1ec7m xin th\u1ecb th\u1ef1c v\u00e0 c\u00e1c nhu c\u1ea7u \u0111i l\u1ea1i kh\u00e1c v\u1ec1 c\u1ea3 t\u00e0i ch\u00ednh v\u00e0 h\u00e0nh ch\u00ednh.<\/li>\n<\/ul>\n<a rel=\"noopener noreferrer\" href=\"mailto:info@loretovietnam.org\" target=\"_blank\" class=\"button primary is-gloss is-large\"  >\n    <span>\u0110\u0102NG K\u00dd T\u00ccNH NGUY\u1ec6N<\/span>\n  <\/a>\n\n<p><strong>\u00a0<br \/>T\u00ccNH NGUY\u1ec6N VI\u00caN \u0110\u1ecaA PH\u01af\u01a0NG<\/strong><\/p>\n<p>Ch\u00fang t\u00f4i ph\u1ee5 thu\u1ed9c v\u00e0o \u0111\u1ed9i ng\u0169 t\u00ecnh nguy\u1ec7n vi\u00ean nhi\u1ec7t t\u00ecnh v\u00e0 cam k\u1ebft \u0111\u1ec3 h\u1ed7 tr\u1ee3 ch\u00fang t\u00f4i trong vi\u1ec7c qu\u1ea3n l\u00fd s\u1ef1 ki\u1ec7n, g\u00e2y qu\u1ef9, c\u00f4ng ngh\u1ec7 th\u00f4ng tin, thi\u1ebft k\u1ebf \u0111\u1ed3 h\u1ecda, ti\u1ebfp th\u1ecb, truy\u1ec1n th\u00f4ng v\u00e0 qu\u1ea3n tr\u1ecb v\u0103n ph\u00f2ng.<\/p>\n<p>N\u1ebfu b\u1ea1n c\u00f3 nh\u1eefng k\u1ef9 n\u0103ng qu\u00fd gi\u00e1 n\u00e0y, quy\u1ebft t\u00e2m t\u1ea1o ra s\u1ef1 kh\u00e1c bi\u1ec7t v\u00e0 c\u00f3 th\u1ec3 cam k\u1ebft l\u00e0m vi\u1ec7c v\u1edbi Loreto Vietnam \u00edt nh\u1ea5t t\u1eeb hai \u0111\u1ebfn ba th\u00e1ng, vui l\u00f2ng li\u00ean h\u1ec7 ch\u00fang t\u00f4i.<\/p>\n<\/p>\n<a rel=\"noopener noreferrer\" href=\"mailto:info@loretovietnam.org\" target=\"_blank\" class=\"button primary is-gloss is-large\"  >\n    <span>\u0110\u0102NG K\u00dd T\u00ccNH NGUY\u1ec6N<\/span>\n  <\/a>\n\n<div class=\"gap-element\" style=\"display:block; height:auto; padding-top:50px\"><\/div>\n<div class=\"row row-small\"  id=\"row-1397948802\">\n<div class=\"col medium-4 small-12 large-4\"  ><div class=\"col-inner\"  >\n\t<div class=\"img has-hover x md-x lg-x y md-y lg-y\" id=\"image_1428363191\">\n\t\t\t\t\t\t\t\t<div class=\"img-inner dark\" >\n\t\t\t<img loading=\"lazy\" decoding=\"async\" width=\"480\" height=\"360\" src=\"https:\/\/loretovietnam.org\/wp-content\/uploads\/2020\/07\/Volunteer-2.jpg\" class=\"attachment-large size-large\" alt=\"\" \/>\t\t\t\t\t\t\n\t\t\t\t\t<\/div>\n\t\t\t\t\t\t\t\t\n<style scope=\"scope\">\n\n#image_1428363191 {\n  width: 100%;\n}\n<\/style>\n\t<\/div>\n\t\n<\/div><\/div>\n<div class=\"col medium-4 small-12 large-4\"  ><div class=\"col-inner\"  >\n\t<div class=\"img has-hover x md-x lg-x y md-y lg-y\" id=\"image_203981463\">\n\t\t\t\t\t\t\t\t<div class=\"img-inner dark\" >\n\t\t\t<img loading=\"lazy\" decoding=\"async\" width=\"480\" height=\"360\" src=\"https:\/\/loretovietnam.org\/wp-content\/uploads\/2020\/07\/Volunteer-1.jpg\" class=\"attachment-large size-large\" alt=\"\" \/>\t\t\t\t\t\t\n\t\t\t\t\t<\/div>\n\t\t\t\t\t\t\t\t\n<style scope=\"scope\">\n\n#image_203981463 {\n  width: 100%;\n}\n<\/style>\n\t<\/div>\n\t\n<\/div><\/div>\n<div class=\"col medium-4 small-12 large-4\"  ><div class=\"col-inner\"  >\n\t<div class=\"img has-hover x md-x lg-x y md-y lg-y\" id=\"image_1424765317\">\n\t\t\t\t\t\t\t\t<div class=\"img-inner dark\" >\n\t\t\t<img loading=\"lazy\" decoding=\"async\" width=\"480\" height=\"360\" src=\"https:\/\/loretovietnam.org\/wp-content\/uploads\/2020\/07\/Volunteer-4.jpg\" class=\"attachment-large size-large\" alt=\"\" \/>\t\t\t\t\t\t\n\t\t\t\t\t<\/div>\n\t\t\t\t\t\t\t\t\n<style scope=\"scope\">\n\n#image_1424765317 {\n  width: 100%;\n}\n<\/style>\n\t<\/div>\n\t\n<\/div><\/div>\n\n<style scope=\"scope\">\n\n<\/style>\n<\/div>","protected":false},"excerpt":{"rendered":"<p>T\u00ecnh nguy\u1ec7n vi\u00ean S\u1eb5n s\u00e0ng t\u1ea1o ra s\u1ef1 kh\u00e1c bi\u1ec7t? Ch\u00fang t\u00f4i kh\u00f4ng th\u1ec3 th\u1ef1c hi\u1ec7n c\u00f4ng vi\u1ec7c quan tr\u1ecdng c\u1ee7a m\u00ecnh m\u00e0 kh\u00f4ng c\u00f3 b\u1ea1n. C\u00e1c t\u00ecnh nguy\u1ec7n vi\u00ean t\u1eadn t\u00e2m \u0111\u00f3ng m\u1ed9t vai tr\u00f2 thi\u1ebft y\u1ebfu trong vi\u1ec7c mang l\u1ea1i c\u01a1 h\u1ed9i ti\u1ebfp c\u1eadn gi\u00e1o d\u1ee5c, m\u00f4i tr\u01b0\u1eddng h\u1ecdc t\u1eadp hi\u1ec7u qu\u1ea3 v\u00e0 trong vi\u1ec7c thay \u0111\u1ed5i cu\u1ed9c s\u1ed1ng c\u1ee7a thanh ni\u00ean v\u00e0 c\u1ed9ng \u0111\u1ed3ng tr\u00ean kh\u1eafp Vi\u1ec7t Nam. C\u00c1C T\u00ccNH NGUY\u1ec6N VI\u00caN QU\u1ed0C T\u1ebe L\u00e0 m\u1ed9t t\u1ed5 ch\u1ee9c n\u00e2ng cao n\u0103ng l\u1ef1c, Loreto Vi\u1ec7t Nam hoan ngh\u00eanh c\u00e1c t\u00ecnh nguy\u1ec7n vi\u00ean c\u00f3 kinh nghi\u1ec7m ph\u00f9 h\u1ee3p, nh\u1eefng ng\u01b0\u1eddi\u2026<\/p>","protected":false},"author":1,"featured_media":0,"parent":16,"menu_order":0,"comment_status":"closed","ping_status":"closed","template":"","meta":{"_exactmetrics_skip_tracking":false,"_exactmetrics_sitenote_active":false,"_exactmetrics_sitenote_note":"","_exactmetrics_sitenote_category":0,"footnotes":""},"class_list":["post-1135","page","type-page","status-publish","hentry"],"yoast_head":"<!-- This site is optimized with the Yoast SEO plugin v27.6 - https:\/\/yoast.com\/product\/yoast-seo-wordpress\/ -->\n<title>Volunteer - Loreto Vietnam<\/title>\n<meta name=\"robots\" content=\"index, follow, max-snippet:-1, max-image-preview:large, max-video-preview:-1\" \/>\n<link rel=\"canonical\" href=\"https:\/\/loretovietnam.org\/vi\/get-involved\/volunteer\/\" \/>\n<meta property=\"og:locale\" content=\"vi_VN\" \/>\n<meta property=\"og:type\" content=\"article\" \/>\n<meta property=\"og:title\" content=\"Volunteer - Loreto Vietnam\" \/>\n<meta property=\"og:description\" content=\"Volunteer Ready to make a difference? We cannot do our vital work without you. Devoted volunteers play an essential part in delivering access to education, effective learning environments and in transforming the lives of young people and communities throughout Vietnam. INTERNATIONAL VOLUNTEERS As a capacity building organisation, Loreto Vietnam welcomes volunteers with relevant experience who...\" \/>\n<meta property=\"og:url\" content=\"https:\/\/loretovietnam.org\/vi\/get-involved\/volunteer\/\" \/>\n<meta property=\"og:site_name\" content=\"Loreto Vietnam\" \/>\n<meta property=\"article:modified_time\" content=\"2020-07-09T03:42:40+00:00\" \/>\n<meta property=\"og:image\" content=\"https:\/\/loretovietnam.org\/wp-content\/uploads\/2018\/06\/ico_volunteer.png\" \/>\n<meta name=\"twitter:card\" content=\"summary_large_image\" \/>\n<meta name=\"twitter:label1\" content=\"\u01af\u1edbc t\u00ednh th\u1eddi gian \u0111\u1ecdc\" \/>\n\t<meta name=\"twitter:data1\" content=\"1 ph\u00fat\" \/>\n<script type=\"application\/ld+json\" class=\"yoast-schema-graph\">{\"@context\":\"https:\\\/\\\/schema.org\",\"@graph\":[{\"@type\":\"WebPage\",\"@id\":\"https:\\\/\\\/loretovietnam.org\\\/get-involved\\\/volunteer\\\/\",\"url\":\"https:\\\/\\\/loretovietnam.org\\\/get-involved\\\/volunteer\\\/\",\"name\":\"Volunteer - Loreto Vietnam\",\"isPartOf\":{\"@id\":\"https:\\\/\\\/loretovietnam.org\\\/#website\"},\"primaryImageOfPage\":{\"@id\":\"https:\\\/\\\/loretovietnam.org\\\/get-involved\\\/volunteer\\\/#primaryimage\"},\"image\":{\"@id\":\"https:\\\/\\\/loretovietnam.org\\\/get-involved\\\/volunteer\\\/#primaryimage\"},\"thumbnailUrl\":\"https:\\\/\\\/loretovietnam.org\\\/wp-content\\\/uploads\\\/2018\\\/06\\\/ico_volunteer.png\",\"datePublished\":\"2020-06-06T22:54:19+00:00\",\"dateModified\":\"2020-07-09T03:42:40+00:00\",\"breadcrumb\":{\"@id\":\"https:\\\/\\\/loretovietnam.org\\\/get-involved\\\/volunteer\\\/#breadcrumb\"},\"inLanguage\":\"vi\",\"potentialAction\":[{\"@type\":\"ReadAction\",\"target\":[\"https:\\\/\\\/loretovietnam.org\\\/get-involved\\\/volunteer\\\/\"]}]},{\"@type\":\"ImageObject\",\"inLanguage\":\"vi\",\"@id\":\"https:\\\/\\\/loretovietnam.org\\\/get-involved\\\/volunteer\\\/#primaryimage\",\"url\":\"https:\\\/\\\/loretovietnam.org\\\/wp-content\\\/uploads\\\/2018\\\/06\\\/ico_volunteer.png\",\"contentUrl\":\"https:\\\/\\\/loretovietnam.org\\\/wp-content\\\/uploads\\\/2018\\\/06\\\/ico_volunteer.png\"},{\"@type\":\"BreadcrumbList\",\"@id\":\"https:\\\/\\\/loretovietnam.org\\\/get-involved\\\/volunteer\\\/#breadcrumb\",\"itemListElement\":[{\"@type\":\"ListItem\",\"position\":1,\"name\":\"Home\",\"item\":\"https:\\\/\\\/loretovietnam.org\\\/\"},{\"@type\":\"ListItem\",\"position\":2,\"name\":\"Get Involved\",\"item\":\"https:\\\/\\\/loretovietnam.org\\\/get-involved\\\/\"},{\"@type\":\"ListItem\",\"position\":3,\"name\":\"Volunteer\"}]},{\"@type\":\"WebSite\",\"@id\":\"https:\\\/\\\/loretovietnam.org\\\/#website\",\"url\":\"https:\\\/\\\/loretovietnam.org\\\/\",\"name\":\"Loreto Vietnam\",\"description\":\"\",\"potentialAction\":[{\"@type\":\"SearchAction\",\"target\":{\"@type\":\"EntryPoint\",\"urlTemplate\":\"https:\\\/\\\/loretovietnam.org\\\/?s={search_term_string}\"},\"query-input\":{\"@type\":\"PropertyValueSpecification\",\"valueRequired\":true,\"valueName\":\"search_term_string\"}}],\"inLanguage\":\"vi\"}]}<\/script>\n<!-- \/ Yoast SEO plugin. -->","yoast_head_json":{"title":"Volunteer - Loreto Vietnam","robots":{"index":"index","follow":"follow","max-snippet":"max-snippet:-1","max-image-preview":"max-image-preview:large","max-video-preview":"max-video-preview:-1"},"canonical":"https:\/\/loretovietnam.org\/vi\/get-involved\/volunteer\/","og_locale":"vi_VN","og_type":"article","og_title":"Volunteer - Loreto Vietnam","og_description":"Volunteer Ready to make a difference? We cannot do our vital work without you. Devoted volunteers play an essential part in delivering access to education, effective learning environments and in transforming the lives of young people and communities throughout Vietnam. INTERNATIONAL VOLUNTEERS As a capacity building organisation, Loreto Vietnam welcomes volunteers with relevant experience who...","og_url":"https:\/\/loretovietnam.org\/vi\/get-involved\/volunteer\/","og_site_name":"Loreto Vietnam","article_modified_time":"2020-07-09T03:42:40+00:00","og_image":[{"url":"https:\/\/loretovietnam.org\/wp-content\/uploads\/2018\/06\/ico_volunteer.png","type":"","width":"","height":""}],"twitter_card":"summary_large_image","twitter_misc":{"\u01af\u1edbc t\u00ednh th\u1eddi gian \u0111\u1ecdc":"1 ph\u00fat"},"schema":{"@context":"https:\/\/schema.org","@graph":[{"@type":"WebPage","@id":"https:\/\/loretovietnam.org\/get-involved\/volunteer\/","url":"https:\/\/loretovietnam.org\/get-involved\/volunteer\/","name":"Volunteer - Loreto Vietnam","isPartOf":{"@id":"https:\/\/loretovietnam.org\/#website"},"primaryImageOfPage":{"@id":"https:\/\/loretovietnam.org\/get-involved\/volunteer\/#primaryimage"},"image":{"@id":"https:\/\/loretovietnam.org\/get-involved\/volunteer\/#primaryimage"},"thumbnailUrl":"https:\/\/loretovietnam.org\/wp-content\/uploads\/2018\/06\/ico_volunteer.png","datePublished":"2020-06-06T22:54:19+00:00","dateModified":"2020-07-09T03:42:40+00:00","breadcrumb":{"@id":"https:\/\/loretovietnam.org\/get-involved\/volunteer\/#breadcrumb"},"inLanguage":"vi","potentialAction":[{"@type":"ReadAction","target":["https:\/\/loretovietnam.org\/get-involved\/volunteer\/"]}]},{"@type":"ImageObject","inLanguage":"vi","@id":"https:\/\/loretovietnam.org\/get-involved\/volunteer\/#primaryimage","url":"https:\/\/loretovietnam.org\/wp-content\/uploads\/2018\/06\/ico_volunteer.png","contentUrl":"https:\/\/loretovietnam.org\/wp-content\/uploads\/2018\/06\/ico_volunteer.png"},{"@type":"BreadcrumbList","@id":"https:\/\/loretovietnam.org\/get-involved\/volunteer\/#breadcrumb","itemListElement":[{"@type":"ListItem","position":1,"name":"Home","item":"https:\/\/loretovietnam.org\/"},{"@type":"ListItem","position":2,"name":"Get Involved","item":"https:\/\/loretovietnam.org\/get-involved\/"},{"@type":"ListItem","position":3,"name":"Volunteer"}]},{"@type":"WebSite","@id":"https:\/\/loretovietnam.org\/#website","url":"https:\/\/loretovietnam.org\/","name":"Loreto Vietnam","description":"","potentialAction":[{"@type":"SearchAction","target":{"@type":"EntryPoint","urlTemplate":"https:\/\/loretovietnam.org\/?s={search_term_string}"},"query-input":{"@type":"PropertyValueSpecification","valueRequired":true,"valueName":"search_term_string"}}],"inLanguage":"vi"}]}},"_links":{"self":[{"href":"https:\/\/loretovietnam.org\/vi\/wp-json\/wp\/v2\/pages\/1135","targetHints":{"allow":["GET"]}}],"collection":[{"href":"https:\/\/loretovietnam.org\/vi\/wp-json\/wp\/v2\/pages"}],"about":[{"href":"https:\/\/loretovietnam.org\/vi\/wp-json\/wp\/v2\/types\/page"}],"author":[{"embeddable":true,"href":"https:\/\/loretovietnam.org\/vi\/wp-json\/wp\/v2\/users\/1"}],"replies":[{"embeddable":true,"href":"https:\/\/loretovietnam.org\/vi\/wp-json\/wp\/v2\/comments?post=1135"}],"version-history":[{"count":17,"href":"https:\/\/loretovietnam.org\/vi\/wp-json\/wp\/v2\/pages\/1135\/revisions"}],"predecessor-version":[{"id":1592,"href":"https:\/\/loretovietnam.org\/vi\/wp-json\/wp\/v2\/pages\/1135\/revisions\/1592"}],"up":[{"embeddable":true,"href":"https:\/\/loretovietnam.org\/vi\/wp-json\/wp\/v2\/pages\/16"}],"wp:attachment":[{"href":"https:\/\/loretovietnam.org\/vi\/wp-json\/wp\/v2\/media?parent=1135"}],"curies":[{"name":"wp","href":"https:\/\/api.w.org\/{rel}","templated":true}]}}