{"id":1082,"date":"2020-05-23T23:41:38","date_gmt":"2020-05-23T16:41:38","guid":{"rendered":"https:\/\/loretovietnam.org\/?page_id=1082"},"modified":"2021-08-18T11:56:43","modified_gmt":"2021-08-18T04:56:43","slug":"accountability","status":"publish","type":"page","link":"https:\/\/loretovietnam.org\/vi\/about-us\/accountability\/","title":{"rendered":"Gi\u1ea3i tr\u00ecnh minh b\u1ea1ch"},"content":{"rendered":"<p><\/p>\n<h1 class=\"wp-block-heading\">Gi\u1ea3i tr\u00ecnh minh b\u1ea1ch<\/h1>\n<h2><strong>Nguy\u00ean t\u1eafc ho\u1ea1t \u0111\u1ed9ng<\/strong><\/h2>\n<p class=\"translation-block\">1. <span style=\"color: #282828\"><b>Ch\u00ednh tr\u1ef1c<\/b><\/span> trong h\u00e0nh \u0111\u1ed9ng<\/p>\n<p>2. Ph\u00e1t tri\u1ec3n v\u00e0 nu\u00f4i d\u01b0\u1ee1ng c\u00e1c m\u1ed1i quan h\u1ec7 <span style=\"color: #282828;\"><b>h\u1ee3p t\u00e1c<\/b> <\/span>d\u1ef1a tr\u00ean s\u1ef1 <span style=\"color: #282828;\"><b>t\u00f4n tr\u1ecdng <\/b><b>l\u1eabn nhau.<\/b>.<\/span><\/p>\n<p>3. \u0110\u1ea3m b\u1ea3o ho\u1ea1t \u0111\u1ed9ng <span style=\"color: #00aae7;\"><b><span style=\"color: #282828;\">chu\u1ea9n x\u00e1c <\/span><\/b><\/span>v\u00e0 <span style=\"color: #282828;\"><b>minh b\u1ea1ch<\/b>.<\/span><\/p>\n<h2><strong>M\u1ee5c ti\u00eau chi\u1ebfn l\u01b0\u1ee3c<\/strong><\/h2>\n<div>\n<p>1. Loreto Vietnam s\u1ebd th\u00fac \u0111\u1ea9y c\u00e1c ho\u1ea1t \u0111\u1ed9ng ti\u1ebfp c\u1eadn gi\u00e1o d\u1ee5c.<\/p>\n<p>2. Loreto Vietnam s\u1ebd t\u1ea1o \u0111i\u1ec1u ki\u1ec7n cho vi\u1ec7c ph\u00e1t tri\u1ec3n v\u00e0 tri\u1ec3n khai c\u00e1c ch\u01b0\u01a1ng tr\u00ecnh gi\u00e1o d\u1ee5c ch\u1ea5t l\u01b0\u1ee3ng.<\/p>\n<p>3. Loreto Vietnam s\u1ebd t\u1ea1o \u0111i\u1ec1u ki\u1ec7n v\u00e0 c\u01a1 h\u1ed9i cho c\u00e1c c\u1ed9ng \u0111\u1ed3ng thi\u1ec7t th\u00f2i ph\u00e1t huy h\u1ebft ti\u1ec1m n\u0103ng c\u1ee7a h\u1ecd.<\/p>\n<p>4. Loreto Vietnam \u0111\u1eb7t m\u1ee5c ti\u00eau \u0111\u1ea1t t\u00ednh b\u1ec1n v\u1eefng trong x\u00e2y d\u1ef1ng t\u1ed5 ch\u1ee9c, c\u00e1c ch\u01b0\u01a1ng tr\u00ecnh v\u00e0 k\u1ebft qu\u1ea3 t\u00e1c \u0111\u1ed9ng.<\/p>\n<\/div>\n<p><\/p>\n<h2><strong>B\u00c1O C\u00c1O<\/strong><\/h2>\n<ul>\n<li><a href=\"https:\/\/loretovietnam.org\/wp-content\/uploads\/2021\/08\/FY21-Annual-report.pdf\">B\u00e1o c\u00e1o th\u01b0\u1eddng ni\u00ean n\u0103m t\u00e0i ch\u00ednh 20\/21<\/a><\/li>\n<li><a href=\"https:\/\/loretovietnam.org\/wp-content\/uploads\/2021\/08\/FY20-Annual-report.pdf\">B\u00e1o c\u00e1o th\u01b0\u1eddng ni\u00ean n\u0103m t\u00e0i ch\u00ednh 19\/20<\/a><\/li>\n<\/ul>\n<div class=\"gap-element\" style=\"display:block; height:auto; padding-top:10px\"><\/div>\n\n<\/p>\n<p>\u00a0<\/p><\/p>","protected":false},"excerpt":{"rendered":"<p>C\u00e1c Nguy\u00ean t\u1eafc H\u01b0\u1edbng d\u1eabn v\u1ec1 Tr\u00e1ch nhi\u1ec7m Gi\u1ea3i tr\u00ecnh 1. H\u00e0nh \u0111\u1ed9ng ch\u00ednh tr\u1ef1c. 2. Ph\u00e1t tri\u1ec3n v\u00e0 nu\u00f4i d\u01b0\u1ee1ng c\u00e1c m\u1ed1i quan h\u1ec7 h\u1ee3p t\u00e1c d\u1ef1a tr\u00ean s\u1ef1 t\u00f4n tr\u1ecdng l\u1eabn nhau. 3. \u0110\u1ea3m b\u1ea3o ho\u1ea1t \u0111\u1ed9ng xu\u1ea5t s\u1eafc v\u00e0 minh b\u1ea1ch. M\u1ee5c ti\u00eau Chi\u1ebfn l\u01b0\u1ee3c 1. Loreto s\u1ebd t\u1ea1o \u0111i\u1ec1u ki\u1ec7n ti\u1ebfp c\u1eadn gi\u00e1o d\u1ee5c. 2. Loreto s\u1ebd t\u1ea1o \u0111i\u1ec1u ki\u1ec7n cho s\u1ef1 ph\u00e1t tri\u1ec3n v\u00e0 cung c\u1ea5p ch\u1ea5t l\u01b0\u1ee3ng gi\u00e1o d\u1ee5c. 3. Loreto s\u1ebd t\u1ea1o \u0111i\u1ec1u ki\u1ec7n t\u1ea1o c\u01a1 h\u1ed9i cho c\u00e1c c\u1ed9ng \u0111\u1ed3ng thi\u1ec7t th\u00f2i \u0111\u1ea1t \u0111\u01b0\u1ee3c\u2026<\/p>","protected":false},"author":1,"featured_media":0,"parent":18,"menu_order":0,"comment_status":"closed","ping_status":"closed","template":"","meta":{"_exactmetrics_skip_tracking":false,"_exactmetrics_sitenote_active":false,"_exactmetrics_sitenote_note":"","_exactmetrics_sitenote_category":0,"footnotes":""},"class_list":["post-1082","page","type-page","status-publish","hentry"],"yoast_head":"<!-- This site is optimized with the Yoast SEO plugin v27.6 - https:\/\/yoast.com\/product\/yoast-seo-wordpress\/ -->\n<title>Accountability - Loreto Vietnam<\/title>\n<meta name=\"robots\" content=\"index, follow, max-snippet:-1, max-image-preview:large, max-video-preview:-1\" \/>\n<link rel=\"canonical\" href=\"https:\/\/loretovietnam.org\/vi\/about-us\/accountability\/\" \/>\n<meta property=\"og:locale\" content=\"vi_VN\" \/>\n<meta property=\"og:type\" content=\"article\" \/>\n<meta property=\"og:title\" content=\"Accountability - Loreto Vietnam\" \/>\n<meta property=\"og:description\" content=\"Accountability Guiding Principles 1. Act with integrity. 2. Develop and nurture collaborative relationships based on mutual respect. 3. Ensure operational excellence and transparency. Strategic Objectives 1. Loreto will facilitate access to education. 2. Loreto will facilitate the development and delivery of quality education. 3. Loreto will facilitate opportunities for disadvantaged communities to achieve their full...\" \/>\n<meta property=\"og:url\" content=\"https:\/\/loretovietnam.org\/vi\/about-us\/accountability\/\" \/>\n<meta property=\"og:site_name\" content=\"Loreto Vietnam\" \/>\n<meta property=\"article:modified_time\" content=\"2021-08-18T04:56:43+00:00\" \/>\n<meta name=\"twitter:card\" content=\"summary_large_image\" \/>\n<script type=\"application\/ld+json\" class=\"yoast-schema-graph\">{\"@context\":\"https:\\\/\\\/schema.org\",\"@graph\":[{\"@type\":\"WebPage\",\"@id\":\"https:\\\/\\\/loretovietnam.org\\\/about-us\\\/accountability\\\/\",\"url\":\"https:\\\/\\\/loretovietnam.org\\\/about-us\\\/accountability\\\/\",\"name\":\"Accountability - Loreto Vietnam\",\"isPartOf\":{\"@id\":\"https:\\\/\\\/loretovietnam.org\\\/#website\"},\"datePublished\":\"2020-05-23T16:41:38+00:00\",\"dateModified\":\"2021-08-18T04:56:43+00:00\",\"breadcrumb\":{\"@id\":\"https:\\\/\\\/loretovietnam.org\\\/about-us\\\/accountability\\\/#breadcrumb\"},\"inLanguage\":\"vi\",\"potentialAction\":[{\"@type\":\"ReadAction\",\"target\":[\"https:\\\/\\\/loretovietnam.org\\\/about-us\\\/accountability\\\/\"]}]},{\"@type\":\"BreadcrumbList\",\"@id\":\"https:\\\/\\\/loretovietnam.org\\\/about-us\\\/accountability\\\/#breadcrumb\",\"itemListElement\":[{\"@type\":\"ListItem\",\"position\":1,\"name\":\"Home\",\"item\":\"https:\\\/\\\/loretovietnam.org\\\/\"},{\"@type\":\"ListItem\",\"position\":2,\"name\":\"About Us\",\"item\":\"https:\\\/\\\/loretovietnam.org\\\/about-us\\\/\"},{\"@type\":\"ListItem\",\"position\":3,\"name\":\"Accountability\"}]},{\"@type\":\"WebSite\",\"@id\":\"https:\\\/\\\/loretovietnam.org\\\/#website\",\"url\":\"https:\\\/\\\/loretovietnam.org\\\/\",\"name\":\"Loreto Vietnam\",\"description\":\"\",\"potentialAction\":[{\"@type\":\"SearchAction\",\"target\":{\"@type\":\"EntryPoint\",\"urlTemplate\":\"https:\\\/\\\/loretovietnam.org\\\/?s={search_term_string}\"},\"query-input\":{\"@type\":\"PropertyValueSpecification\",\"valueRequired\":true,\"valueName\":\"search_term_string\"}}],\"inLanguage\":\"vi\"}]}<\/script>\n<!-- \/ Yoast SEO plugin. -->","yoast_head_json":{"title":"Tr\u00e1ch nhi\u1ec7m gi\u1ea3i tr\u00ecnh - Loreto Vi\u1ec7t Nam","robots":{"index":"index","follow":"follow","max-snippet":"max-snippet:-1","max-image-preview":"max-image-preview:large","max-video-preview":"max-video-preview:-1"},"canonical":"https:\/\/loretovietnam.org\/vi\/about-us\/accountability\/","og_locale":"vi_VN","og_type":"article","og_title":"Accountability - Loreto Vietnam","og_description":"Accountability Guiding Principles 1. Act with integrity. 2. Develop and nurture collaborative relationships based on mutual respect. 3. Ensure operational excellence and transparency. Strategic Objectives 1. Loreto will facilitate access to education. 2. Loreto will facilitate the development and delivery of quality education. 3. Loreto will facilitate opportunities for disadvantaged communities to achieve their full...","og_url":"https:\/\/loretovietnam.org\/vi\/about-us\/accountability\/","og_site_name":"Loreto Vietnam","article_modified_time":"2021-08-18T04:56:43+00:00","twitter_card":"summary_large_image","schema":{"@context":"https:\/\/schema.org","@graph":[{"@type":"WebPage","@id":"https:\/\/loretovietnam.org\/about-us\/accountability\/","url":"https:\/\/loretovietnam.org\/about-us\/accountability\/","name":"Tr\u00e1ch nhi\u1ec7m gi\u1ea3i tr\u00ecnh - Loreto Vi\u1ec7t Nam","isPartOf":{"@id":"https:\/\/loretovietnam.org\/#website"},"datePublished":"2020-05-23T16:41:38+00:00","dateModified":"2021-08-18T04:56:43+00:00","breadcrumb":{"@id":"https:\/\/loretovietnam.org\/about-us\/accountability\/#breadcrumb"},"inLanguage":"vi","potentialAction":[{"@type":"ReadAction","target":["https:\/\/loretovietnam.org\/about-us\/accountability\/"]}]},{"@type":"BreadcrumbList","@id":"https:\/\/loretovietnam.org\/about-us\/accountability\/#breadcrumb","itemListElement":[{"@type":"ListItem","position":1,"name":"Home","item":"https:\/\/loretovietnam.org\/"},{"@type":"ListItem","position":2,"name":"About Us","item":"https:\/\/loretovietnam.org\/about-us\/"},{"@type":"ListItem","position":3,"name":"Accountability"}]},{"@type":"WebSite","@id":"https:\/\/loretovietnam.org\/#website","url":"https:\/\/loretovietnam.org\/","name":"Loreto Vietnam","description":"","potentialAction":[{"@type":"SearchAction","target":{"@type":"EntryPoint","urlTemplate":"https:\/\/loretovietnam.org\/?s={search_term_string}"},"query-input":{"@type":"PropertyValueSpecification","valueRequired":true,"valueName":"search_term_string"}}],"inLanguage":"vi"}]}},"_links":{"self":[{"href":"https:\/\/loretovietnam.org\/vi\/wp-json\/wp\/v2\/pages\/1082","targetHints":{"allow":["GET"]}}],"collection":[{"href":"https:\/\/loretovietnam.org\/vi\/wp-json\/wp\/v2\/pages"}],"about":[{"href":"https:\/\/loretovietnam.org\/vi\/wp-json\/wp\/v2\/types\/page"}],"author":[{"embeddable":true,"href":"https:\/\/loretovietnam.org\/vi\/wp-json\/wp\/v2\/users\/1"}],"replies":[{"embeddable":true,"href":"https:\/\/loretovietnam.org\/vi\/wp-json\/wp\/v2\/comments?post=1082"}],"version-history":[{"count":20,"href":"https:\/\/loretovietnam.org\/vi\/wp-json\/wp\/v2\/pages\/1082\/revisions"}],"predecessor-version":[{"id":2356,"href":"https:\/\/loretovietnam.org\/vi\/wp-json\/wp\/v2\/pages\/1082\/revisions\/2356"}],"up":[{"embeddable":true,"href":"https:\/\/loretovietnam.org\/vi\/wp-json\/wp\/v2\/pages\/18"}],"wp:attachment":[{"href":"https:\/\/loretovietnam.org\/vi\/wp-json\/wp\/v2\/media?parent=1082"}],"curies":[{"name":"wp","href":"https:\/\/api.w.org\/{rel}","templated":true}]}}