{"id":1071,"date":"2020-05-23T23:20:47","date_gmt":"2020-05-23T16:20:47","guid":{"rendered":"https:\/\/loretovietnam.org\/?page_id=1071"},"modified":"2021-05-12T10:38:47","modified_gmt":"2021-05-12T03:38:47","slug":"where-we-work","status":"publish","type":"page","link":"https:\/\/loretovietnam.org\/vi\/about-us\/where-we-work\/","title":{"rendered":"\u0110\u1ecba b\u00e0n ho\u1ea1t \u0111\u1ed9ng"},"content":{"rendered":"<div class=\"banner has-hover hide-for-small\" id=\"banner-85692969\">\n          <div class=\"banner-inner fill\">\n        <div class=\"banner-bg fill\" >\n            <div class=\"bg fill bg-fill\"><\/div>\n                        <div class=\"overlay\"><\/div>            \n                    <\/div><!-- bg-layers -->\n        <div class=\"banner-layers container\">\n            <div class=\"fill banner-link\"><\/div>            \n   <div id=\"text-box-1042943783\" class=\"text-box banner-layer x15 md-x15 lg-x15 y0 md-y0 lg-y0 res-text\">\n                                <div class=\"text\">\n              \n              <div class=\"text-inner text-left\">\n                  \n<h1>\u0110\u1ecba b\u00e0n ho\u1ea1t \u0111\u1ed9ng<\/h1>\n<h3>165 d\u1ef1 \u00e1n b\u1ec1n v\u1eefng<br \/>\n\u1edf 6 t\u1ec9nh<\/h3>\n<ul>\n<li>H\u1ed3 Ch\u00ed Minh<\/li>\n<li>An Giang<\/li>\n<li>Tr\u00e0 Vinh<\/li>\n<li>C\u00e0 Mau<\/li>\n<li>Ti\u1ec1n Giang<\/li>\n<li>Ph\u00fa Y\u00ean<\/li>\n<\/ul>\n              <\/div>\n           <\/div><!-- text-box-inner -->\n                            \n<style scope=\"scope\">\n\n#text-box-1042943783 .text {\n  background-color: rgba(255, 255, 255, 0);\n  font-size: 100%;\n}\n#text-box-1042943783 .text-inner {\n  padding: 10px 30px 30px 30px;\n}\n#text-box-1042943783 {\n  width: 60%;\n}\n\n\n@media (min-width:550px) {\n\n  #text-box-1042943783 {\n    width: 35%;\n  }\n\n}\n<\/style>\n    <\/div><!-- text-box -->\n \n        <\/div><!-- .banner-layers -->\n      <\/div><!-- .banner-inner -->\n\n              <div class=\"height-fix is-invisible\"><img loading=\"lazy\" decoding=\"async\" width=\"1050\" height=\"880\" src=\"https:\/\/loretovietnam.org\/wp-content\/uploads\/2020\/06\/Loreto-Map-19.png\" class=\"attachment-original size-original\" alt=\"\" srcset=\"https:\/\/loretovietnam.org\/wp-content\/uploads\/2020\/06\/Loreto-Map-19.png 1050w, https:\/\/loretovietnam.org\/wp-content\/uploads\/2020\/06\/Loreto-Map-19-1024x858.png 1024w, https:\/\/loretovietnam.org\/wp-content\/uploads\/2020\/06\/Loreto-Map-19-510x427.png 510w, https:\/\/loretovietnam.org\/wp-content\/uploads\/2020\/06\/Loreto-Map-19-768x644.png 768w\" sizes=\"auto, (max-width: 1050px) 100vw, 1050px\" \/><\/div>\n            \n<style scope=\"scope\">\n\n#banner-85692969 .bg.bg-loaded {\n  background-image: url(https:\/\/loretovietnam.org\/wp-content\/uploads\/2020\/06\/Loreto-Map-19.png);\n}\n#banner-85692969 .overlay {\n  background-color: rgba(255, 255, 255, 0);\n}\n#banner-85692969 {\n  background-color: rgba(255, 255, 255, 0);\n}\n#banner-85692969 .bg {\n  background-position: top right;\n}\n<\/style>\n  <\/div><!-- .banner -->\n\n\n\n  <div class=\"banner has-hover show-for-small\" id=\"banner-1072362796\">\n          <div class=\"banner-inner fill\">\n        <div class=\"banner-bg fill\" >\n            <div class=\"bg fill bg-fill\"><\/div>\n                        <div class=\"overlay\"><\/div>            \n                    <\/div><!-- bg-layers -->\n        <div class=\"banner-layers container\">\n            <div class=\"fill banner-link\"><\/div>            \n   <div id=\"text-box-1402125944\" class=\"text-box banner-layer x5 md-x5 lg-x5 y0 md-y0 lg-y0 res-text\">\n                                <div class=\"text\">\n              \n              <div class=\"text-inner text-left\">\n                  \n<h2>\u0110\u1ecba b\u00e0n ho\u1ea1t \u0111\u1ed9ng<\/h2>\n<p><strong>115 d\u1ef1 \u00e1n b\u1ec1n v\u1eefng <\/strong><br \/>\n<strong>\u1edf 6 t\u1ec9nh<\/strong><\/p>\n              <\/div>\n           <\/div><!-- text-box-inner -->\n                            \n<style scope=\"scope\">\n\n#text-box-1402125944 .text {\n  background-color: rgba(255, 255, 255, 0);\n  font-size: 100%;\n}\n#text-box-1402125944 {\n  width: 60%;\n}\n\n\n@media (min-width:550px) {\n\n  #text-box-1402125944 {\n    width: 35%;\n  }\n\n}\n<\/style>\n    <\/div><!-- text-box -->\n \n        <\/div><!-- .banner-layers -->\n      <\/div><!-- .banner-inner -->\n\n              <div class=\"height-fix is-invisible\"><img loading=\"lazy\" decoding=\"async\" width=\"1050\" height=\"880\" src=\"https:\/\/loretovietnam.org\/wp-content\/uploads\/2020\/06\/Loreto-Map-19.png\" class=\"attachment-original size-original\" alt=\"\" srcset=\"https:\/\/loretovietnam.org\/wp-content\/uploads\/2020\/06\/Loreto-Map-19.png 1050w, https:\/\/loretovietnam.org\/wp-content\/uploads\/2020\/06\/Loreto-Map-19-1024x858.png 1024w, https:\/\/loretovietnam.org\/wp-content\/uploads\/2020\/06\/Loreto-Map-19-510x427.png 510w, https:\/\/loretovietnam.org\/wp-content\/uploads\/2020\/06\/Loreto-Map-19-768x644.png 768w\" sizes=\"auto, (max-width: 1050px) 100vw, 1050px\" \/><\/div>\n            \n<style scope=\"scope\">\n\n#banner-1072362796 .bg.bg-loaded {\n  background-image: url(https:\/\/loretovietnam.org\/wp-content\/uploads\/2020\/06\/Loreto-Map-19.png);\n}\n#banner-1072362796 .overlay {\n  background-color: rgba(255, 255, 255, 0);\n}\n#banner-1072362796 {\n  background-color: rgba(255, 255, 255, 0);\n}\n#banner-1072362796 .bg {\n  background-position: top right;\n}\n<\/style>\n  <\/div><!-- .banner -->","protected":false},"excerpt":{"rendered":"","protected":false},"author":1,"featured_media":0,"parent":18,"menu_order":0,"comment_status":"closed","ping_status":"closed","template":"","meta":{"_exactmetrics_skip_tracking":false,"_exactmetrics_sitenote_active":false,"_exactmetrics_sitenote_note":"","_exactmetrics_sitenote_category":0,"footnotes":""},"class_list":["post-1071","page","type-page","status-publish","hentry"],"yoast_head":"<!-- This site is optimized with the Yoast SEO plugin v27.6 - https:\/\/yoast.com\/product\/yoast-seo-wordpress\/ -->\n<title>Where We Work - Loreto Vietnam<\/title>\n<meta name=\"robots\" content=\"index, follow, max-snippet:-1, max-image-preview:large, max-video-preview:-1\" \/>\n<link rel=\"canonical\" href=\"https:\/\/loretovietnam.org\/vi\/about-us\/where-we-work\/\" \/>\n<meta property=\"og:locale\" content=\"vi_VN\" \/>\n<meta property=\"og:type\" content=\"article\" \/>\n<meta property=\"og:title\" content=\"Where We Work - Loreto Vietnam\" \/>\n<meta property=\"og:url\" content=\"https:\/\/loretovietnam.org\/vi\/about-us\/where-we-work\/\" \/>\n<meta property=\"og:site_name\" content=\"Loreto Vietnam\" \/>\n<meta property=\"article:modified_time\" content=\"2021-05-12T03:38:47+00:00\" \/>\n<meta name=\"twitter:card\" content=\"summary_large_image\" \/>\n<meta name=\"twitter:label1\" content=\"\u01af\u1edbc t\u00ednh th\u1eddi gian \u0111\u1ecdc\" \/>\n\t<meta name=\"twitter:data1\" content=\"1 ph\u00fat\" \/>\n<script type=\"application\/ld+json\" class=\"yoast-schema-graph\">{\"@context\":\"https:\\\/\\\/schema.org\",\"@graph\":[{\"@type\":\"WebPage\",\"@id\":\"https:\\\/\\\/loretovietnam.org\\\/about-us\\\/where-we-work\\\/\",\"url\":\"https:\\\/\\\/loretovietnam.org\\\/about-us\\\/where-we-work\\\/\",\"name\":\"Where We Work - Loreto Vietnam\",\"isPartOf\":{\"@id\":\"https:\\\/\\\/loretovietnam.org\\\/#website\"},\"datePublished\":\"2020-05-23T16:20:47+00:00\",\"dateModified\":\"2021-05-12T03:38:47+00:00\",\"breadcrumb\":{\"@id\":\"https:\\\/\\\/loretovietnam.org\\\/about-us\\\/where-we-work\\\/#breadcrumb\"},\"inLanguage\":\"vi\",\"potentialAction\":[{\"@type\":\"ReadAction\",\"target\":[\"https:\\\/\\\/loretovietnam.org\\\/about-us\\\/where-we-work\\\/\"]}]},{\"@type\":\"BreadcrumbList\",\"@id\":\"https:\\\/\\\/loretovietnam.org\\\/about-us\\\/where-we-work\\\/#breadcrumb\",\"itemListElement\":[{\"@type\":\"ListItem\",\"position\":1,\"name\":\"Home\",\"item\":\"https:\\\/\\\/loretovietnam.org\\\/\"},{\"@type\":\"ListItem\",\"position\":2,\"name\":\"About Us\",\"item\":\"https:\\\/\\\/loretovietnam.org\\\/about-us\\\/\"},{\"@type\":\"ListItem\",\"position\":3,\"name\":\"Where We Work\"}]},{\"@type\":\"WebSite\",\"@id\":\"https:\\\/\\\/loretovietnam.org\\\/#website\",\"url\":\"https:\\\/\\\/loretovietnam.org\\\/\",\"name\":\"Loreto Vietnam\",\"description\":\"\",\"potentialAction\":[{\"@type\":\"SearchAction\",\"target\":{\"@type\":\"EntryPoint\",\"urlTemplate\":\"https:\\\/\\\/loretovietnam.org\\\/?s={search_term_string}\"},\"query-input\":{\"@type\":\"PropertyValueSpecification\",\"valueRequired\":true,\"valueName\":\"search_term_string\"}}],\"inLanguage\":\"vi\"}]}<\/script>\n<!-- \/ Yoast SEO plugin. -->","yoast_head_json":{"title":"N\u01a1i ch\u00fang t\u00f4i l\u00e0m vi\u1ec7c - Loreto Vi\u1ec7t Nam","robots":{"index":"index","follow":"follow","max-snippet":"max-snippet:-1","max-image-preview":"max-image-preview:large","max-video-preview":"max-video-preview:-1"},"canonical":"https:\/\/loretovietnam.org\/vi\/about-us\/where-we-work\/","og_locale":"vi_VN","og_type":"article","og_title":"Where We Work - Loreto Vietnam","og_url":"https:\/\/loretovietnam.org\/vi\/about-us\/where-we-work\/","og_site_name":"Loreto Vietnam","article_modified_time":"2021-05-12T03:38:47+00:00","twitter_card":"summary_large_image","twitter_misc":{"\u01af\u1edbc t\u00ednh th\u1eddi gian \u0111\u1ecdc":"1 ph\u00fat"},"schema":{"@context":"https:\/\/schema.org","@graph":[{"@type":"WebPage","@id":"https:\/\/loretovietnam.org\/about-us\/where-we-work\/","url":"https:\/\/loretovietnam.org\/about-us\/where-we-work\/","name":"N\u01a1i ch\u00fang t\u00f4i l\u00e0m vi\u1ec7c - Loreto Vi\u1ec7t Nam","isPartOf":{"@id":"https:\/\/loretovietnam.org\/#website"},"datePublished":"2020-05-23T16:20:47+00:00","dateModified":"2021-05-12T03:38:47+00:00","breadcrumb":{"@id":"https:\/\/loretovietnam.org\/about-us\/where-we-work\/#breadcrumb"},"inLanguage":"vi","potentialAction":[{"@type":"ReadAction","target":["https:\/\/loretovietnam.org\/about-us\/where-we-work\/"]}]},{"@type":"BreadcrumbList","@id":"https:\/\/loretovietnam.org\/about-us\/where-we-work\/#breadcrumb","itemListElement":[{"@type":"ListItem","position":1,"name":"Home","item":"https:\/\/loretovietnam.org\/"},{"@type":"ListItem","position":2,"name":"About Us","item":"https:\/\/loretovietnam.org\/about-us\/"},{"@type":"ListItem","position":3,"name":"Where We Work"}]},{"@type":"WebSite","@id":"https:\/\/loretovietnam.org\/#website","url":"https:\/\/loretovietnam.org\/","name":"Loreto Vietnam","description":"","potentialAction":[{"@type":"SearchAction","target":{"@type":"EntryPoint","urlTemplate":"https:\/\/loretovietnam.org\/?s={search_term_string}"},"query-input":{"@type":"PropertyValueSpecification","valueRequired":true,"valueName":"search_term_string"}}],"inLanguage":"vi"}]}},"_links":{"self":[{"href":"https:\/\/loretovietnam.org\/vi\/wp-json\/wp\/v2\/pages\/1071","targetHints":{"allow":["GET"]}}],"collection":[{"href":"https:\/\/loretovietnam.org\/vi\/wp-json\/wp\/v2\/pages"}],"about":[{"href":"https:\/\/loretovietnam.org\/vi\/wp-json\/wp\/v2\/types\/page"}],"author":[{"embeddable":true,"href":"https:\/\/loretovietnam.org\/vi\/wp-json\/wp\/v2\/users\/1"}],"replies":[{"embeddable":true,"href":"https:\/\/loretovietnam.org\/vi\/wp-json\/wp\/v2\/comments?post=1071"}],"version-history":[{"count":37,"href":"https:\/\/loretovietnam.org\/vi\/wp-json\/wp\/v2\/pages\/1071\/revisions"}],"predecessor-version":[{"id":2302,"href":"https:\/\/loretovietnam.org\/vi\/wp-json\/wp\/v2\/pages\/1071\/revisions\/2302"}],"up":[{"embeddable":true,"href":"https:\/\/loretovietnam.org\/vi\/wp-json\/wp\/v2\/pages\/18"}],"wp:attachment":[{"href":"https:\/\/loretovietnam.org\/vi\/wp-json\/wp\/v2\/media?parent=1071"}],"curies":[{"name":"wp","href":"https:\/\/api.w.org\/{rel}","templated":true}]}}