{"id":1012,"date":"2020-05-11T01:01:07","date_gmt":"2020-05-10T18:01:07","guid":{"rendered":"https:\/\/loretovietnam.org\/?page_id=1012"},"modified":"2020-07-27T14:28:35","modified_gmt":"2020-07-27T07:28:35","slug":"education","status":"publish","type":"page","link":"https:\/\/loretovietnam.org\/vi\/our-work\/education\/","title":{"rendered":"Ph\u01b0\u01a1ng ch\u00e2m Gi\u00e1o d\u1ee5c"},"content":{"rendered":"<section class=\"section\" id=\"section_1847557316\">\n\t\t<div class=\"bg section-bg fill bg-fill  bg-loaded\" >\n\n\t\t\t\n\t\t\t\n\t\t\t\n\n\t\t<\/div><!-- .section-bg -->\n\n\t\t<div class=\"section-content relative\">\n\t\t\t\n<div class=\"row\"  id=\"row-913011210\">\n<div class=\"col small-12 large-12\"  ><div class=\"col-inner\"  >\n<h1>GI\u00c1O D\u1ee4C KI\u1ebeN T\u1ea0O THAY \u0110\u1ed4I<\/h1>\n<p class=\"translation-block\">Loreto Vietnam cam k\u1ebft b\u1ea3o \u0111\u1ea3m quy\u1ec1n con ng\u01b0\u1eddi li\u00ean quan \u0111\u1ebfn gi\u00e1o d\u1ee5c l\u00e0 quy\u1ec1n c\u1ee7a t\u1ea5t c\u1ea3 h\u1ecdc sinh v\u00e0 tin r\u1eb1ng th\u00f4ng qua ch\u01b0\u01a1ng tr\u00ecnh <strong>\u2018gi\u00e1o d\u1ee5c ki\u1ebfn t\u1ea1o thay \u0111\u1ed5i\u2019<\/strong>,  cu\u1ed9c s\u1ed1ng c\u1ee7a t\u1eebng c\u00e1 nh\u00e2n h\u1ecdc sinh, gia \u0111\u00ecnh, tr\u01b0\u1eddng h\u1ecdc v\u00e0 c\u1ed9ng \u0111\u1ed3ng c\u1ee7a c\u00e1c em s\u1ebd \u0111\u01b0\u1ee3c thay \u0111\u1ed5i.<\/p>\n<p>Loreto Vietnam l\u00e0 m\u1ed9t ph\u1ea7n c\u1ee7a m\u1ea1ng l\u01b0\u1edbi to\u00e0n c\u1ea7u n\u0103ng \u0111\u1ed9ng g\u1ed3m nhi\u1ec1u tr\u01b0\u1eddng h\u1ecdc, chuy\u00ean gia gi\u00e1o d\u1ee5c v\u00e0 c\u00e1c c\u01a1 quan x\u00e3 h\u1ed9i v\u1edbi b\u1ec1 d\u00e0y l\u1ecbch s\u1eed trong l\u0129nh v\u1ef1c gi\u00e1o d\u1ee5c. Ch\u00fang t\u00f4i c\u00f9ng chung m\u1ee5c \u0111\u00edch <strong>\"n\u00e2ng b\u01b0\u1edbc tr\u1ebb \u0111\u1ebfn t\u01b0\u01a1ng lai\"<\/strong> v\u00e0 \u0111\u1eb7c bi\u1ec7t t\u1eadp trung h\u1ed7 tr\u1ee3 nh\u00f3m tr\u1ebb em \u0111ang g\u1eb7p kh\u00f3 kh\u0103n n\u00f3i chung, \u0111\u1eb7c bi\u1ec7t l\u00e0 tr\u1ebb khuy\u1ebft t\u1eadt, v\u00f9ng s\u00e2u v\u00f9ng xa ho\u1eb7c ngh\u00e8o \u0111\u00f3i.<\/p>\n<p>K\u1ec3 t\u1eeb khi th\u00e0nh l\u1eadp c\u00e1ch \u0111\u00e2y h\u01a1n 20 n\u0103m, Loreto Vietnam \u0111\u00e3 \u01b0u ti\u00ean chuy\u1ec3n \u0111\u1ed5i tr\u01b0\u1eddng h\u1ecdc truy\u1ec1n th\u1ed1ng th\u00e0nh m\u00f4i tr\u01b0\u1eddng th\u00e2n thi\u1ec7n v\u1edbi tr\u1ebb em, truy\u1ec1n l\u1eeda, h\u1ed7 tr\u1ee3 cho th\u1ebf h\u1ec7 tr\u1ebb th\u00f4ng qua c\u00e1c ho\u1ea1t \u0111\u1ed9ng trao t\u1eb7ng c\u1eb7p s\u00e1ch, v\u0103n ph\u00f2ng ph\u1ea9m, xe \u0111\u1ea1p \u0111\u1ec3 ch\u1eafp c\u00e1nh tr\u1ebb em n\u00f4ng th\u00f4n \u0111\u1ebfn tr\u01b0\u1eddng v\u00e0 trao h\u1ecdc b\u1ed5ng cho tr\u1ebb em kh\u00f3 kh\u0103n v\u1ec1 t\u00e0i ch\u00ednh.<\/p>\n<p>Loreto Vietnam h\u01b0\u1edbng t\u1edbi m\u1ee5c ti\u00eau kh\u01a1i d\u1eady trong c\u00e1c h\u1ecdc sinh ni\u1ec1m \u0111am m\u00ea h\u1ecdc t\u1eadp, \u0111\u1ec3 tinh th\u1ea7n hi\u1ebfu h\u1ecdc n\u00e0y s\u1ebd theo ch\u00e2n c\u00e1c em su\u1ed1t cu\u1ed9c \u0111\u1eddi.<\/p>\n<p><img loading=\"lazy\" decoding=\"async\" class=\"alignnone wp-image-1439\" src=\"https:\/\/loretovietnam.org\/wp-content\/uploads\/2020\/07\/SDG-4-grande-en-2-1.jpg\" alt=\"\" width=\"1200\" height=\"400\" srcset=\"https:\/\/loretovietnam.org\/wp-content\/uploads\/2020\/07\/SDG-4-grande-en-2-1.jpg 900w, https:\/\/loretovietnam.org\/wp-content\/uploads\/2020\/07\/SDG-4-grande-en-2-1-510x170.jpg 510w, https:\/\/loretovietnam.org\/wp-content\/uploads\/2020\/07\/SDG-4-grande-en-2-1-768x256.jpg 768w\" sizes=\"auto, (max-width: 1200px) 100vw, 1200px\" \/><\/p>\n<p>M\u1ee5c ti\u00eau Ph\u00e1t tri\u1ec3n B\u1ec1n v\u1eefng s\u1ed1 4 c\u1ee7a Li\u00ean hi\u1ec7p qu\u1ed1c v\u1ec1 \u201cgi\u00e1o d\u1ee5c ch\u1ea5t l\u01b0\u1ee3ng cho m\u1ecdi ng\u01b0\u1eddi\u201d l\u00e0 n\u1ec1n t\u1ea3ng cho nh\u1eefng n\u1ed7 l\u1ef1c tr\u00ean c\u1ee7a Loreto Vietnam. B\u00ean c\u1ea1nh \u0111\u00f3, ch\u00fang t\u00f4i h\u01b0\u1edbng \u0111\u1ebfn x\u00e2y d\u1ef1ng n\u0103ng l\u1ef1c v\u00e0 trao quy\u1ec1n cho c\u00e1c tr\u01b0\u1eddng h\u1ecdc t\u1ea1i \u0111\u1ecba ph\u01b0\u01a1ng, v\u1edbi s\u1ef1 h\u1ee3p t\u00e1c c\u1ee7a c\u1ed9ng \u0111\u1ed3ng nh\u1eb1m \u0111\u1ea3m b\u1ea3o t\u00ednh hi\u1ec7u qu\u1ea3 v\u00e0 b\u1ec1n v\u1eefng l\u00e2u d\u00e0i.<\/p>\n<p>M\u00f4i tr\u01b0\u1eddng h\u1ecdc \u0111\u01b0\u1eddng \u1edf n\u00f4ng th\u00f4n \u0111\u00e3 \u0111\u01b0\u1ee3c c\u1ea3i thi\u1ec7n th\u00f4ng qua d\u1ef1 \u00e1n c\u1ea3i t\u1ea1o c\u00e1c khu v\u1ec7 sinh c\u0169, d\u1ed9t n\u00e1t th\u00e0nh nh\u1eefng d\u00e3y nh\u00e0 v\u1ec7 sinh ri\u00eang, s\u1ea1ch s\u1ebd, s\u00e1ng s\u1ee7a v\u00e0 t\u1ea1i \u0111\u00f3 h\u1ecdc sinh \u0111\u01b0\u1ee3c d\u1ea1y c\u00e1c k\u1ef9 n\u0103ng gi\u1eef v\u1ec7 sinh chung; th\u00f4ng qua d\u1ef1 \u00e1n th\u01b0 vi\u1ec7n th\u00e2n thi\u1ec7n tr\u00e0n ng\u1eadp s\u00e1ch m\u1edbi, kh\u01a1i d\u1eady kh\u00f4ng kh\u00ed h\u1ecdc t\u1eadp v\u00e0 ni\u1ec1m \u0111am m\u00ea \u0111\u1ecdc s\u00e1ch cho tr\u1ebb; v\u00e0 th\u00f4ng qua c\u00e1c ph\u00f2ng m\u00e1y t\u00ednh m\u1edbi gi\u00fap tri\u1ec3n khai nghi\u00ean c\u1ee9u c\u00e1c m\u00f4n h\u1ecdc STEM trong tr\u01b0\u1eddng h\u1ecdc v\u00e0 t\u1ea1o \u0111i\u1ec1u ki\u1ec7n cho h\u00e0ng ngh\u00ecn h\u1ecdc sinh r\u00e8n luy\u1ec7n c\u00e1c k\u1ef9 n\u0103ng m\u00e1y t\u00ednh.<\/p>\n<p>Loreto Vietnam tin t\u01b0\u1edfng m\u1ea1nh m\u1ebd r\u1eb1ng gi\u00e1o d\u1ee5c l\u00e0 gi\u1ea3i ph\u00e1p hi\u1ec7u qu\u1ea3 nh\u1ea5t v\u1ec1 chi ph\u00ed, d\u1ec5 ti\u1ebfp c\u1eadn v\u00e0 b\u1ec1n v\u1eefng nh\u1ea5t. C\u00f4ng vi\u1ec7c c\u1ee7a ch\u00fang t\u00f4i l\u00e0 mang c\u01a1 h\u1ed9i ti\u1ebfp c\u1eadn m\u00f4i tr\u01b0\u1eddng h\u1ecdc t\u1eadp hi\u1ec7u qu\u1ea3 \u0111\u1ebfn cho m\u1ecdi ng\u01b0\u1eddi v\u00e0 th\u00fac \u0111\u1ea9y tinh th\u1ea7n h\u1ecdc t\u1eadp su\u1ed1t \u0111\u1eddi. Th\u00f4ng qua nh\u1eefng ch\u01b0\u01a1ng tr\u00ecnh cung c\u1ea5p gi\u00e1o d\u1ee5c ch\u1ea5t l\u01b0\u1ee3ng, Loreto Vietnam tin r\u1eb1ng nh\u1eefng tr\u1ebb em thi\u1ec7t th\u00f2i nh\u1ea5t c\u1ee7a Vi\u1ec7t Nam s\u1ebd \u0111\u01b0\u1ee3c ph\u00e1t tri\u1ec3n h\u1ebft ti\u1ec1m n\u0103ng v\u00e0 nh\u1eefng thay \u0111\u1ed5i t\u00edch c\u1ef1c v\u1ec1 m\u1eb7t x\u00e3 h\u1ed9i s\u1ebd di\u1ec5n ra.<\/p>\n<\/div><\/div>\n<\/div>\n  <div class=\"banner-grid-wrapper\">\n  <div id=\"banner-grid-544965973\" class=\"banner-grid row row-grid row-small\" data-packery-options=\"\">\n                      \n<div class=\"col grid-col large-12 grid-col-2-3\" ><div class=\"col-inner\">\n\t<div class=\"img has-hover x md-x lg-x y md-y lg-y\" id=\"image_145600163\">\n\t\t\t\t\t\t\t\t<div class=\"img-inner dark\" >\n\t\t\t<img loading=\"lazy\" decoding=\"async\" width=\"900\" height=\"400\" src=\"https:\/\/loretovietnam.org\/wp-content\/uploads\/2020\/07\/Education-LV-Feature.jpg\" class=\"attachment-large size-large\" alt=\"\" srcset=\"https:\/\/loretovietnam.org\/wp-content\/uploads\/2020\/07\/Education-LV-Feature.jpg 900w, https:\/\/loretovietnam.org\/wp-content\/uploads\/2020\/07\/Education-LV-Feature-510x227.jpg 510w, https:\/\/loretovietnam.org\/wp-content\/uploads\/2020\/07\/Education-LV-Feature-768x341.jpg 768w\" sizes=\"auto, (max-width: 900px) 100vw, 900px\" \/>\t\t\t\t\t\t\t<div class=\"overlay\" style=\"background-color: rgba(255, 255, 255, 0.04)\"><\/div>\n\t\t\t\t\t\t\n\t\t\t\t\t<\/div>\n\t\t\t\t\t\t\t\t\n<style scope=\"scope\">\n\n#image_145600163 {\n  width: 100%;\n}\n<\/style>\n\t<\/div>\n\t\n<\/div><\/div>\n<div class=\"col grid-col large-4 grid-col-1-3\" ><div class=\"col-inner\">\n\t<div class=\"img has-hover x md-x lg-x y md-y lg-y\" id=\"image_1465332083\">\n\t\t\t\t\t\t\t\t<div class=\"img-inner dark\" >\n\t\t\t<img loading=\"lazy\" decoding=\"async\" width=\"480\" height=\"360\" src=\"https:\/\/loretovietnam.org\/wp-content\/uploads\/2020\/07\/dance-480x360-1.jpg\" class=\"attachment-large size-large\" alt=\"\" \/>\t\t\t\t\t\t\n\t\t\t\t\t<\/div>\n\t\t\t\t\t\t\t\t\n<style scope=\"scope\">\n\n#image_1465332083 {\n  width: 100%;\n}\n<\/style>\n\t<\/div>\n\t\n<\/div><\/div>\n<div class=\"col grid-col large-4 grid-col-1-3\" ><div class=\"col-inner\">\n\t<div class=\"img has-hover x md-x lg-x y md-y lg-y\" id=\"image_1626706046\">\n\t\t\t\t\t\t\t\t<div class=\"img-inner dark\" >\n\t\t\t<img loading=\"lazy\" decoding=\"async\" width=\"480\" height=\"360\" src=\"https:\/\/loretovietnam.org\/wp-content\/uploads\/2020\/07\/Health-2.jpg\" class=\"attachment-large size-large\" alt=\"\" \/>\t\t\t\t\t\t\n\t\t\t\t\t<\/div>\n\t\t\t\t\t\t\t\t\n<style scope=\"scope\">\n\n#image_1626706046 {\n  width: 100%;\n}\n<\/style>\n\t<\/div>\n\t\n<\/div><\/div>\n<div class=\"col grid-col large-4 grid-col-1-3\" ><div class=\"col-inner\">\n\t<div class=\"img has-hover x md-x lg-x y md-y lg-y\" id=\"image_1104733900\">\n\t\t\t\t\t\t\t\t<div class=\"img-inner dark\" >\n\t\t\t<img loading=\"lazy\" decoding=\"async\" width=\"480\" height=\"360\" src=\"https:\/\/loretovietnam.org\/wp-content\/uploads\/2020\/07\/Audience-1-1-480x360-1.jpg\" class=\"attachment-large size-large\" alt=\"\" \/>\t\t\t\t\t\t\n\t\t\t\t\t<\/div>\n\t\t\t\t\t\t\t\t\n<style scope=\"scope\">\n\n#image_1104733900 {\n  width: 100%;\n}\n<\/style>\n\t<\/div>\n\t\n<\/div><\/div>\n            <\/div><!-- .banner-grid .row .grid -->\n    <style scope=\"scope\">\n    #banner-grid-544965973 .grid-col-1{height: 600px}\n    #banner-grid-544965973 .grid-col-1-2{height: 300px}\n    #banner-grid-544965973 .grid-col-1-3{height:200px}\n    #banner-grid-544965973 .grid-col-2-3{height: 400px}\n    #banner-grid-544965973 .grid-col-1-4{height: 150px}\n    #banner-grid-544965973 .grid-col-3-4{height: 450px}\n\n\n    \n    \n\n  <\/style>\n    <\/div><!-- .banner-grid-wrapper -->\n  \n\t\t<\/div><!-- .section-content -->\n\n\t\t\n<style scope=\"scope\">\n\n#section_1847557316 {\n  padding-top: 0px;\n  padding-bottom: 0px;\n}\n<\/style>\n\t<\/section>","protected":false},"excerpt":{"rendered":"","protected":false},"author":1,"featured_media":0,"parent":14,"menu_order":0,"comment_status":"closed","ping_status":"closed","template":"","meta":{"_exactmetrics_skip_tracking":false,"_exactmetrics_sitenote_active":false,"_exactmetrics_sitenote_note":"","_exactmetrics_sitenote_category":0,"footnotes":""},"class_list":["post-1012","page","type-page","status-publish","hentry"],"yoast_head":"<!-- This site is optimized with the Yoast SEO plugin v27.6 - https:\/\/yoast.com\/product\/yoast-seo-wordpress\/ -->\n<title>Education for Change - Loreto Vietnam<\/title>\n<meta name=\"robots\" content=\"index, follow, max-snippet:-1, max-image-preview:large, max-video-preview:-1\" \/>\n<link rel=\"canonical\" href=\"https:\/\/loretovietnam.org\/vi\/our-work\/education\/\" \/>\n<meta property=\"og:locale\" content=\"vi_VN\" \/>\n<meta property=\"og:type\" content=\"article\" \/>\n<meta property=\"og:title\" content=\"Education for Change - Loreto Vietnam\" \/>\n<meta property=\"og:url\" content=\"https:\/\/loretovietnam.org\/vi\/our-work\/education\/\" \/>\n<meta property=\"og:site_name\" content=\"Loreto Vietnam\" \/>\n<meta property=\"article:modified_time\" content=\"2020-07-27T07:28:35+00:00\" \/>\n<meta property=\"og:image\" content=\"https:\/\/loretovietnam.org\/wp-content\/uploads\/2020\/07\/SDG-4-grande-en-2-1.jpg\" \/>\n<meta name=\"twitter:card\" content=\"summary_large_image\" \/>\n<meta name=\"twitter:label1\" content=\"\u01af\u1edbc t\u00ednh th\u1eddi gian \u0111\u1ecdc\" \/>\n\t<meta name=\"twitter:data1\" content=\"2 ph\u00fat\" \/>\n<script type=\"application\/ld+json\" class=\"yoast-schema-graph\">{\"@context\":\"https:\\\/\\\/schema.org\",\"@graph\":[{\"@type\":\"WebPage\",\"@id\":\"https:\\\/\\\/loretovietnam.org\\\/our-work\\\/education\\\/\",\"url\":\"https:\\\/\\\/loretovietnam.org\\\/our-work\\\/education\\\/\",\"name\":\"Education for Change - Loreto Vietnam\",\"isPartOf\":{\"@id\":\"https:\\\/\\\/loretovietnam.org\\\/#website\"},\"primaryImageOfPage\":{\"@id\":\"https:\\\/\\\/loretovietnam.org\\\/our-work\\\/education\\\/#primaryimage\"},\"image\":{\"@id\":\"https:\\\/\\\/loretovietnam.org\\\/our-work\\\/education\\\/#primaryimage\"},\"thumbnailUrl\":\"https:\\\/\\\/loretovietnam.org\\\/wp-content\\\/uploads\\\/2020\\\/07\\\/SDG-4-grande-en-2-1.jpg\",\"datePublished\":\"2020-05-10T18:01:07+00:00\",\"dateModified\":\"2020-07-27T07:28:35+00:00\",\"breadcrumb\":{\"@id\":\"https:\\\/\\\/loretovietnam.org\\\/our-work\\\/education\\\/#breadcrumb\"},\"inLanguage\":\"vi\",\"potentialAction\":[{\"@type\":\"ReadAction\",\"target\":[\"https:\\\/\\\/loretovietnam.org\\\/our-work\\\/education\\\/\"]}]},{\"@type\":\"ImageObject\",\"inLanguage\":\"vi\",\"@id\":\"https:\\\/\\\/loretovietnam.org\\\/our-work\\\/education\\\/#primaryimage\",\"url\":\"https:\\\/\\\/loretovietnam.org\\\/wp-content\\\/uploads\\\/2020\\\/07\\\/SDG-4-grande-en-2-1.jpg\",\"contentUrl\":\"https:\\\/\\\/loretovietnam.org\\\/wp-content\\\/uploads\\\/2020\\\/07\\\/SDG-4-grande-en-2-1.jpg\"},{\"@type\":\"BreadcrumbList\",\"@id\":\"https:\\\/\\\/loretovietnam.org\\\/our-work\\\/education\\\/#breadcrumb\",\"itemListElement\":[{\"@type\":\"ListItem\",\"position\":1,\"name\":\"Home\",\"item\":\"https:\\\/\\\/loretovietnam.org\\\/\"},{\"@type\":\"ListItem\",\"position\":2,\"name\":\"Our Work\",\"item\":\"https:\\\/\\\/loretovietnam.org\\\/our-work\\\/\"},{\"@type\":\"ListItem\",\"position\":3,\"name\":\"Education for Change\"}]},{\"@type\":\"WebSite\",\"@id\":\"https:\\\/\\\/loretovietnam.org\\\/#website\",\"url\":\"https:\\\/\\\/loretovietnam.org\\\/\",\"name\":\"Loreto Vietnam\",\"description\":\"\",\"potentialAction\":[{\"@type\":\"SearchAction\",\"target\":{\"@type\":\"EntryPoint\",\"urlTemplate\":\"https:\\\/\\\/loretovietnam.org\\\/?s={search_term_string}\"},\"query-input\":{\"@type\":\"PropertyValueSpecification\",\"valueRequired\":true,\"valueName\":\"search_term_string\"}}],\"inLanguage\":\"vi\"}]}<\/script>\n<!-- \/ Yoast SEO plugin. -->","yoast_head_json":{"title":"Gi\u00e1o d\u1ee5c v\u00ec s\u1ef1 thay \u0111\u1ed5i - Loreto Vi\u1ec7t Nam","robots":{"index":"index","follow":"follow","max-snippet":"max-snippet:-1","max-image-preview":"max-image-preview:large","max-video-preview":"max-video-preview:-1"},"canonical":"https:\/\/loretovietnam.org\/vi\/our-work\/education\/","og_locale":"vi_VN","og_type":"article","og_title":"Education for Change - Loreto Vietnam","og_url":"https:\/\/loretovietnam.org\/vi\/our-work\/education\/","og_site_name":"Loreto Vietnam","article_modified_time":"2020-07-27T07:28:35+00:00","og_image":[{"url":"https:\/\/loretovietnam.org\/wp-content\/uploads\/2020\/07\/SDG-4-grande-en-2-1.jpg","type":"","width":"","height":""}],"twitter_card":"summary_large_image","twitter_misc":{"\u01af\u1edbc t\u00ednh th\u1eddi gian \u0111\u1ecdc":"2 ph\u00fat"},"schema":{"@context":"https:\/\/schema.org","@graph":[{"@type":"WebPage","@id":"https:\/\/loretovietnam.org\/our-work\/education\/","url":"https:\/\/loretovietnam.org\/our-work\/education\/","name":"Gi\u00e1o d\u1ee5c v\u00ec s\u1ef1 thay \u0111\u1ed5i - Loreto Vi\u1ec7t Nam","isPartOf":{"@id":"https:\/\/loretovietnam.org\/#website"},"primaryImageOfPage":{"@id":"https:\/\/loretovietnam.org\/our-work\/education\/#primaryimage"},"image":{"@id":"https:\/\/loretovietnam.org\/our-work\/education\/#primaryimage"},"thumbnailUrl":"https:\/\/loretovietnam.org\/wp-content\/uploads\/2020\/07\/SDG-4-grande-en-2-1.jpg","datePublished":"2020-05-10T18:01:07+00:00","dateModified":"2020-07-27T07:28:35+00:00","breadcrumb":{"@id":"https:\/\/loretovietnam.org\/our-work\/education\/#breadcrumb"},"inLanguage":"vi","potentialAction":[{"@type":"ReadAction","target":["https:\/\/loretovietnam.org\/our-work\/education\/"]}]},{"@type":"ImageObject","inLanguage":"vi","@id":"https:\/\/loretovietnam.org\/our-work\/education\/#primaryimage","url":"https:\/\/loretovietnam.org\/wp-content\/uploads\/2020\/07\/SDG-4-grande-en-2-1.jpg","contentUrl":"https:\/\/loretovietnam.org\/wp-content\/uploads\/2020\/07\/SDG-4-grande-en-2-1.jpg"},{"@type":"BreadcrumbList","@id":"https:\/\/loretovietnam.org\/our-work\/education\/#breadcrumb","itemListElement":[{"@type":"ListItem","position":1,"name":"Home","item":"https:\/\/loretovietnam.org\/"},{"@type":"ListItem","position":2,"name":"Our Work","item":"https:\/\/loretovietnam.org\/our-work\/"},{"@type":"ListItem","position":3,"name":"Education for Change"}]},{"@type":"WebSite","@id":"https:\/\/loretovietnam.org\/#website","url":"https:\/\/loretovietnam.org\/","name":"Loreto Vietnam","description":"","potentialAction":[{"@type":"SearchAction","target":{"@type":"EntryPoint","urlTemplate":"https:\/\/loretovietnam.org\/?s={search_term_string}"},"query-input":{"@type":"PropertyValueSpecification","valueRequired":true,"valueName":"search_term_string"}}],"inLanguage":"vi"}]}},"_links":{"self":[{"href":"https:\/\/loretovietnam.org\/vi\/wp-json\/wp\/v2\/pages\/1012","targetHints":{"allow":["GET"]}}],"collection":[{"href":"https:\/\/loretovietnam.org\/vi\/wp-json\/wp\/v2\/pages"}],"about":[{"href":"https:\/\/loretovietnam.org\/vi\/wp-json\/wp\/v2\/types\/page"}],"author":[{"embeddable":true,"href":"https:\/\/loretovietnam.org\/vi\/wp-json\/wp\/v2\/users\/1"}],"replies":[{"embeddable":true,"href":"https:\/\/loretovietnam.org\/vi\/wp-json\/wp\/v2\/comments?post=1012"}],"version-history":[{"count":20,"href":"https:\/\/loretovietnam.org\/vi\/wp-json\/wp\/v2\/pages\/1012\/revisions"}],"predecessor-version":[{"id":1828,"href":"https:\/\/loretovietnam.org\/vi\/wp-json\/wp\/v2\/pages\/1012\/revisions\/1828"}],"up":[{"embeddable":true,"href":"https:\/\/loretovietnam.org\/vi\/wp-json\/wp\/v2\/pages\/14"}],"wp:attachment":[{"href":"https:\/\/loretovietnam.org\/vi\/wp-json\/wp\/v2\/media?parent=1012"}],"curies":[{"name":"wp","href":"https:\/\/api.w.org\/{rel}","templated":true}]}}